{"id":183,"date":"2024-06-15T17:11:39","date_gmt":"2024-06-15T17:11:39","guid":{"rendered":"https:\/\/rfid-laundry-tag.com\/?post_type=product&#038;p=183"},"modified":"2024-06-15T17:22:58","modified_gmt":"2024-06-15T17:22:58","slug":"fabric-uhf-rfid-wash-care-tag","status":"publish","type":"product","link":"https:\/\/rfid-laundry-tag.com\/de\/fabric-uhf-rfid-wash-care-tag\/","title":{"rendered":"UHF-RFID-Waschpflegeetikett aus Stoff"},"content":{"rendered":"<div class=\"J_module\">\n<div class=\"ife-detail-decorate-table\">\n<table class=\"hight-light-first-column all magic-14\">\n<tbody>\n<tr>\n<td colspan=\"1\" rowspan=\"1\">\n<div class=\"magic-15\" data-spm-anchor-id=\"a2700.details.0.i95.236a58c1ycsfva\">Produktionsname:<\/div>\n<\/td>\n<td colspan=\"1\" rowspan=\"1\">\n<div class=\"magic-16\">UHF-RFID-Waschpflegeetikett aus Stoff<\/div>\n<\/td>\n<\/tr>\n<tr>\n<td colspan=\"1\" rowspan=\"1\">\n<div class=\"magic-15\"><span class=\"magic-17\">Material:<\/span><\/div>\n<\/td>\n<td colspan=\"1\" rowspan=\"1\">\n<div class=\"magic-16\">Polyester\/Zusammensetzung\/Satin\/Baumwolle\/Vlies\/PET usw.<\/div>\n<\/td>\n<\/tr>\n<tr>\n<td colspan=\"1\" rowspan=\"1\">\n<div class=\"magic-15\"><span class=\"magic-17\">Gr\u00f6\u00dfe:<\/span><\/div>\n<\/td>\n<td colspan=\"1\" rowspan=\"1\">\n<div class=\"magic-16\"><span class=\"magic-17\">80*38mm\/60*30mm oder individuell<\/span><\/div>\n<\/td>\n<\/tr>\n<tr>\n<td colspan=\"1\" rowspan=\"1\">\n<div class=\"magic-15\"><span class=\"magic-17\">Typ:<\/span><\/div>\n<\/td>\n<td colspan=\"1\" rowspan=\"1\">\n<div class=\"magic-16\"><span class=\"magic-17\">Passiv, RFID<\/span><\/div>\n<\/td>\n<\/tr>\n<tr>\n<td colspan=\"1\" rowspan=\"1\">\n<div class=\"magic-15\">RF-Protokoll:<\/div>\n<\/td>\n<td colspan=\"1\" rowspan=\"1\">\n<div class=\"magic-16\">ISO 18000-6C; EPC Klasse 1 Gen 2<\/div>\n<\/td>\n<\/tr>\n<tr>\n<td colspan=\"1\" rowspan=\"1\">\n<div class=\"magic-15\"><span class=\"magic-17\">Frequenz:<\/span><\/div>\n<\/td>\n<td colspan=\"1\" rowspan=\"1\">\n<div class=\"magic-16\"><span class=\"magic-17\">860~960MHz<\/span><\/div>\n<\/td>\n<\/tr>\n<tr>\n<td colspan=\"1\" rowspan=\"1\">\n<div class=\"magic-15\">Chip<\/div>\n<\/td>\n<td colspan=\"1\" rowspan=\"1\">\n<div class=\"magic-16\">Alien Higgs, Monza 3, Monza 4D, Monza 4QT, Monza R6, Monza R6-P, Impinj M730, Impinj M750 usw.<\/div>\n<\/td>\n<\/tr>\n<tr>\n<td colspan=\"1\" rowspan=\"1\">\n<div class=\"magic-15\"><span class=\"magic-17\">Leseentfernung:<\/span><\/div>\n<\/td>\n<td colspan=\"1\" rowspan=\"1\">\n<div class=\"magic-16\"><span class=\"magic-17\">UHF: 1~10\u00a0m (abh\u00e4ngig vom Leseger\u00e4t und der Antenne)<\/span><\/div>\n<\/td>\n<\/tr>\n<tr>\n<td colspan=\"1\" rowspan=\"1\">\n<div class=\"magic-15\"><span class=\"magic-17\">Fester Weg:<\/span><\/div>\n<\/td>\n<td colspan=\"1\" rowspan=\"1\">\n<div class=\"magic-16\"><span class=\"magic-17\">N\u00e4hen \/ B\u00fcgeln<\/span><\/div>\n<\/td>\n<\/tr>\n<tr>\n<td colspan=\"1\" rowspan=\"1\">\n<div class=\"magic-15\"><span class=\"magic-17\">Drucken:<\/span><\/div>\n<\/td>\n<td colspan=\"1\" rowspan=\"1\">\n<div class=\"magic-16\"><span class=\"magic-17\">Aufdruck, Kodierung, Seriennummer, Design etc.<\/span><\/div>\n<\/td>\n<\/tr>\n<tr>\n<td colspan=\"1\" rowspan=\"1\">\n<div class=\"magic-15\"><span class=\"magic-17\">IC-Lebensdauer:<\/span><\/div>\n<\/td>\n<td colspan=\"1\" rowspan=\"1\">\n<div class=\"magic-16\" data-spm-anchor-id=\"a2700.details.0.i94.236a58c1ycsfva\"><span class=\"magic-17\">100.000 Programmierzyklen<br \/>\n10 Jahre Datenaufbewahrung<\/span><\/div>\n<\/td>\n<\/tr>\n<tr>\n<td colspan=\"1\" rowspan=\"1\">\n<div class=\"magic-15\"><span class=\"magic-17\">Probenverf\u00fcgbarkeit:<\/span><\/div>\n<\/td>\n<td colspan=\"1\" rowspan=\"1\">\n<div class=\"magic-16\"><span class=\"magic-17\">Kostenlose Muster sind auf Anfrage erh\u00e4ltlich<\/span><\/div>\n<\/td>\n<\/tr>\n<tr>\n<td colspan=\"1\" rowspan=\"1\">\n<div class=\"magic-15\"><span class=\"magic-17\">Anwendungen:\u00a0<\/span><\/div>\n<\/td>\n<td colspan=\"1\" rowspan=\"1\">\n<div class=\"magic-16\"><span class=\"magic-17\">\u00b7 Bestandsverwaltung<br \/>\n\u00b7 Lieferkette<br \/>\n\u00b7 Einzelhandel<\/span><\/div>\n<\/td>\n<\/tr>\n<tr>\n<td colspan=\"1\" rowspan=\"1\">\n<div class=\"magic-15\"><span class=\"magic-17\">Verwenden<\/span><\/div>\n<\/td>\n<td colspan=\"1\" rowspan=\"1\">\n<div class=\"magic-16\"><span class=\"magic-17\">Kleidung, Bekleidung, Taschen, Schuhe usw.<\/span><\/div>\n<\/td>\n<\/tr>\n<\/tbody>\n<\/table>\n<\/div>\n<\/div>\n<div class=\"J_module\">\n<div class=\"detail-decorate-json-renderer-container\">\n<div class=\"magic-1\">\n<div class=\"magic-5\">\n<div class=\"magic-6\">\n<div><\/div>\n<\/div>\n<div>\n<div class=\"auto-hide-last-sibling-br paragraph_1252f paragraph-element\">\n<div class=\"auto-hide-last-sibling-br paragraph_1252f paragraph-element\">\n<div class=\"auto-hide-last-sibling-br paragraph_1252f paragraph-element\">\n<div class=\"auto-hide-last-sibling-br paragraph_1252f paragraph-element\">Unser<strong> UHF-RFID-Waschpflegeetikett aus Stoff<\/strong> ist eine revolution\u00e4re L\u00f6sung, die traditionelle Pflegeetiketten f\u00fcr Kleidungsst\u00fccke mit modernster RFID-Technologie verbindet. Diese Etiketten entsprechen den Standards ISO18000-6C EPC Class 1 Gen2 und enthalten ein passives UHF-RFID-Inlay mit 860\u2013960 MHz.<\/div>\n<p><br class=\"container_e695a wrapper_ad07b undefined\" \/><\/p>\n<div class=\"auto-hide-last-sibling-br paragraph_1252f paragraph-element\"><strong>Highlights:<\/strong><\/div>\n<p><br class=\"container_e695a wrapper_ad07b undefined\" \/><\/p>\n<ol class=\"auto-hide-last-sibling-br\">\n<li>Materialvielfalt: Diese Etiketten k\u00f6nnen aus vielen Materialien hergestellt werden, darunter gewebte Stoffe und B\u00e4nder, und bieten Flexibilit\u00e4t in Design und Verwendung.<\/li>\n<li>Haltbarkeit: Ein grundlegendes Merkmal dieser Etiketten ist ihre Widerstandsf\u00e4higkeit. Sie sind b\u00fcgel- und waschbest\u00e4ndig, sodass auch nach wiederholten Waschvorg\u00e4ngen ihre Leistung und Lesbarkeit erhalten bleibt.<\/li>\n<li>Oberfl\u00e4chendruck: Wir k\u00f6nnen auf die Oberfl\u00e4che dieser Etiketten drucken, sodass sie herk\u00f6mmliche Informationen wie Pflegehinweise, Gr\u00f6\u00dfe, Materialzusammensetzung, Markenname und mehr anzeigen k\u00f6nnen.<\/li>\n<li>Vielseitigkeit bei Gr\u00f6\u00dfe und Verpackung: Unsere RFID-Pflegeetiketten sind in vielen verschiedenen Gr\u00f6\u00dfen erh\u00e4ltlich, um verschiedenen Kleidungsstilen und Nutzungsanforderungen gerecht zu werden. Sie bieten au\u00dferdem flexible Verpackungsoptionen f\u00fcr eine breite Palette von Anwendungen.<\/li>\n<li>Aufn\u00e4hen auf Kleidung: Sobald diese RFID-Tags auf die Kleidung gen\u00e4ht sind, ersetzen sie effektiv herk\u00f6mmliche W\u00e4scheetiketten. Sie bleiben w\u00e4hrend der gesamten Lebensdauer des Kleidungsst\u00fccks am Kleidungsst\u00fcck befestigt und erm\u00f6glichen so eine effiziente langfristige Verfolgung und Verwaltung.<\/li>\n<\/ol>\n<p><br class=\"container_e695a wrapper_ad07b undefined\" \/><\/p>\n<div class=\"auto-hide-last-sibling-br paragraph_1252f paragraph-element\"><strong>Vorteile:<\/strong><\/div>\n<p><br class=\"container_e695a wrapper_ad07b undefined\" \/><\/p>\n<ul class=\"auto-hide-last-sibling-br\">\n<li>Wir verf\u00fcgen \u00fcber umfangreiche Erfahrung in der RFID-Herstellung und gew\u00e4hrleisten ma\u00dfgeschneiderte Produktl\u00f6sungen f\u00fcr unsere Kunden.<\/li>\n<li>Wir versprechen eine schnelle Auftragsabwicklung, auch bei Gro\u00dfauftr\u00e4gen.<\/li>\n<li>Wir sind Experten im Management variabler Datenprozesse, einschlie\u00dflich QR-Codes, Barcodes, fortlaufender Nummerierung und Chipkodierung.<\/li>\n<li>Wir gehen auf individuelle Kundenw\u00fcnsche ein und bieten eine Reihe von RFID-Pflegeetiketten an, von ultraweichem Satin und robustem Nylon bis hin zu glattem Taft, luxuri\u00f6ser Seide und sogar wasserfesten W\u00e4scheetiketten.<\/li>\n<\/ul>\n<\/div>\n<\/div>\n<p>&nbsp;<\/p>\n<\/div>\n<\/div>\n<div class=\"magic-6\">\n<div><\/div>\n<\/div>\n<\/div>\n<\/div>\n<\/div>\n<\/div>","protected":false},"excerpt":{"rendered":"<p>Das UHF-RFID-Waschpflegeetikett aus Stoff ist so konzipiert, dass es den gesamten Lebenszyklus eines Kleidungsst\u00fccks \u00fcberdauert und eine effiziente Nachverfolgung jedes Artikels von der Produktion \u00fcber die Lagerung bis zum Verkauf und m\u00f6glicherweise sogar nach dem Verkauf erm\u00f6glicht. Ihre au\u00dfergew\u00f6hnliche Best\u00e4ndigkeit gegen strenge Waschzyklen, B\u00fcgeln und t\u00e4gliche Abnutzung macht diese RFID-Etiketten zu einer robusten Antwort auf traditionelle Bestandsprobleme.<\/p>","protected":false},"featured_media":184,"template":"","meta":{"_kad_post_transparent":"default","_kad_post_title":"","_kad_post_layout":"default","_kad_post_sidebar_id":"","_kad_post_content_style":"default","_kad_post_vertical_padding":"default","_kad_post_feature":"","_kad_post_feature_position":"","_kad_post_header":false,"_kad_post_footer":false,"_kad_post_classname":""},"product_brand":[],"product_cat":[81],"product_tag":[87,85,83],"class_list":{"0":"post-183","1":"product","2":"type-product","3":"status-publish","4":"has-post-thumbnail","6":"product_cat-rfid-wash-care-clothing-label","7":"product_tag-fabric-uhf-rfid-wash-care-tag","8":"product_tag-laundry-rfid-wash-care-label","9":"product_tag-rfid-wash-care-label","11":"first","12":"instock","13":"shipping-taxable","14":"product-type-simple","15":"entry","16":"content-bg","17":"loop-entry"},"_links":{"self":[{"href":"https:\/\/rfid-laundry-tag.com\/de\/wp-json\/wp\/v2\/product\/183","targetHints":{"allow":["GET"]}}],"collection":[{"href":"https:\/\/rfid-laundry-tag.com\/de\/wp-json\/wp\/v2\/product"}],"about":[{"href":"https:\/\/rfid-laundry-tag.com\/de\/wp-json\/wp\/v2\/types\/product"}],"version-history":[{"count":0,"href":"https:\/\/rfid-laundry-tag.com\/de\/wp-json\/wp\/v2\/product\/183\/revisions"}],"wp:featuredmedia":[{"embeddable":true,"href":"https:\/\/rfid-laundry-tag.com\/de\/wp-json\/wp\/v2\/media\/184"}],"wp:attachment":[{"href":"https:\/\/rfid-laundry-tag.com\/de\/wp-json\/wp\/v2\/media?parent=183"}],"wp:term":[{"taxonomy":"product_brand","embeddable":true,"href":"https:\/\/rfid-laundry-tag.com\/de\/wp-json\/wp\/v2\/product_brand?post=183"},{"taxonomy":"product_cat","embeddable":true,"href":"https:\/\/rfid-laundry-tag.com\/de\/wp-json\/wp\/v2\/product_cat?post=183"},{"taxonomy":"product_tag","embeddable":true,"href":"https:\/\/rfid-laundry-tag.com\/de\/wp-json\/wp\/v2\/product_tag?post=183"}],"curies":[{"name":"wp","href":"https:\/\/api.w.org\/{rel}","templated":true}]}}