{"id":181,"date":"2024-06-15T17:00:44","date_gmt":"2024-06-15T17:00:44","guid":{"rendered":"https:\/\/rfid-laundry-tag.com\/?post_type=product&#038;p=181"},"modified":"2024-08-14T15:40:24","modified_gmt":"2024-08-14T15:40:24","slug":"satin-uhf-rfid-wash-label","status":"publish","type":"product","link":"https:\/\/rfid-laundry-tag.com\/de\/satin-uhf-rfid-wash-label\/","title":{"rendered":"Satiniertes UHF-RFID-Waschetikett"},"content":{"rendered":"<div class=\"J_module\">\n<div class=\"ife-detail-decorate-table\">\n<table class=\"hight-light-first-column all magic-14\">\n<tbody>\n<tr>\n<td colspan=\"1\" rowspan=\"1\">\n<div class=\"magic-15\" data-spm-anchor-id=\"a2700.details.0.i95.236a58c1ycsfva\">Produktionsname:<\/div>\n<\/td>\n<td colspan=\"1\" rowspan=\"1\">\n<div class=\"magic-16\">Satiniertes UHF-RFID-Waschetikett<\/div>\n<\/td>\n<\/tr>\n<tr>\n<td colspan=\"1\" rowspan=\"1\">\n<div class=\"magic-15\"><span class=\"magic-17\">Material:<\/span><\/div>\n<\/td>\n<td colspan=\"1\" rowspan=\"1\">\n<div class=\"magic-16\">Polyester\/Zusammensetzung\/Satin\/Baumwolle\/Vlies\/PET usw.<\/div>\n<\/td>\n<\/tr>\n<tr>\n<td colspan=\"1\" rowspan=\"1\">\n<div class=\"magic-15\"><span class=\"magic-17\">Gr\u00f6\u00dfe:<\/span><\/div>\n<\/td>\n<td colspan=\"1\" rowspan=\"1\">\n<div class=\"magic-16\"><span class=\"magic-17\">80*38mm\/60*30mm oder individuell<\/span><\/div>\n<\/td>\n<\/tr>\n<tr>\n<td colspan=\"1\" rowspan=\"1\">\n<div class=\"magic-15\"><span class=\"magic-17\">Typ:<\/span><\/div>\n<\/td>\n<td colspan=\"1\" rowspan=\"1\">\n<div class=\"magic-16\"><span class=\"magic-17\">Passiv, RFID<\/span><\/div>\n<\/td>\n<\/tr>\n<tr>\n<td colspan=\"1\" rowspan=\"1\">\n<div class=\"magic-15\">RF-Protokoll:<\/div>\n<\/td>\n<td colspan=\"1\" rowspan=\"1\">\n<div class=\"magic-16\">ISO 18000-6C; EPC Klasse 1 Gen 2<\/div>\n<\/td>\n<\/tr>\n<tr>\n<td colspan=\"1\" rowspan=\"1\">\n<div class=\"magic-15\"><span class=\"magic-17\">Frequenz:<\/span><\/div>\n<\/td>\n<td colspan=\"1\" rowspan=\"1\">\n<div class=\"magic-16\"><span class=\"magic-17\">860~960MHz<\/span><\/div>\n<\/td>\n<\/tr>\n<tr>\n<td colspan=\"1\" rowspan=\"1\">\n<div class=\"magic-15\">Chip<\/div>\n<\/td>\n<td colspan=\"1\" rowspan=\"1\">\n<div class=\"magic-16\">Alien Higgs, Monza 3, Monza 4D, Monza 4QT, Monza R6, Monza R6-P, Impinj M730, Impinj M750 usw.<\/div>\n<\/td>\n<\/tr>\n<tr>\n<td colspan=\"1\" rowspan=\"1\">\n<div class=\"magic-15\"><span class=\"magic-17\">Leseentfernung:<\/span><\/div>\n<\/td>\n<td colspan=\"1\" rowspan=\"1\">\n<div class=\"magic-16\"><span class=\"magic-17\">UHF: 1~10\u00a0m (abh\u00e4ngig vom Leseger\u00e4t und der Antenne)<\/span><\/div>\n<\/td>\n<\/tr>\n<tr>\n<td colspan=\"1\" rowspan=\"1\">\n<div class=\"magic-15\"><span class=\"magic-17\">Fester Weg:<\/span><\/div>\n<\/td>\n<td colspan=\"1\" rowspan=\"1\">\n<div class=\"magic-16\"><span class=\"magic-17\">N\u00e4hen \/ B\u00fcgeln<\/span><\/div>\n<\/td>\n<\/tr>\n<tr>\n<td colspan=\"1\" rowspan=\"1\">\n<div class=\"magic-15\"><span class=\"magic-17\">Drucken:<\/span><\/div>\n<\/td>\n<td colspan=\"1\" rowspan=\"1\">\n<div class=\"magic-16\"><span class=\"magic-17\">Aufdruck, Kodierung, Seriennummer, Design etc.<\/span><\/div>\n<\/td>\n<\/tr>\n<tr>\n<td colspan=\"1\" rowspan=\"1\">\n<div class=\"magic-15\"><span class=\"magic-17\">IC-Lebensdauer:<\/span><\/div>\n<\/td>\n<td colspan=\"1\" rowspan=\"1\">\n<div class=\"magic-16\" data-spm-anchor-id=\"a2700.details.0.i94.236a58c1ycsfva\"><span class=\"magic-17\">100.000 Programmierzyklen<br \/>\n10 Jahre Datenaufbewahrung<\/span><\/div>\n<\/td>\n<\/tr>\n<tr>\n<td colspan=\"1\" rowspan=\"1\">\n<div class=\"magic-15\"><span class=\"magic-17\">Probenverf\u00fcgbarkeit:<\/span><\/div>\n<\/td>\n<td colspan=\"1\" rowspan=\"1\">\n<div class=\"magic-16\"><span class=\"magic-17\">Kostenlose Muster sind auf Anfrage erh\u00e4ltlich<\/span><\/div>\n<\/td>\n<\/tr>\n<tr>\n<td colspan=\"1\" rowspan=\"1\">\n<div class=\"magic-15\"><span class=\"magic-17\">Anwendungen:\u00a0<\/span><\/div>\n<\/td>\n<td colspan=\"1\" rowspan=\"1\">\n<div class=\"magic-16\"><span class=\"magic-17\">\u00b7 Bestandsverwaltung<br \/>\n\u00b7 Lieferkette<br \/>\n\u00b7 Einzelhandel<\/span><\/div>\n<\/td>\n<\/tr>\n<tr>\n<td colspan=\"1\" rowspan=\"1\">\n<div class=\"magic-15\"><span class=\"magic-17\">Verwenden<\/span><\/div>\n<\/td>\n<td colspan=\"1\" rowspan=\"1\">\n<div class=\"magic-16\"><span class=\"magic-17\">Kleidung, Bekleidung, Taschen, Schuhe usw.<\/span><\/div>\n<\/td>\n<\/tr>\n<\/tbody>\n<\/table>\n<\/div>\n<\/div>\n<div class=\"J_module\">\n<div class=\"detail-decorate-json-renderer-container\">\n<div class=\"magic-1\">\n<div class=\"magic-5\">\n<div class=\"magic-6\">\n<div><\/div>\n<\/div>\n<div>\n<div class=\"auto-hide-last-sibling-br paragraph_1252f paragraph-element\">\n<div class=\"auto-hide-last-sibling-br paragraph_1252f paragraph-element\">\n<div class=\"auto-hide-last-sibling-br paragraph_1252f paragraph-element\">Satin UHF RFID Wash Label ist eine bahnbrechende Innovation, die das Beste aus beiden Welten vereint: herk\u00f6mmliche Etiketten f\u00fcr die W\u00e4schepflege und fortschrittliche RFID-Technologie. Diese Etiketten entsprechen den Standards ISO18000-6C EPC Class 1 Gen2 und enthalten ein passives UHF 860-960 MHz RFID-Inlay.<\/div>\n<div><\/div>\n<div class=\"auto-hide-last-sibling-br paragraph_1252f paragraph-element\"><strong>Hauptmerkmale von RFID-Pflegeetiketten:<\/strong><\/div>\n<ol class=\"auto-hide-last-sibling-br\">\n<li>\n<div class=\"auto-hide-last-sibling-br paragraph_1252f paragraph-element\"><strong>Materialvielfalt:<\/strong>\u00a0Diese Pflegeetiketten k\u00f6nnen aus verschiedenen Materialien hergestellt werden, von gewebten Stoffen bis hin zu B\u00e4ndern, und bieten Flexibilit\u00e4t bei Design und Anwendung.<\/div>\n<\/li>\n<li>\n<div class=\"auto-hide-last-sibling-br paragraph_1252f paragraph-element\"><strong>Haltbarkeit:<\/strong>\u00a0Ein entscheidendes Merkmal dieser Pflegeetiketten ist ihre Widerstandsf\u00e4higkeit. Sie sind b\u00fcgel- und waschbest\u00e4ndig, sodass ihre Leistung und Lesbarkeit auch nach intensiven Waschzyklen erhalten bleibt.<\/div>\n<\/li>\n<li>\n<div class=\"auto-hide-last-sibling-br paragraph_1252f paragraph-element\"><strong>Oberfl\u00e4chendruck:<\/strong>\u00a0Diese Etiketten unterst\u00fctzen auch den Oberfl\u00e4chendruck, wodurch die Aufnahme herk\u00f6mmlicher Informationen erm\u00f6glicht wird, die auf Kleidungsetiketten zu finden sind, wie etwa Pflegehinweise, Gr\u00f6\u00dfe, Materialzusammensetzung, Markenname und mehr.<\/div>\n<\/li>\n<li>\n<div class=\"auto-hide-last-sibling-br paragraph_1252f paragraph-element\"><strong>Gr\u00f6\u00dfen- und Verpackungsflexibilit\u00e4t:<\/strong>\u00a0Die RFID-Pflegeetiketten sind in vielen verschiedenen Gr\u00f6\u00dfen erh\u00e4ltlich, um verschiedenen Kleidungsst\u00fccken und Nutzungsanforderungen gerecht zu werden. Dar\u00fcber hinaus bieten sie flexibles Verpackungsmaterial f\u00fcr vielseitige Anwendungen.<\/div>\n<\/li>\n<li>\n<div class=\"auto-hide-last-sibling-br paragraph_1252f paragraph-element\"><strong>Kleidung ann\u00e4hen:<\/strong>\u00a0Wenn diese RFID-Etiketten auf Kleidungsst\u00fccke gen\u00e4ht werden, k\u00f6nnen sie herk\u00f6mmliche W\u00e4scheetiketten ersetzen. Sie bleiben so lange am Kleidungsst\u00fcck haften, wie es ist, und erm\u00f6glichen so eine effektive langfristige Verfolgung und Verwaltung.<\/div>\n<\/li>\n<\/ol>\n<div class=\"auto-hide-last-sibling-br paragraph_1252f paragraph-element\"><strong>Vorteile:<\/strong><br class=\"container_e695a wrapper_ad07b undefined\" \/>Unsere umfassende Expertise in der RFID-Herstellung garantiert ma\u00dfgeschneiderte Produktl\u00f6sungen f\u00fcr unsere Kunden.<br class=\"container_e695a wrapper_ad07b undefined\" \/>Wir garantieren eine schnelle Auftragsabwicklung, auch bei Gro\u00dfauftr\u00e4gen.<br class=\"container_e695a wrapper_ad07b undefined\" \/>Wir sind Experten im Umgang mit variablen Datenprozessen, zu denen unter anderem QR-Codes, Barcodes, fortlaufende Nummerierung und Chipkodierung geh\u00f6ren.<br class=\"container_e695a wrapper_ad07b undefined\" \/>Wir sind darauf eingestellt, die individuellen Bed\u00fcrfnisse unserer Kunden zu erf\u00fcllen und bieten eine Vielzahl von RFID-Pflegeetiketten an. Unser Angebot reicht von ultraweichen RFID-Pflegeetiketten aus Satin und robusten RFID-Pflegeetiketten aus Nylon \u00fcber glatte RFID-Pflegeetiketten aus Taft und luxuri\u00f6se RFID-Pflegeetiketten aus Seide bis hin zu wasserfesten Waschpflegeetiketten.<\/div>\n<\/div>\n<p>&nbsp;<\/p>\n<\/div>\n<\/div>\n<div class=\"magic-6\">\n<div><\/div>\n<\/div>\n<\/div>\n<\/div>\n<\/div>\n<\/div>","protected":false},"excerpt":{"rendered":"<p>Das Satin-UHF-RFID-Waschetikett ist so konzipiert, dass es die gesamte Lebensdauer eines Kleidungsst\u00fccks \u00fcberdauert und eine optimierte Nachverfolgung jedes Artikels von der Herstellung \u00fcber die Lagerung bis zum Verkauf und m\u00f6glicherweise sogar eine Nachverfolgung nach dem Kauf erm\u00f6glicht.<\/p>","protected":false},"featured_media":182,"template":"","meta":{"_kad_post_transparent":"default","_kad_post_title":"","_kad_post_layout":"default","_kad_post_sidebar_id":"","_kad_post_content_style":"default","_kad_post_vertical_padding":"default","_kad_post_feature":"","_kad_post_feature_position":"","_kad_post_header":false,"_kad_post_footer":false,"_kad_post_classname":""},"product_brand":[],"product_cat":[81],"product_tag":[85,83,86],"class_list":{"0":"post-181","1":"product","2":"type-product","3":"status-publish","4":"has-post-thumbnail","6":"product_cat-rfid-wash-care-clothing-label","7":"product_tag-laundry-rfid-wash-care-label","8":"product_tag-rfid-wash-care-label","9":"product_tag-satin-uhf-rfid-wash-label","11":"first","12":"instock","13":"shipping-taxable","14":"product-type-simple","15":"entry","16":"content-bg","17":"loop-entry"},"_links":{"self":[{"href":"https:\/\/rfid-laundry-tag.com\/de\/wp-json\/wp\/v2\/product\/181","targetHints":{"allow":["GET"]}}],"collection":[{"href":"https:\/\/rfid-laundry-tag.com\/de\/wp-json\/wp\/v2\/product"}],"about":[{"href":"https:\/\/rfid-laundry-tag.com\/de\/wp-json\/wp\/v2\/types\/product"}],"version-history":[{"count":1,"href":"https:\/\/rfid-laundry-tag.com\/de\/wp-json\/wp\/v2\/product\/181\/revisions"}],"predecessor-version":[{"id":1298,"href":"https:\/\/rfid-laundry-tag.com\/de\/wp-json\/wp\/v2\/product\/181\/revisions\/1298"}],"wp:featuredmedia":[{"embeddable":true,"href":"https:\/\/rfid-laundry-tag.com\/de\/wp-json\/wp\/v2\/media\/182"}],"wp:attachment":[{"href":"https:\/\/rfid-laundry-tag.com\/de\/wp-json\/wp\/v2\/media?parent=181"}],"wp:term":[{"taxonomy":"product_brand","embeddable":true,"href":"https:\/\/rfid-laundry-tag.com\/de\/wp-json\/wp\/v2\/product_brand?post=181"},{"taxonomy":"product_cat","embeddable":true,"href":"https:\/\/rfid-laundry-tag.com\/de\/wp-json\/wp\/v2\/product_cat?post=181"},{"taxonomy":"product_tag","embeddable":true,"href":"https:\/\/rfid-laundry-tag.com\/de\/wp-json\/wp\/v2\/product_tag?post=181"}],"curies":[{"name":"wp","href":"https:\/\/api.w.org\/{rel}","templated":true}]}}