{"id":176,"date":"2024-06-15T16:46:13","date_gmt":"2024-06-15T16:46:13","guid":{"rendered":"https:\/\/rfid-laundry-tag.com\/?post_type=product&#038;p=176"},"modified":"2024-06-15T16:46:13","modified_gmt":"2024-06-15T16:46:13","slug":"nylon-rfid-wash-care-clothing-label","status":"publish","type":"product","link":"https:\/\/rfid-laundry-tag.com\/de\/nylon-rfid-wash-care-clothing-label\/","title":{"rendered":"RFID-Waschpflegeetikett aus Nylon f\u00fcr Kleidung"},"content":{"rendered":"<div class=\"J_module\">\n<div class=\"ife-detail-decorate-table\">\n<table class=\"hight-light-first-column all magic-14\">\n<tbody>\n<tr>\n<td colspan=\"1\" rowspan=\"1\">\n<div class=\"magic-15\" data-spm-anchor-id=\"a2700.details.0.i95.236a58c1ycsfva\">Produktionsname:<\/div>\n<\/td>\n<td colspan=\"1\" rowspan=\"1\">\n<div class=\"magic-16\">RFID-Waschpflegeetikett aus Nylon f\u00fcr Kleidung<\/div>\n<\/td>\n<\/tr>\n<tr>\n<td colspan=\"1\" rowspan=\"1\">\n<div class=\"magic-15\"><span class=\"magic-17\">Material:<\/span><\/div>\n<\/td>\n<td colspan=\"1\" rowspan=\"1\">\n<div class=\"magic-16\">Polyester\/Zusammensetzung\/Satin\/Baumwolle\/Vlies\/PET usw.<\/div>\n<\/td>\n<\/tr>\n<tr>\n<td colspan=\"1\" rowspan=\"1\">\n<div class=\"magic-15\"><span class=\"magic-17\">Gr\u00f6\u00dfe:<\/span><\/div>\n<\/td>\n<td colspan=\"1\" rowspan=\"1\">\n<div class=\"magic-16\"><span class=\"magic-17\">80*38mm\/60*30mm oder individuell<\/span><\/div>\n<\/td>\n<\/tr>\n<tr>\n<td colspan=\"1\" rowspan=\"1\">\n<div class=\"magic-15\"><span class=\"magic-17\">Typ:<\/span><\/div>\n<\/td>\n<td colspan=\"1\" rowspan=\"1\">\n<div class=\"magic-16\"><span class=\"magic-17\">Passiv, RFID<\/span><\/div>\n<\/td>\n<\/tr>\n<tr>\n<td colspan=\"1\" rowspan=\"1\">\n<div class=\"magic-15\">RF-Protokoll:<\/div>\n<\/td>\n<td colspan=\"1\" rowspan=\"1\">\n<div class=\"magic-16\">ISO 18000-6C; EPC Klasse 1 Gen 2<\/div>\n<\/td>\n<\/tr>\n<tr>\n<td colspan=\"1\" rowspan=\"1\">\n<div class=\"magic-15\"><span class=\"magic-17\">Frequenz:<\/span><\/div>\n<\/td>\n<td colspan=\"1\" rowspan=\"1\">\n<div class=\"magic-16\"><span class=\"magic-17\">860~960MHz<\/span><\/div>\n<\/td>\n<\/tr>\n<tr>\n<td colspan=\"1\" rowspan=\"1\">\n<div class=\"magic-15\">Chip<\/div>\n<\/td>\n<td colspan=\"1\" rowspan=\"1\">\n<div class=\"magic-16\">Impinj Monza R6\/R6-P, NXP UCODE8\/UCODE9 usw.<\/div>\n<\/td>\n<\/tr>\n<tr>\n<td colspan=\"1\" rowspan=\"1\">\n<div class=\"magic-15\"><span class=\"magic-17\">Leseentfernung:<\/span><\/div>\n<\/td>\n<td colspan=\"1\" rowspan=\"1\">\n<div class=\"magic-16\"><span class=\"magic-17\">UHF: 1~10\u00a0m (abh\u00e4ngig vom Leseger\u00e4t und der Antenne)<\/span><\/div>\n<\/td>\n<\/tr>\n<tr>\n<td colspan=\"1\" rowspan=\"1\">\n<div class=\"magic-15\"><span class=\"magic-17\">Fester Weg:<\/span><\/div>\n<\/td>\n<td colspan=\"1\" rowspan=\"1\">\n<div class=\"magic-16\"><span class=\"magic-17\">N\u00e4hen \/ B\u00fcgeln<\/span><\/div>\n<\/td>\n<\/tr>\n<tr>\n<td colspan=\"1\" rowspan=\"1\">\n<div class=\"magic-15\"><span class=\"magic-17\">Drucken:<\/span><\/div>\n<\/td>\n<td colspan=\"1\" rowspan=\"1\">\n<div class=\"magic-16\"><span class=\"magic-17\">Aufdruck, Kodierung, Seriennummer, Design etc.<\/span><\/div>\n<\/td>\n<\/tr>\n<tr>\n<td colspan=\"1\" rowspan=\"1\">\n<div class=\"magic-15\"><span class=\"magic-17\">IC-Lebensdauer:<\/span><\/div>\n<\/td>\n<td colspan=\"1\" rowspan=\"1\">\n<div class=\"magic-16\" data-spm-anchor-id=\"a2700.details.0.i94.236a58c1ycsfva\"><span class=\"magic-17\">100.000 Programmierzyklen<br \/>\n10 Jahre Datenaufbewahrung<\/span><\/div>\n<\/td>\n<\/tr>\n<tr>\n<td colspan=\"1\" rowspan=\"1\">\n<div class=\"magic-15\"><span class=\"magic-17\">Probenverf\u00fcgbarkeit:<\/span><\/div>\n<\/td>\n<td colspan=\"1\" rowspan=\"1\">\n<div class=\"magic-16\"><span class=\"magic-17\">Kostenlose Muster sind auf Anfrage erh\u00e4ltlich<\/span><\/div>\n<\/td>\n<\/tr>\n<tr>\n<td colspan=\"1\" rowspan=\"1\">\n<div class=\"magic-15\"><span class=\"magic-17\">Anwendungen:\u00a0<\/span><\/div>\n<\/td>\n<td colspan=\"1\" rowspan=\"1\">\n<div class=\"magic-16\"><span class=\"magic-17\">\u00b7 Bestandsverwaltung<br \/>\n\u00b7 Lieferkette<br \/>\n\u00b7 Einzelhandel<\/span><\/div>\n<\/td>\n<\/tr>\n<tr>\n<td colspan=\"1\" rowspan=\"1\">\n<div class=\"magic-15\"><span class=\"magic-17\">Verwenden<\/span><\/div>\n<\/td>\n<td colspan=\"1\" rowspan=\"1\">\n<div class=\"magic-16\"><span class=\"magic-17\">Kleidung, Bekleidung, Taschen, Schuhe usw.<\/span><\/div>\n<\/td>\n<\/tr>\n<\/tbody>\n<\/table>\n<\/div>\n<\/div>\n<div class=\"J_module\">\n<div class=\"detail-decorate-json-renderer-container\">\n<div class=\"magic-1\">\n<div class=\"magic-5\">\n<div class=\"magic-6\">\n<div class=\"magic-7\"><span class=\"magic-10\">UCODE sind eingetragene Marken von NXP BV und werden unter Lizenz verwendet.<\/span><\/div>\n<div><\/div>\n<\/div>\n<div>\n<div class=\"auto-hide-last-sibling-br paragraph_1252f paragraph-element\">Modeartikel wie Kleidungsst\u00fccke unterliegen verschiedenen Einflussfaktoren, die den Verkauf beeinflussen k\u00f6nnen, darunter saisonale Schwankungen, geografische Lage, Kundenpr\u00e4ferenzen, Modetrends und Preise. RFID-Pflegeetiketten spielen hier eine entscheidende Rolle, da sie es Bekleidungsunternehmen erm\u00f6glichen, die Verkaufsdynamik in Echtzeit zu \u00fcberwachen.<\/div>\n<p><br class=\"container_e695a wrapper_ad07b undefined\" \/><\/p>\n<div class=\"auto-hide-last-sibling-br paragraph_1252f paragraph-element\">\n<div class=\"auto-hide-last-sibling-br paragraph_1252f paragraph-element\"><strong>Merkmale des RFID-Waschpflegeetiketts aus Nylon f\u00fcr Kleidung:<\/strong><\/div>\n<p><br class=\"container_e695a wrapper_ad07b undefined\" \/><\/p>\n<ol class=\"auto-hide-last-sibling-br\">\n<li>\n<div class=\"auto-hide-last-sibling-br paragraph_1252f paragraph-element\"><strong>Material:<\/strong>\u00a0Das Etikett besteht aus Nylon, einem starken und langlebigen Material, das hohen Temperaturen, Druck und grober Behandlung standh\u00e4lt und daf\u00fcr sorgt, dass das Etikett unabh\u00e4ngig von der Handhabung des Kleidungsst\u00fccks und dem Waschvorgang intakt bleibt.<\/div>\n<\/li>\n<li>\n<div class=\"auto-hide-last-sibling-br paragraph_1252f paragraph-element\"><strong>Datenverfolgung:<\/strong>\u00a0Ausgestattet mit RFID-Technologie erm\u00f6glicht es die Echtzeitverfolgung und Erfassung relevanter Daten wie Produkthistorie, Standort und Status und liefert so wertvolle Erkenntnisse f\u00fcr Bekleidungsunternehmen.<\/div>\n<\/li>\n<li>\n<div class=\"auto-hide-last-sibling-br paragraph_1252f paragraph-element\"><strong>Funktionalit\u00e4t:<\/strong>\u00a0Das RFID-Etikett funktioniert in verschiedenen rauen Umgebungen und kann auch mehrere Tags gleichzeitig identifizieren, selbst auf schnelldrehenden Artikeln.<\/div>\n<\/li>\n<li>\n<div class=\"auto-hide-last-sibling-br paragraph_1252f paragraph-element\"><strong>Persistenz:<\/strong>\u00a0Im Gegensatz zu herk\u00f6mmlichen H\u00e4ngeetiketten werden RFID-Etiketten normalerweise in das Kleidungsst\u00fcck eingen\u00e4ht oder eingebleicht, wodurch die Gefahr geringer ist, dass sie w\u00e4hrend des Transports oder der Handhabung abfallen.<\/div>\n<\/li>\n<li>\n<div class=\"auto-hide-last-sibling-br paragraph_1252f paragraph-element\"><strong>Gr\u00fcn und sicher:<\/strong>\u00a0Die Etiketten sind umweltfreundlich und sicher, da sie nach der Entsorgung die geringsten Auswirkungen auf die Umwelt haben.<\/div>\n<\/li>\n<\/ol>\n<p><br class=\"container_e695a wrapper_ad07b undefined\" \/><\/p>\n<div class=\"auto-hide-last-sibling-br paragraph_1252f paragraph-element\"><strong>Anwendungen von RFID-Waschpflegeetiketten aus Nylon:<\/strong><\/div>\n<p><br class=\"container_e695a wrapper_ad07b undefined\" \/><\/p>\n<ol class=\"auto-hide-last-sibling-br\">\n<li>\n<div class=\"auto-hide-last-sibling-br paragraph_1252f paragraph-element\"><strong>Bestandsverwaltung:<\/strong>\u00a0Mithilfe der Etiketten k\u00f6nnen Sie den Lagerbestand in Echtzeit im Auge behalten und so den Bestandsverwaltungsprozess f\u00fcr Unternehmen effizienter gestalten.<\/div>\n<\/li>\n<li>\n<div class=\"auto-hide-last-sibling-br paragraph_1252f paragraph-element\"><strong>Lieferkette:<\/strong>\u00a0Sie helfen bei der Optimierung der gesamten Lieferkette, von der Rationalisierung der Herstellungsprozesse bis hin zu einer effizienteren Lagerhaltung und Logistik.<\/div>\n<\/li>\n<li>\n<div class=\"auto-hide-last-sibling-br paragraph_1252f paragraph-element\"><strong>Einzelhandelsmanagement:<\/strong>\u00a0Im Einzelhandel verbessern diese Etiketten den Check-out-Prozess, indem sie den Scanvorgang beschleunigen und Warteschlangen verk\u00fcrzen.<\/div>\n<\/li>\n<li>\n<div class=\"auto-hide-last-sibling-br paragraph_1252f paragraph-element\"><strong>Diebstahlschutz:<\/strong>\u00a0Integriert in die Sicherheitssysteme der Gesch\u00e4fte k\u00f6nnen sie als Mittel zum Schutz vor Ladendiebstahl dienen.<\/div>\n<\/li>\n<li>\n<div class=\"auto-hide-last-sibling-br paragraph_1252f paragraph-element\"><strong>Produktauthentizit\u00e4t:<\/strong>\u00a0Mit den Etiketten kann die Echtheit des Produktes sichergestellt und \u00fcberpr\u00fcft und so F\u00e4lschungen vorgebeugt werden.<\/div>\n<\/li>\n<li>\n<div class=\"auto-hide-last-sibling-br paragraph_1252f paragraph-element\"><strong>Verbraucherverwendung:<\/strong>\u00a0F\u00fcr den Endverbraucher enthalten diese Etiketten wertvolle Produkt- und Pflegeinformationen. Da das Etikett w\u00e4hrend der gesamten Lebensdauer des Kleidungsst\u00fccks am Kleidungsst\u00fcck verbleibt, ist eine bessere Nachverfolgung nach dem Verkauf m\u00f6glich.<\/div>\n<\/li>\n<\/ol>\n<p><br class=\"container_e695a wrapper_ad07b undefined\" \/><\/p>\n<div class=\"auto-hide-last-sibling-br paragraph_1252f paragraph-element\">Diese Etiketten revolutionieren den Umgang mit Kleidungsst\u00fccken von der Produktionshalle \u00fcber das Einzelhandelsgesch\u00e4ft bis hin zum Endverbraucher und werden so zu einem integralen Bestandteil der Bekleidungsindustrie.<\/div>\n<\/div>\n<\/div>\n<div class=\"magic-6\">\n<div><\/div>\n<\/div>\n<\/div>\n<\/div>\n<\/div>\n<\/div>","protected":false},"excerpt":{"rendered":"<p>Das Nylon RFID Wash Care Label ist ein revolution\u00e4rer Fortschritt in der Textil- und Bekleidungsindustrie. RFID, einer der vielversprechendsten technologischen Durchbr\u00fcche, erm\u00f6glicht zahlreiche Anwendungen in diesem Sektor. Es spielt eine entscheidende Rolle bei Herstellungsprozessen, der Bestandskontrolle, der Lagerverwaltung, der Rationalisierung von Vertrieb und Logistik, der automatischen Objektverfolgung und der Optimierung des Lieferkettenmanagements. Dieser innovative Ansatz hat die Effizienz und Produktivit\u00e4t im Textil- und Bekleidungsbereich erheblich gesteigert.<\/p>","protected":false},"featured_media":177,"template":"","meta":{"_kad_post_transparent":"default","_kad_post_title":"","_kad_post_layout":"default","_kad_post_sidebar_id":"","_kad_post_content_style":"default","_kad_post_vertical_padding":"default","_kad_post_feature":"","_kad_post_feature_position":"","_kad_post_header":false,"_kad_post_footer":false,"_kad_post_classname":""},"product_brand":[],"product_cat":[81],"product_tag":[84,82,83],"class_list":{"0":"post-176","1":"product","2":"type-product","3":"status-publish","4":"has-post-thumbnail","6":"product_cat-rfid-wash-care-clothing-label","7":"product_tag-heat-transfer-laundry-rfid-wash-care-label","8":"product_tag-rfid-wash-care-clothing-label","9":"product_tag-rfid-wash-care-label","11":"first","12":"instock","13":"shipping-taxable","14":"product-type-simple","15":"entry","16":"content-bg","17":"loop-entry"},"_links":{"self":[{"href":"https:\/\/rfid-laundry-tag.com\/de\/wp-json\/wp\/v2\/product\/176","targetHints":{"allow":["GET"]}}],"collection":[{"href":"https:\/\/rfid-laundry-tag.com\/de\/wp-json\/wp\/v2\/product"}],"about":[{"href":"https:\/\/rfid-laundry-tag.com\/de\/wp-json\/wp\/v2\/types\/product"}],"version-history":[{"count":0,"href":"https:\/\/rfid-laundry-tag.com\/de\/wp-json\/wp\/v2\/product\/176\/revisions"}],"wp:featuredmedia":[{"embeddable":true,"href":"https:\/\/rfid-laundry-tag.com\/de\/wp-json\/wp\/v2\/media\/177"}],"wp:attachment":[{"href":"https:\/\/rfid-laundry-tag.com\/de\/wp-json\/wp\/v2\/media?parent=176"}],"wp:term":[{"taxonomy":"product_brand","embeddable":true,"href":"https:\/\/rfid-laundry-tag.com\/de\/wp-json\/wp\/v2\/product_brand?post=176"},{"taxonomy":"product_cat","embeddable":true,"href":"https:\/\/rfid-laundry-tag.com\/de\/wp-json\/wp\/v2\/product_cat?post=176"},{"taxonomy":"product_tag","embeddable":true,"href":"https:\/\/rfid-laundry-tag.com\/de\/wp-json\/wp\/v2\/product_tag?post=176"}],"curies":[{"name":"wp","href":"https:\/\/api.w.org\/{rel}","templated":true}]}}