{"id":171,"date":"2024-06-15T13:49:12","date_gmt":"2024-06-15T13:49:12","guid":{"rendered":"https:\/\/rfid-laundry-tag.com\/?post_type=product&#038;p=171"},"modified":"2024-06-15T14:14:22","modified_gmt":"2024-06-15T14:14:22","slug":"uhf-rfid-silicone-washing-labels","status":"publish","type":"product","link":"https:\/\/rfid-laundry-tag.com\/de\/uhf-rfid-silicone-washing-labels\/","title":{"rendered":"UHF-RFID-Silikon-Waschetiketten"},"content":{"rendered":"<table style=\"border-collapse: collapse; width: 711px; height: 751px;\" border=\"0\" width=\"537\" cellspacing=\"0\" cellpadding=\"0\">\n<tbody>\n<tr style=\"height: 14.40pt;\">\n<td class=\"et2\" style=\"height: 14.40pt; width: 136.80pt;\" width=\"228\" height=\"24\">Material<\/td>\n<td class=\"et2\" style=\"width: 185.40pt;\" width=\"309\">Silikon<\/td>\n<\/tr>\n<tr style=\"height: 14.40pt;\">\n<td class=\"et3\" style=\"height: 14.40pt; width: 136.80pt;\" width=\"228\" height=\"24\">Gr\u00f6\u00dfe<\/td>\n<td class=\"et3\" style=\"width: 185.40pt;\" width=\"309\">55 x 12 mm, 56 x 20 mm, 85 x 27 mm<\/td>\n<\/tr>\n<tr style=\"height: 14.40pt;\">\n<td class=\"et3\" style=\"height: 14.40pt; width: 136.80pt;\" width=\"228\" height=\"24\">Frequenz<\/td>\n<td class=\"et3\" style=\"width: 185.40pt;\" width=\"309\">860-960 MHz<\/td>\n<\/tr>\n<tr style=\"height: 27.60pt;\">\n<td class=\"et3\" style=\"height: 27.60pt; width: 136.80pt;\" width=\"228\" height=\"46\">IC-Typ (Chip)<\/td>\n<td class=\"et3\" style=\"width: 185.40pt;\" width=\"309\">U7\/U8 (Alien H3 und Impinj Monza R6 sind verf\u00fcgbar)<\/td>\n<\/tr>\n<tr style=\"height: 27.60pt;\">\n<td class=\"et3\" style=\"height: 27.60pt; width: 136.80pt;\" width=\"228\" height=\"46\">Protokoll<\/td>\n<td class=\"et3\" style=\"width: 185.40pt;\" width=\"309\">EPC Global Klasse 1 Gen2 und ISO18000-6C<\/td>\n<\/tr>\n<tr style=\"height: 14.40pt;\">\n<td class=\"et3\" style=\"height: 14.40pt; width: 136.80pt;\" width=\"228\" height=\"24\">Erinnerung<\/td>\n<td class=\"et3\" style=\"width: 185.40pt;\" width=\"309\">128 Bit<\/td>\n<\/tr>\n<tr style=\"height: 14.40pt;\">\n<td class=\"et3\" style=\"height: 14.40pt; width: 136.80pt;\" width=\"228\" height=\"24\">Tag-Formfaktor<\/td>\n<td class=\"et3\" style=\"width: 185.40pt;\" width=\"309\">Flexibel<\/td>\n<\/tr>\n<tr style=\"height: 14.40pt;\">\n<td class=\"et3\" style=\"height: 14.40pt; width: 136.80pt;\" width=\"228\" height=\"24\">Antikollisions<\/td>\n<td class=\"et3\" style=\"width: 185.40pt;\" width=\"309\">Ja<\/td>\n<\/tr>\n<tr style=\"height: 14.40pt;\">\n<td class=\"et3\" style=\"height: 14.40pt; width: 136.80pt;\" width=\"228\" height=\"24\">Betriebstemperatur<\/td>\n<td class=\"et3\" style=\"width: 185.40pt;\" width=\"309\">-25 \u00b0C \/ +200 \u00b0C<\/td>\n<\/tr>\n<tr style=\"height: 14.40pt;\">\n<td class=\"et3\" style=\"height: 14.40pt; width: 136.80pt;\" width=\"228\" height=\"24\">Lesedistanz<\/td>\n<td class=\"et3\" style=\"width: 185.40pt;\" width=\"309\">1 bis 7\u00a0Min.<\/td>\n<\/tr>\n<tr style=\"height: 14.40pt;\">\n<td class=\"et3\" style=\"height: 14.40pt; width: 136.80pt;\" width=\"228\" height=\"24\">Wird angebracht an<\/td>\n<td class=\"et3\" style=\"width: 185.40pt;\" width=\"309\">Bettw\u00e4sche und Kleidungsst\u00fccke<\/td>\n<\/tr>\n<tr style=\"height: 14.40pt;\">\n<td class=\"et3\" style=\"height: 14.40pt; width: 136.80pt;\" width=\"228\" height=\"24\">IP-Bewertung<\/td>\n<td class=\"et3\" style=\"width: 185.40pt;\" width=\"309\">IP68<\/td>\n<\/tr>\n<tr style=\"height: 14.40pt;\">\n<td class=\"et3\" style=\"height: 14.40pt; width: 136.80pt;\" width=\"228\" height=\"24\">Farbe<\/td>\n<td class=\"et3\" style=\"width: 185.40pt;\" width=\"309\">Wei\u00df\/Blau oder individuell<\/td>\n<\/tr>\n<tr style=\"height: 17.40pt;\">\n<td class=\"et4\" style=\"height: 17.40pt; width: 322.20pt;\" colspan=\"2\" width=\"537\" height=\"29\">Waschen<\/td>\n<\/tr>\n<tr style=\"height: 27.60pt;\">\n<td class=\"et3\" style=\"height: 27.60pt; width: 136.80pt;\" width=\"228\" height=\"46\">Widersteht der Einwirkung von<\/td>\n<td class=\"et3\" style=\"width: 185.40pt;\" width=\"309\">Wasser und alle in gewerblichen W\u00e4schereien und chemischen Reinigungen \u00fcblichen Chemikalien<\/td>\n<\/tr>\n<tr style=\"height: 14.40pt;\">\n<td class=\"et3\" style=\"height: 14.40pt; width: 136.80pt;\" width=\"228\" height=\"24\">Waschzyklen<\/td>\n<td class=\"et3\" style=\"width: 185.40pt;\" width=\"309\">Bis zu 200 gewerbliche Waschzyklen<\/td>\n<\/tr>\n<tr style=\"height: 27.60pt;\">\n<td class=\"et3\" style=\"height: 27.60pt; width: 136.80pt;\" width=\"228\" height=\"46\">Waschen<\/td>\n<td class=\"et3\" style=\"width: 185.40pt;\" width=\"309\">150 \u00baC f\u00fcr 15-20 Minuten \u2013 150 Zyklen<\/td>\n<\/tr>\n<tr style=\"height: 27.60pt;\">\n<td class=\"et3\" style=\"height: 27.60pt; width: 136.80pt;\" width=\"228\" height=\"46\">Trocknen<\/td>\n<td class=\"et3\" style=\"width: 185.40pt;\" width=\"309\">95\u00b0C (Bis zu 60 Min.), 130\u00b0C (Bis zu 30 Min.)<\/td>\n<\/tr>\n<tr style=\"height: 14.40pt;\">\n<td class=\"et3\" style=\"height: 14.40pt; width: 136.80pt;\" width=\"228\" height=\"24\">Tunnelfinisher<\/td>\n<td class=\"et3\" style=\"width: 185.40pt;\" width=\"309\">200\u00b0C f\u00fcr 30min<\/td>\n<\/tr>\n<tr style=\"height: 14.40pt;\">\n<td class=\"et3\" style=\"height: 14.40pt; width: 136.80pt;\" width=\"228\" height=\"24\">B\u00fcgeln<\/td>\n<td class=\"et3\" style=\"width: 185.40pt;\" width=\"309\">250\u00b0C (bis zu 60 Sekunden)<\/td>\n<\/tr>\n<\/tbody>\n<\/table>\n<div><\/div>\n<div><\/div>\n<div class=\"auto-hide-last-sibling-br paragraph_1252f paragraph-element\"><strong>Die UHF-RFID-Silikon-Waschetiketten bieten die folgenden Hauptfunktionen:<\/strong><\/div>\n<ol class=\"auto-hide-last-sibling-br\">\n<li>\n<div class=\"auto-hide-last-sibling-br paragraph_1252f paragraph-element\">Schlank, weich und flexibel: Sein leichtes und formbares Design gew\u00e4hrleistet einen angenehmen Sitz auf jedem Textilmaterial.<\/div>\n<\/li>\n<li>\n<div class=\"auto-hide-last-sibling-br paragraph_1252f paragraph-element\">Widerstandsf\u00e4hig: Die Tags sind wasserdicht und best\u00e4ndig gegen\u00fcber chemischen L\u00f6sungen. Dadurch bleibt ihre Funktionalit\u00e4t unabh\u00e4ngig von den Umgebungsbedingungen, denen sie ausgesetzt sind, erhalten.<\/div>\n<\/li>\n<li>\n<div class=\"auto-hide-last-sibling-br paragraph_1252f paragraph-element\">Langlebig: H\u00e4lt bis zu 200 Wasch-, Trocken-, Reinigungs- und B\u00fcgelzyklen stand und sorgt f\u00fcr gleichbleibende Leistung.<\/div>\n<\/li>\n<li>\n<div class=\"auto-hide-last-sibling-br paragraph_1252f paragraph-element\">Au\u00dfergew\u00f6hnliche Widerstandsf\u00e4higkeit: H\u00e4lt hohen Temperaturen und rauen Umgebungen stand. Der RFID-W\u00e4sche-Tag, der im Frequenzbereich von 860 bis 960 MHz arbeitet, ist speziell darauf ausgelegt, den Hochdruck- und Temperaturreinigungsprozessen standzuhalten.<\/div>\n<\/li>\n<li>\n<div class=\"auto-hide-last-sibling-br paragraph_1252f paragraph-element\">Breite Anwendung: Ideal geeignet f\u00fcr den Einsatz unter anspruchsvollen Bedingungen, die eine hohe Hitze-, Korrosions- und Verschlei\u00dffestigkeit erfordern, wie z. B. Waschk\u00fcchen und Industriew\u00e4sche.<\/div>\n<\/li>\n<li>\n<div class=\"auto-hide-last-sibling-br paragraph_1252f paragraph-element\">Einfache Integration: L\u00e4sst sich leicht in verschiedene Textilien integrieren, darunter Hemden, Arbeitskleidung, Bettlaken und andere Textilprodukte.<\/div>\n<\/li>\n<li>\n<div class=\"auto-hide-last-sibling-br paragraph_1252f paragraph-element\">Gro\u00dfe Auswahl: Bietet eine Reihe von RFID-W\u00e4scheetiketten, darunter RFID-PPS-W\u00e4scheetiketten, RFID-Silikon-W\u00e4scheetiketten und RFID-Stoff-W\u00e4scheetiketten.<\/div>\n<\/li>\n<li>\n<div class=\"auto-hide-last-sibling-br paragraph_1252f paragraph-element\">Breite Verwendung: Ausgiebige Verwendung im Bekleidungseinzelhandel, bei Hotelbettw\u00e4sche, in der chemischen Reinigung von Arztuniformen und in der industriellen W\u00e4scherei.<\/div>\n<\/li>\n<li>\n<div class=\"auto-hide-last-sibling-br paragraph_1252f paragraph-element\">Effizientes Management: Die RFID-Technologie bietet \u00fcberlegene Leistung bei effektivem Management, Bestandsoptimierung und Reduzierung menschlicher Fehler bei Wasch- und Abrechnungsprozessen.<\/div>\n<\/li>\n<\/ol>\n<div class=\"auto-hide-last-sibling-br paragraph_1252f paragraph-element\">Zusammenfassend l\u00e4sst sich sagen, dass diese Etiketten f\u00fcr anspruchsvolle W\u00e4schebedingungen geeignet sind und Haltbarkeit, Effizienz und ein breites Anwendungsspektrum bieten. Sie bieten eine intelligente L\u00f6sung f\u00fcr die effektive Verwaltung und Verfolgung von W\u00e4schest\u00fccken in verschiedenen Bereichen.<\/div>\n<div><\/div>\n<p data-spm-anchor-id=\"a2700.details.0.i116.60201a70jOXdOd\"><strong>Anwendung :<\/strong><\/p>\n<ul>\n<li>Hotelbettw\u00e4sche Tracking-Management<\/li>\n<li>Fabrik\/Lager\/Hotel\/Krankenhaus\/Vergn\u00fcgungspark<\/li>\n<li data-spm-anchor-id=\"a2700.details.0.i115.60201a70jOXdOd\"><span data-spm-anchor-id=\"a2700.details.0.i120.60201a70jOXdOd\">Krankenhausuniformen<\/span><\/li>\n<li data-spm-anchor-id=\"a2700.details.0.i118.60201a70jOXdOd\">Bettw\u00e4sche\/ Paletten\/ Leinentaschen<\/li>\n<li>Chemische Reinigung<\/li>\n<li>Verwendung in Hotellaken\/ An Textilien befestigt\/ Arbeitskleidung.<\/li>\n<li>Bekleidungsfabrik, Stofffabrik.<\/li>\n<\/ul>\n<p>&nbsp;<\/p>","protected":false},"excerpt":{"rendered":"<p>UHF-RFID-Silikon-Waschetiketten sind ein exklusives Etikettendesign, das strengen Waschmethoden standh\u00e4lt. Sie eignen sich besonders f\u00fcr Kleidungsst\u00fccke und Textilien, die regelm\u00e4\u00dfig gereinigt werden. Diese Etiketten sind aus robustem Silikon gefertigt, was ihre Haltbarkeit gew\u00e4hrleistet. Dar\u00fcber hinaus verf\u00fcgen sie \u00fcber einen UHF-RFID-Chip (Ultra High Frequency), der mit relevanten Daten \u00fcber das Kleidungsst\u00fcck oder Textil programmiert werden kann. Dies macht diese Etiketten zu einer praktischen und effizienten Option f\u00fcr die Verwaltung und Nachverfolgung von W\u00e4schest\u00fccken.<\/p>","protected":false},"featured_media":173,"template":"","meta":{"_kad_post_transparent":"default","_kad_post_title":"","_kad_post_layout":"default","_kad_post_sidebar_id":"","_kad_post_content_style":"default","_kad_post_vertical_padding":"default","_kad_post_feature":"","_kad_post_feature_position":"","_kad_post_header":false,"_kad_post_footer":false,"_kad_post_classname":""},"product_brand":[],"product_cat":[20,16],"product_tag":[63,62,61,79],"class_list":{"0":"post-171","1":"product","2":"type-product","3":"status-publish","4":"has-post-thumbnail","6":"product_cat-silicone-rfid-laundry-tag","7":"product_cat-uhf-rfid-laundry-tags","8":"product_tag-rfid-washing-tag","9":"product_tag-silicone-rfid-laundry-tag","10":"product_tag-silicone-washable-rfid-laundry-tag","11":"product_tag-uhf-rfid-silicone-washing-labels","13":"first","14":"instock","15":"shipping-taxable","16":"product-type-simple","17":"entry","18":"content-bg","19":"loop-entry"},"_links":{"self":[{"href":"https:\/\/rfid-laundry-tag.com\/de\/wp-json\/wp\/v2\/product\/171","targetHints":{"allow":["GET"]}}],"collection":[{"href":"https:\/\/rfid-laundry-tag.com\/de\/wp-json\/wp\/v2\/product"}],"about":[{"href":"https:\/\/rfid-laundry-tag.com\/de\/wp-json\/wp\/v2\/types\/product"}],"version-history":[{"count":0,"href":"https:\/\/rfid-laundry-tag.com\/de\/wp-json\/wp\/v2\/product\/171\/revisions"}],"wp:featuredmedia":[{"embeddable":true,"href":"https:\/\/rfid-laundry-tag.com\/de\/wp-json\/wp\/v2\/media\/173"}],"wp:attachment":[{"href":"https:\/\/rfid-laundry-tag.com\/de\/wp-json\/wp\/v2\/media?parent=171"}],"wp:term":[{"taxonomy":"product_brand","embeddable":true,"href":"https:\/\/rfid-laundry-tag.com\/de\/wp-json\/wp\/v2\/product_brand?post=171"},{"taxonomy":"product_cat","embeddable":true,"href":"https:\/\/rfid-laundry-tag.com\/de\/wp-json\/wp\/v2\/product_cat?post=171"},{"taxonomy":"product_tag","embeddable":true,"href":"https:\/\/rfid-laundry-tag.com\/de\/wp-json\/wp\/v2\/product_tag?post=171"}],"curies":[{"name":"wp","href":"https:\/\/api.w.org\/{rel}","templated":true}]}}