{"id":167,"date":"2024-06-15T13:14:42","date_gmt":"2024-06-15T13:14:42","guid":{"rendered":"https:\/\/rfid-laundry-tag.com\/?post_type=product&#038;p=167"},"modified":"2024-09-26T03:38:23","modified_gmt":"2024-09-26T03:38:23","slug":"textile-uhf-rfid-linen-tags","status":"publish","type":"product","link":"https:\/\/rfid-laundry-tag.com\/de\/textile-uhf-rfid-linen-tags\/","title":{"rendered":"Textile UHF-RFID-W\u00e4scheetiketten"},"content":{"rendered":"<div>\n<div class=\"auto-hide-last-sibling-br paragraph_1252f paragraph-element\">\n<table width=\"637\">\n<tbody>\n<tr>\n<td width=\"328\">Artikelname:<\/td>\n<td width=\"309\"><strong>Textile UHF-RFID-W\u00e4scheetiketten<\/strong><\/td>\n<\/tr>\n<tr>\n<td width=\"328\">RFID-Standard:<\/td>\n<td width=\"309\">ISO\/IEC 18000-6 TypC (EPC Gen2)<\/td>\n<\/tr>\n<tr>\n<td width=\"328\">Gr\u00f6\u00dfe Gewicht:<\/td>\n<td width=\"309\">70\u00d715 mm, 0,6 g<\/td>\n<\/tr>\n<tr>\n<td width=\"328\">Chip-Typ:<\/td>\n<td width=\"309\">Impinj Monza 4QT, NXP U CODE 9<\/td>\n<\/tr>\n<tr>\n<td width=\"328\">EPC-Speicher:<\/td>\n<td width=\"309\">128 Bit<\/td>\n<\/tr>\n<tr>\n<td width=\"328\">Benutzerspeicher:<\/td>\n<td width=\"309\">512 Bit<\/td>\n<\/tr>\n<tr>\n<td width=\"328\">Lesereichweite (2 W ERP FCC):<\/td>\n<td width=\"309\">8 m<\/td>\n<\/tr>\n<tr>\n<td width=\"328\">Lesereichweite (2 W ERP ETSI):<\/td>\n<td width=\"309\">8 m<\/td>\n<\/tr>\n<tr>\n<td width=\"328\">Tagging:<\/td>\n<td width=\"309\">N\u00e4hen, Hei\u00dfpr\u00e4gekleber<\/td>\n<\/tr>\n<tr>\n<td width=\"328\">Gesch\u00e4tzte Lebensdauer:<\/td>\n<td width=\"309\">200 Waschzyklen oder 3 Jahre, je nachdem, was zuerst eintritt<\/td>\n<\/tr>\n<tr>\n<td width=\"328\">Waschmethode:<\/td>\n<td width=\"309\">W\u00e4scherei, chemische Reinigung<\/td>\n<\/tr>\n<tr>\n<td width=\"328\">Wasserentnahmedruck:<\/td>\n<td width=\"309\">60 bar<\/td>\n<\/tr>\n<tr>\n<td width=\"328\">Wasserbest\u00e4ndigkeit:<\/td>\n<td width=\"309\">Wasserfest<\/td>\n<\/tr>\n<tr>\n<td width=\"328\">Chemische Resistenz:<\/td>\n<td width=\"309\">Waschmittel, Weichsp\u00fcler, Bleichmittel (Sauerstoff\/Chlor), Alkali<\/td>\n<\/tr>\n<tr>\n<td width=\"328\">Vortrocknen im Tumbler:<\/td>\n<td width=\"309\">125 \u00baC f\u00fcr 15-20 Minuten<\/td>\n<\/tr>\n<tr>\n<td width=\"328\">Sterilisationstemperatur:<\/td>\n<td width=\"309\">135\u00b0C f\u00fcr 15-20 Minuten<\/td>\n<\/tr>\n<tr>\n<td width=\"328\">Waschtemperatur:<\/td>\n<td width=\"309\">90\u00b0C, Bis zu 15 Min.<\/td>\n<\/tr>\n<tr>\n<td width=\"328\">Luftfeuchtigkeit\/Temperatur-Betrieb:<\/td>\n<td width=\"309\">-20 bis 110 \u00b0C, 8 bis 95%RH<\/td>\n<\/tr>\n<tr>\n<td width=\"328\">Luftfeuchtigkeit\/ Temperatur-Lagerung:<\/td>\n<td width=\"309\">-40 bis 110 \u00b0C, 8 bis 95%RH<\/td>\n<\/tr>\n<\/tbody>\n<\/table>\n<\/div>\n<\/div>\n<div class=\"auto-hide-last-sibling-br paragraph_1252f paragraph-element\"><\/div>\n<div>\n<div class=\"auto-hide-last-sibling-br paragraph_1252f paragraph-element\">\n<h3>Top-Funktionen der UHF-RFID-W\u00e4scheetiketten<\/h3>\n<ul>\n<li><strong>Haltbarkeit<\/strong>: Die Etiketten sind so gefertigt, dass sie industriellen Waschvorg\u00e4ngen standhalten. Da sie extremen Temperaturen, Waschmitteln und Trocknungsbedingungen standhalten, sind sie f\u00fcr den harten Einsatz konzipiert.<\/li>\n<li><strong>Waschbar Natur<\/strong>: Diese\u00a0<strong>waschbare RFID-Tags<\/strong>\u00a0behalten ihre Integrit\u00e4t auch nach wiederholtem Waschen und sind daher ideal f\u00fcr jedes Textilmanagementsystem. Sie k\u00f6nnen bis zu\u00a0<strong>200 Waschzyklen<\/strong>\u00a0ohne Funktionalit\u00e4t einzub\u00fc\u00dfen.<\/li>\n<li><strong>Leistungsstarke RFID<\/strong>: Durch den Einsatz modernster\u00a0<strong>UHF-Technologie<\/strong>Diese Etiketten bieten eine robuste Lesereichweite und erm\u00f6glichen so eine effiziente Verfolgung und Verwaltung von Textilien.<\/li>\n<\/ul>\n<\/div>\n<h3>Hauptvorteile von RFID-W\u00e4scheetiketten<\/h3>\n<p>Einer der herausragenden Vorteile von Textil\u00a0<strong>RFID-W\u00e4scheetiketten<\/strong>\u00a0ist ihre F\u00e4higkeit, die Genauigkeit der Bestandsverwaltung zu verbessern. Durch die Automatisierung des Tracking-Prozesses k\u00f6nnen Unternehmen das Risiko fehlender oder verlegter Artikel erheblich reduzieren. Dar\u00fcber hinaus verbessern diese Tags die Sichtbarkeit der Verm\u00f6genswerte und erm\u00f6glichen W\u00e4schereien, die Transparenz ihrer Abl\u00e4ufe aufrechtzuerhalten.<\/p>\n<p>Ein weiterer wichtiger Vorteil ist das Kosteneinsparungspotenzial. Durch die automatische Nachverfolgung sinken die Arbeitskosten f\u00fcr manuelle Bestandspr\u00fcfungen erheblich. Die langfristige Zuverl\u00e4ssigkeit dieser Etiketten ist ebenfalls von Vorteil, da sie \u00fcber mehrere W\u00e4schezyklen hinweg wiederverwendet werden k\u00f6nnen, sodass Unternehmen ihre Investition maximieren k\u00f6nnen.<\/p>\n<\/div>\n<div class=\"auto-hide-last-sibling-br paragraph_1252f paragraph-element\">\n<div data-spm-anchor-id=\"a2700.details.0.i57.23b419c7xXORP0\">Diese beeindruckende Haltbarkeit geht mit der Garantie einher, dass die bemerkenswerten Tracking- und Inventareigenschaften w\u00e4hrend der gesamten Lebensdauer von W\u00e4sche, Kleidung und anderen Textilartikeln erhalten bleiben. Somit dienen sie als effektives und zuverl\u00e4ssiges Werkzeug, um eine nahtlose Verfolgung, rechtzeitige Wartung und effiziente Inventarverwaltung verschiedener Textilwaren in unterschiedlichen Umgebungen sicherzustellen, ihren Lebenszyklus zu maximieren und einen reibungslosen Betrieb zu erm\u00f6glichen.<\/div>\n<\/div>\n<div data-spm-anchor-id=\"a2700.details.0.i57.23b419c7xXORP0\">\n<h3>Haltbarkeit und Waschbarkeit von RFID-Tags<\/h3>\n<p>Wenn es darum geht\u00a0<strong>Haltbarkeit<\/strong>RFID-Tags zeichnen sich durch ein robustes Design aus, das den Herausforderungen der gewerblichen W\u00e4scherei standh\u00e4lt. Da sie hohen Temperaturen und aggressiven Chemikalien wie Bleichmitteln und Weichsp\u00fclern standhalten, sind sie sowohl f\u00fcr Wasch- als auch f\u00fcr Trocknungsprozesse optimiert.<\/p>\n<p>Der\u00a0<strong>waschbar natur<\/strong>\u00a0Diese Etiketten lassen sich nahtlos in Ihre vorhandenen W\u00e4schest\u00fccke integrieren. Diese Anpassungsf\u00e4higkeit erm\u00f6glicht eine einfache Befestigung an Kleidungsst\u00fccken und W\u00e4sche durch N\u00e4hen oder Aufkleben, wodurch die Funktionalit\u00e4t oder das Aussehen Ihrer Textilien nicht beeintr\u00e4chtigt wird.<\/p>\n<\/div>\n<div data-spm-anchor-id=\"a2700.details.0.i57.23b419c7xXORP0\"><\/div>\n<h3 class=\"wp-block-heading\">Installation<\/h3>\n<p><strong>Stichmarkierung<\/strong>: Zum Einn\u00e4hen in den Saum eines Textils. N\u00e4hen Sie das W\u00e4scheetikett abseits der Faltlinien.<br \/>\n<strong>Hei\u00dfsiegel<\/strong>: Wird bei +200 \u00b0C (392 \u00b0F) f\u00fcr 12\u201314 s direkt auf dem Textil hei\u00dfversiegelt.<br \/>\n<strong>Im Beutel<\/strong>: Wird wie ein normales Pflegeetikett aufgen\u00e4ht. N\u00e4hen Sie das W\u00e4scheetikett abseits der Faltlinien auf.<\/p>\n<div class=\"auto-hide-last-sibling-br paragraph_1252f paragraph-element\">\n<h2 class=\"auto-hide-last-sibling-br paragraph_1252f paragraph-element\"><strong>Verwendungsm\u00f6glichkeiten des waschbaren UHF-RFID-W\u00e4scheetiketts aus Stoff<\/strong><\/h2>\n<ol class=\"auto-hide-last-sibling-br\">\n<li>Industrielle W\u00e4scherei: Optimiert die Reinigungsprozesse und die Verteilungslogistik der Uniformw\u00e4scherei.<\/li>\n<li>Gastgewerbe: Verbessert die Verwaltung von W\u00e4schesystemen f\u00fcr Hotelm\u00f6bel und Handt\u00fccher.<\/li>\n<li>Gesundheitswesen: Hilft bei der Organisation und Pflege von Krankenhaus- und Gesundheitskleidung.<\/li>\n<\/ol>\n<h3>Umweltaspekte<\/h3>\n<p>Verwenden von\u00a0<strong>RFID-W\u00e4scheetiketten<\/strong>\u00a0tr\u00e4gt auch zur \u00f6kologischen Nachhaltigkeit bei. Die M\u00f6glichkeit, W\u00e4sche wiederzuverwenden und zu verfolgen, tr\u00e4gt zur Abfallreduzierung bei und stellt sicher, dass die Artikel w\u00e4hrend ihres Lebenszyklus effizient genutzt werden. Dar\u00fcber hinaus bedeutet die Haltbarkeit dieser Etiketten weniger Ersatz, was den \u00f6kologischen Fu\u00dfabdruck minimiert, der mit der st\u00e4ndigen Produktion und Entsorgung verbunden ist.<\/p>\n<h3>FAQs zu RFID-W\u00e4scheetiketten<\/h3>\n<p><strong>F: Wie viele Waschg\u00e4nge halten die Etiketten aus?<\/strong><br \/>\nA: Unsere\u00a0<strong>RFID-W\u00e4scheetiketten<\/strong>\u00a0sind so konzipiert, dass sie ihre Funktionalit\u00e4t auch nach\u00a0<strong>200 Waschzyklen<\/strong>, wodurch sie \u00e4u\u00dferst langlebig und f\u00fcr den Langzeitgebrauch geeignet sind.<\/p>\n<p><strong>F: K\u00f6nnen die Etiketten in jeden Stoff eingen\u00e4ht werden?<\/strong><br \/>\nA: Ja, die Etiketten k\u00f6nnen nahtlos in verschiedene Textilmaterialien integriert werden und bleiben auch bei mehreren Waschvorg\u00e4ngen befestigt.<\/p>\n<p><strong>F: Ist die RFID-Technologie f\u00fcr die Sendungsverfolgung zuverl\u00e4ssig?<\/strong><br \/>\nA: Auf jeden Fall! RFID-Tags bieten eine beispiellose Tracking-Genauigkeit, minimieren Verluste und unterst\u00fctzen eine effiziente Bestandsverwaltung.<\/p>\n<h3>Abschluss<\/h3>\n<p>Abschlie\u00dfend,\u00a0<strong>Textile UHF-RFID-W\u00e4scheetiketten<\/strong>\u00a0repr\u00e4sentieren die Zukunft des W\u00e4schemanagements. Durch die Verbesserung der Tracking-Effizienz, Haltbarkeit und Kosteneffizienz sind sie wichtige Werkzeuge f\u00fcr jedes Unternehmen, das auf W\u00e4sche und Kleidungsst\u00fccke angewiesen ist. Mit fortschrittlicher Technologie und robuster Leistung sind diese RFID-Tags darauf ausgelegt, die Anforderungen moderner W\u00e4schereibetriebe zu erf\u00fcllen.<\/p>\n<\/div>","protected":false},"excerpt":{"rendered":"<p>Textile UHF-RFID-W\u00e4scheetiketten werden auch als RAIN RFID-Textilw\u00e4scheetiketten bezeichnet. Sie wurden sorgf\u00e4ltig entwickelt, um unter den harten Bedingungen der W\u00e4scheverarbeitung wie Sterilisation, Hitzeeinwirkung, Reinigung, Trocknen und B\u00fcgeln konstant zu funktionieren. Diese Etiketten \u00fcberstehen nicht nur Hunderte von Waschzyklen, sondern behalten auch nach unz\u00e4hligen Waschg\u00e4ngen eine hervorragende und konstante RFID-Leistung bei.<\/p>","protected":false},"featured_media":168,"template":"","meta":{"_kad_post_transparent":"default","_kad_post_title":"","_kad_post_layout":"default","_kad_post_sidebar_id":"","_kad_post_content_style":"default","_kad_post_vertical_padding":"default","_kad_post_feature":"","_kad_post_feature_position":"","_kad_post_header":false,"_kad_post_footer":false,"_kad_post_classname":""},"product_brand":[],"product_cat":[19],"product_tag":[31,312,65,30],"class_list":{"0":"post-167","1":"product","2":"type-product","3":"status-publish","4":"has-post-thumbnail","6":"product_cat-textile-rfid-laundry-tag","7":"product_tag-rfid-tag-for-linen-laundry","8":"product_tag-rfid-tags","9":"product_tag-textile-rfid-laundry-tags","10":"product_tag-uhf-rfid-laundry-tag","12":"first","13":"instock","14":"featured","15":"shipping-taxable","16":"product-type-simple","17":"entry","18":"content-bg","19":"loop-entry"},"_links":{"self":[{"href":"https:\/\/rfid-laundry-tag.com\/de\/wp-json\/wp\/v2\/product\/167","targetHints":{"allow":["GET"]}}],"collection":[{"href":"https:\/\/rfid-laundry-tag.com\/de\/wp-json\/wp\/v2\/product"}],"about":[{"href":"https:\/\/rfid-laundry-tag.com\/de\/wp-json\/wp\/v2\/types\/product"}],"version-history":[{"count":3,"href":"https:\/\/rfid-laundry-tag.com\/de\/wp-json\/wp\/v2\/product\/167\/revisions"}],"predecessor-version":[{"id":2680,"href":"https:\/\/rfid-laundry-tag.com\/de\/wp-json\/wp\/v2\/product\/167\/revisions\/2680"}],"wp:featuredmedia":[{"embeddable":true,"href":"https:\/\/rfid-laundry-tag.com\/de\/wp-json\/wp\/v2\/media\/168"}],"wp:attachment":[{"href":"https:\/\/rfid-laundry-tag.com\/de\/wp-json\/wp\/v2\/media?parent=167"}],"wp:term":[{"taxonomy":"product_brand","embeddable":true,"href":"https:\/\/rfid-laundry-tag.com\/de\/wp-json\/wp\/v2\/product_brand?post=167"},{"taxonomy":"product_cat","embeddable":true,"href":"https:\/\/rfid-laundry-tag.com\/de\/wp-json\/wp\/v2\/product_cat?post=167"},{"taxonomy":"product_tag","embeddable":true,"href":"https:\/\/rfid-laundry-tag.com\/de\/wp-json\/wp\/v2\/product_tag?post=167"}],"curies":[{"name":"wp","href":"https:\/\/api.w.org\/{rel}","templated":true}]}}