{"id":165,"date":"2024-06-15T12:35:50","date_gmt":"2024-06-15T12:35:50","guid":{"rendered":"https:\/\/rfid-laundry-tag.com\/?post_type=product&#038;p=165"},"modified":"2024-06-15T12:52:28","modified_gmt":"2024-06-15T12:52:28","slug":"pps-nfc-smart-button","status":"publish","type":"product","link":"https:\/\/rfid-laundry-tag.com\/de\/pps-nfc-smart-button\/","title":{"rendered":"PPS NFC Smart-Taste"},"content":{"rendered":"<div class=\"J_module\">\n<div class=\"ife-detail-decorate-table\">\n<table class=\"has-title all magic-6\">\n<tbody>\n<tr>\n<td colspan=\"1\" rowspan=\"1\">\n<div class=\"magic-7\" data-spm-anchor-id=\"a2700.details.0.i45.77607d98vZbcDU\"><span class=\"magic-8\" style=\"color: #363535;\">Artikelname<\/span><\/div>\n<\/td>\n<td colspan=\"1\" rowspan=\"1\">\n<div class=\"magic-9\">PPS NFC Smart-Taste<\/div>\n<\/td>\n<\/tr>\n<tr>\n<td colspan=\"1\" rowspan=\"1\">\n<div class=\"magic-7\"><span class=\"magic-10\" data-spm-anchor-id=\"a2700.pc-decorate.0.i10.28d333330XLbTD\"><span class=\"magic-8\">Material<\/span><\/span><\/div>\n<\/td>\n<td colspan=\"1\" rowspan=\"1\">\n<div class=\"magic-9\"><span class=\"magic-8\">PPS<\/span><\/div>\n<\/td>\n<\/tr>\n<tr>\n<td colspan=\"1\" rowspan=\"1\">\n<div class=\"magic-7\"><span class=\"magic-8\">Farbe<\/span><\/div>\n<\/td>\n<td colspan=\"1\" rowspan=\"1\">\n<div class=\"magic-9\"><span class=\"magic-8\">Schwarz usw<\/span><\/div>\n<\/td>\n<\/tr>\n<tr>\n<td colspan=\"1\" rowspan=\"1\">Mindestbestellmenge<\/td>\n<td colspan=\"1\" rowspan=\"1\">500 St\u00fcck<\/td>\n<\/tr>\n<tr>\n<td colspan=\"1\" rowspan=\"1\">\n<div class=\"magic-7\"><span class=\"magic-8\">Hersteller\/Chip<\/span><\/div>\n<\/td>\n<td colspan=\"1\" rowspan=\"1\">\n<div class=\"magic-9\"><span class=\"magic-8\">NXP I Code Slix; andere Optionen: Ntag213, Ntag215, Ntag216, Mifare Ultralight ev1 usw.<\/span><\/div>\n<\/td>\n<\/tr>\n<tr>\n<td colspan=\"1\" rowspan=\"1\">\n<div class=\"magic-7\"><span class=\"magic-8\">Frequenz<\/span><\/div>\n<\/td>\n<td colspan=\"1\" rowspan=\"1\">\n<div class=\"magic-9\"><span class=\"magic-8\">13,56 MHz<\/span><\/div>\n<\/td>\n<\/tr>\n<tr>\n<td colspan=\"1\" rowspan=\"1\">\n<div class=\"magic-7\"><span class=\"magic-8\">Erinnerung<\/span><\/div>\n<\/td>\n<td colspan=\"1\" rowspan=\"1\">\n<div class=\"magic-9\"><span class=\"magic-8\">1k Byte; Speicher anderer Chips: 144 Byte, 504 Byte, 888 Byte, 64 Byte usw.<\/span><\/div>\n<\/td>\n<\/tr>\n<tr>\n<td colspan=\"1\" rowspan=\"1\">\n<div class=\"magic-7\"><span class=\"magic-8\">Lesedistanz<\/span><\/div>\n<\/td>\n<td colspan=\"1\" rowspan=\"1\">\n<div class=\"magic-9\"><span class=\"magic-8\">1~5 cm<\/span><\/div>\n<\/td>\n<\/tr>\n<tr>\n<td colspan=\"1\" rowspan=\"1\">\n<div class=\"magic-7\"><span class=\"magic-8\">Arbeitsmodus<\/span><\/div>\n<\/td>\n<td colspan=\"1\" rowspan=\"1\">\n<div class=\"magic-9\"><span class=\"magic-8\">passiv<\/span><\/div>\n<\/td>\n<\/tr>\n<tr>\n<td colspan=\"1\" rowspan=\"1\">\n<div class=\"magic-7\"><span class=\"magic-8\">Arbeitstemperatur<\/span><\/div>\n<\/td>\n<td colspan=\"1\" rowspan=\"1\">\n<div class=\"magic-9\"><span class=\"magic-8\">-25\u2103~+110\u2103<\/span><\/div>\n<\/td>\n<\/tr>\n<tr>\n<td colspan=\"1\" rowspan=\"1\">\n<div class=\"magic-7\"><span class=\"magic-8\">Lagertemperatur<\/span><\/div>\n<\/td>\n<td colspan=\"1\" rowspan=\"1\">\n<div class=\"magic-9\"><span class=\"magic-8\">-40\u2103~+85\u2103<\/span><\/div>\n<\/td>\n<\/tr>\n<tr>\n<td colspan=\"1\" rowspan=\"1\">\n<div class=\"magic-7\">\n<div><span class=\"magic-8\">\u00a0<\/span><\/div>\n<p><span class=\"magic-8\">Kurzzeittemperaturbest\u00e4ndigkeit<\/span><\/p>\n<\/div>\n<\/td>\n<td colspan=\"1\" rowspan=\"1\">\n<div class=\"magic-9\"><span class=\"magic-8\">Waschen: 90 \u00b0C, 15 Minuten; Konverter-Vortrocknen: 180 \u00b0C, 30 Minuten, 200 Mal; B\u00fcgeln: 180 \u00b0C, 10 Sekunden, 200 Mal; hoch<br \/>\nTemperatursterilisation: 135\u2103, 20 Minuten<\/span><\/div>\n<\/td>\n<\/tr>\n<tr>\n<td colspan=\"1\" rowspan=\"1\">\n<div class=\"magic-7\"><span class=\"magic-8\">Merkmale<\/span><\/div>\n<\/td>\n<td colspan=\"1\" rowspan=\"1\">\n<div class=\"magic-9\"><span class=\"magic-8\">wasserdicht, waschbar, hochtemperaturbest\u00e4ndig<\/span><\/div>\n<\/td>\n<\/tr>\n<tr>\n<td colspan=\"1\" rowspan=\"1\">\n<div class=\"magic-7\"><span class=\"magic-8\">Leben<\/span><\/div>\n<\/td>\n<td colspan=\"1\" rowspan=\"1\">\n<div class=\"magic-9\"><span class=\"magic-8\">200 mal waschen oder 3 Jahre<\/span><\/div>\n<\/td>\n<\/tr>\n<tr>\n<td colspan=\"1\" rowspan=\"1\">\n<div class=\"magic-7\"><span class=\"magic-8\">Anwendungen<\/span><\/div>\n<\/td>\n<td colspan=\"1\" rowspan=\"1\">\n<div class=\"magic-9\"><span class=\"magic-8\">W\u00e4schemanagement und -verfolgung<\/span><\/div>\n<\/td>\n<\/tr>\n<\/tbody>\n<\/table>\n<\/div>\n<\/div>\n<div class=\"J_module\">\n<div class=\"detail-decorate-json-renderer-container\">\n<div class=\"magic-1\">\n<div class=\"magic-2\">\n<div class=\"auto-hide-last-sibling-br paragraph_1252f paragraph-element\">\n<div class=\"auto-hide-last-sibling-br paragraph_1252f paragraph-element\">\n<div class=\"auto-hide-last-sibling-br paragraph_1252f paragraph-element\"><\/div>\n<\/div>\n<\/div>\n<div class=\"auto-hide-last-sibling-br paragraph_1252f paragraph-element\">Diese W\u00e4scheetiketten bestehen aus \u00e4u\u00dferst robustem PPS-Kunststoff und halten hohen Temperaturen, intensiven Waschzyklen, Flammen und Reinigungsmitteln stand, ohne dass sie dabei wasserdicht bleiben. Dank dieser Haltbarkeit bietet dieses Etikett Zuverl\u00e4ssigkeit in anspruchsvollen Umgebungen.<\/div>\n<div><\/div>\n<div class=\"auto-hide-last-sibling-br paragraph_1252f paragraph-element\"><strong>Die Anwendungsgebiete dieser W\u00e4scheetiketten mit NFC-Tasten sind vielf\u00e4ltig und umfassen:<\/strong><\/div>\n<ol class=\"auto-hide-last-sibling-br\">\n<li>\n<div class=\"auto-hide-last-sibling-br paragraph_1252f paragraph-element\">Industrielle Reinigung: Sie kommen mit den rauen Bedingungen industrieller Reinigung zurecht und gew\u00e4hrleisten optimale Nachverfolgung und Bestandsverwaltung.<\/div>\n<\/li>\n<li>\n<div class=\"auto-hide-last-sibling-br paragraph_1252f paragraph-element\">Uniformverwaltung: Diese Etiketten helfen bei der effektiven Verwaltung und Nachverfolgung von Mitarbeiteruniformen in verschiedenen Sektoren.<\/div>\n<\/li>\n<li>\n<div class=\"auto-hide-last-sibling-br paragraph_1252f paragraph-element\">Verwaltung medizinischer Kleidung: Unverzichtbar f\u00fcr Krankenh\u00e4user und Gesundheitsdienstleister, da sie bei der effizienten Organisation, Nachverfolgung und Pflege medizinischer Kleidung helfen.<\/div>\n<\/li>\n<li>\n<div class=\"auto-hide-last-sibling-br paragraph_1252f paragraph-element\">Personalpatrouillenverwaltung: Es hilft bei der Verfolgung und Verwaltung des Patrouillenpersonals und gew\u00e4hrleistet dessen Sicherheit und Effizienz.<\/div>\n<\/li>\n<li>\n<div class=\"auto-hide-last-sibling-br paragraph_1252f paragraph-element\">Verwaltung milit\u00e4rischer Kleidung: Diese Etiketten sind im milit\u00e4rischen Kontext \u00e4u\u00dferst n\u00fctzlich, da sie eine systematische Verfolgung und Verwaltung milit\u00e4rischer Kleidung erm\u00f6glichen und so die Organisation und Verantwortlichkeit verbessern.<\/div>\n<\/li>\n<\/ol>\n<\/div>\n<div>\n<p>Der <strong>ICODE SLIX IC<\/strong> ist ein dedizierter Chip f\u00fcr intelligente Etikettenanwendungen wie Bibliotheken, Produktauthentifizierung in verschiedenen Branchen wie Pharma, Medizinprodukte und Alkohol sowie Produktionsmanagement in verschiedenen Bereichen der Industrie. Dieser IC ist die dritte Generation einer Produktfamilie von Smart-Label-ICs, die auf den ISO-Standards ISO\/IEC 15693 und ISO\/IEC 18000-3 basieren und eine Erfolgsgeschichte von NXP fortsetzen.<sup>\u00ae<\/sup>\u00a0im Bereich der Umgebungsidentifikationssysteme.<\/p>\n<h3>Kontaktlose Energie- und Daten\u00fcbertragung<\/h3>\n<p>Bei Anschluss an eine sehr einfache und leicht herzustellende Antenne (aufgrund der Tr\u00e4gerfrequenz von 13,56 MHz), die aus wenigen Windungen einer gedruckten, gewickelten, ge\u00e4tzten oder gestanzten Spule besteht, kann der ICODE SLIX IC ohne Sichtverbindung bis zu einer Entfernung von 1,5 m (Torbreite) betrieben werden. Es wird keine Batterie ben\u00f6tigt. Wenn das Smart Label im Feld einer Abfrageantenne positioniert ist, erm\u00f6glicht die Hochgeschwindigkeits-RF-Kommunikationsschnittstelle eine Daten\u00fcbertragung mit bis zu 53 kbit\/s.<\/p>\n<h3>Antikollisions<\/h3>\n<p>Eine intelligente Antikollisionsfunktion erm\u00f6glicht den gleichzeitigen Einsatz mehrerer Tags im Feld. Der Antikollisionsalgorithmus w\u00e4hlt jeden Tag einzeln aus und stellt sicher, dass die Ausf\u00fchrung einer Transaktion mit einem ausgew\u00e4hlten Tag korrekt erfolgt, ohne dass es zu Datenbesch\u00e4digungen durch andere Tags im Feld kommt.<\/p>\n<h3>Merkmale<\/h3>\n<div id=\"featuresXsp\" class=\"features-list\">\n<div class=\"features-xsp\">\n<div class=\"collapse-mobile ste-list\">\n<h3>ICODE SLIX HF-Schnittstelle (ISO\/IEC 15693)<\/h3>\n<ul class=\"boxes\">\n<li>Kontaktlose Daten\u00fcbertragung und Energieversorgung (keine Batterie notwendig)<\/li>\n<li>Reichweite: bis zu 1,5 m (abh\u00e4ngig von der Antennengeometrie)<\/li>\n<li>Betriebsfrequenz: 13,56 MHz (ISM, weltweite Lizenz frei verf\u00fcgbar)<\/li>\n<li>Schnelle Daten\u00fcbertragung: bis zu 53 kbit\/s<\/li>\n<li>Hohe Datenintegrit\u00e4t: 16-Bit CRC, Framing<\/li>\n<li>Echte Kollisionsvermeidung<\/li>\n<li>Passwortgesch\u00fctzte elektronische Artikel\u00fcberwachung (EAS)<\/li>\n<li>Passwortgesch\u00fctzter Application Family Identifier (AFI)<\/li>\n<li>Datenspeicherformat-ID (DSFID)<\/li>\n<li>Zus\u00e4tzliches schnelles Antikollisionslesen<\/li>\n<li>Schreibdistanz gleich Lesedistanz<\/li>\n<\/ul>\n<\/div>\n<div class=\"collapse-mobile ste-list\">\n<h3>EEPROM<\/h3>\n<ul class=\"boxes\">\n<li>1024 Bit, organisiert in 32 Bl\u00f6cken zu je 4 Byte<\/li>\n<li>50 Jahre Datenaufbewahrung<\/li>\n<li>Schreiblebensdauer von 100000 Zyklen<\/li>\n<\/ul>\n<\/div>\n<div class=\"collapse-mobile ste-list\">\n<h3>Sicherheit<\/h3>\n<ul class=\"boxes\">\n<li>Eindeutige Kennung f\u00fcr jedes Ger\u00e4t<\/li>\n<li>Sperrmechanismus f\u00fcr jeden Benutzerspeicherblock (Schreibschutz)<\/li>\n<li>Verriegelungsmechanismus f\u00fcr DSFID, AFI, EAS<\/li>\n<li>Passwortgesch\u00fctzte (32-Bit) EAS- und AFI-Funktionalit\u00e4t<\/li>\n<\/ul>\n<\/div>\n<\/div>\n<\/div>\n<\/div>\n<div class=\"magic-2\">\n<div class=\"auto-hide-last-sibling-br paragraph_1252f paragraph-element\">\n<p>&nbsp;<\/p>\n<div class=\"auto-hide-last-sibling-br paragraph_1252f paragraph-element\"><\/div>\n<div class=\"auto-hide-last-sibling-br paragraph_1252f paragraph-element\"><\/div>\n<\/div>\n<\/div>\n<\/div>\n<\/div>\n<\/div>","protected":false},"excerpt":{"rendered":"<p>PPS NFC Smart Button sind robust und langlebig, absolut wasserdicht und widerstandsf\u00e4hig gegen Hitze, Druck und sogar aggressive Chemikalien. Diese Tags haben ein kompaktes Design, sind nur 30 mm im Durchmesser und 2,3 mm tief und \u00e4hneln Standardkn\u00f6pfen. Dank dieser Form k\u00f6nnen sie wie normale Kn\u00f6pfe problemlos in Kleidungsst\u00fccke integriert werden.<\/p>","protected":false},"featured_media":166,"template":"","meta":{"_kad_post_transparent":"default","_kad_post_title":"","_kad_post_layout":"default","_kad_post_sidebar_id":"","_kad_post_content_style":"default","_kad_post_vertical_padding":"default","_kad_post_feature":"","_kad_post_feature_position":"","_kad_post_header":false,"_kad_post_footer":false,"_kad_post_classname":""},"product_brand":[],"product_cat":[21,17],"product_tag":[37,39,77,45],"class_list":{"0":"post-165","1":"product","2":"type-product","3":"status-publish","4":"has-post-thumbnail","6":"product_cat-pps-rfid-laundry-tag","7":"product_cat-nfc-rfid-laundry-tag","8":"product_tag-nfc-button","9":"product_tag-nfc-laundry-tag","10":"product_tag-pps-nfc-smart-button","11":"product_tag-pps-washable-nfc-tags","13":"first","14":"instock","15":"shipping-taxable","16":"product-type-simple","17":"entry","18":"content-bg","19":"loop-entry"},"_links":{"self":[{"href":"https:\/\/rfid-laundry-tag.com\/de\/wp-json\/wp\/v2\/product\/165","targetHints":{"allow":["GET"]}}],"collection":[{"href":"https:\/\/rfid-laundry-tag.com\/de\/wp-json\/wp\/v2\/product"}],"about":[{"href":"https:\/\/rfid-laundry-tag.com\/de\/wp-json\/wp\/v2\/types\/product"}],"version-history":[{"count":0,"href":"https:\/\/rfid-laundry-tag.com\/de\/wp-json\/wp\/v2\/product\/165\/revisions"}],"wp:featuredmedia":[{"embeddable":true,"href":"https:\/\/rfid-laundry-tag.com\/de\/wp-json\/wp\/v2\/media\/166"}],"wp:attachment":[{"href":"https:\/\/rfid-laundry-tag.com\/de\/wp-json\/wp\/v2\/media?parent=165"}],"wp:term":[{"taxonomy":"product_brand","embeddable":true,"href":"https:\/\/rfid-laundry-tag.com\/de\/wp-json\/wp\/v2\/product_brand?post=165"},{"taxonomy":"product_cat","embeddable":true,"href":"https:\/\/rfid-laundry-tag.com\/de\/wp-json\/wp\/v2\/product_cat?post=165"},{"taxonomy":"product_tag","embeddable":true,"href":"https:\/\/rfid-laundry-tag.com\/de\/wp-json\/wp\/v2\/product_tag?post=165"}],"curies":[{"name":"wp","href":"https:\/\/api.w.org\/{rel}","templated":true}]}}