{"id":163,"date":"2024-06-15T11:55:44","date_gmt":"2024-06-15T11:55:44","guid":{"rendered":"https:\/\/rfid-laundry-tag.com\/?post_type=product&#038;p=163"},"modified":"2024-06-15T12:33:50","modified_gmt":"2024-06-15T12:33:50","slug":"laundry-tag-rfid-silicon","status":"publish","type":"product","link":"https:\/\/rfid-laundry-tag.com\/de\/laundry-tag-rfid-silicon\/","title":{"rendered":"W\u00e4scheetikett RFID Silikon"},"content":{"rendered":"<table style=\"font-family: var(--global-body-font-family);\" width=\"537\">\n<tbody>\n<tr>\n<td width=\"228\">Name<\/td>\n<td width=\"309\">W\u00e4scheetikett RFID Silikon<\/td>\n<\/tr>\n<tr>\n<td width=\"228\">Modus<\/td>\n<td width=\"309\">SL-01<\/td>\n<\/tr>\n<tr>\n<td width=\"228\">Material<\/td>\n<td width=\"309\">Silikon<\/td>\n<\/tr>\n<tr>\n<td width=\"228\">Farbe<\/td>\n<td width=\"309\">Wei\u00df (oder individuell angepasst)<\/td>\n<\/tr>\n<tr>\n<td width=\"228\">Gr\u00f6\u00dfe<\/td>\n<td width=\"309\">55 mm x 12 mm, 2,5 mm Dicke<\/td>\n<\/tr>\n<tr>\n<td width=\"228\">Chip<\/td>\n<td width=\"309\">915 MHz NXP U-Code 9, Alien H3, H9 usw.<\/td>\n<\/tr>\n<tr>\n<td width=\"228\">Arbeitstemperatur<\/td>\n<td width=\"309\">\u2013 25\u00baC bis +75\u00baC<\/td>\n<\/tr>\n<tr>\n<td width=\"228\">Waschgang<\/td>\n<td width=\"309\">200 mal<\/td>\n<\/tr>\n<tr>\n<td width=\"228\">Wasserdicht<\/td>\n<td width=\"309\">Ja<\/td>\n<\/tr>\n<tr>\n<td width=\"228\">Chemische Resistenz<\/td>\n<td width=\"309\">Ja<\/td>\n<\/tr>\n<\/tbody>\n<\/table>\n<p data-spm-anchor-id=\"a2700.details.0.i116.60201a70jOXdOd\">\n<p data-spm-anchor-id=\"a2700.details.0.i116.60201a70jOXdOd\"><strong>Anwendung :<\/strong><\/p>\n<ol class=\"auto-hide-last-sibling-br\">\n<li>\n<div class=\"auto-hide-last-sibling-br paragraph_1252f paragraph-element\">Waschbar und wiederverwendbar: Diese Etiketten \u00fcberstehen mehrere Waschg\u00e4nge und sind daher eine kosteng\u00fcnstige L\u00f6sung f\u00fcr den Langzeitgebrauch.<\/div>\n<\/li>\n<li>\n<div class=\"auto-hide-last-sibling-br paragraph_1252f paragraph-element\">Gemacht f\u00fcr harte W\u00e4schebedingungen: Sie sind speziell daf\u00fcr ausgelegt, den harten Bedingungen standzuhalten, unter denen W\u00e4schevorg\u00e4nge stattfinden.<\/div>\n<\/li>\n<li>\n<div class=\"auto-hide-last-sibling-br paragraph_1252f paragraph-element\">Widerstandsf\u00e4hige Eigenschaften: Diese Etiketten sind feuchtigkeitsbest\u00e4ndig, vertragen hohe Temperaturen und sind best\u00e4ndig gegen\u00fcber verschiedenen Chemikalien. So ist eine einwandfreie Funktion unter unterschiedlichen Bedingungen gew\u00e4hrleistet.<\/div>\n<\/li>\n<li>\n<div class=\"auto-hide-last-sibling-br paragraph_1252f paragraph-element\">Umweltfreundliches Silikonmaterial: Diese Anh\u00e4nger werden aus umweltfreundlichem Silikon hergestellt und sind unsch\u00e4dlich f\u00fcr den menschlichen K\u00f6rper und die Umwelt. Sie stehen im Einklang mit bewusstem Konsum und nachhaltigen Praktiken.<\/div>\n<\/li>\n<li>\n<div class=\"auto-hide-last-sibling-br paragraph_1252f paragraph-element\">Vielf\u00e4ltige Anwendungsm\u00f6glichkeiten: Diese Etiketten k\u00f6nnen bequem zur Verwaltung von Kleidung, zur Verbesserung von Sicherheitskontrollen und zur Optimierung der Abl\u00e4ufe in W\u00e4schereien (einschlie\u00dflich industrieller W\u00e4schereien) verwendet werden und bieten \u00fcberlegene Effizienz und Kontrolle.<\/div>\n<\/li>\n<\/ol>\n<div class=\"auto-hide-last-sibling-br paragraph_1252f paragraph-element\">Der Silikon-RFID-W\u00e4scheanh\u00e4nger, der im Frequenzbereich von 860 bis 960 MHz funktioniert, ist speziell daf\u00fcr ausgelegt, den hohen Temperaturen und dem starken Druck standzuhalten, die f\u00fcr Reinigungsprozesse typisch sind. Er wird in rauen Umgebungen eingesetzt, in denen hohe Hitzebest\u00e4ndigkeit, Korrosion und Verschlei\u00df gefordert sind, insbesondere in W\u00e4schereien, industriellen Reinigungsbetrieben und anderen.<\/div>\n<p>&nbsp;<\/p>\n<div class=\"auto-hide-last-sibling-br paragraph_1252f paragraph-element\">Diese RFID-W\u00e4scheetiketten haben die einzigartige F\u00e4higkeit, sich nahtlos in eine Vielzahl von Textilartikeln zu integrieren, darunter Hemden, Arbeitsuniformen, Bettw\u00e4sche und andere stoffbasierte Produkte. Damit bieten sie eine leistungsstarke und effiziente L\u00f6sung f\u00fcr die Verfolgung und Verwaltung einer gro\u00dfen Bandbreite von Textilwaren in verschiedenen Branchen.<\/div>\n<p>&nbsp;<\/p>","protected":false},"excerpt":{"rendered":"<p>RFID-Silikon-W\u00e4scheetiketten werden typischerweise in hochintensiven Prozessen wie industriellen W\u00e4schereiprozessen, W\u00e4schemanagement in Hotels und der Nachverfolgung medizinischer Uniformen eingesetzt. Diese Etiketten sind f\u00fcr ihre Flexibilit\u00e4t und Hochtemperaturbest\u00e4ndigkeit bekannt. Sie sind f\u00fcr \u00fcber 200 Waschzyklen ausgelegt und gew\u00e4hrleisten so eine zuverl\u00e4ssige Leistung selbst unter den anspruchsvollsten Bedingungen.<\/p>","protected":false},"featured_media":164,"template":"","meta":{"_kad_post_transparent":"default","_kad_post_title":"","_kad_post_layout":"default","_kad_post_sidebar_id":"","_kad_post_content_style":"default","_kad_post_vertical_padding":"default","_kad_post_feature":"","_kad_post_feature_position":"","_kad_post_header":false,"_kad_post_footer":false,"_kad_post_classname":""},"product_brand":[],"product_cat":[20,16],"product_tag":[76,62,61],"class_list":{"0":"post-163","1":"product","2":"type-product","3":"status-publish","4":"has-post-thumbnail","6":"product_cat-silicone-rfid-laundry-tag","7":"product_cat-uhf-rfid-laundry-tags","8":"product_tag-laundry-tag-rfid-silicon","9":"product_tag-silicone-rfid-laundry-tag","10":"product_tag-silicone-washable-rfid-laundry-tag","12":"first","13":"instock","14":"shipping-taxable","15":"product-type-simple","16":"entry","17":"content-bg","18":"loop-entry"},"_links":{"self":[{"href":"https:\/\/rfid-laundry-tag.com\/de\/wp-json\/wp\/v2\/product\/163","targetHints":{"allow":["GET"]}}],"collection":[{"href":"https:\/\/rfid-laundry-tag.com\/de\/wp-json\/wp\/v2\/product"}],"about":[{"href":"https:\/\/rfid-laundry-tag.com\/de\/wp-json\/wp\/v2\/types\/product"}],"version-history":[{"count":0,"href":"https:\/\/rfid-laundry-tag.com\/de\/wp-json\/wp\/v2\/product\/163\/revisions"}],"wp:featuredmedia":[{"embeddable":true,"href":"https:\/\/rfid-laundry-tag.com\/de\/wp-json\/wp\/v2\/media\/164"}],"wp:attachment":[{"href":"https:\/\/rfid-laundry-tag.com\/de\/wp-json\/wp\/v2\/media?parent=163"}],"wp:term":[{"taxonomy":"product_brand","embeddable":true,"href":"https:\/\/rfid-laundry-tag.com\/de\/wp-json\/wp\/v2\/product_brand?post=163"},{"taxonomy":"product_cat","embeddable":true,"href":"https:\/\/rfid-laundry-tag.com\/de\/wp-json\/wp\/v2\/product_cat?post=163"},{"taxonomy":"product_tag","embeddable":true,"href":"https:\/\/rfid-laundry-tag.com\/de\/wp-json\/wp\/v2\/product_tag?post=163"}],"curies":[{"name":"wp","href":"https:\/\/api.w.org\/{rel}","templated":true}]}}