{"id":161,"date":"2024-06-15T10:09:40","date_gmt":"2024-06-15T10:09:40","guid":{"rendered":"https:\/\/rfid-laundry-tag.com\/?post_type=product&#038;p=161"},"modified":"2024-08-14T15:50:57","modified_gmt":"2024-08-14T15:50:57","slug":"iso15693-rfid-reusable-laundry-tag","status":"publish","type":"product","link":"https:\/\/rfid-laundry-tag.com\/de\/iso15693-rfid-reusable-laundry-tag\/","title":{"rendered":"Wiederverwendbarer RFID-W\u00e4scheanh\u00e4nger nach ISO15693"},"content":{"rendered":"<div class=\"J_module\">\n<div class=\"ife-detail-decorate-table\">\n<table class=\"has-title all magic-6\">\n<tbody>\n<tr>\n<td colspan=\"1\" rowspan=\"1\">\n<div class=\"magic-7\" data-spm-anchor-id=\"a2700.details.0.i45.77607d98vZbcDU\"><span class=\"magic-8\" style=\"color: #363535;\">Artikelname<\/span><\/div>\n<\/td>\n<td colspan=\"1\" rowspan=\"1\">\n<div class=\"magic-9\">Wiederverwendbarer RFID-W\u00e4scheanh\u00e4nger nach ISO15693<\/div>\n<\/td>\n<\/tr>\n<tr>\n<td colspan=\"1\" rowspan=\"1\">\n<div class=\"magic-7\"><span class=\"magic-10\" data-spm-anchor-id=\"a2700.pc-decorate.0.i10.28d333330XLbTD\"><span class=\"magic-8\">Material<\/span><\/span><\/div>\n<\/td>\n<td colspan=\"1\" rowspan=\"1\">\n<div class=\"magic-9\"><span class=\"magic-8\">PPS<\/span><\/div>\n<\/td>\n<\/tr>\n<tr>\n<td colspan=\"1\" rowspan=\"1\">\n<div class=\"magic-7\"><span class=\"magic-8\">Farbe<\/span><\/div>\n<\/td>\n<td colspan=\"1\" rowspan=\"1\">\n<div class=\"magic-9\"><span class=\"magic-8\">Schwarz usw<\/span><\/div>\n<\/td>\n<\/tr>\n<tr>\n<td colspan=\"1\" rowspan=\"1\">Mindestbestellmenge<\/td>\n<td colspan=\"1\" rowspan=\"1\">500 St\u00fcck<\/td>\n<\/tr>\n<tr>\n<td colspan=\"1\" rowspan=\"1\">\n<div class=\"magic-7\"><span class=\"magic-8\">Hersteller\/Chip<\/span><\/div>\n<\/td>\n<td colspan=\"1\" rowspan=\"1\">\n<div class=\"magic-9\"><span class=\"magic-8\">NXP I Code Slix; andere Optionen: Ntag213, Ntag215, Ntag216, Mifare Ultralight ev1 usw.<\/span><\/div>\n<\/td>\n<\/tr>\n<tr>\n<td colspan=\"1\" rowspan=\"1\">\n<div class=\"magic-7\"><span class=\"magic-8\">Frequenz<\/span><\/div>\n<\/td>\n<td colspan=\"1\" rowspan=\"1\">\n<div class=\"magic-9\"><span class=\"magic-8\">13,56 MHz<\/span><\/div>\n<\/td>\n<\/tr>\n<tr>\n<td colspan=\"1\" rowspan=\"1\">\n<div class=\"magic-7\"><span class=\"magic-8\">Erinnerung<\/span><\/div>\n<\/td>\n<td colspan=\"1\" rowspan=\"1\">\n<div class=\"magic-9\"><span class=\"magic-8\">1k Byte; Speicher anderer Chips: 144 Byte, 504 Byte, 888 Byte, 64 Byte usw.<\/span><\/div>\n<\/td>\n<\/tr>\n<tr>\n<td colspan=\"1\" rowspan=\"1\">\n<div class=\"magic-7\"><span class=\"magic-8\">Lesedistanz<\/span><\/div>\n<\/td>\n<td colspan=\"1\" rowspan=\"1\">\n<div class=\"magic-9\"><span class=\"magic-8\">1~5 cm<\/span><\/div>\n<\/td>\n<\/tr>\n<tr>\n<td colspan=\"1\" rowspan=\"1\">\n<div class=\"magic-7\"><span class=\"magic-8\">Arbeitsmodus<\/span><\/div>\n<\/td>\n<td colspan=\"1\" rowspan=\"1\">\n<div class=\"magic-9\"><span class=\"magic-8\">passiv<\/span><\/div>\n<\/td>\n<\/tr>\n<tr>\n<td colspan=\"1\" rowspan=\"1\">\n<div class=\"magic-7\"><span class=\"magic-8\">Arbeitstemperatur<\/span><\/div>\n<\/td>\n<td colspan=\"1\" rowspan=\"1\">\n<div class=\"magic-9\"><span class=\"magic-8\">-25\u2103~+110\u2103<\/span><\/div>\n<\/td>\n<\/tr>\n<tr>\n<td colspan=\"1\" rowspan=\"1\">\n<div class=\"magic-7\"><span class=\"magic-8\">Lagertemperatur<\/span><\/div>\n<\/td>\n<td colspan=\"1\" rowspan=\"1\">\n<div class=\"magic-9\"><span class=\"magic-8\">-40\u2103~+85\u2103<\/span><\/div>\n<\/td>\n<\/tr>\n<tr>\n<td colspan=\"1\" rowspan=\"1\">\n<div class=\"magic-7\">\n<div><span class=\"magic-8\">\u00a0<\/span><\/div>\n<p><span class=\"magic-8\">Kurzzeittemperaturbest\u00e4ndigkeit<\/span><\/p>\n<\/div>\n<\/td>\n<td colspan=\"1\" rowspan=\"1\">\n<div class=\"magic-9\"><span class=\"magic-8\">Waschen: 90 \u00b0C, 15 Minuten; Konverter-Vortrocknen: 180 \u00b0C, 30 Minuten, 200 Mal; B\u00fcgeln: 180 \u00b0C, 10 Sekunden, 200 Mal; hoch<br \/>\nTemperatursterilisation: 135\u2103, 20 Minuten<\/span><\/div>\n<\/td>\n<\/tr>\n<tr>\n<td colspan=\"1\" rowspan=\"1\">\n<div class=\"magic-7\"><span class=\"magic-8\">Merkmale<\/span><\/div>\n<\/td>\n<td colspan=\"1\" rowspan=\"1\">\n<div class=\"magic-9\"><span class=\"magic-8\">wasserdicht, waschbar, hochtemperaturbest\u00e4ndig<\/span><\/div>\n<\/td>\n<\/tr>\n<tr>\n<td colspan=\"1\" rowspan=\"1\">\n<div class=\"magic-7\"><span class=\"magic-8\">Leben<\/span><\/div>\n<\/td>\n<td colspan=\"1\" rowspan=\"1\">\n<div class=\"magic-9\"><span class=\"magic-8\">200 mal waschen oder 3 Jahre<\/span><\/div>\n<\/td>\n<\/tr>\n<tr>\n<td colspan=\"1\" rowspan=\"1\">\n<div class=\"magic-7\"><span class=\"magic-8\">Anwendungen<\/span><\/div>\n<\/td>\n<td colspan=\"1\" rowspan=\"1\">\n<div class=\"magic-9\"><span class=\"magic-8\">W\u00e4schemanagement und -verfolgung<\/span><\/div>\n<\/td>\n<\/tr>\n<\/tbody>\n<\/table>\n<\/div>\n<\/div>\n<div class=\"J_module\">\n<div class=\"detail-decorate-json-renderer-container\">\n<div class=\"magic-1\">\n<div>\n<div><\/div>\n<\/div>\n<div class=\"magic-2\">\n<div class=\"auto-hide-last-sibling-br paragraph_1252f paragraph-element\">\n<div class=\"auto-hide-last-sibling-br paragraph_1252f paragraph-element\">\n<div class=\"auto-hide-last-sibling-br paragraph_1252f paragraph-element\">Sobald ein Unternehmen zu dem Schluss kommt, dass ein NFC-W\u00e4scheverfolgungssystem erhebliche Vorteile bieten kann, besteht der n\u00e4chste Schritt darin, ein geeignetes wiederverwendbares ISO15693-RFID-W\u00e4scheetikett auszuw\u00e4hlen. Das NFC-W\u00e4scheetikett, insbesondere der PPS-I-Code Slix, kann in jedes Kleidungsst\u00fcck eingen\u00e4ht werden, wodurch NFC- oder UHF-Funktionen unabh\u00e4ngig vom Standort zug\u00e4nglich werden.<\/div>\n<p>&nbsp;<\/p>\n<div class=\"auto-hide-last-sibling-br paragraph_1252f paragraph-element\">Der wiederverwendbare RFID-W\u00e4scheanh\u00e4nger ISO15693 findet Verwendung in zahlreichen Anwendungen, wie zum Beispiel:<\/div>\n<ul class=\"auto-hide-last-sibling-br\">\n<li>Industrielle Waschprozesse<\/li>\n<li>Einheitliche Verwaltung<\/li>\n<li>\u00dcberwachung der medizinischen Kleidung<\/li>\n<li>Verwaltung der pers\u00f6nlichen Schutzausr\u00fcstung (PSA)<\/li>\n<li>Personal\u00fcberwachungsoperationen<\/li>\n<li>Verwaltung der Feuerwehrausr\u00fcstung<\/li>\n<li>\u00dcberwachung der Skiausr\u00fcstung.<\/li>\n<\/ul>\n<div class=\"auto-hide-last-sibling-br paragraph_1252f paragraph-element\">Der<strong> ICODE SLI Passives Hochfrequenz-RFID-Tag<\/strong> eignet sich perfekt f\u00fcr Aufgaben wie W\u00e4schereiprozesse, Lieferkettenunterst\u00fctzung, Bestandsregulierung, Anlagenverfolgung und Prozess\u00fcberwachung. Dieses RFID-W\u00e4scheetikett ist so konzipiert, dass es den Strapazen des B\u00fcgelns standh\u00e4lt und widersteht auch hohem Druck, Hitze und Chemikalien, wie es f\u00fcr die ber\u00fchrungslose Kleidungsst\u00fcckverfolgung in der Textil- und W\u00e4schereibranche erforderlich ist.<\/div>\n<p>&nbsp;<\/p>\n<div class=\"auto-hide-last-sibling-br paragraph_1252f paragraph-element\">Die m\u00fchelose Anbringung auf jedem beliebigen Stoff ist mit einer handels\u00fcblichen Hei\u00dfsiegelmaschine m\u00f6glich. In einem flexiblen Textilgeh\u00e4use befindet sich ein kompakter kontaktloser Chip, der eine verbesserte Best\u00e4ndigkeit gegen erh\u00f6hte Temperaturen und verschiedene intensive Reinigungsmethoden, einschlie\u00dflich Trockenreinigungsverfahren, bietet.<\/div>\n<p>&nbsp;<\/p>\n<div class=\"auto-hide-last-sibling-br paragraph_1252f paragraph-element\">Ein Beweis f\u00fcr seine Vielseitigkeit ist, dass dieser robuste RFID-W\u00e4scheanh\u00e4nger sowohl mit RFID-Frequenzen im Niederfrequenzbereich (LF) als auch im Ultrahochfrequenzbereich (UHF) kompatibel ist. Zu den anpassbaren Versionen geh\u00f6ren ein passiver RFID-W\u00e4scheanh\u00e4nger mit 125 kHz f\u00fcr Niederfrequenzvorg\u00e4nge und ein W\u00e4scheanh\u00e4nger der zweiten Generation mit 860 bis 960 MHz f\u00fcr Ultrahochfrequenzinteraktionen.<\/div>\n<\/div>\n<div><\/div>\n<\/div>\n<\/div>\n<div>\n<p>Der <strong>ICODE SLIX IC<\/strong> ist ein dedizierter Chip f\u00fcr intelligente Etikettenanwendungen wie Bibliotheken, Produktauthentifizierung in verschiedenen Branchen wie Pharma, Medizinprodukte und Alkohol sowie Produktionsmanagement in verschiedenen Bereichen der Industrie. Dieser IC ist die dritte Generation einer Produktfamilie von Smart-Label-ICs, die auf den ISO-Standards ISO\/IEC 15693 und ISO\/IEC 18000-3 basieren und eine Erfolgsgeschichte von NXP fortsetzen.<sup>\u00ae<\/sup>\u00a0im Bereich der Umgebungsidentifikationssysteme.<\/p>\n<h3>Kontaktlose Energie- und Daten\u00fcbertragung<\/h3>\n<p>Bei Anschluss an eine sehr einfache und leicht herzustellende Antenne (aufgrund der Tr\u00e4gerfrequenz von 13,56 MHz), die aus wenigen Windungen einer gedruckten, gewickelten, ge\u00e4tzten oder gestanzten Spule besteht, kann der ICODE SLIX IC ohne Sichtverbindung bis zu einer Entfernung von 1,5 m (Torbreite) betrieben werden. Es wird keine Batterie ben\u00f6tigt. Wenn das Smart Label im Feld einer Abfrageantenne positioniert ist, erm\u00f6glicht die Hochgeschwindigkeits-RF-Kommunikationsschnittstelle eine Daten\u00fcbertragung mit bis zu 53 kbit\/s.<\/p>\n<h3>Antikollisions<\/h3>\n<p>Eine intelligente Antikollisionsfunktion erm\u00f6glicht den gleichzeitigen Einsatz mehrerer Tags im Feld. Der Antikollisionsalgorithmus w\u00e4hlt jeden Tag einzeln aus und stellt sicher, dass die Ausf\u00fchrung einer Transaktion mit einem ausgew\u00e4hlten Tag korrekt erfolgt, ohne dass es zu Datenbesch\u00e4digungen durch andere Tags im Feld kommt.<\/p>\n<h3>Merkmale<\/h3>\n<div id=\"featuresXsp\" class=\"features-list\">\n<div class=\"features-xsp\">\n<div class=\"collapse-mobile ste-list\">\n<h3>ICODE SLIX HF-Schnittstelle (ISO\/IEC 15693)<\/h3>\n<ul class=\"boxes\">\n<li>Kontaktlose Daten\u00fcbertragung und Energieversorgung (keine Batterie notwendig)<\/li>\n<li>Reichweite: bis zu 1,5 m (abh\u00e4ngig von der Antennengeometrie)<\/li>\n<li>Betriebsfrequenz: 13,56 MHz (ISM, weltweite Lizenz frei verf\u00fcgbar)<\/li>\n<li>Schnelle Daten\u00fcbertragung: bis zu 53 kbit\/s<\/li>\n<li>Hohe Datenintegrit\u00e4t: 16-Bit CRC, Framing<\/li>\n<li>Echte Kollisionsvermeidung<\/li>\n<li>Passwortgesch\u00fctzte elektronische Artikel\u00fcberwachung (EAS)<\/li>\n<li>Passwortgesch\u00fctzter Application Family Identifier (AFI)<\/li>\n<li>Datenspeicherformat-ID (DSFID)<\/li>\n<li>Zus\u00e4tzliches schnelles Antikollisionslesen<\/li>\n<li>Schreibdistanz gleich Lesedistanz<\/li>\n<\/ul>\n<\/div>\n<div class=\"collapse-mobile ste-list\">\n<h3>EEPROM<\/h3>\n<ul class=\"boxes\">\n<li>1024 Bit, organisiert in 32 Bl\u00f6cken zu je 4 Byte<\/li>\n<li>50 Jahre Datenaufbewahrung<\/li>\n<li>Schreiblebensdauer von 100000 Zyklen<\/li>\n<\/ul>\n<\/div>\n<div class=\"collapse-mobile ste-list\">\n<h3>Sicherheit<\/h3>\n<ul class=\"boxes\">\n<li>Eindeutige Kennung f\u00fcr jedes Ger\u00e4t<\/li>\n<li>Sperrmechanismus f\u00fcr jeden Benutzerspeicherblock (Schreibschutz)<\/li>\n<li>Verriegelungsmechanismus f\u00fcr DSFID, AFI, EAS<\/li>\n<li>Passwortgesch\u00fctzte (32-Bit) EAS- und AFI-Funktionalit\u00e4t<\/li>\n<\/ul>\n<\/div>\n<\/div>\n<\/div>\n<\/div>\n<div class=\"magic-2\">\n<div class=\"auto-hide-last-sibling-br paragraph_1252f paragraph-element\">\n<p>&nbsp;<\/p>\n<div class=\"auto-hide-last-sibling-br paragraph_1252f paragraph-element\"><\/div>\n<div class=\"auto-hide-last-sibling-br paragraph_1252f paragraph-element\"><\/div>\n<\/div>\n<\/div>\n<\/div>\n<\/div>\n<\/div>","protected":false},"excerpt":{"rendered":"<p>Der wiederverwendbare RFID-W\u00e4scheanh\u00e4nger mit hoher Temperaturbest\u00e4ndigkeit ISO15693 ist aus leistungsstarkem PPS-Material gefertigt, das erh\u00f6hten Temperaturen problemlos standh\u00e4lt.<\/p>","protected":false},"featured_media":162,"template":"","meta":{"_kad_post_transparent":"default","_kad_post_title":"","_kad_post_layout":"default","_kad_post_sidebar_id":"","_kad_post_content_style":"default","_kad_post_vertical_padding":"default","_kad_post_feature":"","_kad_post_feature_position":"","_kad_post_header":false,"_kad_post_footer":false,"_kad_post_classname":""},"product_brand":[],"product_cat":[21,17],"product_tag":[75,37,39,45],"class_list":{"0":"post-161","1":"product","2":"type-product","3":"status-publish","4":"has-post-thumbnail","6":"product_cat-pps-rfid-laundry-tag","7":"product_cat-nfc-rfid-laundry-tag","8":"product_tag-iso15693-rfid-reusable-laundry-tag","9":"product_tag-nfc-button","10":"product_tag-nfc-laundry-tag","11":"product_tag-pps-washable-nfc-tags","13":"first","14":"instock","15":"shipping-taxable","16":"product-type-simple","17":"entry","18":"content-bg","19":"loop-entry"},"_links":{"self":[{"href":"https:\/\/rfid-laundry-tag.com\/de\/wp-json\/wp\/v2\/product\/161","targetHints":{"allow":["GET"]}}],"collection":[{"href":"https:\/\/rfid-laundry-tag.com\/de\/wp-json\/wp\/v2\/product"}],"about":[{"href":"https:\/\/rfid-laundry-tag.com\/de\/wp-json\/wp\/v2\/types\/product"}],"version-history":[{"count":1,"href":"https:\/\/rfid-laundry-tag.com\/de\/wp-json\/wp\/v2\/product\/161\/revisions"}],"predecessor-version":[{"id":1301,"href":"https:\/\/rfid-laundry-tag.com\/de\/wp-json\/wp\/v2\/product\/161\/revisions\/1301"}],"wp:featuredmedia":[{"embeddable":true,"href":"https:\/\/rfid-laundry-tag.com\/de\/wp-json\/wp\/v2\/media\/162"}],"wp:attachment":[{"href":"https:\/\/rfid-laundry-tag.com\/de\/wp-json\/wp\/v2\/media?parent=161"}],"wp:term":[{"taxonomy":"product_brand","embeddable":true,"href":"https:\/\/rfid-laundry-tag.com\/de\/wp-json\/wp\/v2\/product_brand?post=161"},{"taxonomy":"product_cat","embeddable":true,"href":"https:\/\/rfid-laundry-tag.com\/de\/wp-json\/wp\/v2\/product_cat?post=161"},{"taxonomy":"product_tag","embeddable":true,"href":"https:\/\/rfid-laundry-tag.com\/de\/wp-json\/wp\/v2\/product_tag?post=161"}],"curies":[{"name":"wp","href":"https:\/\/api.w.org\/{rel}","templated":true}]}}