{"id":157,"date":"2024-06-14T16:27:10","date_gmt":"2024-06-14T16:27:10","guid":{"rendered":"https:\/\/rfid-laundry-tag.com\/?post_type=product&#038;p=157"},"modified":"2024-09-08T04:19:43","modified_gmt":"2024-09-08T04:19:43","slug":"uhf-washable-rfid-fabric-laundry-tags","status":"publish","type":"product","link":"https:\/\/rfid-laundry-tag.com\/de\/uhf-washable-rfid-fabric-laundry-tags\/","title":{"rendered":"Waschbare UHF-RFID-W\u00e4scheetiketten aus Stoff"},"content":{"rendered":"<div>\n<div class=\"auto-hide-last-sibling-br paragraph_1252f paragraph-element\">\n<table width=\"637\">\n<tbody>\n<tr>\n<td width=\"328\">Artikelname:<\/td>\n<td width=\"309\">Waschbare UHF-RFID-W\u00e4scheetiketten aus Stoff<\/td>\n<\/tr>\n<tr>\n<td width=\"328\">RFID-Standard:<\/td>\n<td width=\"309\">ISO\/IEC 18000-6 TypC (EPC Gen2)<\/td>\n<\/tr>\n<tr>\n<td width=\"328\">Gr\u00f6\u00dfe Gewicht:<\/td>\n<td width=\"309\">70\u00d715 mm, 0,6 g<\/td>\n<\/tr>\n<tr>\n<td width=\"328\">Chip-Typ:<\/td>\n<td width=\"309\">Impinj Monza 4QT, NXP U CODE 8, NXP U CODE 9<\/td>\n<\/tr>\n<tr>\n<td width=\"328\">EPC-Speicher:<\/td>\n<td width=\"309\">128 Bit<\/td>\n<\/tr>\n<tr>\n<td width=\"328\">Benutzerspeicher:<\/td>\n<td width=\"309\">512 Bit<\/td>\n<\/tr>\n<tr>\n<td width=\"328\">Lesereichweite (2 W ERP FCC):<\/td>\n<td width=\"309\">8 m<\/td>\n<\/tr>\n<tr>\n<td width=\"328\">Lesereichweite (2 W ERP ETSI):<\/td>\n<td width=\"309\">8 m<\/td>\n<\/tr>\n<tr>\n<td width=\"328\">Tagging:<\/td>\n<td width=\"309\">N\u00e4hen, Hei\u00dfpr\u00e4gekleber<\/td>\n<\/tr>\n<tr>\n<td width=\"328\">Gesch\u00e4tzte Lebensdauer:<\/td>\n<td width=\"309\">200 Waschzyklen oder 3 Jahre, je nachdem, was zuerst eintritt<\/td>\n<\/tr>\n<tr>\n<td width=\"328\">Waschmethode:<\/td>\n<td width=\"309\">W\u00e4scherei, chemische Reinigung<\/td>\n<\/tr>\n<tr>\n<td width=\"328\">Wasserentnahmedruck:<\/td>\n<td width=\"309\">60 bar<\/td>\n<\/tr>\n<tr>\n<td width=\"328\">Wasserbest\u00e4ndigkeit:<\/td>\n<td width=\"309\">Wasserfest<\/td>\n<\/tr>\n<tr>\n<td width=\"328\">Chemische Resistenz:<\/td>\n<td width=\"309\">Waschmittel, Weichsp\u00fcler, Bleichmittel (Sauerstoff\/Chlor), Alkali<\/td>\n<\/tr>\n<tr>\n<td width=\"328\">Vortrocknen im Tumbler:<\/td>\n<td width=\"309\">125 \u00baC f\u00fcr 15-20 Minuten<\/td>\n<\/tr>\n<tr>\n<td width=\"328\">Sterilisationstemperatur:<\/td>\n<td width=\"309\">135\u00b0C f\u00fcr 15-20 Minuten<\/td>\n<\/tr>\n<tr>\n<td width=\"328\">Waschtemperatur:<\/td>\n<td width=\"309\">90\u00b0C, Bis zu 15 Min.<\/td>\n<\/tr>\n<tr>\n<td width=\"328\">Luftfeuchtigkeit\/Temperatur-Betrieb:<\/td>\n<td width=\"309\">-20 bis 110 \u00b0C, 8 bis 95%RH<\/td>\n<\/tr>\n<tr>\n<td width=\"328\">Luftfeuchtigkeit\/ Temperatur-Lagerung:<\/td>\n<td width=\"309\">-40 bis 110 \u00b0C, 8 bis 95%RH<\/td>\n<\/tr>\n<\/tbody>\n<\/table>\n<\/div>\n<div class=\"auto-hide-last-sibling-br paragraph_1252f paragraph-element\"><\/div>\n<\/div>\n<div class=\"auto-hide-last-sibling-br paragraph_1252f paragraph-element\">\n<div data-spm-anchor-id=\"a2700.details.0.i57.23b419c7xXORP0\"><span data-spm-anchor-id=\"a2700.details.0.i75.23b419c7xXORP0\"><b>Besonderheit:<\/b><br \/>\n1) UHF-Technologie zum gleichzeitigen Lesen von Hunderten von Tags.<br \/>\n2) Mehr als 2,44 m Leseabstand.<br \/>\n3) Neues mechanisches Design f\u00fcr verbesserte Leistung bei Flachw\u00e4sche.<br \/>\n4) Geeignet f\u00fcr Hochdrucksauger bis 60 bar.<br \/>\n5) Geeignet f\u00fcr die Sterilisation im Autoklav.<br \/>\n6) Kleines, weiches, flexibles Material, ideal f\u00fcr Textilien, Bettw\u00e4sche, Kleidungsst\u00fccke und Accessoires.<\/span><\/div>\n<\/div>\n<div data-spm-anchor-id=\"a2700.details.0.i57.23b419c7xXORP0\"><\/div>\n<div data-spm-anchor-id=\"a2700.details.0.i57.23b419c7xXORP0\">\n<div class=\"auto-hide-last-sibling-br paragraph_1252f paragraph-element\"><strong>Waschbare UHF-RFID-W\u00e4scheetiketten aus Stoff<\/strong> sind spezielle RFID-Tags, die speziell f\u00fcr Textilien entwickelt wurden, die strengen industriellen Waschverfahren, einschlie\u00dflich Sterilisation und B\u00fcgeln, unterzogen werden.<\/div>\n<p>&nbsp;<\/p>\n<div class=\"auto-hide-last-sibling-br paragraph_1252f paragraph-element\">Diese waschbaren UHF-RFID-W\u00e4scheetiketten aus Stoff und Textilien spielen eine entscheidende Rolle bei der effektiven Identifizierung, Verfolgung und Verwaltung von W\u00e4sche und Textilien. F\u00fcr Unternehmen, die einen kontinuierlichen Umlauf sauberer W\u00e4sche, Uniformen, Arbeitskleidung, medizinischer Kleidung oder Reinigungsartikel ben\u00f6tigen, k\u00f6nnen diese W\u00e4scheetiketten die Effizienz automatisierter Systeme erheblich steigern. Sie erm\u00f6glichen eine schnellere und pr\u00e4zisere Verfolgung einer betr\u00e4chtlichen Anzahl einzelner Artikel, verbessern die Bestandskontrolle und minimieren Verluste. Dies f\u00fchrt zu erheblichen Zeit- und Kosteneinsparungen sowie einer erh\u00f6hten Produktivit\u00e4t f\u00fcr solche Betriebe.<\/div>\n<\/div>\n<div data-spm-anchor-id=\"a2700.details.0.i57.23b419c7xXORP0\"><\/div>\n<div data-spm-anchor-id=\"a2700.details.0.i57.23b419c7xXORP0\">\n<p><img fetchpriority=\"high\" decoding=\"async\" class=\"wp-image-55\" src=\"https:\/\/rfid-laundry-tag.com\/wp-content\/uploads\/2024\/06\/4-300x275.png\" alt=\"RFID Tag for linen laundry\" width=\"605\" height=\"555\" srcset=\"https:\/\/rfid-laundry-tag.com\/wp-content\/uploads\/2024\/06\/4-300x275.png 300w, https:\/\/rfid-laundry-tag.com\/wp-content\/uploads\/2024\/06\/4-600x550.png 600w, https:\/\/rfid-laundry-tag.com\/wp-content\/uploads\/2024\/06\/4-13x12.png 13w, https:\/\/rfid-laundry-tag.com\/wp-content\/uploads\/2024\/06\/4.png 750w\" sizes=\"(max-width: 605px) 100vw, 605px\" \/><\/p>\n<\/div>\n<h3 class=\"wp-block-heading\">Installation<\/h3>\n<p><strong>Stichmarkierung<\/strong>: Zum Einn\u00e4hen in den Saum eines Textils. N\u00e4hen Sie das W\u00e4scheetikett abseits der Faltlinien.<br \/>\n<strong>Hei\u00dfsiegel<\/strong>: Wird bei +200 \u00b0C (392 \u00b0F) f\u00fcr 12\u201314 s direkt auf dem Textil hei\u00dfversiegelt.<br \/>\n<strong>Im Beutel<\/strong>: Wird wie ein normales Pflegeetikett aufgen\u00e4ht. N\u00e4hen Sie das W\u00e4scheetikett abseits der Faltlinien auf.<\/p>\n<div class=\"auto-hide-last-sibling-br paragraph_1252f paragraph-element\">\n<div class=\"auto-hide-last-sibling-br paragraph_1252f paragraph-element\">RFID-Textiletiketten f\u00fcr Uniformen in der W\u00e4scherei sind in einer Vielzahl von Branchen unverzichtbar, da sie eine effiziente Anlagenverfolgung, Bestandsverwaltung und Steigerung der allgemeinen Betriebseffizienz entscheidend vorantreiben. Hier ein Einblick in ihre Anwendung in verschiedenen Sektoren:<\/div>\n<div><\/div>\n<p style=\"font-weight: 400;\"><span style=\"font-style: inherit; font-weight: inherit;\" data-spm-anchor-id=\"a2700.details.0.i52.7e74253fSAfL7T\">Wie <\/span><b><strong style=\"font-style: inherit;\">STARK<\/strong><\/b><span style=\"font-style: inherit; font-weight: inherit;\"> sie sind ?<\/span><\/p>\n<p><b><strong>\u2460<\/strong><\/b>.Werden die RFID-Chips durch hohe Temperaturen besch\u00e4digt?<span style=\"font-style: inherit; font-weight: inherit;\"> \u2013<\/span><b><strong>\u2714 Unsere RFID-Textilw\u00e4scheetiketten sind f\u00fcr den Einsatz bei 200 \u00b0C ausgelegt<\/strong><\/b><span style=\"font-style: inherit; font-weight: inherit;\">.<\/span><\/p>\n<p style=\"font-weight: 400;\"><b><strong>\u2461<\/strong><\/b>Wie oft k\u00f6nnen wir die an Uniformtextilien angebrachten Etiketten waschen? <b><strong>\u2013\u2714Unser RFID-Textilw\u00e4scheetikett kann mit einer Garantie von 2 Jahren nach dem Versand mehr als 200 Mal gewaschen werden.<\/strong><\/b><\/p>\n<p style=\"font-weight: 400;\"><b><strong>\u2462<\/strong><\/b>Werden wir f\u00fcr die prestigetr\u00e4chtigen Uniformtextilien Geld ausgeben und weiterhin an der Verarbeitung von Chips arbeiten? <b><strong>\u2013\u2714Wir haben unser Textilw\u00e4scheetikett so konzipiert, dass es beim Pressen Ihrer Textilprodukte einem Druck von 60 Bar standh\u00e4lt.<\/strong><\/b><\/p>\n<p style=\"font-weight: 400;\"><b><strong>\u2463<\/strong><\/b>Wo platzieren Sie RFID-Textilw\u00e4scheetiketten auf Uniformtextilien? <b><strong>\u2013 \u2714RFID-Textilw\u00e4scheetiketten werden je nach Verf\u00fcgbarkeit der Uniformen angebracht.<\/strong><\/b><\/p>\n<p>&nbsp;<\/p>\n<\/div>\n<div class=\"auto-hide-last-sibling-br paragraph_1252f paragraph-element\"><\/div>","protected":false},"excerpt":{"rendered":"<p>Waschbare UHF-RFID-W\u00e4scheetiketten aus Stoff, hergestellt mit hochtechnologischer UHF-Technologie (860-960 MHz), entsprechen internationalen Standards wie EPC Class1 Gen2 und ISO 18000. Diese UHF-Textilw\u00e4scheetiketten aus Leinen bieten Flexibilit\u00e4t und Robustheit und halten mehr als 200 Waschzyklen und einem Druck von bis zu 60 Bar stand. Das herausragende Merkmal der UHF-RFID-W\u00e4scheetiketten aus Stoff ist ihre F\u00e4higkeit, Massenlesungen aus wenigen Metern Entfernung zu erm\u00f6glichen, was sie zu einem hocheffizienten Werkzeug f\u00fcr das W\u00e4schemanagement macht.<\/p>","protected":false},"featured_media":158,"template":"","meta":{"_kad_post_transparent":"default","_kad_post_title":"","_kad_post_layout":"default","_kad_post_sidebar_id":"","_kad_post_content_style":"default","_kad_post_vertical_padding":"default","_kad_post_feature":"","_kad_post_feature_position":"","_kad_post_header":false,"_kad_post_footer":false,"_kad_post_classname":""},"product_brand":[],"product_cat":[19,16],"product_tag":[31,65,30,73],"class_list":{"0":"post-157","1":"product","2":"type-product","3":"status-publish","4":"has-post-thumbnail","6":"product_cat-textile-rfid-laundry-tag","7":"product_cat-uhf-rfid-laundry-tags","8":"product_tag-rfid-tag-for-linen-laundry","9":"product_tag-textile-rfid-laundry-tags","10":"product_tag-uhf-rfid-laundry-tag","11":"product_tag-uhf-washable-rfid-fabric-laundry-tags","13":"first","14":"instock","15":"featured","16":"shipping-taxable","17":"product-type-simple","18":"entry","19":"content-bg","20":"loop-entry"},"_links":{"self":[{"href":"https:\/\/rfid-laundry-tag.com\/de\/wp-json\/wp\/v2\/product\/157","targetHints":{"allow":["GET"]}}],"collection":[{"href":"https:\/\/rfid-laundry-tag.com\/de\/wp-json\/wp\/v2\/product"}],"about":[{"href":"https:\/\/rfid-laundry-tag.com\/de\/wp-json\/wp\/v2\/types\/product"}],"version-history":[{"count":1,"href":"https:\/\/rfid-laundry-tag.com\/de\/wp-json\/wp\/v2\/product\/157\/revisions"}],"predecessor-version":[{"id":1920,"href":"https:\/\/rfid-laundry-tag.com\/de\/wp-json\/wp\/v2\/product\/157\/revisions\/1920"}],"wp:featuredmedia":[{"embeddable":true,"href":"https:\/\/rfid-laundry-tag.com\/de\/wp-json\/wp\/v2\/media\/158"}],"wp:attachment":[{"href":"https:\/\/rfid-laundry-tag.com\/de\/wp-json\/wp\/v2\/media?parent=157"}],"wp:term":[{"taxonomy":"product_brand","embeddable":true,"href":"https:\/\/rfid-laundry-tag.com\/de\/wp-json\/wp\/v2\/product_brand?post=157"},{"taxonomy":"product_cat","embeddable":true,"href":"https:\/\/rfid-laundry-tag.com\/de\/wp-json\/wp\/v2\/product_cat?post=157"},{"taxonomy":"product_tag","embeddable":true,"href":"https:\/\/rfid-laundry-tag.com\/de\/wp-json\/wp\/v2\/product_tag?post=157"}],"curies":[{"name":"wp","href":"https:\/\/api.w.org\/{rel}","templated":true}]}}