{"id":151,"date":"2024-06-14T13:40:01","date_gmt":"2024-06-14T13:40:01","guid":{"rendered":"https:\/\/rfid-laundry-tag.com\/?post_type=product&#038;p=151"},"modified":"2024-06-14T15:08:09","modified_gmt":"2024-06-14T15:08:09","slug":"waterproof-washing-rfid-button-tag","status":"publish","type":"product","link":"https:\/\/rfid-laundry-tag.com\/de\/waterproof-washing-rfid-button-tag\/","title":{"rendered":"Wasserdichter, waschbarer RFID-Knopfanh\u00e4nger"},"content":{"rendered":"<div class=\"J_module\">\n<div class=\"ife-detail-decorate-table\">\n<table class=\"has-title all magic-6\">\n<tbody>\n<tr>\n<td colspan=\"1\" rowspan=\"1\">\n<div class=\"magic-7\" data-spm-anchor-id=\"a2700.details.0.i45.77607d98vZbcDU\"><span class=\"magic-8\" style=\"color: #363535;\">Artikelname<\/span><\/div>\n<\/td>\n<td colspan=\"1\" rowspan=\"1\">\n<div class=\"magic-9\"><span class=\"magic-8\">Wasserdichter, waschbarer RFID-Knopfanh\u00e4nger<\/span><\/div>\n<\/td>\n<\/tr>\n<tr>\n<td colspan=\"1\" rowspan=\"1\">\n<div class=\"magic-7\"><span class=\"magic-10\" data-spm-anchor-id=\"a2700.pc-decorate.0.i10.28d333330XLbTD\"><span class=\"magic-8\">Material<\/span><\/span><\/div>\n<\/td>\n<td colspan=\"1\" rowspan=\"1\">\n<div class=\"magic-9\"><span class=\"magic-8\">PPS<\/span><\/div>\n<\/td>\n<\/tr>\n<tr>\n<td colspan=\"1\" rowspan=\"1\">\n<div class=\"magic-7\"><span class=\"magic-8\">Farbe<\/span><\/div>\n<\/td>\n<td colspan=\"1\" rowspan=\"1\">\n<div class=\"magic-9\"><span class=\"magic-8\">Schwarz<\/span><\/div>\n<\/td>\n<\/tr>\n<tr>\n<td colspan=\"1\" rowspan=\"1\">Mindestbestellmenge<\/td>\n<td colspan=\"1\" rowspan=\"1\">500 St\u00fcck<\/td>\n<\/tr>\n<tr>\n<td colspan=\"1\" rowspan=\"1\">\n<div class=\"magic-7\"><span class=\"magic-8\">Hersteller\/Chip<\/span><\/div>\n<\/td>\n<td colspan=\"1\" rowspan=\"1\">\n<div class=\"magic-9\"><span class=\"magic-8\">NXP UCODE 8, UCODE 9\/NTAG213, Mifare 1k\/EM4200, EM4305, T5577.TK4100 usw<\/span><\/div>\n<\/td>\n<\/tr>\n<tr>\n<td colspan=\"1\" rowspan=\"1\">\n<div class=\"magic-7\"><span class=\"magic-8\">Frequenz<\/span><\/div>\n<\/td>\n<td colspan=\"1\" rowspan=\"1\">\n<div class=\"magic-9\"><span class=\"magic-8\">860-960 MHz\/13,56 MHz\/125 kHz<\/span><\/div>\n<\/td>\n<\/tr>\n<tr>\n<td colspan=\"1\" rowspan=\"1\">\n<div class=\"magic-7\"><span class=\"magic-8\">Erinnerung<\/span><\/div>\n<\/td>\n<td colspan=\"1\" rowspan=\"1\">\n<div class=\"magic-9\"><span class=\"magic-8\">96 Bit\/128 Bit\/144 Byte<\/span><\/div>\n<\/td>\n<\/tr>\n<tr>\n<td colspan=\"1\" rowspan=\"1\">\n<div class=\"magic-7\"><span class=\"magic-8\">Lesedistanz<\/span><\/div>\n<\/td>\n<td colspan=\"1\" rowspan=\"1\">\n<div class=\"magic-9\"><span class=\"magic-8\">1\u20136 m\/1\u20135 cm\/1\u20132 cm<\/span><\/div>\n<\/td>\n<\/tr>\n<tr>\n<td colspan=\"1\" rowspan=\"1\">\n<div class=\"magic-7\"><span class=\"magic-8\">Arbeitsmodus<\/span><\/div>\n<\/td>\n<td colspan=\"1\" rowspan=\"1\">\n<div class=\"magic-9\"><span class=\"magic-8\">passiv<\/span><\/div>\n<\/td>\n<\/tr>\n<tr>\n<td colspan=\"1\" rowspan=\"1\">\n<div class=\"magic-7\"><span class=\"magic-8\">Arbeitstemperatur<\/span><\/div>\n<\/td>\n<td colspan=\"1\" rowspan=\"1\">\n<div class=\"magic-9\"><span class=\"magic-8\">-25\u2103~+110\u2103<\/span><\/div>\n<\/td>\n<\/tr>\n<tr>\n<td colspan=\"1\" rowspan=\"1\">\n<div class=\"magic-7\"><span class=\"magic-8\">Lagertemperatur<\/span><\/div>\n<\/td>\n<td colspan=\"1\" rowspan=\"1\">\n<div class=\"magic-9\"><span class=\"magic-8\">-40\u2103~+85\u2103<\/span><\/div>\n<\/td>\n<\/tr>\n<tr>\n<td colspan=\"1\" rowspan=\"1\">\n<div class=\"magic-7\">\n<div><span class=\"magic-8\">\u00a0<\/span><\/div>\n<p><span class=\"magic-8\">Kurzzeittemperaturbest\u00e4ndigkeit<\/span><\/p>\n<\/div>\n<\/td>\n<td colspan=\"1\" rowspan=\"1\">\n<div class=\"magic-9\"><span class=\"magic-8\">Waschen: 90 \u00b0C, 15 Minuten; Konverter-Vortrocknen: 180 \u00b0C, 30 Minuten, 200 Mal; B\u00fcgeln: 180 \u00b0C, 10 Sekunden, 200 Mal; hoch<br \/>\nTemperatursterilisation: 135\u2103, 20 Minuten<\/span><\/div>\n<\/td>\n<\/tr>\n<tr>\n<td colspan=\"1\" rowspan=\"1\">\n<div class=\"magic-7\"><span class=\"magic-8\">Merkmale<\/span><\/div>\n<\/td>\n<td colspan=\"1\" rowspan=\"1\">\n<div class=\"magic-9\"><span class=\"magic-8\">wasserdicht, waschbar, hochtemperaturbest\u00e4ndig<\/span><\/div>\n<\/td>\n<\/tr>\n<tr>\n<td colspan=\"1\" rowspan=\"1\">\n<div class=\"magic-7\"><span class=\"magic-8\">Leben<\/span><\/div>\n<\/td>\n<td colspan=\"1\" rowspan=\"1\">\n<div class=\"magic-9\"><span class=\"magic-8\">200 mal waschen oder 3 Jahre<\/span><\/div>\n<\/td>\n<\/tr>\n<tr>\n<td colspan=\"1\" rowspan=\"1\">\n<div class=\"magic-7\"><span class=\"magic-8\">Anwendungen<\/span><\/div>\n<\/td>\n<td colspan=\"1\" rowspan=\"1\">\n<div class=\"magic-9\"><span class=\"magic-8\">W\u00e4schemanagement und -verfolgung<\/span><\/div>\n<\/td>\n<\/tr>\n<\/tbody>\n<\/table>\n<\/div>\n<\/div>\n<div class=\"J_module\">\n<div class=\"detail-decorate-json-renderer-container\">\n<div class=\"magic-1\">\n<div class=\"magic-2\">\n<div><\/div>\n<div><strong>Die UHF-RFID-PPS-Button-W\u00e4scheetiketten<\/strong> sind winzige, federleichte RFID-Indikatoren, die speziell f\u00fcr die W\u00e4scheverfolgung entwickelt wurden. Das Design dieser Tags macht sie f\u00fcr die Befestigung an Kleidung und verschiedenen Textilien geeignet. Sie k\u00f6nnen von UHF-RFID-Scannern aus mehreren Metern Entfernung erkannt werden. Normalerweise werden diese Kennungen an Kleidungsst\u00fccken wie Socken, Hemden und Handt\u00fcchern angebracht. Sie dienen als kosteng\u00fcnstige und effiziente Methode, um die Bewegung dieser Gegenst\u00e4nde innerhalb einer W\u00e4scherei zu \u00fcberwachen und so die Anzahl verlorener oder verlegter Kleidungsst\u00fccke zu minimieren. Der einzigartige Knopfstil dieser Tags erm\u00f6glicht es, sie m\u00fchelos an Kleidungsst\u00fccken zu befestigen. Ein solches System revolutioniert die traditionelle W\u00e4scheverfolgung und ist ein Vorteil bei der Verwaltung gro\u00dfer Mengen an W\u00e4sche und Textilien in institutionellen Umgebungen, verbessert die Effizienz und reduziert Verluste.<\/div>\n<div><\/div>\n<\/div>\n<p><strong>Chip-Optionen:<\/strong><\/p>\n<ul>\n<li><strong>NXP UCODE 8\/9:<\/strong>\u00a0Kosteng\u00fcnstige Chips, ideal f\u00fcr grundlegendes Tracking und Identifizierung, mit einer Lesereichweite von bis zu 10 Metern.<\/li>\n<li><strong>NTAG213:<\/strong>\u00a0NFC-f\u00e4higer Chip, der die Kommunikation mit Smartphones und anderen NFC-Ger\u00e4ten erm\u00f6glicht, perfekt f\u00fcr Anwendungen wie kontaktlose Zahlungen oder den Zugriff auf Produktinformationen.<\/li>\n<li><strong>Mifare 1k:<\/strong>\u00a0Sicherer Chip mit starken Verschl\u00fcsselungs- und Authentifizierungsfunktionen, geeignet f\u00fcr Zugangskontrolle und sichere Datenspeicherung.<\/li>\n<li><strong>EM4305:<\/strong>\u00a0Kosteng\u00fcnstiger Chip f\u00fcr grundlegende Zutrittskontrollanwendungen mit einer Lesereichweite von bis zu 1 Meter.<\/li>\n<li><strong>T5577:<\/strong>\u00a0Ein weiterer kosteng\u00fcnstiger Chip f\u00fcr Zugangskontroll- und Ticketsysteme, der eine Lesereichweite von bis zu 1 Meter bietet.<\/li>\n<\/ul>\n<div class=\"magic-2\">\n<div class=\"auto-hide-last-sibling-br paragraph_1252f paragraph-element\">\n<div class=\"auto-hide-last-sibling-br paragraph_1252f paragraph-element\"><strong>Anwendungen:<\/strong><\/div>\n<ol class=\"auto-hide-last-sibling-br\">\n<li>\n<div class=\"auto-hide-last-sibling-br paragraph_1252f paragraph-element\">Industrielle W\u00e4schereien: In einer industriellen Umgebung wird die Verfolgung gro\u00dfer W\u00e4schemengen mit unseren RFID-W\u00e4scheetikettenkn\u00f6pfen zum Kinderspiel.<\/div>\n<\/li>\n<li>\n<div class=\"auto-hide-last-sibling-br paragraph_1252f paragraph-element\">Gesundheitseinrichtungen und Hotels: Institutionen wie diese f\u00fchren h\u00e4ufig zu W\u00e4schereibetrieben mit hohem Volumen, bei dem unsere Etiketten die Effizienz kontinuierlich steigern und die Bestandsverwaltung optimieren.<\/div>\n<\/li>\n<li>\n<div class=\"auto-hide-last-sibling-br paragraph_1252f paragraph-element\">W\u00e4scheverleih: Unternehmen im W\u00e4scheverleihsektor nutzen diese Etiketten, um die Bestandsverwaltung zu vereinfachen und die Qualit\u00e4tskontrolle aufrechtzuerhalten.<\/div>\n<\/li>\n<\/ol>\n<div class=\"auto-hide-last-sibling-br paragraph_1252f paragraph-element\">\n<p>&nbsp;<\/p>\n<\/div>\n<\/div>\n<div class=\"auto-hide-last-sibling-br paragraph_1252f paragraph-element\"><\/div>\n<\/div>\n<\/div>\n<\/div>\n<\/div>","protected":false},"excerpt":{"rendered":"<p>Der wasserdichte RFID-Knopfanh\u00e4nger zum Waschen, allgemein als waschbare PPS-RFID-W\u00e4scheanh\u00e4nger bezeichnet, ist ein speziell angefertigtes, robustes Ger\u00e4t, das speziell f\u00fcr Anwendungen entwickelt wurde, die Anh\u00e4nger erfordern, die schwierigen Bedingungen standhalten. W\u00e4hrend UHF-W\u00e4schetransponder auf dem heutigen Markt weit verbreitet sind, erfordern bestimmte Szenarien RFID-Knopfanh\u00e4nger, die f\u00fcr mobile Apps geeignet sind. RFID-W\u00e4schetransponder im Knopfstil erf\u00fcllen diese Anforderungen effizient. Ihre Anpassungsf\u00e4higkeit und erstklassige Leistung bieten erhebliche Vorteile bei der Verfolgung und Identifizierung industrieller W\u00e4sche und Textilien in mehreren Branchen.<\/p>","protected":false},"featured_media":154,"template":"","meta":{"_kad_post_transparent":"default","_kad_post_title":"","_kad_post_layout":"default","_kad_post_sidebar_id":"","_kad_post_content_style":"default","_kad_post_vertical_padding":"default","_kad_post_feature":"","_kad_post_feature_position":"","_kad_post_header":false,"_kad_post_footer":false,"_kad_post_classname":""},"product_brand":[],"product_cat":[21,18,17,16],"product_tag":[43,35,50,44],"class_list":{"0":"post-151","1":"product","2":"type-product","3":"status-publish","4":"has-post-thumbnail","6":"product_cat-pps-rfid-laundry-tag","7":"product_cat-125khz-rfid-laundry-tag","8":"product_cat-nfc-rfid-laundry-tag","9":"product_cat-uhf-rfid-laundry-tags","10":"product_tag-pps-rfid-washable-laundry-tags","11":"product_tag-rfid-button","12":"product_tag-rfid-laundry-tag-pps","13":"product_tag-rfid-washable-laundry-tags","15":"first","16":"instock","17":"shipping-taxable","18":"product-type-simple","19":"entry","20":"content-bg","21":"loop-entry"},"_links":{"self":[{"href":"https:\/\/rfid-laundry-tag.com\/de\/wp-json\/wp\/v2\/product\/151","targetHints":{"allow":["GET"]}}],"collection":[{"href":"https:\/\/rfid-laundry-tag.com\/de\/wp-json\/wp\/v2\/product"}],"about":[{"href":"https:\/\/rfid-laundry-tag.com\/de\/wp-json\/wp\/v2\/types\/product"}],"version-history":[{"count":0,"href":"https:\/\/rfid-laundry-tag.com\/de\/wp-json\/wp\/v2\/product\/151\/revisions"}],"wp:featuredmedia":[{"embeddable":true,"href":"https:\/\/rfid-laundry-tag.com\/de\/wp-json\/wp\/v2\/media\/154"}],"wp:attachment":[{"href":"https:\/\/rfid-laundry-tag.com\/de\/wp-json\/wp\/v2\/media?parent=151"}],"wp:term":[{"taxonomy":"product_brand","embeddable":true,"href":"https:\/\/rfid-laundry-tag.com\/de\/wp-json\/wp\/v2\/product_brand?post=151"},{"taxonomy":"product_cat","embeddable":true,"href":"https:\/\/rfid-laundry-tag.com\/de\/wp-json\/wp\/v2\/product_cat?post=151"},{"taxonomy":"product_tag","embeddable":true,"href":"https:\/\/rfid-laundry-tag.com\/de\/wp-json\/wp\/v2\/product_tag?post=151"}],"curies":[{"name":"wp","href":"https:\/\/api.w.org\/{rel}","templated":true}]}}