{"id":143,"date":"2024-06-14T09:55:34","date_gmt":"2024-06-14T09:55:34","guid":{"rendered":"https:\/\/rfid-laundry-tag.com\/?post_type=product&#038;p=143"},"modified":"2024-09-26T04:10:00","modified_gmt":"2024-09-26T04:10:00","slug":"textile-rfid-tags-for-laundry","status":"publish","type":"product","link":"https:\/\/rfid-laundry-tag.com\/de\/textile-rfid-tags-for-laundry\/","title":{"rendered":"Textile RFID-Tags f\u00fcr W\u00e4sche"},"content":{"rendered":"<div>\n<div class=\"auto-hide-last-sibling-br paragraph_1252f paragraph-element\">\n<h1>Textile RFID-Tags f\u00fcr W\u00e4sche<\/h1>\n<table width=\"593\">\n<tbody>\n<tr>\n<td width=\"233\">RF Air-Protokoll<\/td>\n<td colspan=\"4\" width=\"360\">EPC Global Klasse 1 Gen2 ISO18000-6C<\/td>\n<\/tr>\n<tr>\n<td width=\"233\">Betriebsfrequenz<\/td>\n<td colspan=\"4\" width=\"360\">UHF 866\u2013868 MHz (ETSI) \/UHF 902\u2013928 MHz (FCC)<\/td>\n<\/tr>\n<tr>\n<td width=\"233\">Umweltvertr\u00e4glichkeit<\/td>\n<td colspan=\"4\" width=\"360\">Optimiert in Luft<\/td>\n<\/tr>\n<tr>\n<td width=\"233\">Aufbewahrungsdauer der Daten<\/td>\n<td colspan=\"4\" width=\"360\">50 Jahre<\/td>\n<\/tr>\n<tr>\n<td width=\"233\">Lesebereich<\/td>\n<td colspan=\"4\" width=\"360\">Bis zu 5,5 m (ab Metall)<\/td>\n<\/tr>\n<tr>\n<td width=\"233\">Polarisation<\/td>\n<td colspan=\"4\" width=\"360\">Linear<\/td>\n<\/tr>\n<tr>\n<td width=\"233\">IC-Typ<\/td>\n<td colspan=\"4\" width=\"360\">NXP U CODE 8, U CODE 9 usw.<\/td>\n<\/tr>\n<tr>\n<td width=\"233\">Speicherkonfiguration<\/td>\n<td colspan=\"4\" width=\"360\">EPC 128bit TID 96bit Benutzer 32bit<\/td>\n<\/tr>\n<tr>\n<td colspan=\"5\" width=\"593\">Mechanische Spezifikationen<\/td>\n<\/tr>\n<tr>\n<td width=\"233\">Oberfl\u00e4chenmaterialien<\/td>\n<td colspan=\"4\" width=\"360\">Textil<\/td>\n<\/tr>\n<tr>\n<td width=\"233\">Gr\u00f6\u00dfe (mm)<\/td>\n<td colspan=\"4\" width=\"360\">15*70*1,5 mm<\/td>\n<\/tr>\n<tr>\n<td width=\"233\">Gewicht (g)<\/td>\n<td colspan=\"4\" width=\"360\">0,7 g<\/td>\n<\/tr>\n<tr>\n<td rowspan=\"2\" width=\"233\">Anhang<\/td>\n<td colspan=\"4\" width=\"360\">Saum oder Webetikett einn\u00e4hen<\/td>\n<\/tr>\n<tr>\n<td colspan=\"4\" width=\"360\">Hei\u00dfsiegeln bei 215\u2103@15 Sek. und 4 Bar<\/td>\n<\/tr>\n<tr>\n<td width=\"233\">Farbe<\/td>\n<td colspan=\"4\" width=\"360\">Wei\u00df<\/td>\n<\/tr>\n<tr>\n<td colspan=\"5\" width=\"593\">Umweltspezifikationen<\/td>\n<\/tr>\n<tr>\n<td width=\"233\">Betriebstemperatur<\/td>\n<td colspan=\"4\" width=\"360\">-30\u00b0C bis +85\u00b0C<\/td>\n<\/tr>\n<tr>\n<td width=\"233\">Umgebungstemperatur<\/td>\n<td colspan=\"4\" width=\"360\">-30\u00b0C bis +100\u00b0C<\/td>\n<\/tr>\n<tr>\n<td width=\"233\">Mechanische Best\u00e4ndigkeit<\/td>\n<td colspan=\"4\" width=\"360\">60 Riegel<\/td>\n<\/tr>\n<tr>\n<td width=\"233\">Chemische Resistenz<\/td>\n<td colspan=\"4\" width=\"360\">Normale \u00fcbliche Chemikalien in den Waschprozessen<\/td>\n<\/tr>\n<tr>\n<td rowspan=\"4\" width=\"233\">Hitzebest\u00e4ndigkeit<\/td>\n<td colspan=\"4\" width=\"360\">Waschen: 90 \u00b0C, 15 Min., 200 Zyklen<\/td>\n<\/tr>\n<tr>\n<td colspan=\"4\" width=\"360\">Vortrocknen: 180\u2103, 30 Min.<\/td>\n<\/tr>\n<tr>\n<td colspan=\"4\" width=\"360\">B\u00fcgeln: 180\u2103, 10 Sek., 200 Zyklen<\/td>\n<\/tr>\n<tr>\n<td colspan=\"4\" width=\"360\">Sterilisation: 135\u2103, 20 Minuten<\/td>\n<\/tr>\n<tr>\n<td width=\"233\">IP Klassifizierung<\/td>\n<td colspan=\"4\" width=\"360\">IP68<\/td>\n<\/tr>\n<tr>\n<td width=\"233\">Garantie<\/td>\n<td colspan=\"4\" width=\"360\">2 Jahre oder 200 Waschvorg\u00e4nge<\/td>\n<\/tr>\n<\/tbody>\n<\/table>\n<\/div>\n<\/div>\n<div>\n<div>\n<h2>Vorteile von UHF-RFID-W\u00e4scheetiketten<\/h2>\n<p>Investieren in\u00a0<strong>UHF-RFID-W\u00e4scheetiketten<\/strong>\u00a0ist eine kluge Entscheidung f\u00fcr jeden W\u00e4schereibetrieb, der seine Produktivit\u00e4t und Genauigkeit steigern m\u00f6chte. Hier sind einige \u00fcberzeugende Vorteile:<\/p>\n<ul>\n<li><strong>Verbessertes Tracking<\/strong>: Mit der RFID-Technologie k\u00f6nnen Sie jedes W\u00e4schest\u00fcck auf seinem Weg vom Waschen bis zur Auslieferung verfolgen. So wird sichergestellt, dass keine W\u00e4schest\u00fccke verloren gehen.<\/li>\n<li><strong>Haltbarkeit<\/strong>: Unsere Etiketten sind so konzipiert, dass sie hohen Temperaturen, mehreren W\u00e4schen und sogar den Strapazen industrieller W\u00e4schereien standhalten und sind daher ideal f\u00fcr den Langzeitgebrauch.<\/li>\n<li><strong>Kosteneffizient<\/strong>: Durch die Reduzierung von Verlusten und die Verbesserung der Bestandsverwaltung erm\u00f6glichen RFID-W\u00e4scheetiketten letztendlich erhebliche Kosteneinsparungen.<\/li>\n<\/ul>\n<h2>Hauptmerkmale von UHF-RFID-W\u00e4scheetiketten<\/h2>\n<h3>1.\u00a0<strong>Waschbares Design f\u00fcr Langlebigkeit<\/strong><\/h3>\n<p>Unser\u00a0<strong>RFID-W\u00e4scheetiketten aus Stoff<\/strong>\u00a0sind so konstruiert, dass sie mehr als 200 Waschzyklen \u00fcberstehen, was Zuverl\u00e4ssigkeit und Haltbarkeit gew\u00e4hrleistet. Diese Etiketten sind speziell daf\u00fcr ausgelegt, extremen Waschbedingungen standzuhalten, ohne an Leistung einzub\u00fc\u00dfen. Sie k\u00f6nnen sogar hohen Temperaturen standhalten, ohne ihre Tracking-F\u00e4higkeiten zu verlieren, was sie perfekt f\u00fcr jede gewerbliche W\u00e4scherei macht.<\/p>\n<h3>2.\u00a0<strong>Vielseitige Anwendungsm\u00f6glichkeiten<\/strong><\/h3>\n<p>Diese\u00a0<strong>Textile RFID-Tags<\/strong>\u00a0sind vielseitig und k\u00f6nnen f\u00fcr verschiedene Anwendungen eingesetzt werden \u2013 von der Verfolgung von Kleidungsst\u00fccken in Hotels bis zur Verwaltung von W\u00e4sche in Gesundheitseinrichtungen. Dank ihres robusten Designs k\u00f6nnen sie in unterschiedlichen W\u00e4scheumgebungen eingesetzt werden und gew\u00e4hrleisten gleichzeitig eine gleichbleibende Leistung.<\/p>\n<h3>3.\u00a0<strong>Einfache Integration<\/strong><\/h3>\n<p>Integrieren\u00a0<strong>UHF-RFID-W\u00e4scheetiketten<\/strong>\u00a0in Ihre vorhandenen Trackingsysteme ist unkompliziert. Die Tags k\u00f6nnen nahtlos mit RFID-Leseger\u00e4ten verwendet werden und bieten Echtzeiteinblick in Ihren W\u00e4schebestand. Dies bedeutet optimierte Prozesse, verbesserte Genauigkeit und besseres Asset-Management, ideal f\u00fcr die Verwaltung gro\u00dfer Mengen an Textilartikeln.<\/p>\n<h3>4.\u00a0<strong>Wasser- und temperaturbest\u00e4ndig<\/strong><\/h3>\n<p>Diese Etiketten sind wasserdicht und hitzebest\u00e4ndig und wurden f\u00fcr die harten Bedingungen in industriellen W\u00e4schereien entwickelt. Diese Haltbarkeit gew\u00e4hrleistet eine lange Lebensdauer und erm\u00f6glicht es ihnen, ihre Funktionalit\u00e4t auch nach zahlreichen aggressiven Wasch- und Trockenzyklen, die in gewerblichen W\u00e4schereien \u00fcblich sind, beizubehalten.<\/p>\n<h3>5.\u00a0<strong>Pr\u00e4zises Bestandsmanagement<\/strong><\/h3>\n<p>Mit\u00a0<strong>RFID-W\u00e4scheverfolgung<\/strong>wird die Verwaltung Ihres Inventars zum Kinderspiel. Jedes Etikett enth\u00e4lt eine eindeutige Kennung, die eine automatische Verfolgung jedes W\u00e4schest\u00fccks erm\u00f6glicht und den manuellen Check-in-\/Check-out-Prozess \u00fcberfl\u00fcssig macht. Diese Funktion steigert die Effizienz und stellt sicher, dass Sie immer wissen, wo sich Ihre Verm\u00f6genswerte befinden.<\/p>\n<h3>6.\u00a0<strong>Umweltauswirkungen<\/strong><\/h3>\n<p>Wir f\u00f6rdern einen nachhaltigen Ansatz und\u00a0<strong>waschbare RFID-Tags<\/strong>\u00a0sind umweltfreundlich gestaltet. Sie sind wiederverwendbar und bestehen aus Materialien, die im Vergleich zu Einwegetiketten weniger Abfall verursachen. Dieser Nachhaltigkeitsaspekt ist von entscheidender Bedeutung, da Unternehmen der Umweltverantwortung zunehmend Priorit\u00e4t einr\u00e4umen.<\/p>\n<\/div>\n<div><\/div>\n<div>\n<h2>Gebrauchsanweisung<\/h2>\n<ol>\n<li><strong>Vorbereitung<\/strong>: Bevor Sie die Etiketten auf Ihren Textilien anbringen, stellen Sie sicher, dass die Oberfl\u00e4che sauber und trocken ist.<\/li>\n<li><strong>Anwendung<\/strong>: Etiketten k\u00f6nnen je nach Bedarf in das Kleidungsst\u00fcck eingen\u00e4ht oder auf die W\u00e4sche geklebt werden.<\/li>\n<li><strong>Initialisierung<\/strong>: Programmieren Sie jedes Etikett mit einem RFID-Leseger\u00e4t, um jedem W\u00e4schest\u00fcck eine eindeutige Kennung zuzuweisen.<\/li>\n<li><strong>Sendungsverfolgung<\/strong>: Verwenden Sie ein RFID-Leseger\u00e4t, um W\u00e4schest\u00fccke w\u00e4hrend des Wasch- und Lieferzyklus nahtlos zu \u00fcberwachen und zu verfolgen.<\/li>\n<\/ol>\n<\/div>\n<div><\/div>\n<div class=\"auto-hide-last-sibling-br paragraph_1252f paragraph-element\"><strong>Textile RFID-Tags f\u00fcr W\u00e4sche<\/strong> dienen als n\u00fctzliches Werkzeug f\u00fcr Einrichtungen, die eine kontinuierliche Versorgung mit sauberer W\u00e4sche, Arbeitsuniformen, medizinischer Ausr\u00fcstung oder Reinigungsmaterialien ben\u00f6tigen, da die automatisierten Systeme gro\u00dfe Mengen einzelner Artikel schnell und pr\u00e4zise handhaben k\u00f6nnen.<\/div>\n<p>&nbsp;<\/p>\n<\/div>\n<div>\n<div class=\"auto-hide-last-sibling-br paragraph_1252f paragraph-element\"><strong>RFID-Textiletiketten<\/strong> Funktioniert \u00fcber ein spezielles Verfahren. Jedes Etikett ist mit einem RFID-Chip ausgestattet, der wichtige Details \u00fcber das Produkt enth\u00e4lt, wie etwa Herstellungsdetails, eindeutige Kennung, Herkunft, Materialzusammensetzung usw.<\/div>\n<div class=\"auto-hide-last-sibling-br paragraph_1252f paragraph-element\">Der Mechanismus zum Extrahieren dieser eingebetteten Informationen umfasst ein Tool, das als RFID-Sender oder h\u00e4ufiger als Leseger\u00e4t bezeichnet wird. Dieses Ger\u00e4t \u00fcbertr\u00e4gt Hochfrequenzwellen, die eine Verbindung mit dem RFID-Chip herstellen, der sich im Etikett befindet. Diese Interaktion erm\u00f6glicht es dem Leseger\u00e4t, auf die auf dem Chip gesicherten Daten zuzugreifen.<\/div>\n<\/div>\n<div><\/div>\n<div><\/div>\n<div>\n<div class=\"auto-hide-last-sibling-br paragraph_1252f paragraph-element\"><span style=\"font-family: inherit; font-size: 24px; font-weight: bold;\">Installation<\/span><\/div>\n<\/div>\n<p><strong>Stichmarkierung<\/strong>: Zum Einn\u00e4hen in den Saum eines Textils. N\u00e4hen Sie das W\u00e4scheetikett abseits der Faltlinien.<br \/>\n<strong>Hei\u00dfsiegel<\/strong>: Wird bei +200 \u00b0C (392 \u00b0F) f\u00fcr 12\u201314 s direkt auf dem Textil hei\u00dfversiegelt.<br \/>\n<strong>Im Beutel<\/strong>: Wird wie ein normales Pflegeetikett aufgen\u00e4ht. N\u00e4hen Sie das W\u00e4scheetikett abseits der Faltlinien auf.<\/p>\n<div class=\"auto-hide-last-sibling-br paragraph_1252f paragraph-element\">\n<div class=\"auto-hide-last-sibling-br paragraph_1252f paragraph-element\"><\/div>\n<p style=\"font-weight: 400;\"><span style=\"font-style: inherit; font-weight: inherit;\" data-spm-anchor-id=\"a2700.details.0.i52.7e74253fSAfL7T\">Wie <\/span><b><strong style=\"font-style: inherit;\">STARK<\/strong><\/b><span style=\"font-style: inherit; font-weight: inherit;\"> sie sind ?<\/span><\/p>\n<p><b><strong>\u2460<\/strong><\/b>.Werden die RFID-Chips durch hohe Temperaturen besch\u00e4digt?<span style=\"font-style: inherit; font-weight: inherit;\"> \u2013<\/span><b><strong>\u2714 Unsere RFID-Textilw\u00e4scheetiketten sind f\u00fcr den Einsatz bei 200 \u00b0C ausgelegt<\/strong><\/b><span style=\"font-style: inherit; font-weight: inherit;\">.<\/span><\/p>\n<p style=\"font-weight: 400;\"><b><strong>\u2461<\/strong><\/b>Wie oft k\u00f6nnen wir die an Uniformtextilien angebrachten Etiketten waschen? <b><strong>\u2013\u2714Unser RFID-Textilw\u00e4scheetikett kann mit einer Garantie von 2 Jahren nach dem Versand mehr als 200 Mal gewaschen werden.<\/strong><\/b><\/p>\n<p style=\"font-weight: 400;\"><b><strong>\u2462<\/strong><\/b>Werden wir f\u00fcr die prestigetr\u00e4chtigen Uniformtextilien Geld ausgeben und weiterhin an der Verarbeitung von Chips arbeiten? <b><strong>\u2013\u2714Wir haben unser Textilw\u00e4scheetikett so konzipiert, dass es beim Pressen Ihrer Textilprodukte einem Druck von 60 Bar standh\u00e4lt.<\/strong><\/b><\/p>\n<p style=\"font-weight: 400;\"><b><strong>\u2463<\/strong><\/b>Wo platzieren Sie RFID-Textilw\u00e4scheetiketten auf Uniformtextilien? <b><strong>\u2013 \u2714RFID-Textilw\u00e4scheetiketten werden je nach Verf\u00fcgbarkeit der Uniformen angebracht.<\/strong><\/b><\/p>\n<h2>H\u00e4ufig gestellte Fragen (FAQs)<\/h2>\n<h3>1.\u00a0<strong>Sind die RFID-W\u00e4scheetiketten wirklich waschbar?<\/strong><\/h3>\n<p>Ja, unsere RFID-W\u00e4scheetiketten sind so konzipiert, dass sie \u00fcber 200 Waschzyklen \u00fcberstehen und dabei ihre Leistung beibehalten.<\/p>\n<h3>2.\u00a0<strong>K\u00f6nnen diese Tags in Umgebungen mit hohen Temperaturen verwendet werden?<\/strong><\/h3>\n<p>Auf jeden Fall! Unsere Tags sind hitzebest\u00e4ndig und \u00fcberstehen Temperaturen bis zu 85\u00b0C ohne Funktionsverlust.<\/p>\n<h3>3.\u00a0<strong>Wie einfach ist es, diese Tags in bestehende Systeme zu integrieren?<\/strong><\/h3>\n<p>Die Integration ist einfach, da diese Tags mit den meisten auf dem Markt erh\u00e4ltlichen RFID-Leseger\u00e4ten kompatibel sind, was eine nahtlose Implementierung gew\u00e4hrleistet.<\/p>\n<h3>4.\u00a0<strong>Welche Materialien werden in diesen Tags verwendet?<\/strong><\/h3>\n<p>Die Etiketten bestehen aus strapazierf\u00e4higem Textilgewebe und bieten sowohl Festigkeit als auch Flexibilit\u00e4t.<\/p>\n<h2>Abschluss<\/h2>\n<p>Investieren in\u00a0<strong>UHF-RFID-W\u00e4scheetiketten<\/strong>\u00a0geht es nicht nur darum, die betriebliche Effizienz zu verbessern; es geht darum, Ihre W\u00e4schereiprozesse zukunftssicher zu machen und sie vor Herausforderungen in den Bereichen Nachverfolgung, Bestandsverwaltung und Nachhaltigkeit zu sch\u00fctzen. Mit innovativen Designs, die industrieller W\u00e4sche standhalten, und einer un\u00fcbertroffenen Benutzerfreundlichkeit sind diese Etiketten f\u00fcr jedes Unternehmen, das W\u00e4schereidienstleistungen anbietet, unverzichtbar. Wenn Sie bereit sind, Ihre Textilmanagementsysteme zu revolutionieren,\u00a0<strong>Kaufen Sie noch heute RFID-W\u00e4scheetiketten und f\u00fcllen Sie unser Anfrageformular aus, um weitere Informationen zu Preisen und Mustern zu erhalten!<\/strong><\/p>\n<\/div>","protected":false},"excerpt":{"rendered":"<p>Verfolgen Sie W\u00e4schest\u00fccke m\u00fchelos mit langlebigen Textil-RFID-Tags! Waschbar und f\u00fcr den industriellen Einsatz konzipiert \u2013 optimieren Sie noch heute Ihr W\u00e4schemanagement!<\/p>","protected":false},"featured_media":144,"template":"","meta":{"_kad_post_transparent":"default","_kad_post_title":"","_kad_post_layout":"default","_kad_post_sidebar_id":"","_kad_post_content_style":"default","_kad_post_vertical_padding":"default","_kad_post_feature":"","_kad_post_feature_position":"","_kad_post_header":false,"_kad_post_footer":false,"_kad_post_classname":""},"product_brand":[],"product_cat":[19],"product_tag":[67,31,312,65],"class_list":{"0":"post-143","1":"product","2":"type-product","3":"status-publish","4":"has-post-thumbnail","6":"product_cat-textile-rfid-laundry-tag","7":"product_tag-heating-seal-uhf-rfid-laundry-tags","8":"product_tag-rfid-tag-for-linen-laundry","9":"product_tag-rfid-tags","10":"product_tag-textile-rfid-laundry-tags","12":"first","13":"instock","14":"shipping-taxable","15":"product-type-simple","16":"entry","17":"content-bg","18":"loop-entry"},"_links":{"self":[{"href":"https:\/\/rfid-laundry-tag.com\/de\/wp-json\/wp\/v2\/product\/143","targetHints":{"allow":["GET"]}}],"collection":[{"href":"https:\/\/rfid-laundry-tag.com\/de\/wp-json\/wp\/v2\/product"}],"about":[{"href":"https:\/\/rfid-laundry-tag.com\/de\/wp-json\/wp\/v2\/types\/product"}],"version-history":[{"count":3,"href":"https:\/\/rfid-laundry-tag.com\/de\/wp-json\/wp\/v2\/product\/143\/revisions"}],"predecessor-version":[{"id":2682,"href":"https:\/\/rfid-laundry-tag.com\/de\/wp-json\/wp\/v2\/product\/143\/revisions\/2682"}],"wp:featuredmedia":[{"embeddable":true,"href":"https:\/\/rfid-laundry-tag.com\/de\/wp-json\/wp\/v2\/media\/144"}],"wp:attachment":[{"href":"https:\/\/rfid-laundry-tag.com\/de\/wp-json\/wp\/v2\/media?parent=143"}],"wp:term":[{"taxonomy":"product_brand","embeddable":true,"href":"https:\/\/rfid-laundry-tag.com\/de\/wp-json\/wp\/v2\/product_brand?post=143"},{"taxonomy":"product_cat","embeddable":true,"href":"https:\/\/rfid-laundry-tag.com\/de\/wp-json\/wp\/v2\/product_cat?post=143"},{"taxonomy":"product_tag","embeddable":true,"href":"https:\/\/rfid-laundry-tag.com\/de\/wp-json\/wp\/v2\/product_tag?post=143"}],"curies":[{"name":"wp","href":"https:\/\/api.w.org\/{rel}","templated":true}]}}