{"id":140,"date":"2024-06-14T09:40:49","date_gmt":"2024-06-14T09:40:49","guid":{"rendered":"https:\/\/rfid-laundry-tag.com\/?post_type=product&#038;p=140"},"modified":"2024-09-08T04:30:07","modified_gmt":"2024-09-08T04:30:07","slug":"rfid-textile-tag-for-uniform","status":"publish","type":"product","link":"https:\/\/rfid-laundry-tag.com\/de\/rfid-textile-tag-for-uniform\/","title":{"rendered":"RFID-Textiletikett f\u00fcr Uniform"},"content":{"rendered":"<div>\n<div class=\"auto-hide-last-sibling-br paragraph_1252f paragraph-element\">\n<table width=\"637\">\n<tbody>\n<tr>\n<td width=\"328\">Artikelname:<\/td>\n<td width=\"309\">RFID-Textiletikett f\u00fcr Uniform<\/td>\n<\/tr>\n<tr>\n<td width=\"328\">RFID-Standard:<\/td>\n<td width=\"309\">ISO\/IEC 18000-6 TypC (EPC Gen2)<\/td>\n<\/tr>\n<tr>\n<td width=\"328\">Gr\u00f6\u00dfe Gewicht:<\/td>\n<td width=\"309\">70\u00d715 mm, 0,6 g<\/td>\n<\/tr>\n<tr>\n<td width=\"328\">Chip-Typ:<\/td>\n<td width=\"309\">Impinj Monza 4QT, NXP U CODE 8, NXP U CODE 9<\/td>\n<\/tr>\n<tr>\n<td width=\"328\">EPC-Speicher:<\/td>\n<td width=\"309\">128 Bit<\/td>\n<\/tr>\n<tr>\n<td width=\"328\">Benutzerspeicher:<\/td>\n<td width=\"309\">512 Bit<\/td>\n<\/tr>\n<tr>\n<td width=\"328\">Lesereichweite (2 W ERP FCC):<\/td>\n<td width=\"309\">8 m<\/td>\n<\/tr>\n<tr>\n<td width=\"328\">Lesereichweite (2 W ERP ETSI):<\/td>\n<td width=\"309\">8 m<\/td>\n<\/tr>\n<tr>\n<td width=\"328\">Tagging:<\/td>\n<td width=\"309\">N\u00e4hen, Hei\u00dfpr\u00e4gekleber<\/td>\n<\/tr>\n<tr>\n<td width=\"328\">Gesch\u00e4tzte Lebensdauer:<\/td>\n<td width=\"309\">200 Waschzyklen oder 3 Jahre, je nachdem, was zuerst eintritt<\/td>\n<\/tr>\n<tr>\n<td width=\"328\">Waschmethode:<\/td>\n<td width=\"309\">W\u00e4scherei, chemische Reinigung<\/td>\n<\/tr>\n<tr>\n<td width=\"328\">Wasserentnahmedruck:<\/td>\n<td width=\"309\">60 bar<\/td>\n<\/tr>\n<tr>\n<td width=\"328\">Wasserbest\u00e4ndigkeit:<\/td>\n<td width=\"309\">Wasserfest<\/td>\n<\/tr>\n<tr>\n<td width=\"328\">Chemische Resistenz:<\/td>\n<td width=\"309\">Waschmittel, Weichsp\u00fcler, Bleichmittel (Sauerstoff\/Chlor), Alkali<\/td>\n<\/tr>\n<tr>\n<td width=\"328\">Vortrocknen im Tumbler:<\/td>\n<td width=\"309\">125 \u00baC f\u00fcr 15-20 Minuten<\/td>\n<\/tr>\n<tr>\n<td width=\"328\">Sterilisationstemperatur:<\/td>\n<td width=\"309\">135\u00b0C f\u00fcr 15-20 Minuten<\/td>\n<\/tr>\n<tr>\n<td width=\"328\">Waschtemperatur:<\/td>\n<td width=\"309\">90\u00b0C, Bis zu 15 Min.<\/td>\n<\/tr>\n<tr>\n<td width=\"328\">Luftfeuchtigkeit\/Temperatur-Betrieb:<\/td>\n<td width=\"309\">-20 bis 110 \u00b0C, 8 bis 95%RH<\/td>\n<\/tr>\n<tr>\n<td width=\"328\">Luftfeuchtigkeit\/ Temperatur-Lagerung:<\/td>\n<td width=\"309\">-40 bis 110 \u00b0C, 8 bis 95%RH<\/td>\n<\/tr>\n<\/tbody>\n<\/table>\n<\/div>\n<div class=\"auto-hide-last-sibling-br paragraph_1252f paragraph-element\"><\/div>\n<\/div>\n<div class=\"auto-hide-last-sibling-br paragraph_1252f paragraph-element\">\n<div data-spm-anchor-id=\"a2700.details.0.i57.23b419c7xXORP0\"><span data-spm-anchor-id=\"a2700.details.0.i75.23b419c7xXORP0\"><b>Besonderheit:<\/b><br \/>\n1) UHF-Technologie zum gleichzeitigen Lesen von Hunderten von Tags.<br \/>\n2) Mehr als 2,44 m Leseabstand.<br \/>\n3) Neues mechanisches Design f\u00fcr verbesserte Leistung bei Flachw\u00e4sche.<br \/>\n4) Geeignet f\u00fcr Hochdrucksauger bis 60 bar.<br \/>\n5) Geeignet f\u00fcr die Sterilisation im Autoklav.<br \/>\n6) Kleines, weiches, flexibles Material, ideal f\u00fcr Textilien, Bettw\u00e4sche, Kleidungsst\u00fccke und Accessoires.<\/span><\/div>\n<\/div>\n<div data-spm-anchor-id=\"a2700.details.0.i57.23b419c7xXORP0\"><\/div>\n<div data-spm-anchor-id=\"a2700.details.0.i57.23b419c7xXORP0\">\n<p><img fetchpriority=\"high\" decoding=\"async\" class=\"wp-image-55\" src=\"https:\/\/rfid-laundry-tag.com\/wp-content\/uploads\/2024\/06\/4-300x275.png\" alt=\"RFID Tag for linen laundry\" width=\"605\" height=\"555\" srcset=\"https:\/\/rfid-laundry-tag.com\/wp-content\/uploads\/2024\/06\/4-300x275.png 300w, https:\/\/rfid-laundry-tag.com\/wp-content\/uploads\/2024\/06\/4-600x550.png 600w, https:\/\/rfid-laundry-tag.com\/wp-content\/uploads\/2024\/06\/4-13x12.png 13w, https:\/\/rfid-laundry-tag.com\/wp-content\/uploads\/2024\/06\/4.png 750w\" sizes=\"(max-width: 605px) 100vw, 605px\" \/><\/p>\n<\/div>\n<h3 class=\"wp-block-heading\">Installation<\/h3>\n<p><strong>Stichmarkierung<\/strong>: Zum Einn\u00e4hen in den Saum eines Textils. N\u00e4hen Sie das W\u00e4scheetikett abseits der Faltlinien.<br \/>\n<strong>Hei\u00dfsiegel<\/strong>: Wird bei +200 \u00b0C (392 \u00b0F) f\u00fcr 12\u201314 s direkt auf dem Textil hei\u00dfversiegelt.<br \/>\n<strong>Im Beutel<\/strong>: Wird wie ein normales Pflegeetikett aufgen\u00e4ht. N\u00e4hen Sie das W\u00e4scheetikett abseits der Faltlinien auf.<\/p>\n<div class=\"auto-hide-last-sibling-br paragraph_1252f paragraph-element\">\n<div class=\"auto-hide-last-sibling-br paragraph_1252f paragraph-element\">RFID-Textiletiketten f\u00fcr Uniformen in der W\u00e4scherei sind in einer Vielzahl von Branchen unverzichtbar, da sie eine effiziente Anlagenverfolgung, Bestandsverwaltung und Steigerung der allgemeinen Betriebseffizienz entscheidend vorantreiben. Hier ein Einblick in ihre Anwendung in verschiedenen Sektoren:<\/div>\n<div><\/div>\n<p style=\"font-weight: 400;\"><span style=\"font-style: inherit; font-weight: inherit;\" data-spm-anchor-id=\"a2700.details.0.i52.7e74253fSAfL7T\">Wie <\/span><b><strong style=\"font-style: inherit;\">STARK<\/strong><\/b><span style=\"font-style: inherit; font-weight: inherit;\"> sie sind ?<\/span><\/p>\n<p><b><strong>\u2460<\/strong><\/b>.Werden die RFID-Chips durch hohe Temperaturen besch\u00e4digt?<span style=\"font-style: inherit; font-weight: inherit;\"> \u2013<\/span><b><strong>\u2714 Unsere RFID-Textilw\u00e4scheetiketten sind f\u00fcr den Einsatz bei 200 \u00b0C ausgelegt<\/strong><\/b><span style=\"font-style: inherit; font-weight: inherit;\">.<\/span><\/p>\n<p style=\"font-weight: 400;\"><b><strong>\u2461<\/strong><\/b>Wie oft k\u00f6nnen wir die an Uniformtextilien angebrachten Etiketten waschen? <b><strong>\u2013\u2714Unser RFID-Textilw\u00e4scheetikett kann mit einer Garantie von 2 Jahren nach dem Versand mehr als 200 Mal gewaschen werden.<\/strong><\/b><\/p>\n<p style=\"font-weight: 400;\"><b><strong>\u2462<\/strong><\/b>Werden wir f\u00fcr die prestigetr\u00e4chtigen Uniformtextilien Geld ausgeben und weiterhin an der Verarbeitung von Chips arbeiten? <b><strong>\u2013\u2714Wir haben unser Textilw\u00e4scheetikett so konzipiert, dass es beim Pressen Ihrer Textilprodukte einem Druck von 60 Bar standh\u00e4lt.<\/strong><\/b><\/p>\n<p style=\"font-weight: 400;\"><b><strong>\u2463<\/strong><\/b>Wo platzieren Sie RFID-Textilw\u00e4scheetiketten auf Uniformtextilien? <b><strong>\u2013 \u2714RFID-Textilw\u00e4scheetiketten werden je nach Verf\u00fcgbarkeit der Uniformen angebracht.<\/strong><\/b><\/p>\n<p>&nbsp;<\/p>\n<\/div>\n<div class=\"auto-hide-last-sibling-br paragraph_1252f paragraph-element\">In der Textilindustrie spielen RFID-Tags eine entscheidende Rolle bei der Verbesserung der Transparenz und Effizienz der Lieferkette von der Produktion bis zum Verkauf. Sie sind ein wertvolles Werkzeug f\u00fcr Textilunternehmen, die umfangreiche Lagerbest\u00e4nde verwalten. Die Implementierung von RFID-Tags tr\u00e4gt zur Kostensenkung und Optimierung der Zeitnutzung bei. Aus diesen Gr\u00fcnden sind sie die Investition wert:<\/div>\n<ol class=\"auto-hide-last-sibling-br\">\n<li>\n<div class=\"auto-hide-last-sibling-br paragraph_1252f paragraph-element\"><strong>Gro\u00dfz\u00fcgiger Datenspeicher<\/strong>: Im Gegensatz zu Barcode-Etiketten verf\u00fcgen RFID-Tags \u00fcber eine h\u00f6here Datenspeicherkapazit\u00e4t. Die gespeicherten Daten k\u00f6nnen bei Bedarf gelesen und ge\u00e4ndert werden.<\/div>\n<\/li>\n<li>\n<div class=\"auto-hide-last-sibling-br paragraph_1252f paragraph-element\"><strong>Verbesserte Qualit\u00e4tssicherung<\/strong>: RFID erleichtert die Verfolgung von Produkten von der Herstellung bis zur Lagerung und identifiziert gef\u00e4lschte oder zur\u00fcckgesandte Artikel.<\/div>\n<\/li>\n<li>\n<div class=\"auto-hide-last-sibling-br paragraph_1252f paragraph-element\"><strong>Effektives Bestandsmanagement<\/strong>: Die RFID-Tags erm\u00f6glichen die Nachverfolgung eines Produkts im Lagerbestand. Das spart Zeit und erleichtert die proaktive Lagerauff\u00fcllung. Die automatische Datenaktualisierung in Bestandsdateien bei Verk\u00e4ufen oder Retouren tr\u00e4gt zu einer effizienten Lagerbestandskontrolle bei.<\/div>\n<\/li>\n<li>\n<div class=\"auto-hide-last-sibling-br paragraph_1252f paragraph-element\"><strong>Widerstandsf\u00e4higkeit<\/strong>: Im Vergleich zu herk\u00f6mmlichen Etiketten sind RFID-Etiketten \u00e4u\u00dferst widerstandsf\u00e4hig gegen \u00e4u\u00dfere Einfl\u00fcsse und unsachgem\u00e4\u00dfe Handhabung. Sie sind an alle Arten von Umgebungen anpassbar, auch an solche mit hohen Temperaturen, Feuchtigkeit, Staub usw.<\/div>\n<\/li>\n<li>\n<div class=\"auto-hide-last-sibling-br paragraph_1252f paragraph-element\"><strong>H\u00f6here Effizienz und Geschwindigkeit<\/strong>: RFID-Leseger\u00e4te k\u00f6nnen mehrere RFID-Tags gleichzeitig aus der Ferne lesen, eine Funktion, die die Prozesse von der Produktion bis zum Verkauf erheblich optimiert.<\/div>\n<\/li>\n<li>\n<div class=\"auto-hide-last-sibling-br paragraph_1252f paragraph-element\"><strong>Robuste Datensicherheit<\/strong>: Jeder RFID-Chip verf\u00fcgt \u00fcber einen unknackbaren Datenschutz durch kopiersichere Datenverschl\u00fcsselung.<\/div>\n<\/li>\n<li>\n<div class=\"auto-hide-last-sibling-br paragraph_1252f paragraph-element\"><strong>Diebstahlschutz<\/strong>: Beim Bezahlen werden die RFID-Chips automatisch deaktiviert, wodurch das Diebstahlrisiko und menschliches Versagen reduziert werden.<\/div>\n<\/li>\n<li>\n<div class=\"auto-hide-last-sibling-br paragraph_1252f paragraph-element\"><strong>Wirtschaftliche Betriebskosten<\/strong>: Trotz anf\u00e4nglich h\u00f6herer Kosten erweist sich die RFID-Technologie auf lange Sicht als kosteneffizient. Sie bietet dauerhaften Service bei minimalem Arbeitsaufwand, sodass kein h\u00e4ufiger Austausch erforderlich ist, was die Betriebskosten senkt.<\/div>\n<\/li>\n<\/ol>","protected":false},"excerpt":{"rendered":"<p>RFID-Textiletiketten f\u00fcr Uniformen sind so konstruiert, dass sie bei strengen W\u00e4schebehandlungen wie Sterilisation, Hochtemperaturw\u00e4sche, Reinigung, Trocknen und B\u00fcgeln zuverl\u00e4ssig funktionieren. Diese textilfreundlichen Etiketten \u00fcberstehen Hunderte von Waschg\u00e4ngen und behalten dabei ein gleichbleibendes RFID-Leistungsniveau. Selbst nach mehrmaligem Waschen gew\u00e4hrleisten sie au\u00dfergew\u00f6hnliche Nachverfolgungs- und Inventareigenschaften und verl\u00e4ngern so die Lebensdauer von Bettw\u00e4sche, Kleidung und anderen Textilartikeln.<\/p>","protected":false},"featured_media":141,"template":"","meta":{"_kad_post_transparent":"default","_kad_post_title":"","_kad_post_layout":"default","_kad_post_sidebar_id":"","_kad_post_content_style":"default","_kad_post_vertical_padding":"default","_kad_post_feature":"","_kad_post_feature_position":"","_kad_post_header":false,"_kad_post_footer":false,"_kad_post_classname":""},"product_brand":[],"product_cat":[19,16],"product_tag":[31,65,30],"class_list":{"0":"post-140","1":"product","2":"type-product","3":"status-publish","4":"has-post-thumbnail","6":"product_cat-textile-rfid-laundry-tag","7":"product_cat-uhf-rfid-laundry-tags","8":"product_tag-rfid-tag-for-linen-laundry","9":"product_tag-textile-rfid-laundry-tags","10":"product_tag-uhf-rfid-laundry-tag","12":"first","13":"instock","14":"shipping-taxable","15":"product-type-simple","16":"entry","17":"content-bg","18":"loop-entry"},"_links":{"self":[{"href":"https:\/\/rfid-laundry-tag.com\/de\/wp-json\/wp\/v2\/product\/140","targetHints":{"allow":["GET"]}}],"collection":[{"href":"https:\/\/rfid-laundry-tag.com\/de\/wp-json\/wp\/v2\/product"}],"about":[{"href":"https:\/\/rfid-laundry-tag.com\/de\/wp-json\/wp\/v2\/types\/product"}],"version-history":[{"count":1,"href":"https:\/\/rfid-laundry-tag.com\/de\/wp-json\/wp\/v2\/product\/140\/revisions"}],"predecessor-version":[{"id":1935,"href":"https:\/\/rfid-laundry-tag.com\/de\/wp-json\/wp\/v2\/product\/140\/revisions\/1935"}],"wp:featuredmedia":[{"embeddable":true,"href":"https:\/\/rfid-laundry-tag.com\/de\/wp-json\/wp\/v2\/media\/141"}],"wp:attachment":[{"href":"https:\/\/rfid-laundry-tag.com\/de\/wp-json\/wp\/v2\/media?parent=140"}],"wp:term":[{"taxonomy":"product_brand","embeddable":true,"href":"https:\/\/rfid-laundry-tag.com\/de\/wp-json\/wp\/v2\/product_brand?post=140"},{"taxonomy":"product_cat","embeddable":true,"href":"https:\/\/rfid-laundry-tag.com\/de\/wp-json\/wp\/v2\/product_cat?post=140"},{"taxonomy":"product_tag","embeddable":true,"href":"https:\/\/rfid-laundry-tag.com\/de\/wp-json\/wp\/v2\/product_tag?post=140"}],"curies":[{"name":"wp","href":"https:\/\/api.w.org\/{rel}","templated":true}]}}