{"id":136,"date":"2024-06-14T07:33:05","date_gmt":"2024-06-14T07:33:05","guid":{"rendered":"https:\/\/rfid-laundry-tag.com\/?post_type=product&#038;p=136"},"modified":"2024-09-08T04:31:40","modified_gmt":"2024-09-08T04:31:40","slug":"heating-seal-uhf-rfid-laundry-tags","status":"publish","type":"product","link":"https:\/\/rfid-laundry-tag.com\/de\/heating-seal-uhf-rfid-laundry-tags\/","title":{"rendered":"Heizungssiegel UHF RFID W\u00e4scheetiketten"},"content":{"rendered":"<div>\n<div class=\"auto-hide-last-sibling-br paragraph_1252f paragraph-element\">\n<h1>Heizungssiegel UHF RFID W\u00e4scheetiketten<\/h1>\n<table width=\"593\">\n<tbody>\n<tr>\n<td width=\"233\">RF Air-Protokoll<\/td>\n<td colspan=\"4\" width=\"360\">EPC Global Klasse 1 Gen2 ISO18000-6C<\/td>\n<\/tr>\n<tr>\n<td width=\"233\">Betriebsfrequenz<\/td>\n<td colspan=\"4\" width=\"360\">UHF 866\u2013868 MHz (ETSI) \/UHF 902\u2013928 MHz (FCC)<\/td>\n<\/tr>\n<tr>\n<td width=\"233\">Umweltvertr\u00e4glichkeit<\/td>\n<td colspan=\"4\" width=\"360\">Optimiert in Luft<\/td>\n<\/tr>\n<tr>\n<td width=\"233\">Aufbewahrungsdauer der Daten<\/td>\n<td colspan=\"4\" width=\"360\">50 Jahre<\/td>\n<\/tr>\n<tr>\n<td width=\"233\">Lesebereich<\/td>\n<td colspan=\"4\" width=\"360\">Bis zu 5,5 m (ab Metall)<\/td>\n<\/tr>\n<tr>\n<td width=\"233\">Polarisation<\/td>\n<td colspan=\"4\" width=\"360\">Linear<\/td>\n<\/tr>\n<tr>\n<td width=\"233\">IC-Typ<\/td>\n<td colspan=\"4\" width=\"360\">NXP U CODE 8, U CODE 9 usw.<\/td>\n<\/tr>\n<tr>\n<td width=\"233\">Speicherkonfiguration<\/td>\n<td colspan=\"4\" width=\"360\">EPC 128bit TID 96bit Benutzer 32bit<\/td>\n<\/tr>\n<tr>\n<td colspan=\"5\" width=\"593\">Mechanische Spezifikationen<\/td>\n<\/tr>\n<tr>\n<td width=\"233\">Oberfl\u00e4chenmaterialien<\/td>\n<td colspan=\"4\" width=\"360\">Textil<\/td>\n<\/tr>\n<tr>\n<td width=\"233\">Gr\u00f6\u00dfe (mm)<\/td>\n<td colspan=\"4\" width=\"360\">15*70*1,5 mm<\/td>\n<\/tr>\n<tr>\n<td width=\"233\">Gewicht (g)<\/td>\n<td colspan=\"4\" width=\"360\">0,7 g<\/td>\n<\/tr>\n<tr>\n<td rowspan=\"2\" width=\"233\">Anhang<\/td>\n<td colspan=\"4\" width=\"360\">Saum oder Webetikett einn\u00e4hen<\/td>\n<\/tr>\n<tr>\n<td colspan=\"4\" width=\"360\">Hei\u00dfsiegeln bei 215\u2103@15 Sek. und 4 Bar<\/td>\n<\/tr>\n<tr>\n<td width=\"233\">Farbe<\/td>\n<td colspan=\"4\" width=\"360\">Wei\u00df<\/td>\n<\/tr>\n<tr>\n<td colspan=\"5\" width=\"593\">Umweltspezifikationen<\/td>\n<\/tr>\n<tr>\n<td width=\"233\">Betriebstemperatur<\/td>\n<td colspan=\"4\" width=\"360\">-30\u00b0C bis +85\u00b0C<\/td>\n<\/tr>\n<tr>\n<td width=\"233\">Umgebungstemperatur<\/td>\n<td colspan=\"4\" width=\"360\">-30\u00b0C bis +100\u00b0C<\/td>\n<\/tr>\n<tr>\n<td width=\"233\">Mechanische Best\u00e4ndigkeit<\/td>\n<td colspan=\"4\" width=\"360\">60 Riegel<\/td>\n<\/tr>\n<tr>\n<td width=\"233\">Chemische Resistenz<\/td>\n<td colspan=\"4\" width=\"360\">Normale \u00fcbliche Chemikalien in den Waschprozessen<\/td>\n<\/tr>\n<tr>\n<td rowspan=\"4\" width=\"233\">Hitzebest\u00e4ndigkeit<\/td>\n<td colspan=\"4\" width=\"360\">Waschen: 90 \u00b0C, 15 Min., 200 Zyklen<\/td>\n<\/tr>\n<tr>\n<td colspan=\"4\" width=\"360\">Vortrocknen: 180\u2103, 30 Min.<\/td>\n<\/tr>\n<tr>\n<td colspan=\"4\" width=\"360\">B\u00fcgeln: 180\u2103, 10 Sek., 200 Zyklen<\/td>\n<\/tr>\n<tr>\n<td colspan=\"4\" width=\"360\">Sterilisation: 135\u2103, 20 Minuten<\/td>\n<\/tr>\n<tr>\n<td width=\"233\">IP Klassifizierung<\/td>\n<td colspan=\"4\" width=\"360\">IP68<\/td>\n<\/tr>\n<tr>\n<td width=\"233\">Garantie<\/td>\n<td colspan=\"4\" width=\"360\">2 Jahre oder 200 Waschvorg\u00e4nge<\/td>\n<\/tr>\n<\/tbody>\n<\/table>\n<\/div>\n<\/div>\n<div><\/div>\n<div>\n<div class=\"auto-hide-last-sibling-br paragraph_1252f paragraph-element\">RFID-W\u00e4scheetiketten sind ein n\u00fctzliches Hilfsmittel f\u00fcr Betriebe, die eine kontinuierliche Versorgung mit sauberer W\u00e4sche, Arbeitsuniformen, medizinischer Ausr\u00fcstung oder Reinigungsmaterialien ben\u00f6tigen, da sie es den automatisierten Systemen erm\u00f6glichen, gro\u00dfe Mengen einzelner Artikel schnell und pr\u00e4zise zu handhaben.<\/div>\n<p>&nbsp;<\/p>\n<div class=\"auto-hide-last-sibling-br paragraph_1252f paragraph-element\">Diese UHF-RFID-W\u00e4scheetiketten aus Stoff werden vor allem von Uniformanbietern, Gastst\u00e4tten, gewerblichen Reinigungsdiensten und Gesundheitseinrichtungen eingesetzt und vereinfachen die Nachverfolgung verschiedener Verm\u00f6genswerte wie Kleidung, Bettw\u00e4sche oder Lappen. Dies tr\u00e4gt zu einer effizienten Bestands\u00fcberwachung und einem genauen Kontomanagement bei und verbessert die allgemeine Betriebseffizienz. Durch die Bereitstellung fehlerfreier Daten und die Automatisierung des Nachverfolgungsprozesses verhindert dieses System die Verlegung und den Diebstahl von Artikeln und reduziert so Verluste. Die Langlebigkeit dieser Etiketten stellt sicher, dass sie industriellen Waschvorg\u00e4ngen standhalten. Es ist eine optimale L\u00f6sung f\u00fcr die systematische und organisierte Verwaltung von Best\u00e4nden.<\/div>\n<\/div>\n<div><\/div>\n<div><\/div>\n<div><\/div>\n<div>\n<div class=\"auto-hide-last-sibling-br paragraph_1252f paragraph-element\"><span style=\"font-family: inherit; font-size: 24px; font-weight: bold;\">Installation<\/span><\/div>\n<\/div>\n<p><strong>Stichmarkierung<\/strong>: Zum Einn\u00e4hen in den Saum eines Textils. N\u00e4hen Sie das W\u00e4scheetikett abseits der Faltlinien.<br \/>\n<strong>Hei\u00dfsiegel<\/strong>: Wird bei +200 \u00b0C (392 \u00b0F) f\u00fcr 12\u201314 s direkt auf dem Textil hei\u00dfversiegelt.<br \/>\n<strong>Im Beutel<\/strong>: Wird wie ein normales Pflegeetikett aufgen\u00e4ht. N\u00e4hen Sie das W\u00e4scheetikett abseits der Faltlinien auf.<\/p>\n<p>&nbsp;<\/p>\n<div class=\"auto-hide-last-sibling-br paragraph_1252f paragraph-element\">\n<div class=\"auto-hide-last-sibling-br paragraph_1252f paragraph-element\">W\u00e4rmeklebende UHF-RFID-W\u00e4scheetiketten f\u00fcr W\u00e4sche sind in einer Vielzahl von Branchen unverzichtbar, da sie eine effiziente Anlagenverfolgung, Bestandsverwaltung und Steigerung der allgemeinen Betriebseffizienz entscheidend vorantreiben. Hier ein Einblick in ihre Anwendung in verschiedenen Sektoren:<\/div>\n<div class=\"auto-hide-last-sibling-br paragraph_1252f paragraph-element\"><\/div>\n<p style=\"font-weight: 400;\"><span style=\"font-style: inherit; font-weight: inherit;\" data-spm-anchor-id=\"a2700.details.0.i52.7e74253fSAfL7T\">Wie <\/span><b><strong style=\"font-style: inherit;\">STARK<\/strong><\/b><span style=\"font-style: inherit; font-weight: inherit;\"> sie sind ?<\/span><\/p>\n<p><b><strong>\u2460<\/strong><\/b>.Werden die RFID-Chips durch hohe Temperaturen besch\u00e4digt?<span style=\"font-style: inherit; font-weight: inherit;\"> \u2013<\/span><b><strong>\u2714 Unsere RFID-Textilw\u00e4scheetiketten sind f\u00fcr den Einsatz bei 200 \u00b0C ausgelegt<\/strong><\/b><span style=\"font-style: inherit; font-weight: inherit;\">.<\/span><\/p>\n<p style=\"font-weight: 400;\"><b><strong>\u2461<\/strong><\/b>Wie oft k\u00f6nnen wir die an Uniformtextilien angebrachten Etiketten waschen? <b><strong>\u2013\u2714Unser RFID-Textilw\u00e4scheetikett kann mit einer Garantie von 2 Jahren nach dem Versand mehr als 200 Mal gewaschen werden.<\/strong><\/b><\/p>\n<p style=\"font-weight: 400;\"><b><strong>\u2462<\/strong><\/b>Werden wir f\u00fcr die prestigetr\u00e4chtigen Uniformtextilien Geld ausgeben und weiterhin an der Verarbeitung von Chips arbeiten? <b><strong>\u2013\u2714Wir haben unser Textilw\u00e4scheetikett so konzipiert, dass es beim Pressen Ihrer Textilprodukte einem Druck von 60 Bar standh\u00e4lt.<\/strong><\/b><\/p>\n<p style=\"font-weight: 400;\"><b><strong>\u2463<\/strong><\/b>Wo platzieren Sie RFID-Textilw\u00e4scheetiketten auf Uniformtextilien? <b><strong>\u2013 \u2714RFID-Textilw\u00e4scheetiketten werden je nach Verf\u00fcgbarkeit der Uniformen angebracht.<\/strong><\/b><\/p>\n<\/div>","protected":false},"excerpt":{"rendered":"<p>Heating Seal UHF RFID-W\u00e4scheetiketten sind f\u00fcr gewerbliche und industrielle Textilanwendungen konzipiert. Dieses Etikett ist \u00e4u\u00dferst flexibel, kann aus gro\u00dfer Entfernung gelesen werden und liefert dennoch die genauesten Daten. Kunden k\u00f6nnen es zur Verfolgung gro\u00dfer Mengen von Textilg\u00fctern verwenden und gleichzeitig ihre Kosten niedrig halten und die Verwaltungseffizienz verbessern.<\/p>","protected":false},"featured_media":137,"template":"","meta":{"_kad_post_transparent":"default","_kad_post_title":"","_kad_post_layout":"default","_kad_post_sidebar_id":"","_kad_post_content_style":"default","_kad_post_vertical_padding":"default","_kad_post_feature":"","_kad_post_feature_position":"","_kad_post_header":false,"_kad_post_footer":false,"_kad_post_classname":""},"product_brand":[],"product_cat":[19,16],"product_tag":[67,31,65],"class_list":{"0":"post-136","1":"product","2":"type-product","3":"status-publish","4":"has-post-thumbnail","6":"product_cat-textile-rfid-laundry-tag","7":"product_cat-uhf-rfid-laundry-tags","8":"product_tag-heating-seal-uhf-rfid-laundry-tags","9":"product_tag-rfid-tag-for-linen-laundry","10":"product_tag-textile-rfid-laundry-tags","12":"first","13":"instock","14":"shipping-taxable","15":"product-type-simple","16":"entry","17":"content-bg","18":"loop-entry"},"_links":{"self":[{"href":"https:\/\/rfid-laundry-tag.com\/de\/wp-json\/wp\/v2\/product\/136","targetHints":{"allow":["GET"]}}],"collection":[{"href":"https:\/\/rfid-laundry-tag.com\/de\/wp-json\/wp\/v2\/product"}],"about":[{"href":"https:\/\/rfid-laundry-tag.com\/de\/wp-json\/wp\/v2\/types\/product"}],"version-history":[{"count":1,"href":"https:\/\/rfid-laundry-tag.com\/de\/wp-json\/wp\/v2\/product\/136\/revisions"}],"predecessor-version":[{"id":1938,"href":"https:\/\/rfid-laundry-tag.com\/de\/wp-json\/wp\/v2\/product\/136\/revisions\/1938"}],"wp:featuredmedia":[{"embeddable":true,"href":"https:\/\/rfid-laundry-tag.com\/de\/wp-json\/wp\/v2\/media\/137"}],"wp:attachment":[{"href":"https:\/\/rfid-laundry-tag.com\/de\/wp-json\/wp\/v2\/media?parent=136"}],"wp:term":[{"taxonomy":"product_brand","embeddable":true,"href":"https:\/\/rfid-laundry-tag.com\/de\/wp-json\/wp\/v2\/product_brand?post=136"},{"taxonomy":"product_cat","embeddable":true,"href":"https:\/\/rfid-laundry-tag.com\/de\/wp-json\/wp\/v2\/product_cat?post=136"},{"taxonomy":"product_tag","embeddable":true,"href":"https:\/\/rfid-laundry-tag.com\/de\/wp-json\/wp\/v2\/product_tag?post=136"}],"curies":[{"name":"wp","href":"https:\/\/api.w.org\/{rel}","templated":true}]}}