{"id":127,"date":"2024-06-12T06:15:43","date_gmt":"2024-06-12T06:15:43","guid":{"rendered":"https:\/\/rfid-laundry-tag.com\/?post_type=product&#038;p=127"},"modified":"2024-06-12T06:21:05","modified_gmt":"2024-06-12T06:21:05","slug":"silicone-rubber-uhf-rfid-laundry-tag","status":"publish","type":"product","link":"https:\/\/rfid-laundry-tag.com\/de\/silicone-rubber-uhf-rfid-laundry-tag\/","title":{"rendered":"UHF-RFID-W\u00e4scheetikett aus Silikonkautschuk"},"content":{"rendered":"<table style=\"border-collapse: collapse; width: 711px; height: 751px;\" border=\"0\" width=\"537\" cellspacing=\"0\" cellpadding=\"0\">\n<tbody>\n<tr style=\"height: 14.40pt;\">\n<td class=\"et2\" style=\"height: 14.40pt; width: 136.80pt;\" width=\"228\" height=\"24\">Material<\/td>\n<td class=\"et2\" style=\"width: 185.40pt;\" width=\"309\">Silikon<\/td>\n<\/tr>\n<tr style=\"height: 14.40pt;\">\n<td class=\"et3\" style=\"height: 14.40pt; width: 136.80pt;\" width=\"228\" height=\"24\">Gr\u00f6\u00dfe<\/td>\n<td class=\"et3\" style=\"width: 185.40pt;\" width=\"309\">55 x 12 mm, 56 x 20 mm, 85 x 27 mm<\/td>\n<\/tr>\n<tr style=\"height: 14.40pt;\">\n<td class=\"et3\" style=\"height: 14.40pt; width: 136.80pt;\" width=\"228\" height=\"24\">Frequenz<\/td>\n<td class=\"et3\" style=\"width: 185.40pt;\" width=\"309\">860-960 MHz<\/td>\n<\/tr>\n<tr style=\"height: 27.60pt;\">\n<td class=\"et3\" style=\"height: 27.60pt; width: 136.80pt;\" width=\"228\" height=\"46\">IC-Typ (Chip)<\/td>\n<td class=\"et3\" style=\"width: 185.40pt;\" width=\"309\">U7\/U8 (Alien H3 und Impinj Monza R6 sind verf\u00fcgbar)<\/td>\n<\/tr>\n<tr style=\"height: 27.60pt;\">\n<td class=\"et3\" style=\"height: 27.60pt; width: 136.80pt;\" width=\"228\" height=\"46\">Protokoll<\/td>\n<td class=\"et3\" style=\"width: 185.40pt;\" width=\"309\">EPC Global Klasse 1 Gen2 und ISO18000-6C<\/td>\n<\/tr>\n<tr style=\"height: 14.40pt;\">\n<td class=\"et3\" style=\"height: 14.40pt; width: 136.80pt;\" width=\"228\" height=\"24\">Erinnerung<\/td>\n<td class=\"et3\" style=\"width: 185.40pt;\" width=\"309\">128 Bit<\/td>\n<\/tr>\n<tr style=\"height: 14.40pt;\">\n<td class=\"et3\" style=\"height: 14.40pt; width: 136.80pt;\" width=\"228\" height=\"24\">Tag-Formfaktor<\/td>\n<td class=\"et3\" style=\"width: 185.40pt;\" width=\"309\">Flexibel<\/td>\n<\/tr>\n<tr style=\"height: 14.40pt;\">\n<td class=\"et3\" style=\"height: 14.40pt; width: 136.80pt;\" width=\"228\" height=\"24\">Antikollisions<\/td>\n<td class=\"et3\" style=\"width: 185.40pt;\" width=\"309\">Ja<\/td>\n<\/tr>\n<tr style=\"height: 14.40pt;\">\n<td class=\"et3\" style=\"height: 14.40pt; width: 136.80pt;\" width=\"228\" height=\"24\">Betriebstemperatur<\/td>\n<td class=\"et3\" style=\"width: 185.40pt;\" width=\"309\">-25 \u00b0C \/ +200 \u00b0C<\/td>\n<\/tr>\n<tr style=\"height: 14.40pt;\">\n<td class=\"et3\" style=\"height: 14.40pt; width: 136.80pt;\" width=\"228\" height=\"24\">Lesedistanz<\/td>\n<td class=\"et3\" style=\"width: 185.40pt;\" width=\"309\">1 bis 7\u00a0Min.<\/td>\n<\/tr>\n<tr style=\"height: 14.40pt;\">\n<td class=\"et3\" style=\"height: 14.40pt; width: 136.80pt;\" width=\"228\" height=\"24\">Wird angebracht an<\/td>\n<td class=\"et3\" style=\"width: 185.40pt;\" width=\"309\">Bettw\u00e4sche und Kleidungsst\u00fccke<\/td>\n<\/tr>\n<tr style=\"height: 14.40pt;\">\n<td class=\"et3\" style=\"height: 14.40pt; width: 136.80pt;\" width=\"228\" height=\"24\">IP-Bewertung<\/td>\n<td class=\"et3\" style=\"width: 185.40pt;\" width=\"309\">IP68<\/td>\n<\/tr>\n<tr style=\"height: 14.40pt;\">\n<td class=\"et3\" style=\"height: 14.40pt; width: 136.80pt;\" width=\"228\" height=\"24\">Farbe<\/td>\n<td class=\"et3\" style=\"width: 185.40pt;\" width=\"309\">Wei\u00df\/Blau oder individuell<\/td>\n<\/tr>\n<tr style=\"height: 17.40pt;\">\n<td class=\"et4\" style=\"height: 17.40pt; width: 322.20pt;\" colspan=\"2\" width=\"537\" height=\"29\">Waschen<\/td>\n<\/tr>\n<tr style=\"height: 27.60pt;\">\n<td class=\"et3\" style=\"height: 27.60pt; width: 136.80pt;\" width=\"228\" height=\"46\">Widersteht der Einwirkung von<\/td>\n<td class=\"et3\" style=\"width: 185.40pt;\" width=\"309\">Wasser und alle in gewerblichen W\u00e4schereien und chemischen Reinigungen \u00fcblichen Chemikalien<\/td>\n<\/tr>\n<tr style=\"height: 14.40pt;\">\n<td class=\"et3\" style=\"height: 14.40pt; width: 136.80pt;\" width=\"228\" height=\"24\">Waschzyklen<\/td>\n<td class=\"et3\" style=\"width: 185.40pt;\" width=\"309\">Bis zu 200 gewerbliche Waschzyklen<\/td>\n<\/tr>\n<tr style=\"height: 27.60pt;\">\n<td class=\"et3\" style=\"height: 27.60pt; width: 136.80pt;\" width=\"228\" height=\"46\">Waschen<\/td>\n<td class=\"et3\" style=\"width: 185.40pt;\" width=\"309\">150 \u00baC f\u00fcr 15-20 Minuten \u2013 150 Zyklen<\/td>\n<\/tr>\n<tr style=\"height: 27.60pt;\">\n<td class=\"et3\" style=\"height: 27.60pt; width: 136.80pt;\" width=\"228\" height=\"46\">Trocknen<\/td>\n<td class=\"et3\" style=\"width: 185.40pt;\" width=\"309\">95\u00b0C (Bis zu 60 Min.), 130\u00b0C (Bis zu 30 Min.)<\/td>\n<\/tr>\n<tr style=\"height: 14.40pt;\">\n<td class=\"et3\" style=\"height: 14.40pt; width: 136.80pt;\" width=\"228\" height=\"24\">Tunnelfinisher<\/td>\n<td class=\"et3\" style=\"width: 185.40pt;\" width=\"309\">200\u00b0C f\u00fcr 30min<\/td>\n<\/tr>\n<tr style=\"height: 14.40pt;\">\n<td class=\"et3\" style=\"height: 14.40pt; width: 136.80pt;\" width=\"228\" height=\"24\">B\u00fcgeln<\/td>\n<td class=\"et3\" style=\"width: 185.40pt;\" width=\"309\">250\u00b0C (bis zu 60 Sekunden)<\/td>\n<\/tr>\n<\/tbody>\n<\/table>\n<p data-spm-anchor-id=\"a2700.details.0.i116.60201a70jOXdOd\">\n<p data-spm-anchor-id=\"a2700.details.0.i116.60201a70jOXdOd\"><strong>UHF-RFID-W\u00e4scheetikett aus Silikonkautschuk<\/strong>\u00a0stellt die neueste Innovation f\u00fcr die automatische Nachverfolgung und Bestandsverwaltung in W\u00e4schereien dar. Diese schlanken, biegsamen, sanften und glatten Etiketten, die best\u00e4ndig gegen chemische Fl\u00fcssigkeiten und Hitze sind, sind mit einem starken RFID-Transponder ausgestattet, der bis zu 200 Trommelwasch- und Hei\u00dftrocknungszyklen sowie Reinigung und B\u00fcgeln \u00fcbersteht. Die 5512 Silikon-RFID-W\u00e4scheetiketten, die h\u00e4ufig zur Nachverfolgung in der industriellen W\u00e4scherei verwendet werden, lassen sich nahtlos in verschiedene Textilmaterialien integrieren, darunter Bettw\u00e4sche, Blusen, Handt\u00fccher, Arztuniformen und mehr.<\/p>\n<p data-spm-anchor-id=\"a2700.details.0.i116.60201a70jOXdOd\"><strong>Anwendung :<\/strong><\/p>\n<ul>\n<li>Hotelbettw\u00e4sche Tracking-Management<\/li>\n<li>Fabrik\/Lager\/Hotel\/Krankenhaus\/Vergn\u00fcgungspark<\/li>\n<li data-spm-anchor-id=\"a2700.details.0.i115.60201a70jOXdOd\"><span data-spm-anchor-id=\"a2700.details.0.i120.60201a70jOXdOd\">Krankenhausuniformen<\/span><\/li>\n<li data-spm-anchor-id=\"a2700.details.0.i118.60201a70jOXdOd\">Bettw\u00e4sche\/ Paletten\/ Leinentaschen<\/li>\n<li>Chemische Reinigung<\/li>\n<li>Verwendung in Hotellaken\/ An Textilien befestigt\/ Arbeitskleidung.<\/li>\n<li>Bekleidungsfabrik, Stofffabrik.<\/li>\n<\/ul>\n<p>&nbsp;<\/p>","protected":false},"excerpt":{"rendered":"<p>Der UHF-RFID-W\u00e4scheanh\u00e4nger aus Silikonkautschuk ist sowohl geschmeidig als auch robust und wurde entwickelt, um anspruchsvollen W\u00e4schebedingungen wie kontinuierlicher Hochdrucktrocknung und kurzzeitigem B\u00fcgeln standzuhalten. Durch die Nutzung der UHF-Technologie verbessern diese W\u00e4scheanh\u00e4nger aus Silikon die Kommunikationsm\u00f6glichkeiten erheblich. Ihre F\u00e4higkeit, Hunderte von Anh\u00e4ngern gleichzeitig zu lesen, reduziert nicht nur die Arbeitskosten im Zusammenhang mit der Verwaltung von Barcodes oder HF-RFID-Anh\u00e4ngern (Hochfrequenz), sondern bietet auch eine kosteng\u00fcnstige Tracking-L\u00f6sung.<\/p>","protected":false},"featured_media":128,"template":"","meta":{"_kad_post_transparent":"default","_kad_post_title":"","_kad_post_layout":"default","_kad_post_sidebar_id":"","_kad_post_content_style":"default","_kad_post_vertical_padding":"default","_kad_post_feature":"","_kad_post_feature_position":"","_kad_post_header":false,"_kad_post_footer":false,"_kad_post_classname":""},"product_brand":[],"product_cat":[20,16],"product_tag":[63,62,64,61],"class_list":{"0":"post-127","1":"product","2":"type-product","3":"status-publish","4":"has-post-thumbnail","6":"product_cat-silicone-rfid-laundry-tag","7":"product_cat-uhf-rfid-laundry-tags","8":"product_tag-rfid-washing-tag","9":"product_tag-silicone-rfid-laundry-tag","10":"product_tag-silicone-rubber-uhf-rfid-laundry-tag","11":"product_tag-silicone-washable-rfid-laundry-tag","13":"first","14":"instock","15":"shipping-taxable","16":"product-type-simple","17":"entry","18":"content-bg","19":"loop-entry"},"_links":{"self":[{"href":"https:\/\/rfid-laundry-tag.com\/de\/wp-json\/wp\/v2\/product\/127","targetHints":{"allow":["GET"]}}],"collection":[{"href":"https:\/\/rfid-laundry-tag.com\/de\/wp-json\/wp\/v2\/product"}],"about":[{"href":"https:\/\/rfid-laundry-tag.com\/de\/wp-json\/wp\/v2\/types\/product"}],"version-history":[{"count":0,"href":"https:\/\/rfid-laundry-tag.com\/de\/wp-json\/wp\/v2\/product\/127\/revisions"}],"wp:featuredmedia":[{"embeddable":true,"href":"https:\/\/rfid-laundry-tag.com\/de\/wp-json\/wp\/v2\/media\/128"}],"wp:attachment":[{"href":"https:\/\/rfid-laundry-tag.com\/de\/wp-json\/wp\/v2\/media?parent=127"}],"wp:term":[{"taxonomy":"product_brand","embeddable":true,"href":"https:\/\/rfid-laundry-tag.com\/de\/wp-json\/wp\/v2\/product_brand?post=127"},{"taxonomy":"product_cat","embeddable":true,"href":"https:\/\/rfid-laundry-tag.com\/de\/wp-json\/wp\/v2\/product_cat?post=127"},{"taxonomy":"product_tag","embeddable":true,"href":"https:\/\/rfid-laundry-tag.com\/de\/wp-json\/wp\/v2\/product_tag?post=127"}],"curies":[{"name":"wp","href":"https:\/\/api.w.org\/{rel}","templated":true}]}}