{"id":122,"date":"2024-06-12T06:05:12","date_gmt":"2024-06-12T06:05:12","guid":{"rendered":"https:\/\/rfid-laundry-tag.com\/?post_type=product&#038;p=122"},"modified":"2024-06-12T06:05:12","modified_gmt":"2024-06-12T06:05:12","slug":"silicone-washable-rfid-laundry-tag","status":"publish","type":"product","link":"https:\/\/rfid-laundry-tag.com\/de\/silicone-washable-rfid-laundry-tag\/","title":{"rendered":"Waschbarer RFID-W\u00e4scheanh\u00e4nger aus Silikon"},"content":{"rendered":"<table style=\"font-family: var(--global-body-font-family);\" width=\"537\">\n<tbody>\n<tr>\n<td width=\"228\">Name<\/td>\n<td width=\"309\">Waschbarer RFID-W\u00e4scheanh\u00e4nger aus Silikon<\/td>\n<\/tr>\n<tr>\n<td width=\"228\">Modus<\/td>\n<td width=\"309\">SL-01<\/td>\n<\/tr>\n<tr>\n<td width=\"228\">Material<\/td>\n<td width=\"309\">Silikon<\/td>\n<\/tr>\n<tr>\n<td width=\"228\">Farbe<\/td>\n<td width=\"309\">Wei\u00df (oder individuell angepasst)<\/td>\n<\/tr>\n<tr>\n<td width=\"228\">Gr\u00f6\u00dfe<\/td>\n<td width=\"309\">55 mm x 12 mm, 2,5 mm Dicke<\/td>\n<\/tr>\n<tr>\n<td width=\"228\">Chip<\/td>\n<td width=\"309\">915 MHz NXP U-Code 9, Alien H3, H9 usw.<\/td>\n<\/tr>\n<tr>\n<td width=\"228\">Arbeitstemperatur<\/td>\n<td width=\"309\">\u2013 25\u00baC bis +75\u00baC<\/td>\n<\/tr>\n<tr>\n<td width=\"228\">Waschgang<\/td>\n<td width=\"309\">200 mal<\/td>\n<\/tr>\n<tr>\n<td width=\"228\">Wasserdicht<\/td>\n<td width=\"309\">Ja<\/td>\n<\/tr>\n<tr>\n<td width=\"228\">Chemische Resistenz<\/td>\n<td width=\"309\">Ja<\/td>\n<\/tr>\n<\/tbody>\n<\/table>\n<p data-spm-anchor-id=\"a2700.details.0.i116.60201a70jOXdOd\">\n<p data-spm-anchor-id=\"a2700.details.0.i116.60201a70jOXdOd\"><strong>Anwendung :<\/strong><\/p>\n<ul>\n<li>Hotelbettw\u00e4sche Tracking-Management<\/li>\n<li>Fabrik\/Lager\/Hotel\/Krankenhaus\/Vergn\u00fcgungspark<\/li>\n<li data-spm-anchor-id=\"a2700.details.0.i115.60201a70jOXdOd\"><span data-spm-anchor-id=\"a2700.details.0.i120.60201a70jOXdOd\">Krankenhausuniformen<\/span><\/li>\n<li data-spm-anchor-id=\"a2700.details.0.i118.60201a70jOXdOd\">Bettw\u00e4sche\/ Paletten\/ Leinentaschen<\/li>\n<li>Chemische Reinigung<\/li>\n<li>Verwendung in Hotellaken\/ An Textilien befestigt\/ Arbeitskleidung.<\/li>\n<li>Bekleidungsfabrik, Stofffabrik.<\/li>\n<\/ul>\n<p>&nbsp;<\/p>","protected":false},"excerpt":{"rendered":"<p>RFID-W\u00e4scheetiketten aus Silikon stellen Spitzentechnologie f\u00fcr die automatische \u00dcberwachung und Bestandsverwaltung in W\u00e4schereibetrieben dar. Diese d\u00fcnnen, flexiblen und weichen RFID-Etiketten sind so konzipiert, dass sie chemikalien-, hitze- und druckbest\u00e4ndig sind. Ausgestattet mit robusten RFID-Transpondern sind sie so konstruiert, dass sie \u00fcber 200 Trommelwaschg\u00e4nge und hei\u00dfe Trockenzyklen \u00fcberstehen, ganz zu schweigen von Reinigung und B\u00fcgeln. Unsere RFID-W\u00e4scheetiketten aus Silikon werden normalerweise f\u00fcr die gro\u00dffl\u00e4chige W\u00e4scheverfolgung verwendet und k\u00f6nnen m\u00fchelos in eine Vielzahl von Textilmaterialien wie Bettw\u00e4sche, Blusen, Handt\u00fccher und medizinische Kleidung integriert werden.<\/p>","protected":false},"featured_media":123,"template":"","meta":{"_kad_post_transparent":"default","_kad_post_title":"","_kad_post_layout":"default","_kad_post_sidebar_id":"","_kad_post_content_style":"default","_kad_post_vertical_padding":"default","_kad_post_feature":"","_kad_post_feature_position":"","_kad_post_header":false,"_kad_post_footer":false,"_kad_post_classname":""},"product_brand":[],"product_cat":[20],"product_tag":[62,61],"class_list":{"0":"post-122","1":"product","2":"type-product","3":"status-publish","4":"has-post-thumbnail","6":"product_cat-silicone-rfid-laundry-tag","7":"product_tag-silicone-rfid-laundry-tag","8":"product_tag-silicone-washable-rfid-laundry-tag","10":"first","11":"instock","12":"shipping-taxable","13":"product-type-simple","14":"entry","15":"content-bg","16":"loop-entry"},"_links":{"self":[{"href":"https:\/\/rfid-laundry-tag.com\/de\/wp-json\/wp\/v2\/product\/122","targetHints":{"allow":["GET"]}}],"collection":[{"href":"https:\/\/rfid-laundry-tag.com\/de\/wp-json\/wp\/v2\/product"}],"about":[{"href":"https:\/\/rfid-laundry-tag.com\/de\/wp-json\/wp\/v2\/types\/product"}],"version-history":[{"count":0,"href":"https:\/\/rfid-laundry-tag.com\/de\/wp-json\/wp\/v2\/product\/122\/revisions"}],"wp:featuredmedia":[{"embeddable":true,"href":"https:\/\/rfid-laundry-tag.com\/de\/wp-json\/wp\/v2\/media\/123"}],"wp:attachment":[{"href":"https:\/\/rfid-laundry-tag.com\/de\/wp-json\/wp\/v2\/media?parent=122"}],"wp:term":[{"taxonomy":"product_brand","embeddable":true,"href":"https:\/\/rfid-laundry-tag.com\/de\/wp-json\/wp\/v2\/product_brand?post=122"},{"taxonomy":"product_cat","embeddable":true,"href":"https:\/\/rfid-laundry-tag.com\/de\/wp-json\/wp\/v2\/product_cat?post=122"},{"taxonomy":"product_tag","embeddable":true,"href":"https:\/\/rfid-laundry-tag.com\/de\/wp-json\/wp\/v2\/product_tag?post=122"}],"curies":[{"name":"wp","href":"https:\/\/api.w.org\/{rel}","templated":true}]}}