{"id":120,"date":"2024-06-12T05:14:47","date_gmt":"2024-06-12T05:14:47","guid":{"rendered":"https:\/\/rfid-laundry-tag.com\/?post_type=product&#038;p=120"},"modified":"2024-06-12T06:14:46","modified_gmt":"2024-06-12T06:14:46","slug":"pps-13-56mhz-rfid-laundry-clothes-tag","status":"publish","type":"product","link":"https:\/\/rfid-laundry-tag.com\/de\/pps-13-56mhz-rfid-laundry-clothes-tag\/","title":{"rendered":"PPS 13,56 MHz RFID W\u00e4sche-Kleideranh\u00e4nger"},"content":{"rendered":"<div class=\"J_module\">\n<div class=\"ife-detail-decorate-table\">\n<table class=\"has-title all magic-6\">\n<tbody>\n<tr>\n<td colspan=\"1\" rowspan=\"1\">\n<div class=\"magic-7\" data-spm-anchor-id=\"a2700.details.0.i45.77607d98vZbcDU\"><span class=\"magic-8\" style=\"color: #363535;\">Artikelname<\/span><\/div>\n<\/td>\n<td colspan=\"1\" rowspan=\"1\">\n<div class=\"magic-9\">PPS 13,56 MHz RFID W\u00e4sche-Kleideranh\u00e4nger<\/div>\n<\/td>\n<\/tr>\n<tr>\n<td colspan=\"1\" rowspan=\"1\">\n<div class=\"magic-7\"><span class=\"magic-10\" data-spm-anchor-id=\"a2700.pc-decorate.0.i10.28d333330XLbTD\"><span class=\"magic-8\">Material<\/span><\/span><\/div>\n<\/td>\n<td colspan=\"1\" rowspan=\"1\">\n<div class=\"magic-9\"><span class=\"magic-8\">PPS<\/span><\/div>\n<\/td>\n<\/tr>\n<tr>\n<td colspan=\"1\" rowspan=\"1\">\n<div class=\"magic-7\"><span class=\"magic-8\">Farbe<\/span><\/div>\n<\/td>\n<td colspan=\"1\" rowspan=\"1\">\n<div class=\"magic-9\"><span class=\"magic-8\">Schwarz usw<\/span><\/div>\n<\/td>\n<\/tr>\n<tr>\n<td colspan=\"1\" rowspan=\"1\">Mindestbestellmenge<\/td>\n<td colspan=\"1\" rowspan=\"1\">500 St\u00fcck<\/td>\n<\/tr>\n<tr>\n<td colspan=\"1\" rowspan=\"1\">\n<div class=\"magic-7\"><span class=\"magic-8\">Hersteller\/Chip<\/span><\/div>\n<\/td>\n<td colspan=\"1\" rowspan=\"1\">\n<div class=\"magic-9\"><span class=\"magic-8\">ISO15693: NXP I Code Slix; ISO14443A: Ntag213, Ntag215, Ntag216, Mifare Ultralight ev1 usw.<\/span><\/div>\n<\/td>\n<\/tr>\n<tr>\n<td colspan=\"1\" rowspan=\"1\">\n<div class=\"magic-7\"><span class=\"magic-8\">Frequenz<\/span><\/div>\n<\/td>\n<td colspan=\"1\" rowspan=\"1\">\n<div class=\"magic-9\"><span class=\"magic-8\">13,56 MHz<\/span><\/div>\n<\/td>\n<\/tr>\n<tr>\n<td colspan=\"1\" rowspan=\"1\">\n<div class=\"magic-7\"><span class=\"magic-8\">Erinnerung<\/span><\/div>\n<\/td>\n<td colspan=\"1\" rowspan=\"1\">\n<div class=\"magic-9\"><span class=\"magic-8\">NXP I Code Slix ist 1 KB gro\u00df; Speicher anderer Chips: 144 Byte, 504 Byte, 888 Byte, 64 Byte usw.<\/span><\/div>\n<\/td>\n<\/tr>\n<tr>\n<td colspan=\"1\" rowspan=\"1\">\n<div class=\"magic-7\"><span class=\"magic-8\">Lesedistanz<\/span><\/div>\n<\/td>\n<td colspan=\"1\" rowspan=\"1\">\n<div class=\"magic-9\"><span class=\"magic-8\">1~5 cm<\/span><\/div>\n<\/td>\n<\/tr>\n<tr>\n<td colspan=\"1\" rowspan=\"1\">\n<div class=\"magic-7\"><span class=\"magic-8\">Arbeitsmodus<\/span><\/div>\n<\/td>\n<td colspan=\"1\" rowspan=\"1\">\n<div class=\"magic-9\"><span class=\"magic-8\">passiv<\/span><\/div>\n<\/td>\n<\/tr>\n<tr>\n<td colspan=\"1\" rowspan=\"1\">\n<div class=\"magic-7\"><span class=\"magic-8\">Arbeitstemperatur<\/span><\/div>\n<\/td>\n<td colspan=\"1\" rowspan=\"1\">\n<div class=\"magic-9\"><span class=\"magic-8\">-25\u2103~+110\u2103<\/span><\/div>\n<\/td>\n<\/tr>\n<tr>\n<td colspan=\"1\" rowspan=\"1\">\n<div class=\"magic-7\"><span class=\"magic-8\">Lagertemperatur<\/span><\/div>\n<\/td>\n<td colspan=\"1\" rowspan=\"1\">\n<div class=\"magic-9\"><span class=\"magic-8\">-40\u2103~+85\u2103<\/span><\/div>\n<\/td>\n<\/tr>\n<tr>\n<td colspan=\"1\" rowspan=\"1\">\n<div class=\"magic-7\">\n<div><span class=\"magic-8\">\u00a0<\/span><\/div>\n<p><span class=\"magic-8\">Kurzzeittemperaturbest\u00e4ndigkeit<\/span><\/p>\n<\/div>\n<\/td>\n<td colspan=\"1\" rowspan=\"1\">\n<div class=\"magic-9\"><span class=\"magic-8\">Waschen: 90 \u00b0C, 15 Minuten; Konverter-Vortrocknen: 180 \u00b0C, 30 Minuten, 200 Mal; B\u00fcgeln: 180 \u00b0C, 10 Sekunden, 200 Mal; hoch<br \/>\nTemperatursterilisation: 135\u2103, 20 Minuten<\/span><\/div>\n<\/td>\n<\/tr>\n<tr>\n<td colspan=\"1\" rowspan=\"1\">\n<div class=\"magic-7\"><span class=\"magic-8\">Merkmale<\/span><\/div>\n<\/td>\n<td colspan=\"1\" rowspan=\"1\">\n<div class=\"magic-9\"><span class=\"magic-8\">wasserdicht, waschbar, hochtemperaturbest\u00e4ndig<\/span><\/div>\n<\/td>\n<\/tr>\n<tr>\n<td colspan=\"1\" rowspan=\"1\">\n<div class=\"magic-7\">Protokoll<\/div>\n<\/td>\n<td colspan=\"1\" rowspan=\"1\">\n<div class=\"magic-9\"><span class=\"magic-8\">ISO14443A\/15693<\/span><\/div>\n<\/td>\n<\/tr>\n<tr>\n<td colspan=\"1\" rowspan=\"1\">\n<div class=\"magic-7\"><span class=\"magic-8\">Anwendungen<\/span><\/div>\n<\/td>\n<td colspan=\"1\" rowspan=\"1\">\n<div class=\"magic-9\"><span class=\"magic-8\">W\u00e4schemanagement und -verfolgung<\/span><\/div>\n<\/td>\n<\/tr>\n<\/tbody>\n<\/table>\n<\/div>\n<\/div>\n<div class=\"J_module\">\n<div class=\"detail-decorate-json-renderer-container\">\n<div class=\"magic-1\">\n<div class=\"magic-2\">\n<div class=\"auto-hide-last-sibling-br paragraph_1252f paragraph-element\">\n<div class=\"auto-hide-last-sibling-br paragraph_1252f paragraph-element\"><\/div>\n<div class=\"auto-hide-last-sibling-br paragraph_1252f paragraph-element\">\n<p><b>Anwendung\u00a0<\/b><br \/>\n\u2013 Industrielle W\u00e4sche.<br \/>\n\u2013 Verwaltung der Uniformen.<br \/>\n\u2013 Verwaltung medizinischer Bekleidung.<br \/>\n\u2013 Verwaltung der pers\u00f6nlichen Schutzkleidung.<br \/>\n\u2013 Verwaltung der Personalstreifen.<br \/>\n\u2013 Verwaltung der Feuerl\u00f6schausr\u00fcstung.<br \/>\n\u2013 Verwaltung der Skiausr\u00fcstung.<\/p>\n<\/div>\n<div><\/div>\n<\/div>\n<\/div>\n<div>\n<p>Der <strong>ICODE SLIX IC<\/strong> ist ein dedizierter Chip f\u00fcr intelligente Etikettenanwendungen wie Bibliotheken, Produktauthentifizierung in verschiedenen Branchen wie Pharma, Medizinprodukte und Alkohol sowie Produktionsmanagement in verschiedenen Bereichen der Industrie. Dieser IC ist die dritte Generation einer Produktfamilie von Smart-Label-ICs, die auf den ISO-Standards ISO\/IEC 15693 und ISO\/IEC 18000-3 basieren und eine Erfolgsgeschichte von NXP fortsetzen.<sup>\u00ae<\/sup>\u00a0im Bereich der Umgebungsidentifikationssysteme.<\/p>\n<h3>Kontaktlose Energie- und Daten\u00fcbertragung<\/h3>\n<p>Bei Anschluss an eine sehr einfache und leicht herzustellende Antenne (aufgrund der Tr\u00e4gerfrequenz von 13,56 MHz), die aus wenigen Windungen einer gedruckten, gewickelten, ge\u00e4tzten oder gestanzten Spule besteht, kann der ICODE SLIX IC ohne Sichtverbindung bis zu einer Entfernung von 1,5 m (Torbreite) betrieben werden. Es wird keine Batterie ben\u00f6tigt. Wenn das Smart Label im Feld einer Abfrageantenne positioniert ist, erm\u00f6glicht die Hochgeschwindigkeits-RF-Kommunikationsschnittstelle eine Daten\u00fcbertragung mit bis zu 53 kbit\/s.<\/p>\n<h3>Antikollisions<\/h3>\n<p>Eine intelligente Antikollisionsfunktion erm\u00f6glicht den gleichzeitigen Einsatz mehrerer Tags im Feld. Der Antikollisionsalgorithmus w\u00e4hlt jeden Tag einzeln aus und stellt sicher, dass die Ausf\u00fchrung einer Transaktion mit einem ausgew\u00e4hlten Tag korrekt erfolgt, ohne dass es zu Datenbesch\u00e4digungen durch andere Tags im Feld kommt.<\/p>\n<h3>Merkmale<\/h3>\n<div id=\"featuresXsp\" class=\"features-list\">\n<div class=\"features-xsp\">\n<div class=\"collapse-mobile ste-list\">\n<h3>ICODE SLIX HF-Schnittstelle (ISO\/IEC 15693)<\/h3>\n<ul class=\"boxes\">\n<li>Kontaktlose Daten\u00fcbertragung und Energieversorgung (keine Batterie notwendig)<\/li>\n<li>Reichweite: bis zu 1,5 m (abh\u00e4ngig von der Antennengeometrie)<\/li>\n<li>Betriebsfrequenz: 13,56 MHz (ISM, weltweite Lizenz frei verf\u00fcgbar)<\/li>\n<li>Schnelle Daten\u00fcbertragung: bis zu 53 kbit\/s<\/li>\n<li>Hohe Datenintegrit\u00e4t: 16-Bit CRC, Framing<\/li>\n<li>Echte Kollisionsvermeidung<\/li>\n<li>Passwortgesch\u00fctzte elektronische Artikel\u00fcberwachung (EAS)<\/li>\n<li>Passwortgesch\u00fctzter Application Family Identifier (AFI)<\/li>\n<li>Datenspeicherformat-ID (DSFID)<\/li>\n<li>Zus\u00e4tzliches schnelles Antikollisionslesen<\/li>\n<li>Schreibdistanz gleich Lesedistanz<\/li>\n<\/ul>\n<\/div>\n<div class=\"collapse-mobile ste-list\">\n<h3>EEPROM<\/h3>\n<ul class=\"boxes\">\n<li>1024 Bit, organisiert in 32 Bl\u00f6cken zu je 4 Byte<\/li>\n<li>50 Jahre Datenaufbewahrung<\/li>\n<li>Schreiblebensdauer von 100000 Zyklen<\/li>\n<\/ul>\n<\/div>\n<div class=\"collapse-mobile ste-list\">\n<h3>Sicherheit<\/h3>\n<ul class=\"boxes\">\n<li>Eindeutige Kennung f\u00fcr jedes Ger\u00e4t<\/li>\n<li>Sperrmechanismus f\u00fcr jeden Benutzerspeicherblock (Schreibschutz)<\/li>\n<li>Verriegelungsmechanismus f\u00fcr DSFID, AFI, EAS<\/li>\n<li>Passwortgesch\u00fctzte (32-Bit) EAS- und AFI-Funktionalit\u00e4t<\/li>\n<\/ul>\n<h1 id=\"hero-title\" class=\"sp-hero-title\">NTAG<sup>\u00ae<\/sup>\u00a0213\/215\/216: NFC Forum Type 2 Tag-kompatibler IC mit 144\/504\/888 Byte Benutzerspeicher<\/h1>\n<\/div>\n<\/div>\n<\/div>\n<\/div>\n<div class=\"magic-2\">\n<div class=\"auto-hide-last-sibling-br paragraph_1252f paragraph-element\">\n<p>NTAG 213, NTAG 215 und NTAG 216 wurden von NXP entwickelt<sup>\u00ae<\/sup>\u00a0Halbleiter als standardm\u00e4\u00dfige NFC-Tag-ICs f\u00fcr den Einsatz in Massenmarktanwendungen wie Einzelhandel, Gaming und Unterhaltungselektronik in Kombination mit NFC-Ger\u00e4ten oder NFC-kompatiblen Proximity-Kopplungsger\u00e4ten. NTAG 213, NTAG 215 und NTAG 216 (von nun an allgemein NTAG 21x genannt) sind so konzipiert, dass sie den Spezifikationen NFC Forum Type 2 Tag und ISO\/IEC14443 Type A vollst\u00e4ndig entsprechen.<\/p>\n<p>Zu den Zielanwendungen geh\u00f6ren intelligente Au\u00dfenwerbung und Printmedienwerbung, SoLoMo-Anwendungen, Produktauthentifizierung, NFC-Regaletiketten und mobile Begleittags.<\/p>\n<p>Zu den Anwendungsgebieten geh\u00f6ren intelligente Au\u00dfenwerbung, Produktauthentifizierung, mobile Begleit-Tags, Bluetooth<sup>\u00ae<\/sup>\u00a0oder Wi-Fi-Kopplung, elektronische Regaletiketten und Visitenkarten. Der NTAG 21x-Speicher kann auch segmentiert werden, um mehrere Anwendungen gleichzeitig zu implementieren.<\/p>\n<p>Dank der hohen Eingangskapazit\u00e4t sind NTAG 21x-Tag-ICs besonders f\u00fcr Anwendungen geeignet, die einen geringen Platzbedarf erfordern, ohne Kompromisse bei der Leistung eingehen zu m\u00fcssen. Kleine NFC-Tags k\u00f6nnen beispielsweise einfacher in Produktetiketten oder elektronische Ger\u00e4te eingebettet werden.<\/p>\n<p>Die mechanischen und elektrischen Spezifikationen von NTAG 21x sind auf die Anforderungen von Inlay- und Tag-Herstellern zugeschnitten.<\/p>\n<h3>Kontaktlose Energie- und Daten\u00fcbertragung<\/h3>\n<p>Die Kommunikation mit NTAG 21x kann nur hergestellt werden, wenn der IC an eine Antenne angeschlossen ist.<\/p>\n<p>Wenn NTAG 21x im HF-Feld positioniert ist, erm\u00f6glicht die Hochgeschwindigkeits-HF-Kommunikationsschnittstelle die \u00dcbertragung der Daten mit einer Baudrate von 106 kbit\/s.<\/p>\n<h3>Einfache Bereitstellung und Benutzerfreundlichkeit<\/h3>\n<p>NTAG 21x bietet spezielle Funktionen zur Verbesserung der Integration und Benutzerfreundlichkeit:<\/p>\n<ul>\n<li>Die schnelle Lesefunktion erm\u00f6glicht das Scannen der gesamten NDEF-Nachricht mit nur einem FAST_READ-Befehl und reduziert so den Overhead in Produktionsumgebungen mit hohem Durchsatz.<\/li>\n<li>Die verbesserte HF-Leistung erm\u00f6glicht mehr Flexibilit\u00e4t bei der Wahl von Form, Abmessungen und Materialien<\/li>\n<li>Die Option f\u00fcr 75 \u03bcm IC-Dicke erm\u00f6glicht die Herstellung ultrad\u00fcnner Tags f\u00fcr eine bequemere Integration in beispielsweise Zeitschriften oder Spielkarten.<\/li>\n<\/ul>\n<h3>Sicherheit<\/h3>\n<ul>\n<li>Vom Hersteller programmierte 7-Byte-UID f\u00fcr jedes Ger\u00e4t<\/li>\n<li>Vorprogrammierter Capability-Container mit einmalig programmierbaren Bits<\/li>\n<li>Vor Ort programmierbare Nur-Lese-Sperrfunktion<\/li>\n<li>ECC-basierte Originalit\u00e4tssignatur<\/li>\n<li>32-Bit-Passwortschutz zum Schutz vor unbefugten Speichervorg\u00e4ngen<\/li>\n<\/ul>\n<h3>NFC Forum Tag 2 Typ-Konformit\u00e4t<\/h3>\n<p>NTAG 21x IC bietet vollst\u00e4ndige Konformit\u00e4t mit der technischen Spezifikation des NFC-Forums \u201eTag 2 Type\u201c und erm\u00f6glicht NDEF-Datenstrukturkonfigurationen.<\/p>\n<h3>Antikollisions<\/h3>\n<p>Eine intelligente Antikollisionsfunktion erm\u00f6glicht den gleichzeitigen Betrieb mehrerer Tags im Feld. Der Antikollisionsalgorithmus w\u00e4hlt jeden Tag einzeln aus und stellt sicher, dass die Ausf\u00fchrung einer Transaktion mit einem ausgew\u00e4hlten Tag korrekt erfolgt, ohne dass ein anderer Tag im Feld behindert wird.<\/p>\n<div class=\"auto-hide-last-sibling-br paragraph_1252f paragraph-element\"><\/div>\n<div class=\"auto-hide-last-sibling-br paragraph_1252f paragraph-element\"><\/div>\n<\/div>\n<\/div>\n<\/div>\n<\/div>\n<\/div>","protected":false},"excerpt":{"rendered":"<p>PPS 13,56 MHz RFID-W\u00e4scheetiketten sind genial gestaltet f\u00fcr die Integration oder Befestigung an Bettw\u00e4sche, Handt\u00fcchern und medizinischer Grundausstattung oder Uniformen, die ein robustes RFID-Etikett mit kleinem Durchmesser erfordern. Das Etikett verf\u00fcgt \u00fcber eine PPS + Epoxid-Konstruktion, die Widerstandsf\u00e4higkeit unter starkem Druck und hohen Temperaturen garantiert, was es besonders strapazierf\u00e4hig f\u00fcr anspruchsvolle Branchen macht. Dar\u00fcber hinaus bieten wir Etiketten an, die sowohl mit NFC-Speicherchips nach ISO 15693 als auch 14443 ausgestattet sind, wodurch sie an eine Vielzahl von Anforderungen anpassbar sind.<\/p>","protected":false},"featured_media":121,"template":"","meta":{"_kad_post_transparent":"default","_kad_post_title":"","_kad_post_layout":"default","_kad_post_sidebar_id":"","_kad_post_content_style":"default","_kad_post_vertical_padding":"default","_kad_post_feature":"","_kad_post_feature_position":"","_kad_post_header":false,"_kad_post_footer":false,"_kad_post_classname":""},"product_brand":[],"product_cat":[21,17,53],"product_tag":[39,60,57,45],"class_list":{"0":"post-120","1":"product","2":"type-product","3":"status-publish","4":"has-post-thumbnail","6":"product_cat-pps-rfid-laundry-tag","7":"product_cat-nfc-rfid-laundry-tag","8":"product_cat-rfid-clothes-tag","9":"product_tag-nfc-laundry-tag","10":"product_tag-pps-13-56mhz-rfid-laundry-clothes-tag","11":"product_tag-pps-rfid-laundry-tags","12":"product_tag-pps-washable-nfc-tags","14":"first","15":"instock","16":"shipping-taxable","17":"product-type-simple","18":"entry","19":"content-bg","20":"loop-entry"},"_links":{"self":[{"href":"https:\/\/rfid-laundry-tag.com\/de\/wp-json\/wp\/v2\/product\/120","targetHints":{"allow":["GET"]}}],"collection":[{"href":"https:\/\/rfid-laundry-tag.com\/de\/wp-json\/wp\/v2\/product"}],"about":[{"href":"https:\/\/rfid-laundry-tag.com\/de\/wp-json\/wp\/v2\/types\/product"}],"version-history":[{"count":0,"href":"https:\/\/rfid-laundry-tag.com\/de\/wp-json\/wp\/v2\/product\/120\/revisions"}],"wp:featuredmedia":[{"embeddable":true,"href":"https:\/\/rfid-laundry-tag.com\/de\/wp-json\/wp\/v2\/media\/121"}],"wp:attachment":[{"href":"https:\/\/rfid-laundry-tag.com\/de\/wp-json\/wp\/v2\/media?parent=120"}],"wp:term":[{"taxonomy":"product_brand","embeddable":true,"href":"https:\/\/rfid-laundry-tag.com\/de\/wp-json\/wp\/v2\/product_brand?post=120"},{"taxonomy":"product_cat","embeddable":true,"href":"https:\/\/rfid-laundry-tag.com\/de\/wp-json\/wp\/v2\/product_cat?post=120"},{"taxonomy":"product_tag","embeddable":true,"href":"https:\/\/rfid-laundry-tag.com\/de\/wp-json\/wp\/v2\/product_tag?post=120"}],"curies":[{"name":"wp","href":"https:\/\/api.w.org\/{rel}","templated":true}]}}