{"id":86,"date":"2024-06-11T17:44:19","date_gmt":"2024-06-11T17:44:19","guid":{"rendered":"https:\/\/rfid-laundry-tag.com\/?post_type=product&#038;p=86"},"modified":"2024-06-11T17:52:29","modified_gmt":"2024-06-11T17:52:29","slug":"125khz-pps-rfid-laundry-tag","status":"publish","type":"product","link":"https:\/\/rfid-laundry-tag.com\/da\/vare\/125khz-pps-rfid-laundry-tag\/","title":{"rendered":"125 kHz PPS RFID vaskem\u00e6rke"},"content":{"rendered":"<div class=\"J_module\">\n<div class=\"ife-detail-decorate-table\">\n<table style=\"border-collapse: collapse; width: 451.23pt;\" border=\"0\" width=\"752\" cellspacing=\"0\" cellpadding=\"0\">\n<tbody>\n<tr style=\"height: 28.00pt;\">\n<td class=\"et2\" style=\"height: 28.00pt; width: 138.60pt;\" width=\"231\" height=\"46\">Varens navn<\/td>\n<td class=\"et3\" style=\"width: 312.60pt;\" width=\"521\">125 kHz PPS RFID vaskem\u00e6rke<\/td>\n<\/tr>\n<tr style=\"height: 14.40pt;\">\n<td class=\"et3\" style=\"height: 14.40pt; width: 138.60pt;\" width=\"231\" height=\"24\">Materiale<\/td>\n<td class=\"et3\" style=\"width: 312.60pt;\" width=\"521\">PPS<\/td>\n<\/tr>\n<tr style=\"height: 14.40pt;\">\n<td class=\"et3\" style=\"height: 14.40pt; width: 138.60pt;\" width=\"231\" height=\"24\">Farve<\/td>\n<td class=\"et3\" style=\"width: 312.60pt;\" width=\"521\">Sort<\/td>\n<\/tr>\n<tr style=\"height: 14.40pt;\">\n<td class=\"et3\" style=\"height: 14.40pt; width: 138.60pt;\" width=\"231\" height=\"24\">MOQ<\/td>\n<td class=\"et3\" style=\"width: 312.60pt;\" width=\"521\">500 stk<\/td>\n<\/tr>\n<tr style=\"height: 42.00pt;\">\n<td class=\"et3\" style=\"height: 42.00pt; width: 138.60pt;\" width=\"231\" height=\"70\">Producent\/Chip<\/td>\n<td class=\"et3\" style=\"width: 312.60pt;\" width=\"521\">EM4200, TK4100, EM4305, T5577 osv<\/td>\n<\/tr>\n<tr style=\"height: 14.40pt;\">\n<td class=\"et3\" style=\"height: 14.40pt; width: 138.60pt;\" width=\"231\" height=\"24\">Frekvens<\/td>\n<td class=\"et3\" style=\"width: 312.60pt;\" width=\"521\">125Khz<\/td>\n<\/tr>\n<tr style=\"height: 70.00pt;\">\n<td class=\"et3\" style=\"height: 70.00pt; width: 138.60pt;\" width=\"231\" height=\"116\">St\u00f8rrelse<\/td>\n<td class=\"et3\" style=\"width: 312.60pt;\" width=\"521\">Dia14mm, Dia15mm, Dia18mm, Dia20mm, Dia22mm, Dia24mm, Dia30mm osv.<\/td>\n<\/tr>\n<tr style=\"height: 14.40pt;\">\n<td class=\"et3\" style=\"height: 14.40pt; width: 138.60pt;\" width=\"231\" height=\"24\">L\u00e6s afstand<\/td>\n<td class=\"et3\" style=\"width: 312.60pt;\" width=\"521\">1-5 cm<\/td>\n<\/tr>\n<tr style=\"height: 14.40pt;\">\n<td class=\"et3\" style=\"height: 14.40pt; width: 138.60pt;\" width=\"231\" height=\"24\">Arbejdstilstand<\/td>\n<td class=\"et3\" style=\"width: 312.60pt;\" width=\"521\">passiv<\/td>\n<\/tr>\n<tr style=\"height: 14.40pt;\">\n<td class=\"et3\" style=\"height: 14.40pt; width: 138.60pt;\" width=\"231\" height=\"24\">Arbejdstemperatur<\/td>\n<td class=\"et3\" style=\"width: 312.60pt;\" width=\"521\">-25<span class=\"font0\">\u2103<\/span><span class=\"font2\">~+110<\/span><span class=\"font0\">\u2103<\/span><\/td>\n<\/tr>\n<tr style=\"height: 14.40pt;\">\n<td class=\"et3\" style=\"height: 14.40pt; width: 138.60pt;\" width=\"231\" height=\"24\">Opbevaringstemperatur<\/td>\n<td class=\"et3\" style=\"width: 312.60pt;\" width=\"521\">-40<span class=\"font0\">\u2103<\/span><span class=\"font2\">~+85<\/span><span class=\"font0\">\u2103<\/span><\/td>\n<\/tr>\n<tr style=\"height: 73.00pt;\">\n<td class=\"et4\" style=\"height: 73.00pt;\" height=\"121\">Driftsspecifikationer<\/td>\n<td class=\"et3\" style=\"width: 312.60pt;\" width=\"521\">Vandt\u00e6t; modstandsdygtig over for neds\u00e6nkning i saltvand, alkohol, olie, 10%HCL; Ammoniak; st\u00f8d og vibrationer<\/td>\n<\/tr>\n<tr style=\"height: 14.40pt;\">\n<td class=\"et3\" style=\"height: 14.40pt; width: 138.60pt;\" width=\"231\" height=\"24\">Funktioner<\/td>\n<td class=\"et3\" style=\"width: 312.60pt;\" width=\"521\">vandt\u00e6t, vaskbar, modstandsdygtig over for h\u00f8je temperaturer<\/td>\n<\/tr>\n<tr style=\"height: 14.40pt;\">\n<td class=\"et3\" style=\"height: 14.40pt; width: 138.60pt;\" width=\"231\" height=\"24\">Ans\u00f8gninger<\/td>\n<td class=\"et3\" style=\"width: 312.60pt;\" width=\"521\">vaskeri styring og sporing<\/td>\n<\/tr>\n<\/tbody>\n<\/table>\n<\/div>\n<\/div>\n<div class=\"J_module\">\n<div class=\"detail-decorate-json-renderer-container\">\n<div class=\"magic-1\">\n<div>\n<div><\/div>\n<\/div>\n<div class=\"magic-2\">\n<div>\n<div class=\"auto-hide-last-sibling-br paragraph_1252f paragraph-element\">\n<div class=\"auto-hide-last-sibling-br paragraph_1252f paragraph-element\">125 kHz PPS RFID-vaskem\u00e6rker leverer adskillige fordele, n\u00e5r de integreres i RFID-vaskem\u00e6rkel\u00f8sninger.<\/div>\n<div class=\"auto-hide-last-sibling-br paragraph_1252f paragraph-element\">Blandt disse fordele er:<\/div>\n<p>&nbsp;<\/p>\n<ol class=\"auto-hide-last-sibling-br\">\n<li>Fabriksdirekte priser sikrer omkostningseffektive l\u00f8sninger.<\/li>\n<li>Garanteret kvalitet, med 100%-test udf\u00f8rt f\u00f8r forsendelse.<\/li>\n<li>Langvarig p\u00e5lidelighed, certificeret til at overstige 200 vaskecyklusser eller kan prale af en 2-\u00e5rs levetidsgaranti efter forsendelse.<\/li>\n<li>Enest\u00e5ende holdbarhed med modstandsdygtighed over for vand, varme, tryk og kemikaliep\u00e5virkning.<\/li>\n<li>Vi leverer ogs\u00e5 en gratis pr\u00f8ve til kvalitetssikring og test.<\/li>\n<\/ol>\n<div class=\"auto-hide-last-sibling-br paragraph_1252f paragraph-element\">RFID-knaptag-applikationer:<\/div>\n<p>&nbsp;<\/p>\n<ol class=\"auto-hide-last-sibling-br\">\n<li>\n<div class=\"auto-hide-last-sibling-br paragraph_1252f paragraph-element\">Industrielle vaskerier: P\u00e5 den industrielle arena g\u00f8r brugen af RFID-vaskem\u00e6rkeknapper sporing af massive linnedm\u00e6ngder ubesv\u00e6ret.<\/div>\n<\/li>\n<li>\n<div class=\"auto-hide-last-sibling-br paragraph_1252f paragraph-element\">Hospitaler og hoteller: Disse institutioner h\u00e5ndterer ofte store m\u00e6ngder vasket\u00f8jsopgaver, hvor disse tags har vist sig at v\u00e6re afg\u00f8rende for at \u00f8ge effektiviteten og str\u00f8mline lagerstyringen.<\/div>\n<\/li>\n<li>\n<div class=\"auto-hide-last-sibling-br paragraph_1252f paragraph-element\">Udlejning af linned: Firmaer, der tilbyder udlejning af linned, anvender disse tags for at hj\u00e6lpe med at forenkle lagerstyring og sikre kvalitetskontrol.<\/div>\n<\/li>\n<\/ol>\n<\/div>\n<\/div>\n<\/div>\n<\/div>\n<\/div>\n<\/div>","protected":false},"excerpt":{"rendered":"<div class=\"auto-hide-last-sibling-br paragraph_1252f paragraph-element\">125 kHz PPS Button RFID Tag, almindeligt kendt som RFID button tag, er en t\u00e6t bygget enhed beregnet til applikationer, der kr\u00e6ver tags, der er modstandsdygtige over for h\u00e5rde forhold. Vi leverer et udvalg af RFID-tags til vasket\u00f8j, der anvender 125 kHz LF, 13,56 MHz HF, foruden Gen 2 UHF-frekvenser.<\/div>\n<div class=\"auto-hide-last-sibling-br paragraph_1252f paragraph-element\">Disse RFID-tags for vasket\u00f8j er bygget til at holde gennem kr\u00e6vende arbejdsgange for vaskeri p\u00e5 hoteller og institutioner, og de tilbyder modstandsdygtighed og tilpasningsevne til forskellige metoder s\u00e5som vask, t\u00f8rring, renseri og strygning.<\/div>","protected":false},"featured_media":87,"template":"","meta":{"_kad_post_transparent":"default","_kad_post_title":"","_kad_post_layout":"default","_kad_post_sidebar_id":"","_kad_post_content_style":"default","_kad_post_vertical_padding":"default","_kad_post_feature":"","_kad_post_feature_position":"","_kad_post_header":false,"_kad_post_footer":false,"_kad_post_classname":""},"product_brand":[],"product_cat":[21,18],"product_tag":[52,51,49],"class_list":{"0":"post-86","1":"product","2":"type-product","3":"status-publish","4":"has-post-thumbnail","6":"product_cat-pps-rfid-laundry-tag","7":"product_cat-125khz-rfid-laundry-tag","8":"product_tag-125khz-pps-rfid-laundry-tag","9":"product_tag-125khz-rfid-laundry-tag","10":"product_tag-button-rfid-tag","12":"first","13":"instock","14":"shipping-taxable","15":"product-type-simple","16":"entry","17":"content-bg","18":"loop-entry"},"_links":{"self":[{"href":"https:\/\/rfid-laundry-tag.com\/da\/wp-json\/wp\/v2\/product\/86","targetHints":{"allow":["GET"]}}],"collection":[{"href":"https:\/\/rfid-laundry-tag.com\/da\/wp-json\/wp\/v2\/product"}],"about":[{"href":"https:\/\/rfid-laundry-tag.com\/da\/wp-json\/wp\/v2\/types\/product"}],"version-history":[{"count":0,"href":"https:\/\/rfid-laundry-tag.com\/da\/wp-json\/wp\/v2\/product\/86\/revisions"}],"wp:featuredmedia":[{"embeddable":true,"href":"https:\/\/rfid-laundry-tag.com\/da\/wp-json\/wp\/v2\/media\/87"}],"wp:attachment":[{"href":"https:\/\/rfid-laundry-tag.com\/da\/wp-json\/wp\/v2\/media?parent=86"}],"wp:term":[{"taxonomy":"product_brand","embeddable":true,"href":"https:\/\/rfid-laundry-tag.com\/da\/wp-json\/wp\/v2\/product_brand?post=86"},{"taxonomy":"product_cat","embeddable":true,"href":"https:\/\/rfid-laundry-tag.com\/da\/wp-json\/wp\/v2\/product_cat?post=86"},{"taxonomy":"product_tag","embeddable":true,"href":"https:\/\/rfid-laundry-tag.com\/da\/wp-json\/wp\/v2\/product_tag?post=86"}],"curies":[{"name":"wp","href":"https:\/\/api.w.org\/{rel}","templated":true}]}}