{"id":83,"date":"2024-06-11T17:35:21","date_gmt":"2024-06-11T17:35:21","guid":{"rendered":"https:\/\/rfid-laundry-tag.com\/?post_type=product&#038;p=83"},"modified":"2024-06-14T16:23:02","modified_gmt":"2024-06-14T16:23:02","slug":"rfid-laundry-button-nfc-tag","status":"publish","type":"product","link":"https:\/\/rfid-laundry-tag.com\/da\/vare\/rfid-laundry-button-nfc-tag\/","title":{"rendered":"RFID-vaskeknap NFC-tag"},"content":{"rendered":"<div class=\"J_module\">\n<div class=\"ife-detail-decorate-table\">\n<table class=\"has-title all magic-6\">\n<tbody>\n<tr>\n<td colspan=\"1\" rowspan=\"1\">\n<div class=\"magic-7\" data-spm-anchor-id=\"a2700.details.0.i45.77607d98vZbcDU\"><span class=\"magic-8\" style=\"color: #363535;\">Varens navn<\/span><\/div>\n<\/td>\n<td colspan=\"1\" rowspan=\"1\">\n<div class=\"magic-9\"><span class=\"magic-8\">RFID-vaskeknap NFC-tag<\/span><\/div>\n<\/td>\n<\/tr>\n<tr>\n<td colspan=\"1\" rowspan=\"1\">\n<div class=\"magic-7\"><span class=\"magic-10\" data-spm-anchor-id=\"a2700.pc-decorate.0.i10.28d333330XLbTD\"><span class=\"magic-8\">Materiale<\/span><\/span><\/div>\n<\/td>\n<td colspan=\"1\" rowspan=\"1\">\n<div class=\"magic-9\"><span class=\"magic-8\">PPS<\/span><\/div>\n<\/td>\n<\/tr>\n<tr>\n<td colspan=\"1\" rowspan=\"1\">\n<div class=\"magic-7\"><span class=\"magic-8\">Farve<\/span><\/div>\n<\/td>\n<td colspan=\"1\" rowspan=\"1\">\n<div class=\"magic-9\"><span class=\"magic-8\">Sort<\/span><\/div>\n<\/td>\n<\/tr>\n<tr>\n<td colspan=\"1\" rowspan=\"1\">MOQ<\/td>\n<td colspan=\"1\" rowspan=\"1\">500 stk<\/td>\n<\/tr>\n<tr>\n<td colspan=\"1\" rowspan=\"1\">\n<div class=\"magic-7\"><span class=\"magic-8\">Producent\/Chip<\/span><\/div>\n<\/td>\n<td colspan=\"1\" rowspan=\"1\">\n<div class=\"magic-9\"><span class=\"magic-8\">NXP Ntag215, Ntag216, NTAG213, Mifare 1k, Mifare Ultralight ev1 osv.<\/span><\/div>\n<\/td>\n<\/tr>\n<tr>\n<td colspan=\"1\" rowspan=\"1\">\n<div class=\"magic-7\"><span class=\"magic-8\">Frekvens<\/span><\/div>\n<\/td>\n<td colspan=\"1\" rowspan=\"1\">\n<div class=\"magic-9\"><span class=\"magic-8\">13,56 MHz<\/span><\/div>\n<\/td>\n<\/tr>\n<tr>\n<td colspan=\"1\" rowspan=\"1\">\n<div class=\"magic-7\"><span class=\"magic-8\">Hukommelse<\/span><\/div>\n<\/td>\n<td colspan=\"1\" rowspan=\"1\">\n<div class=\"magic-9\"><span class=\"magic-8\">504Byte\/888Byte\/144 Bytes\/1K Byte\/64 Byte<\/span><\/div>\n<\/td>\n<\/tr>\n<tr>\n<td colspan=\"1\" rowspan=\"1\">\n<div class=\"magic-7\"><span class=\"magic-8\">L\u00e6s afstand<\/span><\/div>\n<\/td>\n<td colspan=\"1\" rowspan=\"1\">\n<div class=\"magic-9\"><span class=\"magic-8\">1-5 cm<\/span><\/div>\n<\/td>\n<\/tr>\n<tr>\n<td colspan=\"1\" rowspan=\"1\">\n<div class=\"magic-7\"><span class=\"magic-8\">Arbejdstilstand<\/span><\/div>\n<\/td>\n<td colspan=\"1\" rowspan=\"1\">\n<div class=\"magic-9\"><span class=\"magic-8\">passiv<\/span><\/div>\n<\/td>\n<\/tr>\n<tr>\n<td colspan=\"1\" rowspan=\"1\">\n<div class=\"magic-7\"><span class=\"magic-8\">Arbejdstemperatur<\/span><\/div>\n<\/td>\n<td colspan=\"1\" rowspan=\"1\">\n<div class=\"magic-9\"><span class=\"magic-8\">-25\u2103~+110\u2103<\/span><\/div>\n<\/td>\n<\/tr>\n<tr>\n<td colspan=\"1\" rowspan=\"1\">\n<div class=\"magic-7\"><span class=\"magic-8\">Opbevaringstemperatur<\/span><\/div>\n<\/td>\n<td colspan=\"1\" rowspan=\"1\">\n<div class=\"magic-9\"><span class=\"magic-8\">-40\u2103~+85\u2103<\/span><\/div>\n<\/td>\n<\/tr>\n<tr>\n<td colspan=\"1\" rowspan=\"1\">\n<div class=\"magic-7\">\n<div><span class=\"magic-8\">\u00a0<\/span><\/div>\n<p><span class=\"magic-8\">Kortvarig temperaturmodstand<\/span><\/p>\n<\/div>\n<\/td>\n<td colspan=\"1\" rowspan=\"1\">\n<div class=\"magic-9\"><span class=\"magic-8\">vask: 90 \u2103, 15 minutter; konverter fort\u00f8rring: 180 \u2103, 30 minutter, 200 gange; strygning: 180 \u2103, 10 sekunder, 200 gange; h\u00f8j<br \/>\ntemperatursterilisering: 135\u2103, 20 minutter<\/span><\/div>\n<\/td>\n<\/tr>\n<tr>\n<td colspan=\"1\" rowspan=\"1\">\n<div class=\"magic-7\"><span class=\"magic-8\">Funktioner<\/span><\/div>\n<\/td>\n<td colspan=\"1\" rowspan=\"1\">\n<div class=\"magic-9\"><span class=\"magic-8\">vandt\u00e6t, vaskbar, modstandsdygtig over for h\u00f8je temperaturer<\/span><\/div>\n<\/td>\n<\/tr>\n<tr>\n<td colspan=\"1\" rowspan=\"1\">\n<div class=\"magic-7\"><span class=\"magic-8\">Liv<\/span><\/div>\n<\/td>\n<td colspan=\"1\" rowspan=\"1\">\n<div class=\"magic-9\"><span class=\"magic-8\">vask 200 gange eller 3 \u00e5r<\/span><\/div>\n<\/td>\n<\/tr>\n<tr>\n<td colspan=\"1\" rowspan=\"1\">\n<div class=\"magic-7\"><span class=\"magic-8\">Ans\u00f8gninger<\/span><\/div>\n<\/td>\n<td colspan=\"1\" rowspan=\"1\">\n<div class=\"magic-9\"><span class=\"magic-8\">vaskeri styring og sporing<\/span><\/div>\n<\/td>\n<\/tr>\n<\/tbody>\n<\/table>\n<\/div>\n<\/div>\n<div class=\"J_module\">\n<div class=\"detail-decorate-json-renderer-container\">\n<div class=\"magic-1\">\n<div class=\"magic-2\">\n<div class=\"magic-3\">\n<div><\/div>\n<\/div>\n<\/div>\n<p><strong>Chip muligheder:<\/strong><\/p>\n<ul>\n<li><strong>NXP UCODE 8\/9:<\/strong>\u00a0Omkostningseffektive chips, der er ideelle til grundl\u00e6ggende sporing og identifikation, med en l\u00e6ser\u00e6kkevidde p\u00e5 op til 10 meter.<\/li>\n<li><strong>NTAG213:<\/strong>\u00a0NFC-aktiveret chip, der tillader kommunikation med smartphones og andre NFC-enheder, perfekt til applikationer som kontaktl\u00f8se betalinger eller adgang til produktinformation.<\/li>\n<li><strong>Mifare 1k:<\/strong>\u00a0Sikker chip med st\u00e6rk kryptering og autentificeringsfunktioner, velegnet til adgangskontrol og sikker datalagring.<\/li>\n<li><strong>EM4305:<\/strong>\u00a0Billig chip til grundl\u00e6ggende adgangskontrolapplikationer med en l\u00e6ser\u00e6kkevidde p\u00e5 op til 1 meter.<\/li>\n<li><strong>T5577:<\/strong>\u00a0Endnu en billig chip til adgangskontrol og billetsystemer, der tilbyder en l\u00e6ser\u00e6kkevidde p\u00e5 op til 1 meter.<\/li>\n<\/ul>\n<h3>Funktioner<\/h3>\n<div id=\"featuresXsp\" class=\"features-list toggle-opacity in\">\n<div class=\"features-xsp\">\n<div class=\"collapse-mobile ste-list-ul\">\n<ul class=\"boxes\">\n<li>Kontaktl\u00f8s overf\u00f8rsel af data og forsyningsenergi<\/li>\n<li>Driftsfrekvens p\u00e5 13,56 MHz<\/li>\n<li>Dataoverf\u00f8rsel p\u00e5 106 kbit\/s<\/li>\n<li>Dataintegritet af 16-bit CRC, paritet, bitkodning, bitt\u00e6lling<\/li>\n<li>Driftsafstand op til 100 mm (afh\u00e6ngig af forskellige parametre som f.eks. feltstyrke og antennegeometri)<\/li>\n<li>7-byte serienummer (kaskade niveau 2 i henhold til ISO\/IEC 14443-3)<\/li>\n<li>UID ASCII-spejl til automatisk serialisering af NDEF-meddelelser<\/li>\n<li>Automatisk NFC-t\u00e6ller udl\u00f8st ved en l\u00e6sekommando<\/li>\n<li>NFC-t\u00e6ller ASCII-spejl til automatisk tilf\u00f8jelse af NFC-t\u00e6llerv\u00e6rdien til NDEF-meddelelsen<\/li>\n<li>ECC-baseret originalitetssignatur<\/li>\n<li>Hurtig l\u00e6sekommando<\/li>\n<li>\u00c6gte anti-kollision<\/li>\n<li>50 pF input kapacitans<\/li>\n<\/ul>\n<\/div>\n<div class=\"collapse-mobile ste-list-ul\">\n<ul class=\"boxes\">\n<li>180, 540 eller 924 bytes organiseret i 45, 135 eller 231 sider med 4 bytes pr.<\/li>\n<li>144, 504 eller 888 bytes frit tilg\u00e6ngeligt l\u00e6se-\/skriveomr\u00e5de (36, 126 eller 222 sider)<\/li>\n<li>4 bytes initialiseret kapacitetsbeholder med engangsprogrammerbare adgangsbits<\/li>\n<li>Feltprogrammerbar skrivebeskyttet l\u00e5sefunktion pr. side for de f\u00f8rste 16 sider<\/li>\n<li>Feltprogrammerbar skrivebeskyttet l\u00e5sefunktion over de f\u00f8rste 16 sider pr. dobbeltside for NTAG 213 eller pr. 16 sider for NTAG 215 og NTAG 216<\/li>\n<li>Konfigurerbar adgangskodebeskyttelse med en valgfri gr\u00e6nse for mislykkede fors\u00f8g<\/li>\n<li>Antirivningsst\u00f8tte til kapacitetsbeholder (CC) og l\u00e5sebits<\/li>\n<li>ECC-underst\u00f8ttet originalitetskontrol<\/li>\n<li>Datalagringstid p\u00e5 10 \u00e5r<\/li>\n<li>Skriv udholdenhed 100.000 cyklusser<\/li>\n<\/ul>\n<\/div>\n<\/div>\n<\/div>\n<div class=\"magic-2\">\n<div class=\"auto-hide-last-sibling-br paragraph_1252f paragraph-element\">\n<div class=\"auto-hide-last-sibling-br paragraph_1252f paragraph-element\"><strong>RFID vaskem\u00e6rke-applikationer:<\/strong><\/div>\n<p>&nbsp;<\/p>\n<ol class=\"auto-hide-last-sibling-br\">\n<li>\n<div class=\"auto-hide-last-sibling-br paragraph_1252f paragraph-element\">Industrielle vaskerier: I industrielle omgivelser bliver sporing af store m\u00e6ngder linned en leg med vores RFID-vaskem\u00e6rkeknapper.<\/div>\n<\/li>\n<li>\n<div class=\"auto-hide-last-sibling-br paragraph_1252f paragraph-element\">Sundhedsfaciliteter og hoteller: Institutioner som disse h\u00e5ndterer ofte vaskeri i store m\u00e6ngder, hvor vores tags konsekvent forbedrer effektiviteten og str\u00f8mliner lagerstyring.<\/div>\n<\/li>\n<li>\n<div class=\"auto-hide-last-sibling-br paragraph_1252f paragraph-element\">Udlejning af linned: Virksomheder i servicesektoren for linnedudlejning udnytter disse tags til at forenkle lagerstyring og opretholde kvalitetskontrol.<\/div>\n<\/li>\n<\/ol>\n<div class=\"auto-hide-last-sibling-br paragraph_1252f paragraph-element\">Vi tilbyder en r\u00e6kke RFID-vaskem\u00e6rker p\u00e5 tv\u00e6rs af 125 kHz LF, 13,56 MHz HF og Gen 2 UHF-frekvenser, der hver is\u00e6r er designet til at im\u00f8dekomme forskellige unikke behov. Vores tags, kendt for deres holdbarhed og st\u00f8rrelsesdiversitet, kan problemfrit t\u00e5le h\u00f8je temperaturer, institutionelle vaskecyklusser. Disse RFID-tags til vasket\u00f8j er bygget til at modst\u00e5 de strenge vaskeprocesser p\u00e5 hoteller og institutioner og lover en holdbarhed, der t\u00e5ler vask, t\u00f8rring, kemisk rensning og strygning.<\/div>\n<p>&nbsp;<\/p>\n<div class=\"auto-hide-last-sibling-br paragraph_1252f paragraph-element\">Brugen af PPS-materiale til fremstilling af vores tags sikrer, at de kan modst\u00e5 neds\u00e6nkning i vand, uds\u00e6ttelse for varme, fysisk tryk og kemikalier. Disse tags er perfekte til lagerprocesser og verifikation i forskellige sektorer som sundhedspleje, g\u00e6stfrihed, arbejdst\u00f8j, uddannelse og mere. De kan nemt sys p\u00e5 forskellige tekstilgenstande som senget\u00f8j, servietter, h\u00e5ndkl\u00e6der og talrige bekl\u00e6dningsgenstande eller placeres inde i kabinetter.<\/div>\n<\/div>\n<div class=\"auto-hide-last-sibling-br paragraph_1252f paragraph-element\"><\/div>\n<\/div>\n<\/div>\n<\/div>\n<\/div>","protected":false},"excerpt":{"rendered":"<p>RFID Laundry Button NFC Tag er designet til identifikation og overv\u00e5gning i vaskerih\u00e5ndtering. Disse m\u00e6rker kan bekvemt fastg\u00f8res til hvert t\u00f8jstykke eller vaskepose. Hver NFC-knap er udstyret med et karakteristisk identifikationsm\u00e6rke, der kan forbindes med bestemte stykker vasket\u00f8j. Dette g\u00f8r processen med vasket\u00f8jssporing mere str\u00f8mlinet og effektiv.<\/p>","protected":false},"featured_media":156,"template":"","meta":{"_kad_post_transparent":"default","_kad_post_title":"","_kad_post_layout":"default","_kad_post_sidebar_id":"","_kad_post_content_style":"default","_kad_post_vertical_padding":"default","_kad_post_feature":"","_kad_post_feature_position":"","_kad_post_header":false,"_kad_post_footer":false,"_kad_post_classname":""},"product_brand":[],"product_cat":[21,17],"product_tag":[43,35,72,44],"class_list":{"0":"post-83","1":"product","2":"type-product","3":"status-publish","4":"has-post-thumbnail","6":"product_cat-pps-rfid-laundry-tag","7":"product_cat-nfc-rfid-laundry-tag","8":"product_tag-pps-rfid-washable-laundry-tags","9":"product_tag-rfid-button","10":"product_tag-rfid-laundry-button-nfc-tag","11":"product_tag-rfid-washable-laundry-tags","13":"first","14":"instock","15":"shipping-taxable","16":"product-type-simple","17":"entry","18":"content-bg","19":"loop-entry"},"_links":{"self":[{"href":"https:\/\/rfid-laundry-tag.com\/da\/wp-json\/wp\/v2\/product\/83","targetHints":{"allow":["GET"]}}],"collection":[{"href":"https:\/\/rfid-laundry-tag.com\/da\/wp-json\/wp\/v2\/product"}],"about":[{"href":"https:\/\/rfid-laundry-tag.com\/da\/wp-json\/wp\/v2\/types\/product"}],"version-history":[{"count":1,"href":"https:\/\/rfid-laundry-tag.com\/da\/wp-json\/wp\/v2\/product\/83\/revisions"}],"predecessor-version":[{"id":155,"href":"https:\/\/rfid-laundry-tag.com\/da\/wp-json\/wp\/v2\/product\/83\/revisions\/155"}],"wp:featuredmedia":[{"embeddable":true,"href":"https:\/\/rfid-laundry-tag.com\/da\/wp-json\/wp\/v2\/media\/156"}],"wp:attachment":[{"href":"https:\/\/rfid-laundry-tag.com\/da\/wp-json\/wp\/v2\/media?parent=83"}],"wp:term":[{"taxonomy":"product_brand","embeddable":true,"href":"https:\/\/rfid-laundry-tag.com\/da\/wp-json\/wp\/v2\/product_brand?post=83"},{"taxonomy":"product_cat","embeddable":true,"href":"https:\/\/rfid-laundry-tag.com\/da\/wp-json\/wp\/v2\/product_cat?post=83"},{"taxonomy":"product_tag","embeddable":true,"href":"https:\/\/rfid-laundry-tag.com\/da\/wp-json\/wp\/v2\/product_tag?post=83"}],"curies":[{"name":"wp","href":"https:\/\/api.w.org\/{rel}","templated":true}]}}