{"id":731,"date":"2024-07-16T17:14:51","date_gmt":"2024-07-16T17:14:51","guid":{"rendered":"https:\/\/rfid-laundry-tag.com\/?post_type=product&#038;p=731"},"modified":"2024-08-14T16:37:34","modified_gmt":"2024-08-14T16:37:34","slug":"uhf-rfid-dry-inlays-with-nxp-ucode-9","status":"publish","type":"product","link":"https:\/\/rfid-laundry-tag.com\/da\/vare\/uhf-rfid-dry-inlays-with-nxp-ucode-9\/","title":{"rendered":"UHF RFID t\u00f8rre indl\u00e6g med NXP Ucode 9"},"content":{"rendered":"<h2>UHF RFID t\u00f8rre indl\u00e6g med NXP-Ucode 9<\/h2>\n<ul>\n<li><strong>Frekvens:<\/strong>\u00a0860-960 MHz<\/li>\n<li><strong>Protokol:<\/strong>\u00a0ISO18000-6C<\/li>\n<li><strong>L\u00e6seomr\u00e5de:<\/strong>\u00a0Lang l\u00e6ser\u00e6kkevidde (op til 10 meter)<\/li>\n<li><strong>Chip muligheder:<\/strong>\n<ul>\n<li><strong>NXP-Ucode9:<\/strong>\u00a0H\u00f8jtydende chip med forbedrede sikkerhedsfunktioner.<\/li>\n<li><strong>Andre muligheder:<\/strong>\u00a0Alien H3, Monza R6, NXP-Ucode8, NXP-Ucode7<\/li>\n<\/ul>\n<\/li>\n<\/ul>\n<p><strong>Tilpasningsmuligheder:<\/strong><\/p>\n<p>Vi tilbyder en r\u00e6kke tilpasningsmuligheder for RFID-indl\u00e6g, herunder:<\/p>\n<ul>\n<li><strong>Materialer:<\/strong>\u00a0Coated papir, PVC, PET, skr\u00f8beligt papir osv.<\/li>\n<li><strong>St\u00f8rrelse:<\/strong>\u00a0Tilpasset st\u00f8rrelse til at passe til specifikke produktdimensioner.<\/li>\n<li><strong>Trykning:<\/strong>\u00a0Logotryk, nummertryk, stregkodetryk.<\/li>\n<li><strong>Kodning og kryptering:<\/strong>\u00a0Sikker datalagring og kommunikation.<\/li>\n<\/ul>\n<p><strong>RFID indl\u00e6g<\/strong>\u00a0er hjertet i et RFID-system, der indeholder mikrochippen (IC) og antennen, der muligg\u00f8r kommunikation med en l\u00e6ser. De er kategoriseret i to hovedtyper baseret p\u00e5 deres konstruktion:<\/p>\n<p><strong>1. RFID-t\u00f8rre indl\u00e6g:<\/strong><\/p>\n<ul>\n<li><strong>Beskrivelse:<\/strong>\u00a0T\u00f8rre indl\u00e6g er designet til direkte integration i materialer eller underlag. De mangler en kl\u00e6bende bagside, hvilket g\u00f8r dem ideelle til applikationer, der kr\u00e6ver permanent fastg\u00f8relse. De kommer ofte med en lamineret overflade.<\/li>\n<li><strong>N\u00f8glefunktioner:<\/strong>\n<ul>\n<li><strong>Ingen kl\u00e6bemiddel:<\/strong>\u00a0Eliminerer behovet for yderligere kl\u00e6betrin.<\/li>\n<li><strong>Direkte integration:<\/strong>\u00a0Inkorporeres nemt i produkter, emballage eller andre materialer.<\/li>\n<li><strong>Holdbar konstruktion:<\/strong>\u00a0Modstandsdygtige over for slid, hvilket g\u00f8r dem velegnede til kr\u00e6vende milj\u00f8er.<\/li>\n<\/ul>\n<\/li>\n<\/ul>\n<p><strong>2. RFID v\u00e5de indl\u00e6g:<\/strong><\/p>\n<ul>\n<li><strong>Beskrivelse:<\/strong>\u00a0V\u00e5de indl\u00e6g kommer med en kl\u00e6bende bagside, s\u00e5 de kan p\u00e5f\u00f8res direkte p\u00e5 et produkt eller omdannes til smarte etiketter. Dette g\u00f8r dem til en omkostningseffektiv l\u00f8sning til tagging i store m\u00e6ngder.<\/li>\n<li><strong>N\u00f8glefunktioner:<\/strong>\n<ul>\n<li><strong>Kl\u00e6bende bagside:<\/strong>\u00a0Muligg\u00f8r nem p\u00e5f\u00f8ring p\u00e5 forskellige overflader.<\/li>\n<li><strong>Omkostningseffektiv:<\/strong>\u00a0Ideel til tagging-projekter med store m\u00e6ngder.<\/li>\n<li><strong>Alsidige applikationer:<\/strong>\u00a0Velegnet til produkter, der kr\u00e6ver midlertidig eller permanent m\u00e6rkning.<\/li>\n<\/ul>\n<\/li>\n<\/ul>","protected":false},"excerpt":{"rendered":"<p>UHF RFID Dry Inlays med NXP Ucode 9 for forbedret sikkerhed og datalagring. Direkte integreret i materialer.<\/p>","protected":false},"featured_media":732,"template":"","meta":{"_kad_post_transparent":"default","_kad_post_title":"","_kad_post_layout":"default","_kad_post_sidebar_id":"","_kad_post_content_style":"default","_kad_post_vertical_padding":"default","_kad_post_feature":"","_kad_post_feature_position":"","_kad_post_header":false,"_kad_post_footer":false,"_kad_post_classname":""},"product_brand":[],"product_cat":[189,54],"product_tag":[192,191],"class_list":{"0":"post-731","1":"product","2":"type-product","3":"status-publish","4":"has-post-thumbnail","6":"product_cat-rfid-inlay","7":"product_cat-hot-selling-rfid-tags","8":"product_tag-uhf-rfid-dry-inlays","9":"product_tag-uhf-rfid-dry-inlays-with-nxp-ucode-9","11":"first","12":"instock","13":"shipping-taxable","14":"product-type-simple","15":"entry","16":"content-bg","17":"loop-entry"},"_links":{"self":[{"href":"https:\/\/rfid-laundry-tag.com\/da\/wp-json\/wp\/v2\/product\/731","targetHints":{"allow":["GET"]}}],"collection":[{"href":"https:\/\/rfid-laundry-tag.com\/da\/wp-json\/wp\/v2\/product"}],"about":[{"href":"https:\/\/rfid-laundry-tag.com\/da\/wp-json\/wp\/v2\/types\/product"}],"version-history":[{"count":4,"href":"https:\/\/rfid-laundry-tag.com\/da\/wp-json\/wp\/v2\/product\/731\/revisions"}],"predecessor-version":[{"id":1329,"href":"https:\/\/rfid-laundry-tag.com\/da\/wp-json\/wp\/v2\/product\/731\/revisions\/1329"}],"wp:featuredmedia":[{"embeddable":true,"href":"https:\/\/rfid-laundry-tag.com\/da\/wp-json\/wp\/v2\/media\/732"}],"wp:attachment":[{"href":"https:\/\/rfid-laundry-tag.com\/da\/wp-json\/wp\/v2\/media?parent=731"}],"wp:term":[{"taxonomy":"product_brand","embeddable":true,"href":"https:\/\/rfid-laundry-tag.com\/da\/wp-json\/wp\/v2\/product_brand?post=731"},{"taxonomy":"product_cat","embeddable":true,"href":"https:\/\/rfid-laundry-tag.com\/da\/wp-json\/wp\/v2\/product_cat?post=731"},{"taxonomy":"product_tag","embeddable":true,"href":"https:\/\/rfid-laundry-tag.com\/da\/wp-json\/wp\/v2\/product_tag?post=731"}],"curies":[{"name":"wp","href":"https:\/\/api.w.org\/{rel}","templated":true}]}}