{"id":727,"date":"2024-07-16T17:02:27","date_gmt":"2024-07-16T17:02:27","guid":{"rendered":"https:\/\/rfid-laundry-tag.com\/?post_type=product&#038;p=727"},"modified":"2024-09-16T05:10:50","modified_gmt":"2024-09-16T05:10:50","slug":"alien-h9-9662-rfid-inlay-sticker","status":"publish","type":"product","link":"https:\/\/rfid-laundry-tag.com\/da\/vare\/alien-h9-9662-rfid-inlay-sticker\/","title":{"rendered":"Alien H9 9662 RFID Inlay Sticker"},"content":{"rendered":"<h2>Alien H9 9662 RFID Inlay Sticker<\/h2>\n<p><strong>Frekvens:<\/strong>\u00a0UHF 860-960MHz<br \/>\n<strong>Chip:<\/strong> ALIEN Higgs-3, Alien H9<br \/>\n<strong>Protokol:<\/strong>\u00a0EPC Klasse 1 Gen2, ISO18000-6C<br \/>\n<strong>Hukommelse:<\/strong><\/p>\n<ul>\n<li>EPC: 96 bit<\/li>\n<li>TID: 32 bit<\/li>\n<li>Bruger: 512 bit<br \/>\n<strong>L\u00e6seafstand:<\/strong>\u00a01~8 meter (afh\u00e6ngig af l\u00e6ser)<\/li>\n<\/ul>\n<p><strong>Dimensioner:<\/strong> 82,50 x 25,40 mm<br \/>\n<strong>Formater:<\/strong> T\u00f8rt indl\u00e6g, v\u00e5dt indl\u00e6g<br \/>\nFremstilling af h\u00f8j kvalitet til p\u00e5lidelig ydeevne i komplekse milj\u00f8er.<\/p>\n<h4 class=\"alternative\">Alien H9 Chips H\u00f8jdepunkter<\/h4>\n<ul>\n<li>Overholder GS1 Klasse 1 Gen 2 og ISO\/IEC 18000-6C<\/li>\n<li>Verdensomsp\u00e6ndende drift i RFID UHF-b\u00e5ndene (840-960 MHz)<\/li>\n<li>1024-bits NVM\/RAM-hukommelse<\/li>\n<li>Op til 496-EPC bits (nominelt 96 bits)<\/li>\n<li>Op til 688 brugerbits<\/li>\n<li>48 Bit Unik TID<\/li>\n<li>32 bit adgang og 32 bit Kill Pass-<br \/>\nord<\/li>\n<li>Forprogrammeret med en unik, u\u00e6ndret<br \/>\nkan 48-bit serienummer<\/li>\n<li>Brugerhukommelse kan blokeres permanent<br \/>\nL\u00e5st samt l\u00e6s adgangskode pro-<br \/>\noptaget i 256 bit blokke<\/li>\n<li>Lav effekt drift til b\u00e5de l\u00e6se og<br \/>\nprogram<\/li>\n<li>QuickWrite\u2122 \/ BlastWrite\u2122 \u2013 H\u00f8j hastighed<br \/>\nchip- og masseprogrammering<\/li>\n<li>Dynamic AuthenticationTM anti-kloning \/<br \/>\nteknologi til bek\u00e6mpelse af forfalskning<\/li>\n<li>Enest\u00e5ende r\u00e6kkevidde, op til 13m<br \/>\nmed passende antenne.<\/li>\n<\/ul>\n<p><strong>Ans\u00f8gninger:<\/strong><\/p>\n<ul>\n<li>Supply Chain Management<\/li>\n<li>Distributionslogistik<\/li>\n<li>Produktgodkendelse<\/li>\n<li>Aktivbeholdning og sporing<\/li>\n<li>Bagageh\u00e5ndtering og sporing<\/li>\n<\/ul>\n<p><strong>N\u00f8glefunktioner:<\/strong><\/p>\n<ul>\n<li>H\u00f8jtydende UHF RFID-indl\u00e6gsm\u00e6rkat<\/li>\n<li>Lang l\u00e6ser\u00e6kkevidde og p\u00e5lidelig ydeevne<\/li>\n<li>Velegnet til forskellige applikationer, der kr\u00e6ver robust RFID-sporing<\/li>\n<li>Bruger industristandarden EPC Class 1 Gen2 protokol<\/li>\n<\/ul>\n<p><strong>Note:<\/strong>\u00a0Den faktiske l\u00e6seafstand kan variere afh\u00e6ngigt af faktorer som l\u00e6sereffekt, antennedesign, milj\u00f8forhold og tag-orientering.<\/p>\n<h2>Ofte stillede sp\u00f8rgsm\u00e5l: Alien H9 9662 RFID Inlay Sticker<\/h2>\n<p><strong>Generel<\/strong><\/p>\n<ol>\n<li><strong>Hvad er l\u00e6seomr\u00e5det for Alien H9 9662 RFID Inlay Sticker?<\/strong><br \/>\nL\u00e6seomr\u00e5det for Alien H9 9662 RFID Inlay Sticker kan variere afh\u00e6ngigt af faktorer s\u00e5som den anvendte l\u00e6ser, antennekonfiguration og milj\u00f8forhold.<\/li>\n<li><strong>Hvad er driftsfrekvensen for Alien H9 9662 RFID Inlay Sticker?<\/strong><br \/>\nAlien H9 9662 RFID Inlay Sticker fungerer i UHF-frekvensomr\u00e5det p\u00e5 865-868 MHz.<\/li>\n<li><strong>Er indl\u00e6gget kompatibelt med EPC Class 1 Gen2 protokol?<\/strong><br \/>\nJa, Alien H9 9662 RFID Inlay Sticker er kompatibel med EPC Class 1 Gen2-protokollen.<\/li>\n<li><strong>Hvad er dimensionerne p\u00e5 Alien H9 9662 RFID Inlay Sticker?<\/strong><br \/>\nEnhver st\u00f8rrelse kan tilpasses.<\/li>\n<li><strong>Kommer indl\u00e6gget i forskellige formater som t\u00f8rt eller v\u00e5dt indl\u00e6g?<\/strong><br \/>\nJa, indl\u00e6gget f\u00e5s i t\u00f8rre eller v\u00e5de indl\u00e6gsformater.<\/li>\n<li><strong>Hvordan fungerer Alien H9 9662 RFID Inlay Sticker i komplekse milj\u00f8er?<\/strong><br \/>\nAlien H9 9662 RFID Inlay Sticker er designet til at fungere godt i komplekse milj\u00f8er. Faktorer som metalinterferens, fugt og temperatur kan dog p\u00e5virke l\u00e6seomr\u00e5det.<\/li>\n<\/ol>\n<p><strong>Bestilling og tilg\u00e6ngelighed<\/strong><\/p>\n<ol>\n<li><strong>Hvor kan jeg k\u00f8be Alien H9 9662 RFID Inlay Sticker?<\/strong><br \/>\nJa, vi kan s\u00e6lge RFID-indl\u00e6gget, vi har over 12 \u00e5rs fremstillingserfaring.<\/li>\n<li><strong>Hvad er leveringstiden for ordrer?<\/strong><br \/>\nN\u00e6vn den typiske leveringstid for behandling af ordrer. Som s\u00e6dvanlig er det omkring 10 dage<\/li>\n<li><strong>Er der nogen minimumsbestillingsm\u00e6ngder?<\/strong><br \/>\n1000 stk<\/li>\n<li><strong>Er det muligt at f\u00e5 en pr\u00f8ve af Alien H9 9662 RFID Inlay Sticker?<\/strong><br \/>\nJa, gratis pr\u00f8ver<\/li>\n<\/ol>\n<p>&nbsp;<\/p>","protected":false},"excerpt":{"rendered":"<p>Alien H9 9662 RFID-indl\u00e6gsm\u00e6rkat: H\u00f8jtydende UHF RFID-indl\u00e6g til forsyningsk\u00e6destyring, aktivsporing og mere.<\/p>","protected":false},"featured_media":728,"template":"","meta":{"_kad_post_transparent":"default","_kad_post_title":"","_kad_post_layout":"default","_kad_post_sidebar_id":"","_kad_post_content_style":"default","_kad_post_vertical_padding":"default","_kad_post_feature":"","_kad_post_feature_position":"","_kad_post_header":false,"_kad_post_footer":false,"_kad_post_classname":""},"product_brand":[],"product_cat":[189,54],"product_tag":[266,267,108],"class_list":{"0":"post-727","1":"product","2":"type-product","3":"status-publish","4":"has-post-thumbnail","6":"product_cat-rfid-inlay","7":"product_cat-hot-selling-rfid-tags","8":"product_tag-9662-rfid-inlay-sticker","9":"product_tag-h9-rfid-inlay","10":"product_tag-rfid-inlay","12":"first","13":"instock","14":"shipping-taxable","15":"product-type-simple","16":"entry","17":"content-bg","18":"loop-entry"},"_links":{"self":[{"href":"https:\/\/rfid-laundry-tag.com\/da\/wp-json\/wp\/v2\/product\/727","targetHints":{"allow":["GET"]}}],"collection":[{"href":"https:\/\/rfid-laundry-tag.com\/da\/wp-json\/wp\/v2\/product"}],"about":[{"href":"https:\/\/rfid-laundry-tag.com\/da\/wp-json\/wp\/v2\/types\/product"}],"version-history":[{"count":2,"href":"https:\/\/rfid-laundry-tag.com\/da\/wp-json\/wp\/v2\/product\/727\/revisions"}],"predecessor-version":[{"id":730,"href":"https:\/\/rfid-laundry-tag.com\/da\/wp-json\/wp\/v2\/product\/727\/revisions\/730"}],"wp:featuredmedia":[{"embeddable":true,"href":"https:\/\/rfid-laundry-tag.com\/da\/wp-json\/wp\/v2\/media\/728"}],"wp:attachment":[{"href":"https:\/\/rfid-laundry-tag.com\/da\/wp-json\/wp\/v2\/media?parent=727"}],"wp:term":[{"taxonomy":"product_brand","embeddable":true,"href":"https:\/\/rfid-laundry-tag.com\/da\/wp-json\/wp\/v2\/product_brand?post=727"},{"taxonomy":"product_cat","embeddable":true,"href":"https:\/\/rfid-laundry-tag.com\/da\/wp-json\/wp\/v2\/product_cat?post=727"},{"taxonomy":"product_tag","embeddable":true,"href":"https:\/\/rfid-laundry-tag.com\/da\/wp-json\/wp\/v2\/product_tag?post=727"}],"curies":[{"name":"wp","href":"https:\/\/api.w.org\/{rel}","templated":true}]}}