{"id":723,"date":"2024-07-16T16:29:22","date_gmt":"2024-07-16T16:29:22","guid":{"rendered":"https:\/\/rfid-laundry-tag.com\/?post_type=product&#038;p=723"},"modified":"2024-08-14T16:40:29","modified_gmt":"2024-08-14T16:40:29","slug":"uhf-rfid-inlay-monza-m4-chips","status":"publish","type":"product","link":"https:\/\/rfid-laundry-tag.com\/da\/vare\/uhf-rfid-inlay-monza-m4-chips\/","title":{"rendered":"UHF RFID-indl\u00e6g Monza M4-chips"},"content":{"rendered":"<div>\n<ul>\n<li><strong>Produktnavn:<\/strong>\u00a0UHF RFID-indl\u00e6g Monza M4\/M5-chips<\/li>\n<li><strong>Materiale:<\/strong>\u00a0bestr\u00f8get papir, PET osv<\/li>\n<li><strong>Chip:<\/strong>\u00a0Monza M4\/M5<\/li>\n<li><strong>Farve:<\/strong>\u00a0Hvid<\/li>\n<li><strong>Protokol:<\/strong>\u00a0Global EPC Class1 Gen2 ISO\/IEC 18000-6C<\/li>\n<li><strong>Frekvens:<\/strong>\u00a0860-960 MHz<\/li>\n<li><strong>L\u00e6seromr\u00e5de:<\/strong>\u00a06M~12M (afh\u00e6ngig af milj\u00f8 og l\u00e6se-skriveafstand)<\/li>\n<li><strong>Arbejdsmetode:<\/strong>\u00a0Passiv<\/li>\n<li><strong>Arbejder genbrug:<\/strong>\u00a0&gt;100000 gange<\/li>\n<li><strong>Anvendelse:<\/strong>\u00a0Sporbarhed mod forfalskning, dataoverf\u00f8rsel.<\/li>\n<\/ul>\n<p><strong>Beskrivelse af UHF RFID-indl\u00e6g Monza M4-chips:<\/strong><\/p>\n<p>Disse UHF RFID-indl\u00e6g, med Monza M4\/M5-chips, er designet til en r\u00e6kke forskellige applikationer, der kr\u00e6ver p\u00e5lidelig datatransmission og foranstaltninger til bek\u00e6mpelse af forfalskning.<\/p>\n<p><strong>N\u00f8glefunktioner:<\/strong><\/p>\n<ul>\n<li><strong>Holdbar:<\/strong>\u00a0Bygget med materialer af h\u00f8j kvalitet for forl\u00e6nget levetid.<\/li>\n<li><strong>P\u00e5lidelig:<\/strong>\u00a0Tilbyder robust ydeevne til n\u00f8jagtig datafangst.<\/li>\n<li><strong>Alsidig:<\/strong>\u00a0Velegnet til forskellige applikationer, herunder lagersporing, aktivstyring og forsyningsk\u00e6deoverv\u00e5gning.<\/li>\n<li><strong>Sikker:<\/strong>\u00a0Bidrager til indsatsen mod varem\u00e6rkeforfalskning og sikrer produktets \u00e6gthed.<\/li>\n<\/ul>\n<h2>UHF RFID-indl\u00e6g Monza M4\/M5-chips: Ofte stillede sp\u00f8rgsm\u00e5l<\/h2>\n<p><strong>1. Hvad er forskellen mellem Monza M4 og Monza M5 chips?<\/strong><\/p>\n<p>Monza M4- og M5-chips er begge h\u00f8jtydende UHF RFID-chips. Den prim\u00e6re forskel ligger i deres hukommelseskapacitet:<\/p>\n<ul>\n<li><strong>Monza M4:<\/strong>\u00a0Tilbyder 128 bit brugerhukommelse.<\/li>\n<li><strong>Monza M5:<\/strong>\u00a0Tilbyder 512 bit brugerhukommelse.<\/li>\n<\/ul>\n<p>Dette betyder, at Monza M5 kan gemme betydeligt flere data, hvilket g\u00f8r den ideel til applikationer, der kr\u00e6ver omfattende datalagring.<\/p>\n<p><strong>2. Hvad er fordelene ved at bruge UHF RFID Inlay Monza M4 Chips?<\/strong><\/p>\n<p>Monza M4\/M5 chips giver adskillige fordele:<\/p>\n<ul>\n<li><strong>H\u00f8jt l\u00e6seomr\u00e5de:<\/strong>\u00a0De tilbyder fremragende l\u00e6seomr\u00e5der, der str\u00e6kker sig op til 12 meter under optimale forhold.<\/li>\n<li><strong>Hurtige l\u00e6se-\/skrivehastigheder:<\/strong>\u00a0Disse chips muligg\u00f8r hurtig dataadgang og str\u00f8mliner driften.<\/li>\n<li><strong>Forbedret ydeevne:<\/strong>\u00a0De leverer p\u00e5lidelig og ensartet ydeevne i udfordrende milj\u00f8er.<\/li>\n<li><strong>Datasikkerhed:<\/strong>\u00a0Chipsene indeholder sikkerhedsfunktioner for at beskytte f\u00f8lsomme data.<\/li>\n<\/ul>\n<p><strong>3. Hvilke typer applikationer er egnede til Monza M4\/M5 RFID-indl\u00e6g?<\/strong><\/p>\n<p>Disse indl\u00e6g er velegnede til en lang r\u00e6kke applikationer, herunder:<\/p>\n<ul>\n<li><strong>Lagerstyring:<\/strong>\u00a0Sporing af lagerniveauer og produktbev\u00e6gelser inden for lagre og detailbutikker.<\/li>\n<li><strong>Aktiv sporing:<\/strong>\u00a0Overv\u00e5gning af aktiver, udstyr og v\u00e6rkt\u00f8jer i forskellige omgivelser.<\/li>\n<li><strong>Supply Chain Management:<\/strong>\u00a0Forbedring af forsyningsk\u00e6dens synlighed og gennemsigtighed.<\/li>\n<li><strong>Anti-forfalskning:<\/strong>\u00a0Forebyggelse af produktforfalskning og sikring af \u00e6gthed.<\/li>\n<li><strong>Adgangskontrol:<\/strong>\u00a0H\u00e5ndtering af adgang til sikre omr\u00e5der eller begr\u00e6nsede omr\u00e5der.<\/li>\n<\/ul>\n<p><strong>4. Hvordan kan jeg v\u00e6lge det rigtige RFID-indl\u00e6g til min specifikke applikation?<\/strong><\/p>\n<p>Det optimale valg af RFID-indl\u00e6g afh\u00e6nger af din applikations specifikke krav:<\/p>\n<ul>\n<li><strong>Datalagringsbehov:<\/strong>\u00a0Hvis du har brug for at gemme omfattende data, kan du overveje Monza M5 med dens st\u00f8rre hukommelseskapacitet.<\/li>\n<li><strong>L\u00e6seomr\u00e5de:<\/strong>\u00a0Bestem det n\u00f8dvendige l\u00e6seomr\u00e5de for at sikre korrekt tag-identifikation.<\/li>\n<li><strong>Milj\u00f8forhold:<\/strong>\u00a0Tag hensyn til driftsmilj\u00f8et (temperatur, luftfugtighed osv.) for at v\u00e6lge et robust indl\u00e6g.<\/li>\n<li><strong>Ans\u00f8gningstype:<\/strong>\u00a0Den specifikke applikation (f.eks. lagersporing, aktivstyring) vil p\u00e5virke valget af indl\u00e6g.<\/li>\n<\/ul>\n<p><strong>5. Hvad er de typiske omkostninger forbundet med RFID-indl\u00e6g, der bruger Monza M4\/M5-chips?<\/strong><\/p>\n<p>Prisen p\u00e5 RFID-indl\u00e6g varierer baseret p\u00e5 faktorer som chiptype, indl\u00e6gsdesign, bestilt antal og yderligere funktioner. Kontakt RFID-producenter eller -leverand\u00f8rer for n\u00f8jagtige prisoplysninger.<\/p>\n<p><strong>6. Er Monza M4\/M5-indl\u00e6g kompatible med standard RFID-l\u00e6sere?<\/strong><\/p>\n<p>Ja, disse indl\u00e6g er designet til at fungere med industristandard RFID-l\u00e6sere, der arbejder i UHF-frekvensomr\u00e5det.<\/p>\n<p><strong>7. Hvor kan jeg k\u00f8be Monza M4\/M5 RFID-indl\u00e6g?<\/strong><\/p>\n<p>RFID-indl\u00e6g med Monza M4\/M5-chips er bredt tilg\u00e6ngelige fra forskellige producenter og leverand\u00f8rer med speciale i RFID-teknologi.<\/p>\n<p><strong>8. Er der nogen tilg\u00e6ngelige ressourcer til at hj\u00e6lpe mig med at l\u00e6re mere om RFID-teknologi?<\/strong><\/p>\n<p>Ja, du kan finde adskillige ressourcer online og gennem RFID brancheforeninger:<\/p>\n<ul>\n<li><strong>RFID Journal:<\/strong>\u00a0En f\u00f8rende kilde til RFID nyheder og information.<\/li>\n<li><strong>RFID Industry Association (RFIDIA):<\/strong>\u00a0En global organisation, der fremmer brugen af RFID-teknologi.<\/li>\n<li><strong>Producentens hjemmesider:<\/strong>\u00a0Tjek hjemmesiderne for st\u00f8rre RFID-chipproducenter for teknisk dokumentation og support.<\/li>\n<\/ul>\n<\/div>\n<div class=\"auto-hide-last-sibling-br paragraph_9dc5f paragraph-element\"><\/div>\n<div class=\"auto-hide-last-sibling-br paragraph_9dc5f paragraph-element\"><\/div>","protected":false},"excerpt":{"rendered":"<p>UHF RFID-indl\u00e6g Monza M4-chips til inventar, aktivsporing og bek\u00e6mpelse af forfalskning. H\u00f8je l\u00e6seintervaller, hurtig dataadgang og robust ydeevne.<\/p>","protected":false},"featured_media":724,"template":"","meta":{"_kad_post_transparent":"default","_kad_post_title":"","_kad_post_layout":"default","_kad_post_sidebar_id":"","_kad_post_content_style":"default","_kad_post_vertical_padding":"default","_kad_post_feature":"","_kad_post_feature_position":"","_kad_post_header":false,"_kad_post_footer":false,"_kad_post_classname":""},"product_brand":[],"product_cat":[54,189],"product_tag":[108,190],"class_list":{"0":"post-723","1":"product","2":"type-product","3":"status-publish","4":"has-post-thumbnail","6":"product_cat-hot-selling-rfid-tags","7":"product_cat-rfid-inlay","8":"product_tag-rfid-inlay","9":"product_tag-uhf-rfid-inlay-monza-m4-m5-chips","11":"first","12":"instock","13":"shipping-taxable","14":"product-type-simple","15":"entry","16":"content-bg","17":"loop-entry"},"_links":{"self":[{"href":"https:\/\/rfid-laundry-tag.com\/da\/wp-json\/wp\/v2\/product\/723","targetHints":{"allow":["GET"]}}],"collection":[{"href":"https:\/\/rfid-laundry-tag.com\/da\/wp-json\/wp\/v2\/product"}],"about":[{"href":"https:\/\/rfid-laundry-tag.com\/da\/wp-json\/wp\/v2\/types\/product"}],"version-history":[{"count":4,"href":"https:\/\/rfid-laundry-tag.com\/da\/wp-json\/wp\/v2\/product\/723\/revisions"}],"predecessor-version":[{"id":1331,"href":"https:\/\/rfid-laundry-tag.com\/da\/wp-json\/wp\/v2\/product\/723\/revisions\/1331"}],"wp:featuredmedia":[{"embeddable":true,"href":"https:\/\/rfid-laundry-tag.com\/da\/wp-json\/wp\/v2\/media\/724"}],"wp:attachment":[{"href":"https:\/\/rfid-laundry-tag.com\/da\/wp-json\/wp\/v2\/media?parent=723"}],"wp:term":[{"taxonomy":"product_brand","embeddable":true,"href":"https:\/\/rfid-laundry-tag.com\/da\/wp-json\/wp\/v2\/product_brand?post=723"},{"taxonomy":"product_cat","embeddable":true,"href":"https:\/\/rfid-laundry-tag.com\/da\/wp-json\/wp\/v2\/product_cat?post=723"},{"taxonomy":"product_tag","embeddable":true,"href":"https:\/\/rfid-laundry-tag.com\/da\/wp-json\/wp\/v2\/product_tag?post=723"}],"curies":[{"name":"wp","href":"https:\/\/api.w.org\/{rel}","templated":true}]}}