{"id":62,"date":"2024-06-10T16:32:32","date_gmt":"2024-06-10T16:32:32","guid":{"rendered":"https:\/\/rfid-laundry-tag.com\/?post_type=product&#038;p=62"},"modified":"2024-06-10T16:32:32","modified_gmt":"2024-06-10T16:32:32","slug":"rfid-laundry-tag-button","status":"publish","type":"product","link":"https:\/\/rfid-laundry-tag.com\/da\/vare\/rfid-laundry-tag-button\/","title":{"rendered":"RFID-t\u00f8jm\u00e6rkeknap"},"content":{"rendered":"<div class=\"J_module\">\n<div class=\"ife-detail-decorate-table\">\n<table class=\"has-title all magic-6\">\n<tbody>\n<tr>\n<td colspan=\"1\" rowspan=\"1\">\n<div class=\"magic-7\" data-spm-anchor-id=\"a2700.details.0.i45.77607d98vZbcDU\"><span class=\"magic-8\" style=\"color: #363535;\">Varens navn<\/span><\/div>\n<\/td>\n<td colspan=\"1\" rowspan=\"1\">\n<div class=\"magic-9\"><span class=\"magic-8\">RFID-t\u00f8jm\u00e6rkeknap<\/span><\/div>\n<\/td>\n<\/tr>\n<tr>\n<td colspan=\"1\" rowspan=\"1\">\n<div class=\"magic-7\"><span class=\"magic-10\" data-spm-anchor-id=\"a2700.pc-decorate.0.i10.28d333330XLbTD\"><span class=\"magic-8\">Materiale<\/span><\/span><\/div>\n<\/td>\n<td colspan=\"1\" rowspan=\"1\">\n<div class=\"magic-9\"><span class=\"magic-8\">PPS<\/span><\/div>\n<\/td>\n<\/tr>\n<tr>\n<td colspan=\"1\" rowspan=\"1\">\n<div class=\"magic-7\"><span class=\"magic-8\">Farve<\/span><\/div>\n<\/td>\n<td colspan=\"1\" rowspan=\"1\">\n<div class=\"magic-9\"><span class=\"magic-8\">Sort, gul osv<\/span><\/div>\n<\/td>\n<\/tr>\n<tr>\n<td colspan=\"1\" rowspan=\"1\">MOQ<\/td>\n<td colspan=\"1\" rowspan=\"1\">500 stk<\/td>\n<\/tr>\n<tr>\n<td colspan=\"1\" rowspan=\"1\">\n<div class=\"magic-7\"><span class=\"magic-8\">Producent\/Chip<\/span><\/div>\n<\/td>\n<td colspan=\"1\" rowspan=\"1\">\n<div class=\"magic-9\"><span class=\"magic-8\">NXP UCODE 8, UCODE 9\/NTAG213\/EM4305, T5577 osv.<\/span><\/div>\n<\/td>\n<\/tr>\n<tr>\n<td colspan=\"1\" rowspan=\"1\">\n<div class=\"magic-7\"><span class=\"magic-8\">Frekvens<\/span><\/div>\n<\/td>\n<td colspan=\"1\" rowspan=\"1\">\n<div class=\"magic-9\"><span class=\"magic-8\">860-960MHz\/13,56MHz\/125Khz<\/span><\/div>\n<\/td>\n<\/tr>\n<tr>\n<td colspan=\"1\" rowspan=\"1\">\n<div class=\"magic-7\"><span class=\"magic-8\">Hukommelse<\/span><\/div>\n<\/td>\n<td colspan=\"1\" rowspan=\"1\">\n<div class=\"magic-9\"><span class=\"magic-8\">96 bits\/128 bits\/144 bytes<\/span><\/div>\n<\/td>\n<\/tr>\n<tr>\n<td colspan=\"1\" rowspan=\"1\">\n<div class=\"magic-7\"><span class=\"magic-8\">L\u00e6s afstand<\/span><\/div>\n<\/td>\n<td colspan=\"1\" rowspan=\"1\">\n<div class=\"magic-9\"><span class=\"magic-8\">1-6m\/1~5cm\/1~2cm<\/span><\/div>\n<\/td>\n<\/tr>\n<tr>\n<td colspan=\"1\" rowspan=\"1\">\n<div class=\"magic-7\"><span class=\"magic-8\">Arbejdstilstand<\/span><\/div>\n<\/td>\n<td colspan=\"1\" rowspan=\"1\">\n<div class=\"magic-9\"><span class=\"magic-8\">passiv<\/span><\/div>\n<\/td>\n<\/tr>\n<tr>\n<td colspan=\"1\" rowspan=\"1\">\n<div class=\"magic-7\"><span class=\"magic-8\">Arbejdstemperatur<\/span><\/div>\n<\/td>\n<td colspan=\"1\" rowspan=\"1\">\n<div class=\"magic-9\"><span class=\"magic-8\">-25\u2103~+110\u2103<\/span><\/div>\n<\/td>\n<\/tr>\n<tr>\n<td colspan=\"1\" rowspan=\"1\">\n<div class=\"magic-7\"><span class=\"magic-8\">Opbevaringstemperatur<\/span><\/div>\n<\/td>\n<td colspan=\"1\" rowspan=\"1\">\n<div class=\"magic-9\"><span class=\"magic-8\">-40\u2103~+85\u2103<\/span><\/div>\n<\/td>\n<\/tr>\n<tr>\n<td colspan=\"1\" rowspan=\"1\">\n<div class=\"magic-7\">\n<div><span class=\"magic-8\">\u00a0<\/span><\/div>\n<p><span class=\"magic-8\">Kortvarig temperaturmodstand<\/span><\/div>\n<\/td>\n<td colspan=\"1\" rowspan=\"1\">\n<div class=\"magic-9\"><span class=\"magic-8\">vask: 90 \u2103, 15 minutter; konverter fort\u00f8rring: 180 \u2103, 30 minutter, 200 gange; strygning: 180 \u2103, 10 sekunder, 200 gange; h\u00f8j<br \/>\ntemperatursterilisering: 135\u2103, 20 minutter<\/span><\/div>\n<\/td>\n<\/tr>\n<tr>\n<td colspan=\"1\" rowspan=\"1\">\n<div class=\"magic-7\"><span class=\"magic-8\">Funktioner<\/span><\/div>\n<\/td>\n<td colspan=\"1\" rowspan=\"1\">\n<div class=\"magic-9\"><span class=\"magic-8\">vandt\u00e6t, vaskbar, modstandsdygtig over for h\u00f8je temperaturer<\/span><\/div>\n<\/td>\n<\/tr>\n<tr>\n<td colspan=\"1\" rowspan=\"1\">\n<div class=\"magic-7\"><span class=\"magic-8\">Liv<\/span><\/div>\n<\/td>\n<td colspan=\"1\" rowspan=\"1\">\n<div class=\"magic-9\"><span class=\"magic-8\">vask 200 gange eller 3 \u00e5r<\/span><\/div>\n<\/td>\n<\/tr>\n<tr>\n<td colspan=\"1\" rowspan=\"1\">\n<div class=\"magic-7\"><span class=\"magic-8\">Ans\u00f8gninger<\/span><\/div>\n<\/td>\n<td colspan=\"1\" rowspan=\"1\">\n<div class=\"magic-9\"><span class=\"magic-8\">vaskeri styring og sporing<\/span><\/div>\n<\/td>\n<\/tr>\n<\/tbody>\n<\/table>\n<\/div>\n<\/div>\n<div class=\"J_module\">\n<div class=\"detail-decorate-json-renderer-container\">\n<div class=\"magic-1\">\n<div class=\"magic-2\">\n<div class=\"magic-3\">\n<div><\/div>\n<div class=\"magic-4\"><span class=\"magic-5\" style=\"color: #2196ed;\"><b class=\"magic-10\">RFID-t\u00f8jm\u00e6rkeknap<\/b><\/span><\/p>\n<div><\/div>\n<\/div>\n<\/div>\n<div>\n<div class=\"auto-hide-last-sibling-br paragraph_1252f paragraph-element\">PPS h\u00f8jtemperaturbestandige vaskem\u00e6rker fungerer som en fremragende sporingsl\u00f8sning til kommercielle omgivelser som kantiner og restauranter, hvor store m\u00e6ngder service konstant h\u00e5ndteres:<\/div>\n<p><br class=\"container_e695a wrapper_ad07b undefined\" \/><\/p>\n<ol class=\"auto-hide-last-sibling-br\">\n<li>\n<div class=\"auto-hide-last-sibling-br paragraph_1252f paragraph-element\">Up\u00e5klagelig sporing: Ved at fastg\u00f8re hvert stykke service med et RFID-m\u00e6rke, der indeholder unikke identifikationsoplysninger (s\u00e5som varetype, producent og k\u00f8bsdato), tillader det sporing af hver vares fremskridt gennem opvaskeprocessen via RFID-l\u00e6sere.<\/div>\n<\/li>\n<li>\n<div class=\"auto-hide-last-sibling-br paragraph_1252f paragraph-element\">H\u00f8j holdbarhed: At blive udsat for h\u00f8je temperaturer og skrappe kemikalier er ingen udfordring for PPS h\u00f8jtemperaturbestandige RFID-tags. De er omhyggeligt designet til at t\u00e5le s\u00e5danne forhold, hvilket g\u00f8r dem til et ideelt valg til sporing af service i kommercielle opvaskefaciliteter.<\/div>\n<\/li>\n<li>\n<div class=\"auto-hide-last-sibling-br paragraph_1252f paragraph-element\">Effektiv lagerstyring: N\u00e5r de er renset, desinficeret og gemt til genbrug, kan RFID-tags nemt spore tilg\u00e6ngeligheden og placeringen af hver vare. Dette sikrer en tilstr\u00e6kkelig konstant forsyning af rent service, hvilket eliminerer muligheden for mangel eller fejlh\u00e5ndtering.<\/div>\n<\/li>\n<li>\n<div class=\"auto-hide-last-sibling-br paragraph_1252f paragraph-element\">Forbedret logistik: Implementeringen af PPS Laundry RFID-tags str\u00f8mliner styringen af inventar og logistikprocedurer i h\u00f8je temperaturer, s\u00e5som kommercielle opvaskefaciliteter.<\/div>\n<\/li>\n<\/ol>\n<div class=\"auto-hide-last-sibling-br paragraph_1252f paragraph-element\"><strong>Fordele ved RFID-vaskeknap<\/strong><\/div>\n<ol class=\"auto-hide-last-sibling-br\">\n<li>\n<div class=\"auto-hide-last-sibling-br paragraph_1252f paragraph-element\">Effektiv sporing: RFID-vaskem\u00e6rkeknapper forenkler sporing af bekl\u00e6dningsgenstande gennem hele vaskeprocessen, hvilket forbedrer driftseffektiviteten og produktiviteten.<\/div>\n<\/li>\n<li>\n<div class=\"auto-hide-last-sibling-br paragraph_1252f paragraph-element\">Tilskynder til automatisering: Disse knapper hj\u00e6lper med at reducere behovet for manuelt arbejde og potentielle fejl forbundet med det, hvilket fremmer et effektivt, automatiseret system.<\/div>\n<\/li>\n<li>\n<div class=\"auto-hide-last-sibling-br paragraph_1252f paragraph-element\">Holdbar: Specielt designet til at modst\u00e5 h\u00e5rde vaskeforhold, disse knapper er modstandsdygtige over for h\u00f8je temperaturer, tryk og kemikalier, hvilket sikrer lang levetid.<\/div>\n<\/li>\n<\/ol>\n<div class=\"auto-hide-last-sibling-br paragraph_1252f paragraph-element\"><strong>Funktioner af RFID Laundry Tag<\/strong><\/div>\n<ol class=\"auto-hide-last-sibling-br\">\n<li>\n<div class=\"auto-hide-last-sibling-br paragraph_1252f paragraph-element\">Unik identifikation: Hvert tag indeholder unikke identifikationsoplysninger, hvilket letter problemfri sporing af individuelle stykker.<\/div>\n<\/li>\n<li>\n<div class=\"auto-hide-last-sibling-br paragraph_1252f paragraph-element\">H\u00f8jtemperaturmodstand: RFID-vaskem\u00e6rkeknapperne er designet til at modst\u00e5 h\u00f8je temperaturer, hvilket g\u00f8r dem ideelle til vasket\u00f8jsbrug.<\/div>\n<\/li>\n<li>\n<div class=\"auto-hide-last-sibling-br paragraph_1252f paragraph-element\">NFC-egenskaber: Nogle tags er udstyret med NFC-funktionalitet, s\u00e5 de kan scannes ved hj\u00e6lp af mobilapplikationer, hvilket muligg\u00f8r fjernsporing og -administration.<\/div>\n<\/li>\n<\/ol>\n<div class=\"auto-hide-last-sibling-br paragraph_1252f paragraph-element\"><strong>Anvendelser af RFID-vaskeknap<\/strong><\/div>\n<ol class=\"auto-hide-last-sibling-br\">\n<li>\n<div class=\"auto-hide-last-sibling-br paragraph_1252f paragraph-element\">Industrielle vaskerier: I den industrielle sektor bliver sporing af store m\u00e6ngder linned en ubesv\u00e6ret opgave med brugen af RFID-vaskem\u00e6rkeknapper.<\/div>\n<\/li>\n<li>\n<div class=\"auto-hide-last-sibling-br paragraph_1252f paragraph-element\">Hospitaler og hoteller: Disse virksomheder besk\u00e6ftiger sig ofte med vaskeri i store m\u00e6ngder, hvor disse tags har vist sig at v\u00e6re medvirkende til at forbedre effektiviteten og lagerstyringen.<\/div>\n<\/li>\n<li>\n<div class=\"auto-hide-last-sibling-br paragraph_1252f paragraph-element\">Udlejning af linned: Virksomheder, der tilbyder udlejning af linned, bruger disse tags til at forenkle lagerstyring og opretholde kvalitetskontrol.<\/div>\n<\/li>\n<\/ol>\n<div class=\"auto-hide-last-sibling-br paragraph_1252f paragraph-element\"><strong>Produktion af RFID Laundry Tag Button<\/strong><\/div>\n<div class=\"auto-hide-last-sibling-br paragraph_1252f paragraph-element\">Produktionsprocessen for RFID Laundry Tag Buttons involverer indlejring af en RFID-chip i et plastik- eller harpikshus for at sikre, at den er vandt\u00e6t og kan modst\u00e5 de barske forhold i et vaskerimilj\u00f8. Avancerede teknologier bruges under produktionen for at sikre, at tags kan modst\u00e5 h\u00f8je temperaturer, tryk og eksponering for kemikalier. Hvert m\u00e6rke er programmeret med et unikt identifikationsnummer til sporingsform\u00e5l i l\u00f8bet af dets levetid.<\/div>\n<\/div>\n<\/div>\n<\/div>\n<\/div>\n<\/div>","protected":false},"excerpt":{"rendered":"<div class=\"auto-hide-last-sibling-br paragraph_1252f paragraph-element\">RFID Laundry Button, eller mere almindeligt kendt som PPS RFID Laundry Tag, er specielt designet til at im\u00f8dekomme applikationer, der kr\u00e6ver et holdbart tag, der er i stand til at modst\u00e5 sv\u00e6re arbejdsforhold.<\/div>\n<div class=\"auto-hide-last-sibling-br paragraph_1252f paragraph-element\">I \u00f8jeblikket h\u00e6lder det meste af markedet til brugen af UHF-vasketranspondere. Visse scenarier kr\u00e6ver dog ogs\u00e5 brugen af NFC-vaskem\u00e6rker, der underst\u00f8tter mobilapplikationer. Knappen RFID vasket\u00f8jstranspondere opfylder effektivt disse behov.<\/div>\n<div class=\"auto-hide-last-sibling-br paragraph_1252f paragraph-element\">Deres alsidighed og robuste ydeevne g\u00f8r dem betydeligt nyttige til at identificere og spore industrielt vasket\u00f8j og tekstiler p\u00e5 tv\u00e6rs af forskellige sektorer. S\u00e6rligt udbredt p\u00e5 hoteller, hospitaler og virksomheder, der tilbyder udlejning af linned, er disse meget holdbare tags medvirkende til at forbedre driftseffektiviteten og den overordnede produktivitet.<\/div>","protected":false},"featured_media":63,"template":"","meta":{"_kad_post_transparent":"default","_kad_post_title":"","_kad_post_layout":"default","_kad_post_sidebar_id":"","_kad_post_content_style":"default","_kad_post_vertical_padding":"default","_kad_post_feature":"","_kad_post_feature_position":"","_kad_post_header":false,"_kad_post_footer":false,"_kad_post_classname":""},"product_brand":[],"product_cat":[21],"product_tag":[35,34,33],"class_list":{"0":"post-62","1":"product","2":"type-product","3":"status-publish","4":"has-post-thumbnail","6":"product_cat-pps-rfid-laundry-tag","7":"product_tag-rfid-button","8":"product_tag-rfid-laundry-button","9":"product_tag-rfid-laundry-tag-button","11":"first","12":"instock","13":"shipping-taxable","14":"product-type-simple","15":"entry","16":"content-bg","17":"loop-entry"},"_links":{"self":[{"href":"https:\/\/rfid-laundry-tag.com\/da\/wp-json\/wp\/v2\/product\/62","targetHints":{"allow":["GET"]}}],"collection":[{"href":"https:\/\/rfid-laundry-tag.com\/da\/wp-json\/wp\/v2\/product"}],"about":[{"href":"https:\/\/rfid-laundry-tag.com\/da\/wp-json\/wp\/v2\/types\/product"}],"version-history":[{"count":0,"href":"https:\/\/rfid-laundry-tag.com\/da\/wp-json\/wp\/v2\/product\/62\/revisions"}],"wp:featuredmedia":[{"embeddable":true,"href":"https:\/\/rfid-laundry-tag.com\/da\/wp-json\/wp\/v2\/media\/63"}],"wp:attachment":[{"href":"https:\/\/rfid-laundry-tag.com\/da\/wp-json\/wp\/v2\/media?parent=62"}],"wp:term":[{"taxonomy":"product_brand","embeddable":true,"href":"https:\/\/rfid-laundry-tag.com\/da\/wp-json\/wp\/v2\/product_brand?post=62"},{"taxonomy":"product_cat","embeddable":true,"href":"https:\/\/rfid-laundry-tag.com\/da\/wp-json\/wp\/v2\/product_cat?post=62"},{"taxonomy":"product_tag","embeddable":true,"href":"https:\/\/rfid-laundry-tag.com\/da\/wp-json\/wp\/v2\/product_tag?post=62"}],"curies":[{"name":"wp","href":"https:\/\/api.w.org\/{rel}","templated":true}]}}