{"id":54,"date":"2024-06-10T14:55:28","date_gmt":"2024-06-10T14:55:28","guid":{"rendered":"https:\/\/rfid-laundry-tag.com\/?post_type=product&#038;p=54"},"modified":"2024-09-26T04:26:47","modified_gmt":"2024-09-26T04:26:47","slug":"rfid-tag-for-linen-laundry","status":"publish","type":"product","link":"https:\/\/rfid-laundry-tag.com\/da\/vare\/rfid-tag-for-linen-laundry\/","title":{"rendered":"RFID-m\u00e6rke til linnedvask"},"content":{"rendered":"<div>\n<div class=\"auto-hide-last-sibling-br paragraph_1252f paragraph-element\">\n<h1><strong>RFID-m\u00e6rke til linnedvask<\/strong><\/h1>\n<p><strong>Fysisk:<\/strong><\/p>\n<p>Materiale: 100% polyester<\/p>\n<p>St\u00f8rrelse: 70 mm\u00d715 mm x1,5 mm<\/p>\n<p>Chip: NXP U KODE U8, U9 osv<\/p>\n<p>Label installationsmetode: Sytype, Strygning<\/p>\n<p>Protokol: ISO18ooo-6C<\/p>\n<p>Strygning: 15 sekunder, ved 210 \u2103<\/p>\n<p>Eksponering: 2,5 bar<\/p>\n<p>T\u00f8rring: 15 minutter ved 180\u00b0C<\/p>\n<p>Vask: 15 minutter ved 90\u2103<\/p>\n<p>Vaskecyklusser: 200+cyklusser eller 3 \u00e5r<\/p>\n<p>Opbevaringstilstand: -20-80 \u2103, 5-95%RH<\/p>\n<p>&nbsp;<\/p>\n<\/div>\n<div class=\"auto-hide-last-sibling-br paragraph_1252f paragraph-element\">Det, der markant adskiller vores UHF RFID-vaskem\u00e6rker fra r\u00e6kken af andre linnedm\u00e6rker p\u00e5 markedet, er deres glatte, klare udseende. De er imponerende slanke og har en um\u00e6rkelig tykkelse p\u00e5 0,55 mm, hvilket g\u00f8r dem til de tyndeste tilg\u00e6ngelige tags p\u00e5 markedet. Sammenfattende tilbyder vores tags en progressiv UHF RFID-l\u00f8sning til t\u00f8j, der pr\u00e6senterer en ideel kombination af overkommelig pris, robusthed og subtilitet.<\/div>\n<\/div>\n<div><\/div>\n<div class=\"auto-hide-last-sibling-br paragraph_1252f paragraph-element\">\n<div data-spm-anchor-id=\"a2700.details.0.i57.23b419c7xXORP0\"><span data-spm-anchor-id=\"a2700.details.0.i75.23b419c7xXORP0\"><b>Funktion:<\/b><br \/>\n1) UHF-teknologi til at l\u00e6se hundredvis af tags samtidigt.<br \/>\n2) Mere end 8 fods l\u00e6seafstand.<br \/>\n3) Nyt mekanisk design for forbedret ydeevne for fladt senget\u00f8j.<br \/>\n4) Velegnet til h\u00f8jtrykssugere op til 60 bar.<br \/>\n5) Velegnet til autoklave sterilisering.<br \/>\n6) Lille, bl\u00f8dt, fleksibelt materiale ideelt til tekstiler, senget\u00f8j, bekl\u00e6dningsgenstande og tilbeh\u00f8r.<\/span><\/div>\n<\/div>\n<div data-spm-anchor-id=\"a2700.details.0.i57.23b419c7xXORP0\"><\/div>\n<div data-spm-anchor-id=\"a2700.details.0.i57.23b419c7xXORP0\">\n<p><img fetchpriority=\"high\" decoding=\"async\" class=\"wp-image-55\" src=\"https:\/\/rfid-laundry-tag.com\/wp-content\/uploads\/2024\/06\/4-300x275.png\" alt=\"RFID Tag for linen laundry\" width=\"605\" height=\"555\" srcset=\"https:\/\/rfid-laundry-tag.com\/wp-content\/uploads\/2024\/06\/4-300x275.png 300w, https:\/\/rfid-laundry-tag.com\/wp-content\/uploads\/2024\/06\/4-600x550.png 600w, https:\/\/rfid-laundry-tag.com\/wp-content\/uploads\/2024\/06\/4-13x12.png 13w, https:\/\/rfid-laundry-tag.com\/wp-content\/uploads\/2024\/06\/4.png 750w\" sizes=\"(max-width: 605px) 100vw, 605px\" \/><\/p>\n<\/div>\n<h3 class=\"wp-block-heading\">Installation<\/h3>\n<p><strong>Stitch Tagging<\/strong>: Skal sys ind i kanten af et tekstil. Sy vaskem\u00e6rket v\u00e6k fra foldelinjerne.<br \/>\n<strong>Varmeforsegling<\/strong>: Skal varmeforsegles direkte p\u00e5 tekstilet ved +200\u00b0C (392\u00b0F), i 12~14s.<br \/>\n<strong>I pose<\/strong>: Skal sys som en standard plejelabel. Sy vaskem\u00e6rket v\u00e6k fra foldelinjerne.<\/p>\n<h3>Fordele ved at bruge RFID-tags i vaskeristyring<\/h3>\n<p>Inkorporering af RFID-tags i din vaskeridrift f\u00f8rer til st\u00f8rre effektivitet. Den automatiske sporing giver mulighed for lagerstyring i realtid, minimerer tab og frig\u00f8r medarbejdertid. Disse\u00a0<strong>tekstil RFID tags<\/strong>\u00a0tilbyde virksomheder og husholdninger muligheden for at administrere og spore senget\u00f8j, bekl\u00e6dningsgenstande og andre vasket\u00f8jsartikler med hidtil uset n\u00f8jagtighed, hvilket forbedrer b\u00e5de servicekvalitet og kundetilfredshed.<\/p>\n<div class=\"auto-hide-last-sibling-br paragraph_1252f paragraph-element\">\n<div class=\"auto-hide-last-sibling-br paragraph_1252f paragraph-element\">RFID-tags til linnedvask er uundv\u00e6rlige p\u00e5 tv\u00e6rs af et utal af industrier, hvilket er afg\u00f8rende for effektiv aktivsporing, lagerstyring og \u00f8ger den samlede operationelle effektivitet. Her er et glimt af deres anvendelse i forskellige sektorer:<\/div>\n<ul class=\"auto-hide-last-sibling-br\">\n<li>\n<div class=\"auto-hide-last-sibling-br paragraph_1252f paragraph-element\">Sundhedspleje: Hospitaler og andre medicinske faciliteter bruger RFID-linnedm\u00e6rker til at h\u00e5ndtere store beholdninger af senget\u00f8j, h\u00e5ndkl\u00e6der, scrubs, uniformer og kirurgisk senget\u00f8j. Dette hj\u00e6lper med at minimere tab, styre vaskecyklusser og sikre, at rent, friskt senget\u00f8j konstant er tilg\u00e6ngeligt efter behov.<\/div>\n<\/li>\n<li>\n<div class=\"auto-hide-last-sibling-br paragraph_1252f paragraph-element\">Hoteller: I hotelbranchen er h\u00e5ndtering af senget\u00f8j en kolossal opgave, med tusindvis af genstande som senget\u00f8j, h\u00e5ndkl\u00e6der, gardiner og morgenk\u00e5ber i oml\u00f8b. RFID-linnedm\u00e6rker hj\u00e6lper med at str\u00f8mline denne opgave, sikrer rettidig reng\u00f8ring og udskiftning og hj\u00e6lper med at opdage og forebygge tyveri.<\/div>\n<\/li>\n<li>\n<div class=\"auto-hide-last-sibling-br paragraph_1252f paragraph-element\">Restauranter: Inden for foodserviceindustrien hj\u00e6lper RFID-tags med at overv\u00e5ge brugen og renheden af uniformer, duge, servietter og kokkeforkl\u00e6der. Dette kan eskalere renhedsstandarder og hj\u00e6lpe med at opretholde et p\u00e6nt, professionelt udseende.<\/div>\n<\/li>\n<li>\n<div class=\"auto-hide-last-sibling-br paragraph_1252f paragraph-element\">Modebekl\u00e6dningsindustrien: I modebranchens brummer spiller RFID-tags en v\u00e6sentlig rolle i sporing af varer p\u00e5 tv\u00e6rs af forsyningsk\u00e6den fra produktion til detailudstilling. De kan tilbyde v\u00e6rdifuld information s\u00e5som oprindelse, rejsehistorie og endda indviklede detaljer om stoffet og plejeinstruktionerne.<\/div>\n<\/li>\n<li>\n<div class=\"auto-hide-last-sibling-br paragraph_1252f paragraph-element\">Arbejdst\u00f8j\/brandh\u00e6mmende t\u00f8j: RFID-tags bruges af virksomheder til at spore og administrere specialt\u00f8j. Dette omfatter at sikre, at brandh\u00e6mmende eller anden beskyttelsesbekl\u00e6dning regelm\u00e6ssigt kontrolleres, reng\u00f8res korrekt og udskiftes, n\u00e5r det er n\u00f8dvendigt.<\/div>\n<\/li>\n<li>\n<div class=\"auto-hide-last-sibling-br paragraph_1252f paragraph-element\">Fodt\u00f8j og masker: S\u00e6rdeles betydningsfuldt i industrier som sundhedspleje og byggeri, hvor sikkerheden ikke kan kompromitteres, sporing af brug, renlighed og vedligeholdelse af genstande som masker og sikkerhedssko forenkles med brugen af RFID-tags.<\/div>\n<\/li>\n<li>\n<div class=\"auto-hide-last-sibling-br paragraph_1252f paragraph-element\">M\u00e5tter og mopper: Virksomheder, der leverer reng\u00f8ringstjenester eller administrerer store faciliteter, kan drage fordel af RFID-m\u00e6rker p\u00e5 m\u00e5tter og mopper. De vil v\u00e6re i stand til at spore brug og vedligeholdelse, hvilket sikrer rene og effektive v\u00e6rkt\u00f8jer til enhver tid.<\/div>\n<\/li>\n<\/ul>\n<h3>Milj\u00f8venlig indk\u00f8b<\/h3>\n<p>Vores RFID-tags er designet med milj\u00f8venlighed i tankerne. Ved at minimere manuel h\u00e5ndtering og reducere fejlplacerede genstande kan du hj\u00e6lpe med at s\u00e6nke CO2-fodaftrykket forbundet med vaskeri. De\u00a0<strong>RFID vaskem\u00e6rker<\/strong>\u00a0kan genbruges i slutningen af deres livscyklus, hvilket bidrager til b\u00e6redygtig praksis.<\/p>\n<h3>Hvad er UHF RFID-teknologi?<\/h3>\n<p>RFID (Radio Frequency Identification) er en teknologi, der bruger elektromagnetiske felter til automatisk at identificere og spore tags knyttet til objekter. UHF RFID fungerer inden for Ultra High Frequency-omr\u00e5det, hvilket giver mulighed for l\u00e6ngere l\u00e6seafstande og hurtigere identifikation, hvilket g\u00f8r den ideel til t\u00f8jvask. UHF RFID-tags kan sys eller fastg\u00f8res til t\u00f8j og senget\u00f8j, hvilket muligg\u00f8r effektiv sporing gennem hele vaskeprocessen.<\/p>\n<h3>Ofte stillede sp\u00f8rgsm\u00e5l (ofte stillede sp\u00f8rgsm\u00e5l)<\/h3>\n<p><strong>Q1: Er RFID-vaskem\u00e6rker kompatible med alle vaskesystemer?<\/strong><br \/>\n<strong>A1:<\/strong>\u00a0Ja, vores RFID-tags er designet til at fungere problemfrit med standard RFID-l\u00e6sere, der bruges i vaskeri.<\/p>\n<p><strong>Q2: Hvordan kan jeg genbruge brugte RFID-tags?<\/strong><br \/>\n<strong>A2:<\/strong>\u00a0Efter deres livscyklus kan du returnere m\u00e6rkerne til os til genbrug eller kontrollere lokale faciliteter, der h\u00e5ndterer elektronisk affald.<\/p>\n<p><strong>Q3: Kan jeg m\u00e6rke vasket\u00f8j til personlig brug?<\/strong><br \/>\n<strong>A3:<\/strong>\u00a0Absolut! Disse tags kan ogs\u00e5 bruges i husholdninger til at holde styr p\u00e5 familiens vasket\u00f8j effektivt.<\/p>\n<h3>Hvorfor v\u00e6lge os til dine RFID-l\u00f8sninger?<\/h3>\n<p>Med mange \u00e5rs ekspertise inden for RFID-teknologi leverer vi h\u00f8jkvalitets, holdbare og innovative l\u00f8sninger, der er skr\u00e6ddersyet til vaskeriindustrien. Vores produkter er designet til at im\u00f8dekomme forskellige operationelle behov, samtidig med at de bevarer overkommelighed og milj\u00f8ansvar.<\/p>\n<p>Vi inviterer dig til at forvandle din vaskeridrift i dag ved at investere i vores UHF RFID-vaskem\u00e6rker til senget\u00f8j. Med dokumenterede resultater i forbedring af effektiviteten, h\u00e5ndtering af tekstiler og sikring af ansvarlighed er disse tags ikke bare en investering i teknologi, men en investering i ro i sindet.<\/p>\n<h3>Konklusion<\/h3>\n<p>Ved at omfavne fremtiden for vaskeristyring vil integration af UHF RFID-teknologi i dine operationer forbedre din effektivitet og p\u00e5lidelighed betydeligt. G\u00e5 ikke glip af chancen for at forbedre dine evner til at behandle vasket\u00f8j.<\/p>\n<\/div>","protected":false},"excerpt":{"rendered":"<div class=\"auto-hide-last-sibling-br paragraph_1252f paragraph-element\">Forbedre vaskeeffektiviteten med vores holdbare UHF RFID-tags, designet til senget\u00f8j og bekl\u00e6dningsgenstande. Vaskbar, temperaturbestandig og ideel til sporing!<\/div>\n<div><\/div>\n<div class=\"auto-hide-last-sibling-br paragraph_1252f paragraph-element\"><\/div>","protected":false},"featured_media":58,"template":"","meta":{"_kad_post_transparent":"default","_kad_post_title":"","_kad_post_layout":"default","_kad_post_sidebar_id":"","_kad_post_content_style":"default","_kad_post_vertical_padding":"default","_kad_post_feature":"","_kad_post_feature_position":"","_kad_post_header":false,"_kad_post_footer":false,"_kad_post_classname":""},"product_brand":[],"product_cat":[19],"product_tag":[25,285,30,28],"class_list":{"0":"post-54","1":"product","2":"type-product","3":"status-publish","4":"has-post-thumbnail","6":"product_cat-textile-rfid-laundry-tag","7":"product_tag-rfid-laundrytags","8":"product_tag-rfid-tag","9":"product_tag-uhf-rfid-laundry-tag","10":"product_tag-washable-rfid-tags","12":"first","13":"instock","14":"shipping-taxable","15":"product-type-simple","16":"entry","17":"content-bg","18":"loop-entry"},"_links":{"self":[{"href":"https:\/\/rfid-laundry-tag.com\/da\/wp-json\/wp\/v2\/product\/54","targetHints":{"allow":["GET"]}}],"collection":[{"href":"https:\/\/rfid-laundry-tag.com\/da\/wp-json\/wp\/v2\/product"}],"about":[{"href":"https:\/\/rfid-laundry-tag.com\/da\/wp-json\/wp\/v2\/types\/product"}],"version-history":[{"count":3,"href":"https:\/\/rfid-laundry-tag.com\/da\/wp-json\/wp\/v2\/product\/54\/revisions"}],"predecessor-version":[{"id":2684,"href":"https:\/\/rfid-laundry-tag.com\/da\/wp-json\/wp\/v2\/product\/54\/revisions\/2684"}],"wp:featuredmedia":[{"embeddable":true,"href":"https:\/\/rfid-laundry-tag.com\/da\/wp-json\/wp\/v2\/media\/58"}],"wp:attachment":[{"href":"https:\/\/rfid-laundry-tag.com\/da\/wp-json\/wp\/v2\/media?parent=54"}],"wp:term":[{"taxonomy":"product_brand","embeddable":true,"href":"https:\/\/rfid-laundry-tag.com\/da\/wp-json\/wp\/v2\/product_brand?post=54"},{"taxonomy":"product_cat","embeddable":true,"href":"https:\/\/rfid-laundry-tag.com\/da\/wp-json\/wp\/v2\/product_cat?post=54"},{"taxonomy":"product_tag","embeddable":true,"href":"https:\/\/rfid-laundry-tag.com\/da\/wp-json\/wp\/v2\/product_tag?post=54"}],"curies":[{"name":"wp","href":"https:\/\/api.w.org\/{rel}","templated":true}]}}