{"id":47,"date":"2024-06-09T14:50:05","date_gmt":"2024-06-09T14:50:05","guid":{"rendered":"https:\/\/rfid-laundry-tag.com\/?post_type=product&#038;p=47"},"modified":"2024-09-08T05:41:36","modified_gmt":"2024-09-08T05:41:36","slug":"washable-rfid-tags","status":"publish","type":"product","link":"https:\/\/rfid-laundry-tag.com\/da\/vare\/washable-rfid-tags\/","title":{"rendered":"Vaskbare RFID-tags"},"content":{"rendered":"<p><strong>Vaskbare RFID-tags<\/strong><\/p>\n<div class=\"auto-hide-last-sibling-br paragraph_1252f paragraph-element\">\n<div class=\"auto-hide-last-sibling-br paragraph_1252f paragraph-element\">Apparel Washable RFID Tag er et alsidigt alternativ til traditionelle RFID-vaskem\u00e6rker, specielt designet til at t\u00e5le over 50 husholdningsvaskecyklusser med kun en minimal reduktion (10% til 15%) i RFID-ydelse. Dette vandt\u00e6tte RFID-m\u00e6rke fungerer som den ideelle omkostningseffektive l\u00f8sning og er perfekt til udlejning og detailhandel af bekl\u00e6dningsgenstande, fodt\u00f8j og lagner.<\/div>\n<div><\/div>\n<div class=\"auto-hide-last-sibling-br paragraph_1252f paragraph-element\">Med en unik struktur og beskyttelsesmekanisme til RFID-chippen kan denne tag overleve mere end 50 husholdningsvaskecyklusser. Det kan v\u00e6re up\u00e5faldende gemt i en s\u00f8m eller glidet ind i et plejem\u00e6rke, hvilket g\u00f8r det praktisk talt ubem\u00e6rket.<\/div>\n<p>&nbsp;<\/p>\n<div class=\"auto-hide-last-sibling-br paragraph_1252f paragraph-element\">Det, der adskiller dette UHF RFID-m\u00e6rke fra andre vaskbare linnedm\u00e6rker, er dets slanke 0,55 mm gennemsigtige design, hvilket g\u00f8r det til det tyndeste p\u00e5 markedet. Alt i alt pr\u00e6senterer dette en innovativ UHF RFID-l\u00f8sning til bekl\u00e6dning, der tilbyder omkostningseffektivitet, holdbarhed og diskretion.<\/div>\n<div><\/div>\n<div data-spm-anchor-id=\"a2700.details.0.i57.23b419c7xXORP0\"><span data-spm-anchor-id=\"a2700.details.0.i75.23b419c7xXORP0\"><b>Funktion:<\/b><br \/>\n1) UHF-teknologi til at l\u00e6se hundredvis af tags samtidigt.<br \/>\n2) Mere end 8 fods l\u00e6seafstand.<br \/>\n3) Nyt mekanisk design for forbedret ydeevne for fladt senget\u00f8j.<br \/>\n4) Velegnet til h\u00f8jtrykssugere op til 60 bar.<br \/>\n5) Velegnet til autoklave sterilisering.<br \/>\n6) Lille, bl\u00f8dt, fleksibelt materiale ideelt til tekstiler, senget\u00f8j, bekl\u00e6dningsgenstande og tilbeh\u00f8r.<\/span><\/div>\n<\/div>\n<div data-spm-anchor-id=\"a2700.details.0.i57.23b419c7xXORP0\"><\/div>\n<div data-spm-anchor-id=\"a2700.details.0.i57.23b419c7xXORP0\">\n<div class=\"text-title\"><span data-spm-anchor-id=\"a2700.details.0.i77.23b419c7xXORP0\">Fysisk:<\/span><\/div>\n<div class=\"text-content\" data-spm-anchor-id=\"a2700.details.0.i54.23b419c7xXORP0\">\n<p>Materiale: 100% polyester<\/p>\n<div>St\u00f8rrelse: 70 mm\u00d715 mm x1,5 mm<\/div>\n<div>Chip: UHF<\/div>\n<div>Label installationsmetode: syning, strygning<\/div>\n<div>Protokol: ISO18ooo-6C EPC C1G2<\/div>\n<div>Strygning: 15 sekunder, ved 210 \u2103<\/div>\n<div>Eksponering: 2,5 bar<\/div>\n<div>T\u00f8rring: 15 minutter ved 180\u00b0C<\/div>\n<div><span data-spm-anchor-id=\"a2700.details.0.i78.23b419c7xXORP0\">Vask: 15 minutter ved 90\u2103<\/span><\/div>\n<div>Vaskecyklusser: 200+cyklusser eller 3 \u00e5r<br \/>\nOpbevaringstilstand: -20-80 \u2103, 5-95%RH<\/div>\n<\/div>\n<\/div>\n<h3 class=\"wp-block-heading\">Installation<\/h3>\n<p><strong>Stitch Tagging<\/strong>: Skal sys ind i kanten af et tekstil. Sy vaskem\u00e6rket v\u00e6k fra foldelinjerne.<br \/>\n<strong>Varmeforsegling<\/strong>: Skal varmeforsegles direkte p\u00e5 tekstilet ved +200\u00b0C (392\u00b0F), i 12~14s.<br \/>\n<strong>I pose<\/strong>: Skal sys som en standard plejelabel. Sy vaskem\u00e6rket v\u00e6k fra foldelinjerne.<\/p>\n<div class=\"auto-hide-last-sibling-br paragraph_1252f paragraph-element\">Vaskbare RFID-tags er en integreret del af en r\u00e6kke industrier, hvilket giver effektiv aktivsporing, lagerstyring og forbedrer den samlede operationelle produktivitet. Her er nogle af dets applikationer p\u00e5 tv\u00e6rs af forskellige sektorer:<\/div>\n<ol class=\"auto-hide-last-sibling-br\">\n<li>\n<div class=\"auto-hide-last-sibling-br paragraph_1252f paragraph-element\"><strong>Sundhedspleje<\/strong>: Hospitaler og andre medicinske faciliteter bruger RFID-linnedm\u00e6rker til at administrere enorme beholdninger af senget\u00f8j, h\u00e5ndkl\u00e6der, scrubs, uniformer og kirurgisk senget\u00f8j. Dette hj\u00e6lper med at reducere tab, styre vaskecyklusser og sikre, at rent, friskt senget\u00f8j altid er tilg\u00e6ngeligt efter behov.<\/div>\n<\/li>\n<li>\n<div class=\"auto-hide-last-sibling-br paragraph_1252f paragraph-element\"><strong>Hoteller<\/strong>: H\u00e5ndtering af senget\u00f8j er en k\u00e6mpe opgave i hotelbranchen, hvor tusindvis af genstande, fra senget\u00f8j til h\u00e5ndkl\u00e6der til gardiner og morgenk\u00e5ber, er i oml\u00f8b. RFID-linnedtags forenkler sporing, sikrer rettidig reng\u00f8ring og udskiftning og hj\u00e6lper med at opdage og forhindre tyveri.<\/div>\n<\/li>\n<li>\n<div class=\"auto-hide-last-sibling-br paragraph_1252f paragraph-element\"><strong>Restauranter<\/strong>: I f\u00f8devareindustrien kan RFID-tags overv\u00e5ge brugen og reng\u00f8ringen af uniformer, duge, servietter og kokkeforkl\u00e6der. Dette kan forbedre standarder for renlighed og hj\u00e6lpe med at opretholde et poleret, professionelt udseende.<\/div>\n<\/li>\n<li>\n<div class=\"auto-hide-last-sibling-br paragraph_1252f paragraph-element\"><strong>Modebekl\u00e6dningsindustrien<\/strong>: RFID-tags spiller en stor rolle i sporing af varer i hele forsyningsk\u00e6den, fra produktion til detailhandel. De kan give v\u00e6rdifulde oplysninger som oprindelse, rejsehistorie og endda detaljer om stoffet og plejeinstruktioner.<\/div>\n<\/li>\n<li>\n<div class=\"auto-hide-last-sibling-br paragraph_1252f paragraph-element\"><strong>Arbejdst\u00f8j\/brandh\u00e6mmende t\u00f8j<\/strong>: Virksomheder kan bruge RFID-tags til at spore og administrere specialt\u00f8j. Dette kan omfatte at sikre, at brandh\u00e6mmende eller andet beskyttende t\u00f8j efterses regelm\u00e6ssigt, reng\u00f8res ordentligt og udskiftes efter behov.<\/div>\n<\/li>\n<li>\n<div class=\"auto-hide-last-sibling-br paragraph_1252f paragraph-element\"><strong>Fodt\u00f8j og masker<\/strong>: Is\u00e6r vigtigt i industrier som sundhedspleje og byggeri, hvor sikkerhed er kritisk, sporing af brug, reng\u00f8ring og vedligeholdelse af genstande som masker og sikkerhedssko kan forenkles med brugen af RFID-tags.<\/div>\n<\/li>\n<li>\n<div class=\"auto-hide-last-sibling-br paragraph_1252f paragraph-element\"><strong>M\u00e5tter og mopper<\/strong>: For virksomheder, der leverer reng\u00f8ringstjenester eller administrerer store faciliteter, kan RFID-tags p\u00e5 m\u00e5tter og mopper hj\u00e6lpe med at spore brug og vedligeholdelse og sikre rene og effektive v\u00e6rkt\u00f8jer til enhver tid.<\/div>\n<\/li>\n<\/ol>","protected":false},"excerpt":{"rendered":"<p>Vaskbare RFID-tags, ofte omtalt som RFID-linnedtags, er fremstillet med et blidt, men robust gummiydre. Dette er t\u00f8jm\u00e6rker, der er konstrueret til at v\u00e6re fleksible og robuste, der kan modst\u00e5 op til 200 vaskecyklusser og tryk p\u00e5 op til 60 bar. Vores UHF RFID-vaskem\u00e6rker udm\u00e6rker sig ved masseafl\u00e6sning, detekteres effektivt p\u00e5 flere meters afstand. De kommer i forskellige m\u00e5l, der sp\u00e6nder fra 1,5 til 3 tommer i l\u00e6ngden og en halv tomme til 1 tomme i bredden. Disse vaskbare RFID-tags finder udbredt anvendelse inden for det medicinske omr\u00e5de, ofte knyttet til scrubs b\u00e5ret af l\u00e6ger og sygeplejersker, s\u00e5vel som andre professionelle uniformer, kostumer og udlejningsgenstande som m\u00e5tter.<\/p>","protected":false},"featured_media":48,"template":"","meta":{"_kad_post_transparent":"default","_kad_post_title":"","_kad_post_layout":"default","_kad_post_sidebar_id":"","_kad_post_content_style":"default","_kad_post_vertical_padding":"default","_kad_post_feature":"","_kad_post_feature_position":"","_kad_post_header":false,"_kad_post_footer":false,"_kad_post_classname":""},"product_brand":[],"product_cat":[19,16],"product_tag":[25,27,28],"class_list":{"0":"post-47","1":"product","2":"type-product","3":"status-publish","4":"has-post-thumbnail","6":"product_cat-textile-rfid-laundry-tag","7":"product_cat-uhf-rfid-laundry-tags","8":"product_tag-rfid-laundrytags","9":"product_tag-uhf-rfid-textile-laundry-tag","10":"product_tag-washable-rfid-tags","12":"first","13":"instock","14":"shipping-taxable","15":"product-type-simple","16":"entry","17":"content-bg","18":"loop-entry"},"_links":{"self":[{"href":"https:\/\/rfid-laundry-tag.com\/da\/wp-json\/wp\/v2\/product\/47","targetHints":{"allow":["GET"]}}],"collection":[{"href":"https:\/\/rfid-laundry-tag.com\/da\/wp-json\/wp\/v2\/product"}],"about":[{"href":"https:\/\/rfid-laundry-tag.com\/da\/wp-json\/wp\/v2\/types\/product"}],"version-history":[{"count":1,"href":"https:\/\/rfid-laundry-tag.com\/da\/wp-json\/wp\/v2\/product\/47\/revisions"}],"predecessor-version":[{"id":1969,"href":"https:\/\/rfid-laundry-tag.com\/da\/wp-json\/wp\/v2\/product\/47\/revisions\/1969"}],"wp:featuredmedia":[{"embeddable":true,"href":"https:\/\/rfid-laundry-tag.com\/da\/wp-json\/wp\/v2\/media\/48"}],"wp:attachment":[{"href":"https:\/\/rfid-laundry-tag.com\/da\/wp-json\/wp\/v2\/media?parent=47"}],"wp:term":[{"taxonomy":"product_brand","embeddable":true,"href":"https:\/\/rfid-laundry-tag.com\/da\/wp-json\/wp\/v2\/product_brand?post=47"},{"taxonomy":"product_cat","embeddable":true,"href":"https:\/\/rfid-laundry-tag.com\/da\/wp-json\/wp\/v2\/product_cat?post=47"},{"taxonomy":"product_tag","embeddable":true,"href":"https:\/\/rfid-laundry-tag.com\/da\/wp-json\/wp\/v2\/product_tag?post=47"}],"curies":[{"name":"wp","href":"https:\/\/api.w.org\/{rel}","templated":true}]}}