{"id":40,"date":"2024-06-03T15:49:08","date_gmt":"2024-06-03T15:49:08","guid":{"rendered":"https:\/\/rfid-laundry-tag.com\/?post_type=product&#038;p=40"},"modified":"2024-09-08T05:31:52","modified_gmt":"2024-09-08T05:31:52","slug":"washable-uhf-rfid-laundry-tag","status":"publish","type":"product","link":"https:\/\/rfid-laundry-tag.com\/da\/vare\/washable-uhf-rfid-laundry-tag\/","title":{"rendered":"Vaskbar UHF RFID vaskem\u00e6rke"},"content":{"rendered":"<h2>Vaskbar <strong>UHF<\/strong> RFID vaskem\u00e6rke<\/h2>\n<p>RFID vaskem\u00e6rke lavet af tekstilmateriale med dimensioner p\u00e5 70*15 mm og udstyret med en NXP U CODE 9 chip er et str\u00f8mlinet v\u00e6rkt\u00f8j designet til effektiv sporing og h\u00e5ndtering af tekstiler s\u00e5som senget\u00f8j, uniformer, h\u00e5ndkl\u00e6der og mere.<\/p>\n<div class=\"auto-hide-last-sibling-br paragraph_1252f paragraph-element\">N\u00f8glefunktioner:<\/div>\n<ol class=\"auto-hide-last-sibling-br\">\n<li>\n<div class=\"auto-hide-last-sibling-br paragraph_1252f paragraph-element\"><strong>Materiale &amp; St\u00f8rrelse<\/strong>: Dette RFID-m\u00e6rke er lavet af et tekstilvenligt materiale og m\u00e5ler 70 mm gange 15 mm, en st\u00f8rrelse, der er ideel til diskret at m\u00e6rke forskellige typer stoffer uden at p\u00e5virke deres \u00e6stetiske eller taktile egenskaber.<\/div>\n<\/li>\n<li>\n<div class=\"auto-hide-last-sibling-br paragraph_1252f paragraph-element\"><strong>RFID-chip<\/strong>: Den indlejrede NXP U CODE 9-chip sikrer h\u00f8j ydeevne og p\u00e5lidelig funktionalitet. Denne mikrochip letter datatransmission over lange afstande og har en omfattende hukommelseskapacitet til lagring af vareinformation.<\/div>\n<\/li>\n<li>\n<div class=\"auto-hide-last-sibling-br paragraph_1252f paragraph-element\"><strong>Holdbarhed<\/strong>: P\u00e5 trods af den bl\u00f8de og fleksible tekstilkonstruktion er dette RFID-vaskem\u00e6rke designet til at t\u00e5le kraftige vaske-, strygnings- og presseprocesser. Den kan modst\u00e5 vand, varme og tryk og bevarer sin integritet og funktion p\u00e5 trods af gentagne industrielle vaskecyklusser.<\/div>\n<\/li>\n<li>\n<div class=\"auto-hide-last-sibling-br paragraph_1252f paragraph-element\"><strong>Effektivitet<\/strong>: NXP U CODE 9-chipteknologien muligg\u00f8r hurtig, n\u00f8jagtig scanning af tagget selv i bulkl\u00e6sningsscenarier. Dette resulterer i hurtig forarbejdning, reduceret driftstid og forbedret produktivitet i tekstilh\u00e5ndtering.<\/div>\n<\/li>\n<li>\n<div class=\"auto-hide-last-sibling-br paragraph_1252f paragraph-element\"><strong>Anvendelse<\/strong>: Prim\u00e6rt er disse RFID-tags syet eller varmeforseglet til tekstiler, f\u00f8r de tages i brug. N\u00e5r den f\u00f8rst er tilkoblet, kan automatiseret lagerstyring, proceskontrol og tabsforebyggelse lettes p\u00e5 grund af den tr\u00e5dl\u00f8se sporingsfunktion, som disse tags giver.<\/div>\n<\/li>\n<\/ol>\n<h3 class=\"wp-block-heading\">Installation<\/h3>\n<p><strong>Stitch Tagging<\/strong>: Skal sys ind i kanten af et tekstil. Sy vaskem\u00e6rket v\u00e6k fra foldelinjerne.<br \/>\n<strong>Varmeforsegling<\/strong>: Skal varmeforsegles direkte p\u00e5 tekstilet ved +200\u00b0C (392\u00b0F), i 12~14s.<br \/>\n<strong>I pose<\/strong>: Skal sys som en standard plejelabel. Sy vaskem\u00e6rket v\u00e6k fra foldelinjerne.<\/p>\n<figure id=\"attachment_42\" aria-describedby=\"caption-attachment-42\" style=\"width: 718px\" class=\"wp-caption alignnone\"><img fetchpriority=\"high\" decoding=\"async\" class=\"wp-image-42\" src=\"https:\/\/rfid-laundry-tag.com\/wp-content\/uploads\/2024\/06\/srchttp___cbu01.alicdn.com_img_ibank_2019_649_165_12443561946_2073715636.jpgreferhttp___cbu01.alicdn-300x160.webp\" alt=\"Washable UHF RFID Laundry Tag\" width=\"718\" height=\"383\" srcset=\"https:\/\/rfid-laundry-tag.com\/wp-content\/uploads\/2024\/06\/srchttp___cbu01.alicdn.com_img_ibank_2019_649_165_12443561946_2073715636.jpgreferhttp___cbu01.alicdn-300x160.webp 300w, https:\/\/rfid-laundry-tag.com\/wp-content\/uploads\/2024\/06\/srchttp___cbu01.alicdn.com_img_ibank_2019_649_165_12443561946_2073715636.jpgreferhttp___cbu01.alicdn-600x320.webp 600w, https:\/\/rfid-laundry-tag.com\/wp-content\/uploads\/2024\/06\/srchttp___cbu01.alicdn.com_img_ibank_2019_649_165_12443561946_2073715636.jpgreferhttp___cbu01.alicdn-18x10.webp 18w, https:\/\/rfid-laundry-tag.com\/wp-content\/uploads\/2024\/06\/srchttp___cbu01.alicdn.com_img_ibank_2019_649_165_12443561946_2073715636.jpgreferhttp___cbu01.alicdn.webp 750w\" sizes=\"(max-width: 718px) 100vw, 718px\" \/><figcaption id=\"caption-attachment-42\" class=\"wp-caption-text\">Vaskbar UHF RFID vaskem\u00e6rke<\/figcaption><\/figure>\n<div class=\"auto-hide-last-sibling-br paragraph_1252f paragraph-element\"><strong>RFID linned tags<\/strong> er en integreret del af en r\u00e6kke industrier, hvilket giver effektiv aktivsporing, lagerstyring og forbedrer den samlede operationelle produktivitet. Her er nogle af dets applikationer p\u00e5 tv\u00e6rs af forskellige sektorer:<\/div>\n<ol class=\"auto-hide-last-sibling-br\">\n<li>\n<div class=\"auto-hide-last-sibling-br paragraph_1252f paragraph-element\"><strong>Sundhedspleje<\/strong>: Hospitaler og andre medicinske faciliteter bruger RFID-linnedm\u00e6rker til at administrere enorme beholdninger af senget\u00f8j, h\u00e5ndkl\u00e6der, scrubs, uniformer og kirurgisk senget\u00f8j. Dette hj\u00e6lper med at reducere tab, styre vaskecyklusser og sikre, at rent, friskt senget\u00f8j altid er tilg\u00e6ngeligt efter behov.<\/div>\n<\/li>\n<li>\n<div class=\"auto-hide-last-sibling-br paragraph_1252f paragraph-element\"><strong>Hoteller<\/strong>: H\u00e5ndtering af senget\u00f8j er en k\u00e6mpe opgave i hotelbranchen, hvor tusindvis af genstande, fra senget\u00f8j til h\u00e5ndkl\u00e6der til gardiner og morgenk\u00e5ber, er i oml\u00f8b. RFID-linnedtags forenkler sporing, sikrer rettidig reng\u00f8ring og udskiftning og hj\u00e6lper med at opdage og forhindre tyveri.<\/div>\n<\/li>\n<li>\n<div class=\"auto-hide-last-sibling-br paragraph_1252f paragraph-element\"><strong>Restauranter<\/strong>: I f\u00f8devareindustrien kan RFID-tags overv\u00e5ge brugen og reng\u00f8ringen af uniformer, duge, servietter og kokkeforkl\u00e6der. Dette kan forbedre standarder for renlighed og hj\u00e6lpe med at opretholde et poleret, professionelt udseende.<\/div>\n<\/li>\n<li>\n<div class=\"auto-hide-last-sibling-br paragraph_1252f paragraph-element\"><strong>Modebekl\u00e6dningsindustrien<\/strong>: RFID-tags spiller en stor rolle i sporing af varer i hele forsyningsk\u00e6den, fra produktion til detailhandel. De kan give v\u00e6rdifulde oplysninger som oprindelse, rejsehistorie og endda detaljer om stoffet og plejeinstruktioner.<\/div>\n<\/li>\n<li>\n<div class=\"auto-hide-last-sibling-br paragraph_1252f paragraph-element\"><strong>Arbejdst\u00f8j\/brandh\u00e6mmende t\u00f8j<\/strong>: Virksomheder kan bruge RFID-tags til at spore og administrere specialt\u00f8j. Dette kan omfatte at sikre, at brandh\u00e6mmende eller andet beskyttende t\u00f8j efterses regelm\u00e6ssigt, reng\u00f8res ordentligt og udskiftes efter behov.<\/div>\n<\/li>\n<li>\n<div class=\"auto-hide-last-sibling-br paragraph_1252f paragraph-element\"><strong>Fodt\u00f8j og masker<\/strong>: Is\u00e6r vigtigt i industrier som sundhedspleje og byggeri, hvor sikkerhed er kritisk, sporing af brug, reng\u00f8ring og vedligeholdelse af genstande som masker og sikkerhedssko kan forenkles med brugen af RFID-tags.<\/div>\n<\/li>\n<li>\n<div class=\"auto-hide-last-sibling-br paragraph_1252f paragraph-element\"><strong>M\u00e5tter og mopper<\/strong>: For virksomheder, der leverer reng\u00f8ringstjenester eller administrerer store faciliteter, kan RFID-tags p\u00e5 m\u00e5tter og mopper hj\u00e6lpe med at spore brug og vedligeholdelse og sikre rene og effektive v\u00e6rkt\u00f8jer til enhver tid.<\/div>\n<\/li>\n<\/ol>","protected":false},"excerpt":{"rendered":"<h3 class=\"wp-block-heading\">Vaskbar UHF RFID vaskem\u00e6rke<\/h3>\n<p>1, Fleksibel, tynd, glat og robust.<br \/>\n2, lang l\u00e6ser\u00e6kkevidde og bulkl\u00e6seydelse.<br \/>\n3, Garanteret for 200 vaskecyklusser, der arbejder gennem sterilisering, afvanding, varmejernsprocessor under tryk 60 bar, 200\u00b0C opvarmning.<br \/>\n4, Passer til syning, varmeforsegling, posering eller oph\u00e6ngning.<br \/>\n5, On Demand-tjeneste: laserlogo med EPC-kodning i RFID-chip.<\/p>","protected":false},"featured_media":41,"template":"","meta":{"_kad_post_transparent":"default","_kad_post_title":"","_kad_post_layout":"default","_kad_post_sidebar_id":"","_kad_post_content_style":"default","_kad_post_vertical_padding":"default","_kad_post_feature":"","_kad_post_feature_position":"","_kad_post_header":false,"_kad_post_footer":false,"_kad_post_classname":""},"product_brand":[],"product_cat":[19,16],"product_tag":[25,23,26],"class_list":{"0":"post-40","1":"product","2":"type-product","3":"status-publish","4":"has-post-thumbnail","6":"product_cat-textile-rfid-laundry-tag","7":"product_cat-uhf-rfid-laundry-tags","8":"product_tag-rfid-laundrytags","9":"product_tag-rfid-linen-tags","10":"product_tag-washable-uhf-rfid-laundry-tag","12":"first","13":"instock","14":"shipping-taxable","15":"product-type-simple","16":"entry","17":"content-bg","18":"loop-entry"},"_links":{"self":[{"href":"https:\/\/rfid-laundry-tag.com\/da\/wp-json\/wp\/v2\/product\/40","targetHints":{"allow":["GET"]}}],"collection":[{"href":"https:\/\/rfid-laundry-tag.com\/da\/wp-json\/wp\/v2\/product"}],"about":[{"href":"https:\/\/rfid-laundry-tag.com\/da\/wp-json\/wp\/v2\/types\/product"}],"version-history":[{"count":1,"href":"https:\/\/rfid-laundry-tag.com\/da\/wp-json\/wp\/v2\/product\/40\/revisions"}],"predecessor-version":[{"id":1957,"href":"https:\/\/rfid-laundry-tag.com\/da\/wp-json\/wp\/v2\/product\/40\/revisions\/1957"}],"wp:featuredmedia":[{"embeddable":true,"href":"https:\/\/rfid-laundry-tag.com\/da\/wp-json\/wp\/v2\/media\/41"}],"wp:attachment":[{"href":"https:\/\/rfid-laundry-tag.com\/da\/wp-json\/wp\/v2\/media?parent=40"}],"wp:term":[{"taxonomy":"product_brand","embeddable":true,"href":"https:\/\/rfid-laundry-tag.com\/da\/wp-json\/wp\/v2\/product_brand?post=40"},{"taxonomy":"product_cat","embeddable":true,"href":"https:\/\/rfid-laundry-tag.com\/da\/wp-json\/wp\/v2\/product_cat?post=40"},{"taxonomy":"product_tag","embeddable":true,"href":"https:\/\/rfid-laundry-tag.com\/da\/wp-json\/wp\/v2\/product_tag?post=40"}],"curies":[{"name":"wp","href":"https:\/\/api.w.org\/{rel}","templated":true}]}}