{"id":37,"date":"2024-06-03T15:44:26","date_gmt":"2024-06-03T15:44:26","guid":{"rendered":"https:\/\/rfid-laundry-tag.com\/?post_type=product&#038;p=37"},"modified":"2024-09-27T17:21:11","modified_gmt":"2024-09-27T17:21:11","slug":"laundry-rfid-linen-tags","status":"publish","type":"product","link":"https:\/\/rfid-laundry-tag.com\/da\/vare\/laundry-rfid-linen-tags\/","title":{"rendered":"T\u00f8jvask RFID Linned Tags"},"content":{"rendered":"<h2>T\u00f8jvask RFID Linned Tags<\/h2>\n<p>RFID vaskem\u00e6rke lavet af tekstilmateriale med dimensioner p\u00e5 70*15 mm og udstyret med en NXP U CODE 9 chip er et str\u00f8mlinet v\u00e6rkt\u00f8j designet til effektiv sporing og h\u00e5ndtering af tekstiler s\u00e5som senget\u00f8j, uniformer, h\u00e5ndkl\u00e6der og mere.<\/p>\n<div class=\"auto-hide-last-sibling-br paragraph_1252f paragraph-element\">N\u00f8glefunktioner:<\/div>\n<ol class=\"auto-hide-last-sibling-br\">\n<li>\n<div class=\"auto-hide-last-sibling-br paragraph_1252f paragraph-element\"><strong>Materiale &amp; St\u00f8rrelse<\/strong>: Dette RFID-m\u00e6rke er lavet af et tekstilvenligt materiale og m\u00e5ler 70 mm gange 15 mm, en st\u00f8rrelse, der er ideel til diskret at m\u00e6rke forskellige typer stoffer uden at p\u00e5virke deres \u00e6stetiske eller taktile egenskaber.<\/div>\n<\/li>\n<li>\n<div class=\"auto-hide-last-sibling-br paragraph_1252f paragraph-element\"><strong>RFID-chip<\/strong>: Den indlejrede NXP U CODE 9-chip sikrer h\u00f8j ydeevne og p\u00e5lidelig funktionalitet. Denne mikrochip letter datatransmission over lange afstande og har en omfattende hukommelseskapacitet til lagring af vareinformation.<\/div>\n<\/li>\n<li>\n<div class=\"auto-hide-last-sibling-br paragraph_1252f paragraph-element\"><strong>Holdbarhed<\/strong>: P\u00e5 trods af den bl\u00f8de og fleksible tekstilkonstruktion er dette RFID-vaskem\u00e6rke designet til at t\u00e5le kraftige vaske-, strygnings- og presseprocesser. Den kan modst\u00e5 vand, varme og tryk og bevarer sin integritet og funktion p\u00e5 trods af gentagne industrielle vaskecyklusser.<\/div>\n<\/li>\n<li>\n<div class=\"auto-hide-last-sibling-br paragraph_1252f paragraph-element\"><strong>Effektivitet<\/strong>: NXP U CODE 9-chipteknologien muligg\u00f8r hurtig, n\u00f8jagtig scanning af tagget selv i bulkl\u00e6sningsscenarier. Dette resulterer i hurtig forarbejdning, reduceret driftstid og forbedret produktivitet i tekstilh\u00e5ndtering.<\/div>\n<\/li>\n<li>\n<div class=\"auto-hide-last-sibling-br paragraph_1252f paragraph-element\"><strong>Anvendelse<\/strong>: Prim\u00e6rt er disse RFID-tags syet eller varmeforseglet til tekstiler, f\u00f8r de tages i brug. N\u00e5r den f\u00f8rst er tilkoblet, kan automatiseret lagerstyring, proceskontrol og tabsforebyggelse lettes p\u00e5 grund af den tr\u00e5dl\u00f8se sporingsfunktion, som disse tags giver.<\/div>\n<\/li>\n<\/ol>\n<div class=\"auto-hide-last-sibling-br paragraph_1252f paragraph-element\">Hvorfor sporbarhed spiller en afg\u00f8rende rolle i tekstilindustrien. Her er en oversigt over de vigtigste punkter, der skal fremh\u00e6ves:<\/div>\n<div><\/div>\n<ol class=\"auto-hide-last-sibling-br\">\n<li>\n<div class=\"auto-hide-last-sibling-br paragraph_1252f paragraph-element\">Kvalitetskontrol: Ved at give producenterne mulighed for at overv\u00e5ge kvaliteten af deres tekstiler p\u00e5 hvert produktionsniveau, muligg\u00f8r sporbarhed tidlig identifikation og udbedring af kvalitetsproblemer.<\/div>\n<\/li>\n<li>\n<div class=\"auto-hide-last-sibling-br paragraph_1252f paragraph-element\">Produktsikkerhed: Sporbarhed sikrer tekstilers sikkerhed ved at give producenterne mulighed for hurtigt at lokalisere og tr\u00e6kke produkter fra hylderne i tilf\u00e6lde af skadelige kemikalier eller defekter.<\/div>\n<\/li>\n<li>\n<div class=\"auto-hide-last-sibling-br paragraph_1252f paragraph-element\">Reguleringsoverholdelse: Overholdelse af strenge regler vedr\u00f8rende tekstiler kan sikres ved sporbarhed, dette hj\u00e6lper producenter med at undg\u00e5 juridiske konfrontationer og plette deres omd\u00f8mme.<\/div>\n<\/li>\n<li>\n<div class=\"auto-hide-last-sibling-br paragraph_1252f paragraph-element\">Forsyningsk\u00e6degennemsigtighed: Forbrugerne i dag kr\u00e6ver gennemsigtighed om deres produkters oprindelse, fremstillingsprocessen og om etisk og b\u00e6redygtig praksis er blevet opretholdt. Sporbarhed im\u00f8dekommer netop denne eftersp\u00f8rgsel.<\/div>\n<\/li>\n<li>\n<div class=\"auto-hide-last-sibling-br paragraph_1252f paragraph-element\">B\u00e6redygtighed og milj\u00f8venlighed: Tekstilindustrien st\u00e5r over for et betydeligt pres for at blive mere b\u00e6redygtig og begr\u00e6nse milj\u00f8skader. Sporbarhed hj\u00e6lper producenter med at spore materialers oprindelse og vurdere milj\u00f8p\u00e5virkningen af deres produktionsprocesser. Dette kan hj\u00e6lpe med at minimere spild og inkorporere gr\u00f8nnere praksisser.<\/div>\n<\/li>\n<li>\n<div class=\"auto-hide-last-sibling-br paragraph_1252f paragraph-element\">Forebyggelse af forfalskning: Sporbarhed er medvirkende til at bekr\u00e6fte produktets \u00e6gthed og derved forhindre forfalskning og beskytte m\u00e6rkets omd\u00f8mme.<\/div>\n<\/li>\n<li>\n<div class=\"auto-hide-last-sibling-br paragraph_1252f paragraph-element\">Effektiv tilbagekaldelsesstyring: Sporbarhed g\u00f8r det muligt for producenter hurtigt at identificere ber\u00f8rte produkter og forbrugere i tilf\u00e6lde af tilbagekaldelse af produkter p\u00e5 grund af sikkerheds- eller kvalitetsproblemer. Dette begr\u00e6nser omfanget og virkningen af produkttilbagekaldelser.<\/div>\n<\/li>\n<li>\n<div class=\"auto-hide-last-sibling-br paragraph_1252f paragraph-element\">Omkostningsreduktion: Sporbarhedssystemer hj\u00e6lper med at identificere ineffektivitet i produktionsprocessen, der f\u00f8rer til omkostningsreduktion. Det giver producenterne mulighed for at spore materialer og processer, optimere driften og reducere spild.<\/div>\n<\/li>\n<li>\n<div class=\"auto-hide-last-sibling-br paragraph_1252f paragraph-element\">Brandomd\u00f8mme: Sporbarhed og gennemsigtighed fremmer forbrugernes tillid, hvilket kan forbedre et brands image betydeligt.<\/div>\n<\/li>\n<li>\n<div class=\"auto-hide-last-sibling-br paragraph_1252f paragraph-element\">Risikostyring: Sporbarhed letter foregribende styring af risici relateret til forsyningsk\u00e6deforstyrrelser, kvalitetsproblemer eller produkttilbagekaldelser, hvilket reducerer potentiel \u00f8konomisk skade og omd\u00f8mmeskade i tilf\u00e6lde af en krise.<\/div>\n<\/li>\n<\/ol>\n<div class=\"auto-hide-last-sibling-br paragraph_1252f paragraph-element\">Sporbarhed i tekstilindustrien har \u00e5benbart enorme fordele. Det \u00f8ger ikke kun driftseffektiviteten, men opfylder ogs\u00e5 forbrugernes forventninger til sikkerhed, kvalitet og etisk indk\u00f8b.<\/div>","protected":false},"excerpt":{"rendered":"<p>Holdbare RFID-linnedtags: fleksibel, robust, med lang l\u00e6ser\u00e6kkevidde. Garanteret til 200 vaske, velegnet til syning, varmeforsegling eller oph\u00e6ngning. Ideel til vasket\u00f8jsbrug.<\/p>","protected":false},"featured_media":39,"template":"","meta":{"_kad_post_transparent":"default","_kad_post_title":"","_kad_post_layout":"default","_kad_post_sidebar_id":"","_kad_post_content_style":"default","_kad_post_vertical_padding":"default","_kad_post_feature":"","_kad_post_feature_position":"","_kad_post_header":false,"_kad_post_footer":false,"_kad_post_classname":""},"product_brand":[],"product_cat":[19,16],"product_tag":[22,24,25,23],"class_list":{"0":"post-37","1":"product","2":"type-product","3":"status-publish","4":"has-post-thumbnail","6":"product_cat-textile-rfid-laundry-tag","7":"product_cat-uhf-rfid-laundry-tags","8":"product_tag-laundry-rfid-linen-tags","9":"product_tag-laundry-rfid-tags","10":"product_tag-rfid-laundrytags","11":"product_tag-rfid-linen-tags","13":"first","14":"instock","15":"shipping-taxable","16":"product-type-simple","17":"entry","18":"content-bg","19":"loop-entry"},"_links":{"self":[{"href":"https:\/\/rfid-laundry-tag.com\/da\/wp-json\/wp\/v2\/product\/37","targetHints":{"allow":["GET"]}}],"collection":[{"href":"https:\/\/rfid-laundry-tag.com\/da\/wp-json\/wp\/v2\/product"}],"about":[{"href":"https:\/\/rfid-laundry-tag.com\/da\/wp-json\/wp\/v2\/types\/product"}],"version-history":[{"count":3,"href":"https:\/\/rfid-laundry-tag.com\/da\/wp-json\/wp\/v2\/product\/37\/revisions"}],"predecessor-version":[{"id":2713,"href":"https:\/\/rfid-laundry-tag.com\/da\/wp-json\/wp\/v2\/product\/37\/revisions\/2713"}],"wp:featuredmedia":[{"embeddable":true,"href":"https:\/\/rfid-laundry-tag.com\/da\/wp-json\/wp\/v2\/media\/39"}],"wp:attachment":[{"href":"https:\/\/rfid-laundry-tag.com\/da\/wp-json\/wp\/v2\/media?parent=37"}],"wp:term":[{"taxonomy":"product_brand","embeddable":true,"href":"https:\/\/rfid-laundry-tag.com\/da\/wp-json\/wp\/v2\/product_brand?post=37"},{"taxonomy":"product_cat","embeddable":true,"href":"https:\/\/rfid-laundry-tag.com\/da\/wp-json\/wp\/v2\/product_cat?post=37"},{"taxonomy":"product_tag","embeddable":true,"href":"https:\/\/rfid-laundry-tag.com\/da\/wp-json\/wp\/v2\/product_tag?post=37"}],"curies":[{"name":"wp","href":"https:\/\/api.w.org\/{rel}","templated":true}]}}