{"id":356,"date":"2024-06-28T11:08:54","date_gmt":"2024-06-28T11:08:54","guid":{"rendered":"https:\/\/rfid-laundry-tag.com\/?post_type=product&#038;p=356"},"modified":"2024-08-14T15:55:26","modified_gmt":"2024-08-14T15:55:26","slug":"rfid-windshield-sticker-for-vehicle-tracking","status":"publish","type":"product","link":"https:\/\/rfid-laundry-tag.com\/da\/vare\/rfid-windshield-sticker-for-vehicle-tracking\/","title":{"rendered":"RFID-forrude-klisterm\u00e6rke til sporing af k\u00f8ret\u00f8jer"},"content":{"rendered":"<h2>RFID-forrude-klisterm\u00e6rke til sporing af k\u00f8ret\u00f8jer<\/h2>\n<div class=\"J_module\">\n<div class=\"ife-detail-decorate-table\">\n<table class=\"all magic-10\">\n<tbody>\n<tr>\n<td colspan=\"1\" rowspan=\"1\">\n<div class=\"magic-11\">Chip<\/div>\n<\/td>\n<td colspan=\"1\" rowspan=\"1\">\n<div class=\"magic-12\">Alien H9,H10,U9 osv<\/div>\n<\/td>\n<\/tr>\n<tr>\n<td colspan=\"1\" rowspan=\"1\">\n<div class=\"magic-11\">Frekvens<\/div>\n<\/td>\n<td colspan=\"1\" rowspan=\"1\">\n<div class=\"magic-12\">860 ~ 960 MHz<\/div>\n<\/td>\n<\/tr>\n<tr>\n<td colspan=\"1\" rowspan=\"1\">\n<div class=\"magic-11\">Materiale<\/div>\n<\/td>\n<td colspan=\"1\" rowspan=\"1\">\n<div class=\"magic-12\">Bestr\u00f8get papir\/PET\/Syntetisk papir\/Termisk papir\/tilpasning<\/div>\n<\/td>\n<\/tr>\n<tr>\n<td colspan=\"1\" rowspan=\"1\">\n<div class=\"magic-11\">Arbejdstilstand<\/div>\n<\/td>\n<td colspan=\"1\" rowspan=\"1\">\n<div class=\"magic-12\">Passiv<\/div>\n<\/td>\n<\/tr>\n<tr>\n<td colspan=\"1\" rowspan=\"1\">\n<div class=\"magic-11\">IC liv<\/div>\n<\/td>\n<td colspan=\"1\" rowspan=\"1\">\n<div class=\"magic-12\">100.000 programmeringscyklusser, 10 \u00e5rs dataopbevaring<\/div>\n<\/td>\n<\/tr>\n<tr>\n<td colspan=\"1\" rowspan=\"1\">\n<div class=\"magic-11\">Driftstemperatur\/fugtighed<\/div>\n<\/td>\n<td colspan=\"1\" rowspan=\"1\">\n<div class=\"magic-12\">-25~50\u2103\/20%~80% RH<\/div>\n<\/td>\n<\/tr>\n<tr>\n<td colspan=\"1\" rowspan=\"1\">\n<div class=\"magic-11\">Opbevaringstemperatur\/fugtighed<\/div>\n<\/td>\n<td colspan=\"1\" rowspan=\"1\">\n<div class=\"magic-12\">+23\u00b0C\u00b15\u00b0C\/ 50%\u00b110% RH(Uden kondensering).<\/div>\n<\/td>\n<\/tr>\n<tr>\n<td colspan=\"1\" rowspan=\"1\">\n<div class=\"magic-11\">Antenne<\/div>\n<\/td>\n<td colspan=\"1\" rowspan=\"1\">\n<div class=\"magic-12\">Aluminium\u00e6tsning, 94,8*8,1mm<\/div>\n<\/td>\n<\/tr>\n<tr>\n<td colspan=\"1\" rowspan=\"1\">\n<div class=\"magic-11\">V\u00e5dt indl\u00e6g\/Label Str<\/div>\n<\/td>\n<td colspan=\"1\" rowspan=\"1\">\n<div class=\"magic-12\">98*15mm eller tilpasning<\/div>\n<\/td>\n<\/tr>\n<tr>\n<td colspan=\"1\" rowspan=\"1\">\n<div class=\"magic-11\">Trykning<\/div>\n<\/td>\n<td colspan=\"1\" rowspan=\"1\">\n<div class=\"magic-12\">Fuldfarvetryk, logo, stregkode, QR-kode osv<\/div>\n<\/td>\n<\/tr>\n<tr>\n<td colspan=\"1\" rowspan=\"1\">\n<div class=\"magic-11\">Pr\u00f8ve<\/div>\n<\/td>\n<td colspan=\"1\" rowspan=\"1\">\n<div class=\"magic-12\">Pr\u00f8ven er gratis til din kvalitetstest<\/div>\n<\/td>\n<\/tr>\n<tr>\n<td colspan=\"1\" rowspan=\"1\">\n<div class=\"magic-11\">Protokol<\/div>\n<\/td>\n<td colspan=\"1\" rowspan=\"1\">\n<div class=\"magic-12\">ISO\/IEC 18000-6C EPC Klasse1 Gen2<\/div>\n<\/td>\n<\/tr>\n<tr>\n<td colspan=\"1\" rowspan=\"1\">\n<div class=\"magic-11\">Emballage<\/div>\n<\/td>\n<td colspan=\"1\" rowspan=\"1\">\n<div class=\"magic-12\">1000-5000 stk\/rulle, 4 ruller\/karton<\/div>\n<\/td>\n<\/tr>\n<tr>\n<td colspan=\"1\" rowspan=\"1\">\n<div class=\"magic-11\">Oprindelsessted<\/div>\n<\/td>\n<td colspan=\"1\" rowspan=\"1\">\n<div class=\"magic-12\">Chengdu, Kina<\/div>\n<\/td>\n<\/tr>\n<tr>\n<td colspan=\"1\" rowspan=\"4\">\n<div class=\"magic-11\">Anvendelse\/l\u00f8sning<\/div>\n<\/td>\n<td colspan=\"1\" rowspan=\"1\">\n<div class=\"magic-12\">Sikker adgangskontrol\/Kontantfri betaling Medlemskab og loyalitetsprogrammer<\/div>\n<\/td>\n<\/tr>\n<tr>\n<td colspan=\"1\" rowspan=\"1\">\n<div class=\"magic-12\" data-spm-anchor-id=\"a2700.details.0.i80.59c943e8HVzkHD\">Eventadgang og branding\/sociale medier\/detailhandel<\/div>\n<\/td>\n<\/tr>\n<tr>\n<td colspan=\"1\" rowspan=\"1\">\n<div class=\"magic-12\">Milj\u00f8\/Spil &amp; Leget\u00f8j Placering\/Elektronik\/messer<\/div>\n<\/td>\n<\/tr>\n<tr>\n<td colspan=\"1\" rowspan=\"1\">\n<div class=\"magic-12\">Begivenheder\/Opkaldsanmodning\/Visitkort<\/div>\n<\/td>\n<\/tr>\n<\/tbody>\n<\/table>\n<p>&nbsp;<\/p>\n<\/div>\n<\/div>\n<div class=\"J_module\">\n<div class=\"auto-hide-last-sibling-br paragraph_9dc5f paragraph-element\">\n<p><strong>Anvendelser af RFID-forrude-klisterm\u00e6rker inkluderer:<\/strong><\/p>\n<ol>\n<li><strong>K\u00f8ret\u00f8js adgangskontrol<\/strong>: RFID-klisterm\u00e6rker til forruden kan bruges til automatisk ind- og udk\u00f8rsel ved parkeringspladser, gated communities, betalingsanl\u00e6g og andre kontrollerede adgangsomr\u00e5der.<\/li>\n<li><strong>Sporing af k\u00f8ret\u00f8jer<\/strong>: RFID-klisterm\u00e6rker til forruden kan bruges til at spore og styre k\u00f8ret\u00f8jer inden for en facilitet, s\u00e5som hos udlejningsbiler eller parkeringshuse.<\/li>\n<li><strong>Elektronisk bompengeopkr\u00e6vning<\/strong>: RFID-klisterm\u00e6rker til forruden kan bruges til elektroniske bompengeopkr\u00e6vningssystemer, hvilket g\u00f8r det muligt for k\u00f8ret\u00f8jer at passere gennem betalingsanl\u00e6g hurtigt og effektivt uden at skulle stoppe og betale kontant.<\/li>\n<li><strong>Fl\u00e5destyring<\/strong>: RFID-klisterm\u00e6rker til forruden kan bruges til at spore og administrere fl\u00e5der af k\u00f8ret\u00f8jer, hvilket g\u00f8r det muligt for virksomheder at overv\u00e5ge og optimere deres drift.<\/li>\n<li><strong>Parkeringsstyring<\/strong>: RFID-klisterm\u00e6rker til forruden kan bruges til at spore og administrere parkeringspladser p\u00e5 parkeringspladser eller strukturer, hvilket giver realtidsinformation om tilg\u00e6ngelige parkeringspladser.<\/li>\n<li><strong>K\u00f8ret\u00f8jsidentifikation<\/strong>: RFID-klisterm\u00e6rker til forruden kan bruges til k\u00f8ret\u00f8jsidentifikation i begivenheder, l\u00f8b eller andre situationer, hvor hurtig og pr\u00e6cis identifikation er p\u00e5kr\u00e6vet.<\/li>\n<\/ol>\n<p>Samlet set tilbyder RFID-forrude-klisterm\u00e6rker en bekvem og effektiv m\u00e5de at spore og administrere k\u00f8ret\u00f8jer i en r\u00e6kke forskellige applikationer, hvilket giver \u00f8get sikkerhed, bekvemmelighed og automatisering i k\u00f8ret\u00f8jsrelaterede processer.<\/p>\n<\/div>\n<div><\/div>\n<div class=\"auto-hide-last-sibling-br paragraph_9dc5f paragraph-element\"><\/div>\n<div><\/div>\n<\/div>\n<div><\/div>\n<div><strong>Hvorfor v\u00e6lge USA?<\/strong><\/div>\n<div><\/div>\n<div>Vi er den f\u00f8rende RFID-teknologileverand\u00f8r med over 11 \u00e5rs erfaring, som bringer avanceret effektivitet, p\u00e5lidelighed og n\u00f8jagtighed til kundernes globale forsyningsk\u00e6der med branchef\u00f8rende produkter, l\u00f8sninger og teknologier. Som producent p\u00e5 Global Level tilbyder vi kunderne en platform af grundl\u00e6ggende teknologier, herunder adgangskontrol, dyrem\u00e6rkning, near field communication (NFC), forskellige RFID-l\u00e6sere og l\u00f8sninger. Vores l\u00f8sninger har meget konfigurerbare applikationsrammer og elegante brugergr\u00e6nseflader med avanceret analyse, der muligg\u00f8r end-to-end business intelligence og datasynlighed p\u00e5 tv\u00e6rs af flere brancher.<\/div>","protected":false},"excerpt":{"rendered":"<p>RFID-forrude-klisterm\u00e6rker er RFID-tags, der er designet til at blive fastgjort til forruden p\u00e5 et k\u00f8ret\u00f8j til forskellige sporings- og identifikationsform\u00e5l.<\/p>","protected":false},"featured_media":357,"template":"","meta":{"_kad_post_transparent":"default","_kad_post_title":"","_kad_post_layout":"default","_kad_post_sidebar_id":"","_kad_post_content_style":"default","_kad_post_vertical_padding":"default","_kad_post_feature":"","_kad_post_feature_position":"","_kad_post_header":false,"_kad_post_footer":false,"_kad_post_classname":""},"product_brand":[],"product_cat":[54],"product_tag":[157,98],"class_list":{"0":"post-356","1":"product","2":"type-product","3":"status-publish","4":"has-post-thumbnail","6":"product_cat-hot-selling-rfid-tags","7":"product_tag-rfid-windshield-sticker-for-vehicle-tracking","8":"product_tag-uhf-rfid-label","10":"first","11":"instock","12":"shipping-taxable","13":"product-type-simple","14":"entry","15":"content-bg","16":"loop-entry"},"_links":{"self":[{"href":"https:\/\/rfid-laundry-tag.com\/da\/wp-json\/wp\/v2\/product\/356","targetHints":{"allow":["GET"]}}],"collection":[{"href":"https:\/\/rfid-laundry-tag.com\/da\/wp-json\/wp\/v2\/product"}],"about":[{"href":"https:\/\/rfid-laundry-tag.com\/da\/wp-json\/wp\/v2\/types\/product"}],"version-history":[{"count":1,"href":"https:\/\/rfid-laundry-tag.com\/da\/wp-json\/wp\/v2\/product\/356\/revisions"}],"predecessor-version":[{"id":1306,"href":"https:\/\/rfid-laundry-tag.com\/da\/wp-json\/wp\/v2\/product\/356\/revisions\/1306"}],"wp:featuredmedia":[{"embeddable":true,"href":"https:\/\/rfid-laundry-tag.com\/da\/wp-json\/wp\/v2\/media\/357"}],"wp:attachment":[{"href":"https:\/\/rfid-laundry-tag.com\/da\/wp-json\/wp\/v2\/media?parent=356"}],"wp:term":[{"taxonomy":"product_brand","embeddable":true,"href":"https:\/\/rfid-laundry-tag.com\/da\/wp-json\/wp\/v2\/product_brand?post=356"},{"taxonomy":"product_cat","embeddable":true,"href":"https:\/\/rfid-laundry-tag.com\/da\/wp-json\/wp\/v2\/product_cat?post=356"},{"taxonomy":"product_tag","embeddable":true,"href":"https:\/\/rfid-laundry-tag.com\/da\/wp-json\/wp\/v2\/product_tag?post=356"}],"curies":[{"name":"wp","href":"https:\/\/api.w.org\/{rel}","templated":true}]}}