{"id":354,"date":"2024-06-28T10:53:04","date_gmt":"2024-06-28T10:53:04","guid":{"rendered":"https:\/\/rfid-laundry-tag.com\/?post_type=product&#038;p=354"},"modified":"2024-06-28T11:07:24","modified_gmt":"2024-06-28T11:07:24","slug":"custom-nfc-label-iso14443a","status":"publish","type":"product","link":"https:\/\/rfid-laundry-tag.com\/da\/vare\/custom-nfc-label-iso14443a\/","title":{"rendered":"Brugerdefineret NFC-m\u00e6rke ISO14443A"},"content":{"rendered":"<div><\/div>\n<h2>Brugerdefineret NFC-m\u00e6rke ISO14443A<\/h2>\n<div>\n<table class=\"all magic-9\">\n<tbody>\n<tr>\n<td colspan=\"1\" rowspan=\"1\">\n<div class=\"magic-10\">Materiale<\/div>\n<\/td>\n<td colspan=\"1\" rowspan=\"1\">\n<div class=\"magic-11\" data-spm-anchor-id=\"a2700.details.0.i85.504d267eS1Hb6u\">PET, PVC, belagt papir osv.<\/div>\n<\/td>\n<\/tr>\n<tr>\n<td colspan=\"1\" rowspan=\"1\">\n<div class=\"magic-10\">Chip<\/div>\n<\/td>\n<td colspan=\"1\" rowspan=\"1\">\n<div class=\"magic-11\">Mifare Ultralight ev1, Ultralight C, Ntag213\/Ntag215\/Ntag216 osv.<\/div>\n<\/td>\n<\/tr>\n<tr>\n<td colspan=\"1\" rowspan=\"1\">\n<div class=\"magic-10\">Frekvens<\/div>\n<\/td>\n<td colspan=\"1\" rowspan=\"1\">\n<div class=\"magic-11\">13,56 MHz<\/div>\n<\/td>\n<\/tr>\n<tr>\n<td colspan=\"1\" rowspan=\"1\">\n<div class=\"magic-10\">Protokol<\/div>\n<\/td>\n<td colspan=\"1\" rowspan=\"1\">\n<div class=\"magic-11\">ISO 14443A<\/div>\n<\/td>\n<\/tr>\n<tr>\n<td colspan=\"1\" rowspan=\"1\">\n<div class=\"magic-10\">St\u00f8rrelse<\/div>\n<\/td>\n<td colspan=\"1\" rowspan=\"1\">\n<div class=\"magic-11\">Diameter 25, 30, 35 mm eller tilpasset st\u00f8rrelse<\/div>\n<\/td>\n<\/tr>\n<tr>\n<td colspan=\"1\" rowspan=\"1\">\n<div class=\"magic-10\">Feature<\/div>\n<\/td>\n<td colspan=\"1\" rowspan=\"1\">\n<div class=\"magic-11\">Vandt\u00e6t, kraftig, print tilpasset<\/div>\n<\/td>\n<\/tr>\n<tr>\n<td colspan=\"1\" rowspan=\"1\">\n<div class=\"magic-10\">Pr\u00f8ve<\/div>\n<\/td>\n<td colspan=\"1\" rowspan=\"1\">\n<div class=\"magic-11\">gratis tilg\u00e6ngelig<\/div>\n<\/td>\n<\/tr>\n<tr>\n<td colspan=\"1\" rowspan=\"1\">\n<div class=\"magic-10\">L\u00e6s afstand<\/div>\n<\/td>\n<td colspan=\"1\" rowspan=\"1\">\n<div class=\"magic-11\" data-spm-anchor-id=\"a2700.details.0.i84.504d267eS1Hb6u\">0-10 cm<\/div>\n<\/td>\n<\/tr>\n<\/tbody>\n<\/table>\n<\/div>\n<div><\/div>\n<div>\n<p>NFC-etiketter er en alsidig teknologi, der kan lagre forskellige typer information og integreres i en lang r\u00e6kke produkter. Med deres evne til at kommunikere med NFC-aktiverede enheder som smartphones, finder de anvendelse i applikationer som fysisk og logisk adgangskontrol, e-billetter til offentlig transport, smarte plakater, e-pungsystemer og loyalitetsordninger. Derudover muligg\u00f8r hybridkortteknologien kombinationen af kontaktl\u00f8s- og kontaktchipfunktionalitet i et enkelt kort. NFC-etiketter fungerer ved en frekvens p\u00e5 13,56 MHz og er en del af RFID-familien.<\/p>\n<\/div>\n<div class=\"text-content\">\n<div data-spm-anchor-id=\"a2700.details.0.i46.6f4d7d7dnursE7\"><\/div>\n<\/div>\n<div>\n<div class=\"text-content\">\n<div><\/div>\n<div data-spm-anchor-id=\"a2700.details.0.i48.6f4d7d7dnursE7\"><\/div>\n<\/div>\n<\/div>","protected":false},"excerpt":{"rendered":"<p>Brugerdefineret NFC-etiket ISO14443A er en specifik type IC-kompatibel med NFC Forum Type 2-tag, med 144 bytes brugerhukommelse. Den er designet med alsidighed i tankerne, velegnet til forskellige applikationer i industrier som blandt andet detailhandel, spil og forbrugerelektronik.<\/p>","protected":false},"featured_media":355,"template":"","meta":{"_kad_post_transparent":"default","_kad_post_title":"","_kad_post_layout":"default","_kad_post_sidebar_id":"","_kad_post_content_style":"default","_kad_post_vertical_padding":"default","_kad_post_feature":"","_kad_post_feature_position":"","_kad_post_header":false,"_kad_post_footer":false,"_kad_post_classname":""},"product_brand":[],"product_cat":[54],"product_tag":[156,155,114],"class_list":{"0":"post-354","1":"product","2":"type-product","3":"status-publish","4":"has-post-thumbnail","6":"product_cat-hot-selling-rfid-tags","7":"product_tag-custom-nfc-label","8":"product_tag-custom-nfc-label-iso14443a","9":"product_tag-nfc-label","11":"first","12":"instock","13":"shipping-taxable","14":"product-type-simple","15":"entry","16":"content-bg","17":"loop-entry"},"_links":{"self":[{"href":"https:\/\/rfid-laundry-tag.com\/da\/wp-json\/wp\/v2\/product\/354","targetHints":{"allow":["GET"]}}],"collection":[{"href":"https:\/\/rfid-laundry-tag.com\/da\/wp-json\/wp\/v2\/product"}],"about":[{"href":"https:\/\/rfid-laundry-tag.com\/da\/wp-json\/wp\/v2\/types\/product"}],"version-history":[{"count":0,"href":"https:\/\/rfid-laundry-tag.com\/da\/wp-json\/wp\/v2\/product\/354\/revisions"}],"wp:featuredmedia":[{"embeddable":true,"href":"https:\/\/rfid-laundry-tag.com\/da\/wp-json\/wp\/v2\/media\/355"}],"wp:attachment":[{"href":"https:\/\/rfid-laundry-tag.com\/da\/wp-json\/wp\/v2\/media?parent=354"}],"wp:term":[{"taxonomy":"product_brand","embeddable":true,"href":"https:\/\/rfid-laundry-tag.com\/da\/wp-json\/wp\/v2\/product_brand?post=354"},{"taxonomy":"product_cat","embeddable":true,"href":"https:\/\/rfid-laundry-tag.com\/da\/wp-json\/wp\/v2\/product_cat?post=354"},{"taxonomy":"product_tag","embeddable":true,"href":"https:\/\/rfid-laundry-tag.com\/da\/wp-json\/wp\/v2\/product_tag?post=354"}],"curies":[{"name":"wp","href":"https:\/\/api.w.org\/{rel}","templated":true}]}}