{"id":352,"date":"2024-06-28T10:26:38","date_gmt":"2024-06-28T10:26:38","guid":{"rendered":"https:\/\/rfid-laundry-tag.com\/?post_type=product&#038;p=352"},"modified":"2024-06-28T10:52:24","modified_gmt":"2024-06-28T10:52:24","slug":"custom-paper-nfc-sticker-ntag213","status":"publish","type":"product","link":"https:\/\/rfid-laundry-tag.com\/da\/vare\/custom-paper-nfc-sticker-ntag213\/","title":{"rendered":"Custom Paper NFC-klisterm\u00e6rke Ntag213"},"content":{"rendered":"<div>\n<div><strong>NFC-klisterm\u00e6rker med NXP NTAG213<\/strong> chips er popul\u00e6re til forskellige applikationer s\u00e5som markedsf\u00f8ring, adgangskontrol og produktgodkendelse. De tilpasselige muligheder for finish, form, st\u00f8rrelse og tryk g\u00f8r dem alsidige til forskellige behov.<\/div>\n<\/div>\n<div>Chippen og antennen er vendt opad under et overfladelag af hvidt papir eller vandt\u00e6t plastik for ekstra holdbarhed og modstand mod kortvarig uds\u00e6ttelse for vand. NFC-m\u00e6rkatet har et valg af kl\u00e6bende lag p\u00e5 bagsiden til montering p\u00e5 flade ikke-metaloverflader.<\/div>\n<div>\n<div><\/div>\n<div><\/div>\n<div class=\"auto-hide-last-sibling-br paragraph_9dc5f paragraph-element\">NTAG213-chippen tilbyder en r\u00e6kke fordele, s\u00e5som:<\/div>\n<ul class=\"auto-hide-last-sibling-br\">\n<li>Kontaktl\u00f8s energi- og dataoverf\u00f8rsel<\/li>\n<li>Mulighed for hurtig l\u00e6sning<\/li>\n<li>Forbedret RF-ydeevne<\/li>\n<li>Sikkerhedsfunktioner, herunder adgangskodebeskyttelse og antikollisionsfunktioner<\/li>\n<li>Fuld overensstemmelse med specifikationerne for NFC Forum Tag Type 2<\/li>\n<\/ul>\n<\/div>\n<div>\n<table class=\"all magic-9\">\n<tbody>\n<tr>\n<td colspan=\"1\" rowspan=\"1\">\n<div class=\"magic-10\">Materiale<\/div>\n<\/td>\n<td colspan=\"1\" rowspan=\"1\">\n<div class=\"magic-11\" data-spm-anchor-id=\"a2700.details.0.i85.504d267eS1Hb6u\">PET, PVC, belagt papir osv.<\/div>\n<\/td>\n<\/tr>\n<tr>\n<td colspan=\"1\" rowspan=\"1\">\n<div class=\"magic-10\">Chip<\/div>\n<\/td>\n<td colspan=\"1\" rowspan=\"1\">\n<div class=\"magic-11\">Ntag213\/Ntag215\/Ntag216 osv<\/div>\n<\/td>\n<\/tr>\n<tr>\n<td colspan=\"1\" rowspan=\"1\">\n<div class=\"magic-10\">Frekvens<\/div>\n<\/td>\n<td colspan=\"1\" rowspan=\"1\">\n<div class=\"magic-11\">13,56 MHz<\/div>\n<\/td>\n<\/tr>\n<tr>\n<td colspan=\"1\" rowspan=\"1\">\n<div class=\"magic-10\">Protokol<\/div>\n<\/td>\n<td colspan=\"1\" rowspan=\"1\">\n<div class=\"magic-11\">ISO 14443A<\/div>\n<\/td>\n<\/tr>\n<tr>\n<td colspan=\"1\" rowspan=\"1\">\n<div class=\"magic-10\">St\u00f8rrelse<\/div>\n<\/td>\n<td colspan=\"1\" rowspan=\"1\">\n<div class=\"magic-11\">Diameter 25, 30, 35 mm eller tilpasset st\u00f8rrelse<\/div>\n<\/td>\n<\/tr>\n<tr>\n<td colspan=\"1\" rowspan=\"1\">\n<div class=\"magic-10\">Feature<\/div>\n<\/td>\n<td colspan=\"1\" rowspan=\"1\">\n<div class=\"magic-11\">Vandt\u00e6t, kraftig, print tilpasset<\/div>\n<\/td>\n<\/tr>\n<tr>\n<td colspan=\"1\" rowspan=\"1\">\n<div class=\"magic-10\">Pr\u00f8ve<\/div>\n<\/td>\n<td colspan=\"1\" rowspan=\"1\">\n<div class=\"magic-11\">gratis tilg\u00e6ngelig<\/div>\n<\/td>\n<\/tr>\n<tr>\n<td colspan=\"1\" rowspan=\"1\">\n<div class=\"magic-10\">L\u00e6s afstand<\/div>\n<\/td>\n<td colspan=\"1\" rowspan=\"1\">\n<div class=\"magic-11\" data-spm-anchor-id=\"a2700.details.0.i84.504d267eS1Hb6u\">0-10 cm<\/div>\n<\/td>\n<\/tr>\n<\/tbody>\n<\/table>\n<\/div>\n<div><\/div>\n<div>\n<p>nogle ofte stillede sp\u00f8rgsm\u00e5l om brugerdefinerede NFC-klisterm\u00e6rker i papir ved hj\u00e6lp af Ntag213-teknologi:<\/p>\n<ol>\n<li>Hvad er et NFC-klisterm\u00e6rke?\n<ul>\n<li>Et NFC-klisterm\u00e6rke er et lille selvkl\u00e6bende tag, der indeholder en NFC (Near Field Communication)-chip, s\u00e5som NXP NTAG213, indlejret i den. Disse klisterm\u00e6rker kan scannes af NFC-aktiverede enheder for at udl\u00f8se forskellige handlinger eller overf\u00f8re information.<\/li>\n<\/ul>\n<\/li>\n<li>Hvordan kan brugerdefinerede NFC-klisterm\u00e6rker i papir bruges?\n<ul>\n<li>Brugerdefinerede NFC-klisterm\u00e6rker i papir kan bruges til en r\u00e6kke forskellige form\u00e5l, herunder sporingsstyring, adgangskontrol i faciliteter som fabrikker, lagre, hoteller, hospitaler og forlystelsesparker, detailapplikationer, reklamer, produktgodkendelse og e-billetter.<\/li>\n<\/ul>\n<\/li>\n<li>Hvilke tilpasningsmuligheder er tilg\u00e6ngelige for papir-NFC-klisterm\u00e6rker?\n<ul>\n<li>Brugerdefinerede NFC-klisterm\u00e6rker i papir kan printes med et valg mellem blank eller mat finish i forskellige former og st\u00f8rrelser. De kan omfatte logoer, bogstaver, tal og stregkoder i CMYK og sorte farver. Derudover muligg\u00f8r et kl\u00e6bende lag p\u00e5 bagsiden nem montering p\u00e5 flade ikke-metaloverflader.<\/li>\n<\/ul>\n<\/li>\n<li>Er papir NFC-klisterm\u00e6rker holdbare?\n<ul>\n<li>Papir-NFC-klisterm\u00e6rker med Ntag213-chips er designet med et beskyttende lag, der d\u00e6kker NFC-chippen og antennen, hvilket giver ekstra holdbarhed og modstand mod kortvarig uds\u00e6ttelse for vand. Vandt\u00e6tte plastikmuligheder er ogs\u00e5 tilg\u00e6ngelige for \u00f8get holdbarhed.<\/li>\n<\/ul>\n<\/li>\n<li>Hvad er fordelen ved at bruge NFC-teknologi i klisterm\u00e6rker?\n<ul>\n<li>Brug af NFC-teknologi i klisterm\u00e6rker giver mulighed for bekvem og kontaktl\u00f8s interaktion med NFC-aktiverede enheder. Dette muligg\u00f8r hurtig og nem informationsdeling, autentificering eller udl\u00f8sning af handlinger uden behov for fysisk kontakt mellem enheder.<\/li>\n<\/ul>\n<\/li>\n<\/ol>\n<\/div>\n<div class=\"text-content\">\n<div data-spm-anchor-id=\"a2700.details.0.i46.6f4d7d7dnursE7\"><\/div>\n<\/div>\n<div>\n<div class=\"text-content\">\n<div><\/div>\n<div data-spm-anchor-id=\"a2700.details.0.i48.6f4d7d7dnursE7\"><\/div>\n<\/div>\n<\/div>","protected":false},"excerpt":{"rendered":"<p><strong>Custom Paper NFC-klisterm\u00e6rke Ntag213<\/strong> er en specifik type IC, der er kompatibel med NFC Forum Type 2 Tag, med 144 bytes brugerhukommelse. Den er designet med alsidighed i tankerne, velegnet til forskellige applikationer i industrier som blandt andet detailhandel, spil og forbrugerelektronik.<\/p>","protected":false},"featured_media":353,"template":"","meta":{"_kad_post_transparent":"default","_kad_post_title":"","_kad_post_layout":"default","_kad_post_sidebar_id":"","_kad_post_content_style":"default","_kad_post_vertical_padding":"default","_kad_post_feature":"","_kad_post_feature_position":"","_kad_post_header":false,"_kad_post_footer":false,"_kad_post_classname":""},"product_brand":[],"product_cat":[54],"product_tag":[153,154],"class_list":{"0":"post-352","1":"product","2":"type-product","3":"status-publish","4":"has-post-thumbnail","6":"product_cat-hot-selling-rfid-tags","7":"product_tag-custom-paper-nfc-sticker-ntag213","8":"product_tag-nfc-sticker-ntag213","10":"first","11":"instock","12":"shipping-taxable","13":"product-type-simple","14":"entry","15":"content-bg","16":"loop-entry"},"_links":{"self":[{"href":"https:\/\/rfid-laundry-tag.com\/da\/wp-json\/wp\/v2\/product\/352","targetHints":{"allow":["GET"]}}],"collection":[{"href":"https:\/\/rfid-laundry-tag.com\/da\/wp-json\/wp\/v2\/product"}],"about":[{"href":"https:\/\/rfid-laundry-tag.com\/da\/wp-json\/wp\/v2\/types\/product"}],"version-history":[{"count":0,"href":"https:\/\/rfid-laundry-tag.com\/da\/wp-json\/wp\/v2\/product\/352\/revisions"}],"wp:featuredmedia":[{"embeddable":true,"href":"https:\/\/rfid-laundry-tag.com\/da\/wp-json\/wp\/v2\/media\/353"}],"wp:attachment":[{"href":"https:\/\/rfid-laundry-tag.com\/da\/wp-json\/wp\/v2\/media?parent=352"}],"wp:term":[{"taxonomy":"product_brand","embeddable":true,"href":"https:\/\/rfid-laundry-tag.com\/da\/wp-json\/wp\/v2\/product_brand?post=352"},{"taxonomy":"product_cat","embeddable":true,"href":"https:\/\/rfid-laundry-tag.com\/da\/wp-json\/wp\/v2\/product_cat?post=352"},{"taxonomy":"product_tag","embeddable":true,"href":"https:\/\/rfid-laundry-tag.com\/da\/wp-json\/wp\/v2\/product_tag?post=352"}],"curies":[{"name":"wp","href":"https:\/\/api.w.org\/{rel}","templated":true}]}}