{"id":346,"date":"2024-06-28T09:57:16","date_gmt":"2024-06-28T09:57:16","guid":{"rendered":"https:\/\/rfid-laundry-tag.com\/?post_type=product&#038;p=346"},"modified":"2024-08-14T16:42:15","modified_gmt":"2024-08-14T16:42:15","slug":"iso14443a-on-duty-rfid-token","status":"publish","type":"product","link":"https:\/\/rfid-laundry-tag.com\/da\/vare\/iso14443a-on-duty-rfid-token\/","title":{"rendered":"ISO14443A On Duty RFID Token Mifare 1k chip"},"content":{"rendered":"<h2>ISO14443A On Duty RFID-token<\/h2>\n<h4>Robust 13,56 MHz tag til sporing af aktiver<\/h4>\n<p>Dette sorte, ABS-diskm\u00e6rke er et p\u00e5lideligt valg til aktivsporing og tilbyder et robust design til kr\u00e6vende milj\u00f8er.<\/p>\n<p><strong>Tilpasning:<\/strong><\/p>\n<ul>\n<li>Vi tilbyder tilpasset serigrafi med dine specificerede detaljer. Kontakt os for pris og tilg\u00e6ngelighed.<\/li>\n<\/ul>\n<p><strong>Funktioner af On Duty RFID Token Mifare 1k chip:<\/strong><\/p>\n<ul>\n<li><strong>Diameter:<\/strong> 25 mm, 30 mm, 35 mm<\/li>\n<li><strong>Tykkelse:<\/strong> 2,3 mm, 2,5 mm, 3 mm, 4,5 mm osv. (+\/- 0,1 mm)<\/li>\n<li><strong>Hul:<\/strong>\u00a03,3 mm (+\/- 0,1 mm)<\/li>\n<li><strong>Materiale:<\/strong>\u00a0ABS, ultralydssvejset<\/li>\n<li><strong>V\u00e6gt:<\/strong>\u00a02,0 g<\/li>\n<li><strong>Driftstemperatur:<\/strong>\u00a0-25\u00b0C til +70\u00b0C<\/li>\n<li><strong>F\u00f8lsomhed:<\/strong>\u00a027 mikroT. RMS ved RT for l\u00e6setilstand ved 125kHz<\/li>\n<\/ul>\n<p><strong>Mifare 1k S50 Classic \/ ISO14443A Karakteristika:<\/strong><\/p>\n<ul>\n<li><strong>Driftsfrekvens:<\/strong>\u00a013,56 MHz<\/li>\n<li><strong>Hukommelse:<\/strong>\u00a01 KB EEPROM l\u00e6se\/skrive, organiseret som 16 sektorer af 4 blokke (16 bytes hver)<\/li>\n<li><strong>Typisk transaktionstid:<\/strong>\u00a0&lt;100 ms<\/li>\n<li><strong>Fast serienummer:<\/strong>\u00a0Unik, 4-byte<\/li>\n<li><strong>Skriv udholdenhed:<\/strong>\u00a0Minimum 100.000 cyklusser<\/li>\n<\/ul>","protected":false},"excerpt":{"rendered":"<p>Denne holdbare sorte ISO14443A On Duty RFID Token Mifare 1k chip er en del af en serie af passive, kontaktl\u00f8se transpondere bygget til p\u00e5lidelig aktivsporing. Overholder Mifare 1k S50 Classic \/ ISO14443A standarden og inkluderer et unikt 4-byte identifikationsnummer.<\/p>","protected":false},"featured_media":347,"template":"","meta":{"_kad_post_transparent":"default","_kad_post_title":"","_kad_post_layout":"default","_kad_post_sidebar_id":"","_kad_post_content_style":"default","_kad_post_vertical_padding":"default","_kad_post_feature":"","_kad_post_feature_position":"","_kad_post_header":false,"_kad_post_footer":false,"_kad_post_classname":""},"product_brand":[],"product_cat":[54],"product_tag":[150,126],"class_list":{"0":"post-346","1":"product","2":"type-product","3":"status-publish","4":"has-post-thumbnail","6":"product_cat-hot-selling-rfid-tags","7":"product_tag-iso14443a-on-duty-rfid-token-mifare-1k-chip","8":"product_tag-rfid-patrol-disc-tag","10":"first","11":"instock","12":"shipping-taxable","13":"product-type-simple","14":"entry","15":"content-bg","16":"loop-entry"},"_links":{"self":[{"href":"https:\/\/rfid-laundry-tag.com\/da\/wp-json\/wp\/v2\/product\/346","targetHints":{"allow":["GET"]}}],"collection":[{"href":"https:\/\/rfid-laundry-tag.com\/da\/wp-json\/wp\/v2\/product"}],"about":[{"href":"https:\/\/rfid-laundry-tag.com\/da\/wp-json\/wp\/v2\/types\/product"}],"version-history":[{"count":1,"href":"https:\/\/rfid-laundry-tag.com\/da\/wp-json\/wp\/v2\/product\/346\/revisions"}],"predecessor-version":[{"id":1332,"href":"https:\/\/rfid-laundry-tag.com\/da\/wp-json\/wp\/v2\/product\/346\/revisions\/1332"}],"wp:featuredmedia":[{"embeddable":true,"href":"https:\/\/rfid-laundry-tag.com\/da\/wp-json\/wp\/v2\/media\/347"}],"wp:attachment":[{"href":"https:\/\/rfid-laundry-tag.com\/da\/wp-json\/wp\/v2\/media?parent=346"}],"wp:term":[{"taxonomy":"product_brand","embeddable":true,"href":"https:\/\/rfid-laundry-tag.com\/da\/wp-json\/wp\/v2\/product_brand?post=346"},{"taxonomy":"product_cat","embeddable":true,"href":"https:\/\/rfid-laundry-tag.com\/da\/wp-json\/wp\/v2\/product_cat?post=346"},{"taxonomy":"product_tag","embeddable":true,"href":"https:\/\/rfid-laundry-tag.com\/da\/wp-json\/wp\/v2\/product_tag?post=346"}],"curies":[{"name":"wp","href":"https:\/\/api.w.org\/{rel}","templated":true}]}}