{"id":338,"date":"2024-06-28T08:41:45","date_gmt":"2024-06-28T08:41:45","guid":{"rendered":"https:\/\/rfid-laundry-tag.com\/?post_type=product&#038;p=338"},"modified":"2024-07-16T16:20:17","modified_gmt":"2024-07-16T16:20:17","slug":"nxp-mifare-1k-rfid-nfc-inlay-sticker","status":"publish","type":"product","link":"https:\/\/rfid-laundry-tag.com\/da\/vare\/nxp-mifare-1k-rfid-nfc-inlay-sticker\/","title":{"rendered":"NXP Mifare 1k RFID NFC Inlay-klisterm\u00e6rke"},"content":{"rendered":"<table class=\"has-title all magic-13\">\n<tbody>\n<tr>\n<td colspan=\"1\" rowspan=\"1\">\n<div class=\"magic-14\" data-spm-anchor-id=\"a2700.details.0.i37.2ec61361oDo4aX\">Produktnavn<\/div>\n<\/td>\n<td colspan=\"1\" rowspan=\"1\">\n<div class=\"magic-15\">NXP Mifare 1k RFID NFC Inlay-klisterm\u00e6rke<\/div>\n<\/td>\n<\/tr>\n<tr>\n<td colspan=\"1\" rowspan=\"1\">\n<div class=\"magic-14\">Chip<\/div>\n<\/td>\n<td colspan=\"1\" rowspan=\"1\">\n<div class=\"magic-15\">MIFARE Classic\u00ae 1K<\/div>\n<\/td>\n<\/tr>\n<tr>\n<td colspan=\"1\" rowspan=\"1\">\n<div class=\"magic-14\">Frekvens<\/div>\n<\/td>\n<td colspan=\"1\" rowspan=\"1\">\n<div class=\"magic-15\">13,56 MHz<\/div>\n<\/td>\n<\/tr>\n<tr>\n<td colspan=\"1\" rowspan=\"1\">\n<div class=\"magic-14\">L\u00e6seafstand<\/div>\n<\/td>\n<td colspan=\"1\" rowspan=\"1\">\n<div class=\"magic-15\">1-5 cm<\/div>\n<\/td>\n<\/tr>\n<tr>\n<td colspan=\"1\" rowspan=\"1\">\n<div class=\"magic-14\">Materiale<\/div>\n<\/td>\n<td colspan=\"1\" rowspan=\"1\">\n<div class=\"magic-15\">Coated Papir<\/div>\n<\/td>\n<\/tr>\n<tr>\n<td colspan=\"1\" rowspan=\"1\">\n<div class=\"magic-14\">Underlag<\/div>\n<\/td>\n<td colspan=\"1\" rowspan=\"1\">\n<div class=\"magic-15\">K\u00c6LEDYR<\/div>\n<\/td>\n<\/tr>\n<tr>\n<td colspan=\"1\" rowspan=\"1\">\n<div class=\"magic-14\">Dia 50 mm St\u00f8rrelse<\/div>\n<\/td>\n<td colspan=\"1\" rowspan=\"1\">\n<div class=\"magic-15\">Dia 25 mm eller tilpasning<\/div>\n<\/td>\n<\/tr>\n<tr>\n<td colspan=\"1\" rowspan=\"1\">\n<div class=\"magic-14\">Arbejdstilstand<\/div>\n<\/td>\n<td colspan=\"1\" rowspan=\"1\">\n<div class=\"magic-15\">Passiv<\/div>\n<\/td>\n<\/tr>\n<tr>\n<td colspan=\"1\" rowspan=\"1\">\n<div class=\"magic-14\">Skriv cyklusser<\/div>\n<\/td>\n<td colspan=\"1\" rowspan=\"1\">\n<div class=\"magic-15\">100000<\/div>\n<\/td>\n<\/tr>\n<tr>\n<td colspan=\"1\" rowspan=\"1\">\n<div class=\"magic-14\">Driftstemperatur\/fugtighed<\/div>\n<\/td>\n<td colspan=\"1\" rowspan=\"1\">\n<div class=\"magic-15\">-40~70\u2103\/20%~90% RH<\/div>\n<\/td>\n<\/tr>\n<tr>\n<td colspan=\"1\" rowspan=\"1\">\n<div class=\"magic-14\">Opbevaringstemperatur\/fugtighed<\/div>\n<\/td>\n<td colspan=\"1\" rowspan=\"1\">\n<div class=\"magic-15\">-20~50\u2103 \/ 20%~90% RH(Uden kondens).<\/div>\n<\/td>\n<\/tr>\n<tr>\n<td colspan=\"1\" rowspan=\"1\">\n<div class=\"magic-14\">Pr\u00f8ve tilg\u00e6ngelighed<\/div>\n<\/td>\n<td colspan=\"1\" rowspan=\"1\">\n<div class=\"magic-15\">Gratis pr\u00f8ver er tilg\u00e6ngelige efter anmodning<\/div>\n<\/td>\n<\/tr>\n<tr>\n<td colspan=\"1\" rowspan=\"1\">\n<div class=\"magic-14\">Emballage<\/div>\n<\/td>\n<td colspan=\"1\" rowspan=\"1\">\n<div class=\"magic-15\">1000-5000 stk\/rulle, 4 ruller\/karton<\/div>\n<\/td>\n<\/tr>\n<tr>\n<td colspan=\"1\" rowspan=\"1\">\n<div class=\"magic-14\">\n<p>Anvendelse<\/p>\n<div><\/div>\n<\/div>\n<\/td>\n<td colspan=\"1\" rowspan=\"1\">\n<div class=\"magic-15\" data-spm-anchor-id=\"a2700.details.0.i47.2ec61361oDo4aX\">Sikker adgangskontrol\/Kontantfri betaling Medlemskab og loyalitetsprogrammer Eventadgang og Branding\/Sociale medier\/Detail<br \/>\nMilj\u00f8\/Spil og leget\u00f8j Placering\/Elektronik\/Messer\/Begivenheder\/Opkaldsanmodning\/Visitkort<\/div>\n<\/td>\n<\/tr>\n<\/tbody>\n<\/table>\n<p>&nbsp;<\/p>\n<p><strong>NXP<sup>\u00ae<\/sup>\u00a0har udviklet MIFARE<sup>\u00ae<\/sup>\u00a0MF1ICS50 til brug i et kontaktl\u00f8st chipkort i henhold til ISO\/IEC 14443 Type-A.<\/strong><\/p>\n<p>MIFARE MF1ICS50 IC bruges i applikationer som billetsalg til offentlig transport, hvor st\u00f8rre byer har taget MIFARE til sig som deres foretrukne e-billetl\u00f8sning.<\/p>\n<p>En intelligent anti-kollisionsfunktion g\u00f8r det muligt at betjene mere end et kort i marken samtidigt. Antikollisionsalgoritmen udv\u00e6lger hvert kort individuelt og sikrer, at udf\u00f8relsen af en transaktion med et valgt kort udf\u00f8res korrekt uden datakorruption som f\u00f8lge af andre kort i feltet.<\/p>\n<p>MF1ICS50 er designet til enkel integration og brugervenlighed. Hvilket kunne tillade fuldst\u00e6ndige billettransaktioner at blive h\u00e5ndteret p\u00e5 mindre end 100 ms. S\u00e5ledes er MF1ICS50-kortbrugeren ikke tvunget til at stoppe ved l\u00e6seren, hvilket f\u00f8rer til h\u00f8j gennemstr\u00f8mning ved gates og reducerede boardingtider p\u00e5 busser. Det MIFARE produktbaserede kort kan ogs\u00e5 forblive i tegnebogen under transaktionen, selvom der er m\u00f8nter i det.<\/p>\n<p>Nogle almindelige ofte stillede sp\u00f8rgsm\u00e5l relateret til NXP Mifare 1k RFID NFC-indl\u00e6gsklisterm\u00e6rker:<\/p>\n<ol>\n<li>Hvad er et NXP Mifare 1k RFID NFC-indl\u00e6gsm\u00e6rkat?<\/li>\n<\/ol>\n<ul>\n<li>Et indl\u00e6gsm\u00e6rkat best\u00e5r typisk af en lille RFID\/NFC-chip og antenne indlejret i et tyndt, kl\u00e6bende lag. NXP Mifare 1k refererer til den specifikke type chip, der bruges i indl\u00e6gget.<\/li>\n<\/ul>\n<ol start=\"2\">\n<li>Hvad er funktionerne ved NXP Mifare 1k RFID NFC-indl\u00e6gsklisterm\u00e6rker?<\/li>\n<\/ol>\n<ul>\n<li>NXP Mifare 1k-chippen bruges ofte i applikationer som adgangskontrol, transport og loyalitetsprogrammer. Den tilbyder 1 kilobyte hukommelse og underst\u00f8tter flere autentificeringsmetoder til sikker datalagring.<\/li>\n<\/ul>\n<ol start=\"3\">\n<li>Hvordan kan NXP Mifare 1k RFID NFC inlay stickers programmeres?<\/li>\n<\/ol>\n<ul>\n<li>Disse inlay-klisterm\u00e6rker kan programmeres ved hj\u00e6lp af NFC-aktiverede enheder s\u00e5som smartphones eller dedikerede RFID\/NFC-l\u00e6sere. Dette giver mulighed for tilpasning af data gemt p\u00e5 chippen, s\u00e5som unikke identifikatorer eller sikkerhedsn\u00f8gler.<\/li>\n<\/ul>\n<ol start=\"4\">\n<li>Hvad er de typiske anvendelsesmuligheder for NXP Mifare 1k RFID NFC-indl\u00e6gsklisterm\u00e6rker?<\/li>\n<\/ol>\n<ul>\n<li>Disse inlay-klisterm\u00e6rker bruges almindeligvis til kontaktl\u00f8se betalingssystemer, adgangskontrolkort, billetl\u00f8sninger og lagersporing. De er alsidige og kan integreres i forskellige applikationer, der kr\u00e6ver RFID\/NFC-teknologi.<\/li>\n<\/ul>\n<ol start=\"5\">\n<li>Er NXP Mifare 1k RFID NFC inlay-klisterm\u00e6rker sikre?<\/li>\n<\/ol>\n<ul>\n<li>NXP Mifare 1k-chippen tilbyder indbyggede sikkerhedsfunktioner s\u00e5som kryptering og autentificeringsprotokoller for at forhindre uautoriseret adgang til data, der er gemt p\u00e5 chippen. Korrekt implementering af sikkerhedsforanstaltninger er dog vigtig for at sikre systemets overordnede sikkerhed.<\/li>\n<\/ul>","protected":false},"excerpt":{"rendered":"<p>NFC-indl\u00e6g med en MIFARE Classic EV1 1K (MF1S503yX) NFC-chip. Disse indl\u00e6g er designet til at v\u00e6re tynde og billige, med chippen og antennen placeret med forsiden nedad p\u00e5 kl\u00e6bemidlet. Indl\u00e6gget har en 4-byte NUID, og antennen kan typisk registreres, n\u00e5r man f\u00f8rer en finger hen over overfladen.<\/p>","protected":false},"featured_media":339,"template":"","meta":{"_kad_post_transparent":"default","_kad_post_title":"","_kad_post_layout":"default","_kad_post_sidebar_id":"","_kad_post_content_style":"default","_kad_post_vertical_padding":"default","_kad_post_feature":"","_kad_post_feature_position":"","_kad_post_header":false,"_kad_post_footer":false,"_kad_post_classname":""},"product_brand":[],"product_cat":[54,189],"product_tag":[112,147],"class_list":{"0":"post-338","1":"product","2":"type-product","3":"status-publish","4":"has-post-thumbnail","6":"product_cat-hot-selling-rfid-tags","7":"product_cat-rfid-inlay","8":"product_tag-13-56mhz-rfid-inlay","9":"product_tag-nxp-mifare-1k-rfid-nfc-inlay-sticker","11":"first","12":"instock","13":"shipping-taxable","14":"product-type-simple","15":"entry","16":"content-bg","17":"loop-entry"},"_links":{"self":[{"href":"https:\/\/rfid-laundry-tag.com\/da\/wp-json\/wp\/v2\/product\/338","targetHints":{"allow":["GET"]}}],"collection":[{"href":"https:\/\/rfid-laundry-tag.com\/da\/wp-json\/wp\/v2\/product"}],"about":[{"href":"https:\/\/rfid-laundry-tag.com\/da\/wp-json\/wp\/v2\/types\/product"}],"version-history":[{"count":1,"href":"https:\/\/rfid-laundry-tag.com\/da\/wp-json\/wp\/v2\/product\/338\/revisions"}],"predecessor-version":[{"id":717,"href":"https:\/\/rfid-laundry-tag.com\/da\/wp-json\/wp\/v2\/product\/338\/revisions\/717"}],"wp:featuredmedia":[{"embeddable":true,"href":"https:\/\/rfid-laundry-tag.com\/da\/wp-json\/wp\/v2\/media\/339"}],"wp:attachment":[{"href":"https:\/\/rfid-laundry-tag.com\/da\/wp-json\/wp\/v2\/media?parent=338"}],"wp:term":[{"taxonomy":"product_brand","embeddable":true,"href":"https:\/\/rfid-laundry-tag.com\/da\/wp-json\/wp\/v2\/product_brand?post=338"},{"taxonomy":"product_cat","embeddable":true,"href":"https:\/\/rfid-laundry-tag.com\/da\/wp-json\/wp\/v2\/product_cat?post=338"},{"taxonomy":"product_tag","embeddable":true,"href":"https:\/\/rfid-laundry-tag.com\/da\/wp-json\/wp\/v2\/product_tag?post=338"}],"curies":[{"name":"wp","href":"https:\/\/api.w.org\/{rel}","templated":true}]}}