{"id":334,"date":"2024-06-28T08:07:22","date_gmt":"2024-06-28T08:07:22","guid":{"rendered":"https:\/\/rfid-laundry-tag.com\/?post_type=product&#038;p=334"},"modified":"2024-06-28T08:17:53","modified_gmt":"2024-06-28T08:17:53","slug":"rfid-ntag213-nfc-coin-tag","status":"publish","type":"product","link":"https:\/\/rfid-laundry-tag.com\/da\/vare\/rfid-ntag213-nfc-coin-tag\/","title":{"rendered":"RFID Ntag213 NFC m\u00f8ntm\u00e6rke"},"content":{"rendered":"<p><strong>RFID Ntag213 NFC m\u00f8ntm\u00e6rke<\/strong><\/p>\n<p style=\"text-align: left;\">N\u00f8gleoplysninger: Waferproof og holdbar.<\/p>\n<p style=\"text-align: left;\">St\u00f8rrelse og logotilpasning er acceptable.<\/p>\n<p style=\"text-align: left;\">Udskriv: hvid farve eller tilpas logo<\/p>\n<p style=\"text-align: left;\">St\u00f8rrelse: Diameter 25 mm, 30 mm<\/p>\n<p style=\"text-align: left;\">Min Antal: 1000 stk<\/p>\n<p style=\"text-align: left;\">Chips: Ntag213, Ntag215, Ntag216 osv.<\/p>\n<p style=\"text-align: left;\">Yderligere funktioner: logo, printserienummer, QR-kode, stregkoder, variable data og serialisering osv.<\/p>\n<table border=\"1\" cellspacing=\"0\" cellpadding=\"0\">\n<tbody>\n<tr>\n<td colspan=\"2\">\n<p align=\"left\">Specifikationer<\/p>\n<\/td>\n<\/tr>\n<tr>\n<td>\n<p align=\"left\">Etiket\/chip type<\/p>\n<\/td>\n<td>\n<p align=\"left\">NXP Ntag213<\/p>\n<\/td>\n<\/tr>\n<tr>\n<td>\n<p align=\"left\">Driftsfrekvens<\/p>\n<\/td>\n<td>\n<p align=\"left\">13,56 MHz<\/p>\n<\/td>\n<\/tr>\n<tr>\n<td>\n<p align=\"left\">Testet l\u00e6seomr\u00e5de<\/p>\n<\/td>\n<td>\n<p align=\"left\">0 \u2013 100 mm afh\u00e6ngig af den effekt, som l\u00e6seren leverer<\/p>\n<\/td>\n<\/tr>\n<tr>\n<td>\n<p align=\"left\">Multi-detektion<\/p>\n<\/td>\n<td>\n<p align=\"left\">Ja<\/p>\n<\/td>\n<\/tr>\n<tr>\n<td>\n<p align=\"left\">St\u00f8rrelse<\/p>\n<\/td>\n<td>Dia 25 mm<\/td>\n<\/tr>\n<tr>\n<td>\n<p align=\"left\">Materiale<\/p>\n<\/td>\n<td>\n<p align=\"left\">PVC \/ PET \/ Antenne osv<\/p>\n<\/td>\n<\/tr>\n<tr>\n<td>\n<p align=\"left\">Protokol:<\/p>\n<\/td>\n<td>\n<p align=\"left\">ISO14443A<\/p>\n<\/td>\n<\/tr>\n<tr>\n<td>\n<p align=\"left\">Milj\u00f8specifikation<\/p>\n<\/td>\n<td>\n<p align=\"left\">Holdbarhed 5 \u00e5r<\/p>\n<p align=\"left\">Anbefalet: -25C til +50C<\/p>\n<p align=\"left\">Opbevaringstilstand: 20% til 90%RH<\/p>\n<p align=\"left\">Driftstemperatur: -40C til +65C<\/p>\n<\/td>\n<\/tr>\n<tr>\n<td>\n<p align=\"left\">L\u00e6se\/skrive tider:<\/p>\n<\/td>\n<td>\n<p align=\"left\">100.000 gange<\/p>\n<\/td>\n<\/tr>\n<tr>\n<td>\n<p align=\"left\">Anvendelse:<\/p>\n<\/td>\n<td>\n<p align=\"left\" data-spm-anchor-id=\"a2700.wholesale.0.i54.a0d8206fLph15n\">Offentlig transport, Adgangsstyring, E-billetter, Logistik- og forsyningsstyring, Produktionsfremstilling og montage, Forrudem\u00e6rke, Dokumentsporing, Vaskestyring, Biblioteksstyring, Dyreidentitet og s\u00e5 videre<\/p>\n<\/td>\n<\/tr>\n<\/tbody>\n<\/table>\n<p>&nbsp;<\/p>\n<p>Dette RFID NFC-m\u00f8ntm\u00e6rke med kl\u00e6bemiddel virker som et robust og p\u00e5lideligt produkt, is\u00e6r med de funktioner, du har n\u00e6vnt. Inkorporeringen af anti-metalmaterialer, 3M kl\u00e6bemiddel og ultralydssvejsning forbedrer dens ydeevne p\u00e5 metaloverflader og sikrer vandt\u00e6thed og anti-kast-egenskaber. Brugen af en spole af ren kobbertr\u00e5d til frekvensstabilitet er et godt valg, da det muligg\u00f8r ensartede kortl\u00e6seafstande selv i udfordrende milj\u00f8er. Samlet set b\u00f8r denne teknologi give p\u00e5lidelig og ensartet ydeevne, hvilket g\u00f8r den velegnet til barske forhold.<\/p>\n<p>RFID Ntag213 NFC m\u00f8ntm\u00e6rket er et popul\u00e6rt valg til forskellige applikationer, herunder aktivsporing, adgangskontrol og kontaktl\u00f8se betalinger. Den kombinerer fordelene ved RFID-teknologi med Near Field Communication (NFC)-funktioner, hvilket giver mulighed for problemfri kommunikation med kompatible enheder p\u00e5 t\u00e6t hold.<\/p>\n<p>Ntag213-chippen, der er indlejret i m\u00f8ntm\u00e6rket, tilbyder funktioner s\u00e5som anti-kollisionsfunktionalitet, hurtige dataoverf\u00f8rselshastigheder og kompatibilitet med en bred vifte af NFC-aktiverede enheder. M\u00f8ntm\u00e6rkets lille st\u00f8rrelse, typisk lavet af PVC eller gennemsigtigt PVC-materiale, g\u00f8r det nemt at installere p\u00e5 aktiver og giver holdbarhed til indend\u00f8rs og udend\u00f8rs brug. Derudover sikrer dens vandt\u00e6tte konstruktion p\u00e5lidelig ydeevne under forskellige milj\u00f8forhold.<\/p>\n<p>Samlet set er RFID Ntag213 NFC-m\u00f8ntm\u00e6rket en alsidig og p\u00e5lidelig l\u00f8sning til implementering af RFID- og NFC-teknologi i aktivsporing og andre applikationer, der kr\u00e6ver sikker og effektiv dataudveksling.<\/p>","protected":false},"excerpt":{"rendered":"<p>Ntag213 NFC m\u00f8ntm\u00e6rket er et solidt valg til aktivsporing p\u00e5 grund af dets lille st\u00f8rrelse, lette installation og holdbarhed. Med PVC-materiale eller PET-materiale er chiphukommelsen 144Byte.<\/p>","protected":false},"featured_media":335,"template":"","meta":{"_kad_post_transparent":"default","_kad_post_title":"","_kad_post_layout":"default","_kad_post_sidebar_id":"","_kad_post_content_style":"default","_kad_post_vertical_padding":"default","_kad_post_feature":"","_kad_post_feature_position":"","_kad_post_header":false,"_kad_post_footer":false,"_kad_post_classname":""},"product_brand":[],"product_cat":[54],"product_tag":[145,144],"class_list":{"0":"post-334","1":"product","2":"type-product","3":"status-publish","4":"has-post-thumbnail","6":"product_cat-hot-selling-rfid-tags","7":"product_tag-anti-metal-nfc-tag","8":"product_tag-anti-metal-rfid-nfc-sticker","10":"first","11":"instock","12":"shipping-taxable","13":"product-type-simple","14":"entry","15":"content-bg","16":"loop-entry"},"_links":{"self":[{"href":"https:\/\/rfid-laundry-tag.com\/da\/wp-json\/wp\/v2\/product\/334","targetHints":{"allow":["GET"]}}],"collection":[{"href":"https:\/\/rfid-laundry-tag.com\/da\/wp-json\/wp\/v2\/product"}],"about":[{"href":"https:\/\/rfid-laundry-tag.com\/da\/wp-json\/wp\/v2\/types\/product"}],"version-history":[{"count":0,"href":"https:\/\/rfid-laundry-tag.com\/da\/wp-json\/wp\/v2\/product\/334\/revisions"}],"wp:featuredmedia":[{"embeddable":true,"href":"https:\/\/rfid-laundry-tag.com\/da\/wp-json\/wp\/v2\/media\/335"}],"wp:attachment":[{"href":"https:\/\/rfid-laundry-tag.com\/da\/wp-json\/wp\/v2\/media?parent=334"}],"wp:term":[{"taxonomy":"product_brand","embeddable":true,"href":"https:\/\/rfid-laundry-tag.com\/da\/wp-json\/wp\/v2\/product_brand?post=334"},{"taxonomy":"product_cat","embeddable":true,"href":"https:\/\/rfid-laundry-tag.com\/da\/wp-json\/wp\/v2\/product_cat?post=334"},{"taxonomy":"product_tag","embeddable":true,"href":"https:\/\/rfid-laundry-tag.com\/da\/wp-json\/wp\/v2\/product_tag?post=334"}],"curies":[{"name":"wp","href":"https:\/\/api.w.org\/{rel}","templated":true}]}}