{"id":332,"date":"2024-06-28T07:49:21","date_gmt":"2024-06-28T07:49:21","guid":{"rendered":"https:\/\/rfid-laundry-tag.com\/?post_type=product&#038;p=332"},"modified":"2024-06-28T08:02:32","modified_gmt":"2024-06-28T08:02:32","slug":"waterproof-pvc-ntag215-coin-nfc-tag","status":"publish","type":"product","link":"https:\/\/rfid-laundry-tag.com\/da\/vare\/waterproof-pvc-ntag215-coin-nfc-tag\/","title":{"rendered":"Vandt\u00e6t PVC Ntag215 m\u00f8nt NFC tag"},"content":{"rendered":"<p><strong>Vandt\u00e6t PVC Ntag215 m\u00f8nt NFC tag<\/strong><\/p>\n<p>De <strong>Ntag215 m\u00f8nt NFC tag<\/strong>, lavet af PVC (eller gennemsigtig PVC), er en fremragende mulighed for aktivsporing p\u00e5 grund af dets:<\/p>\n<ul>\n<li><strong>Lille st\u00f8rrelse:<\/strong>\u00a0Nem at installere p\u00e5 forskellige aktiver uden at tilf\u00f8je bulk.<\/li>\n<li><strong>Vandt\u00e6t design:<\/strong>\u00a0Velegnet til b\u00e5de indend\u00f8rs og udend\u00f8rs anvendelser, selv i barske milj\u00f8er.<\/li>\n<li><strong>Indbygget 13,56 MHz NFC-chip:<\/strong>\u00a0Muligg\u00f8r p\u00e5lidelig dataoverf\u00f8rsel og kommunikation med RFID-l\u00e6sere.<\/li>\n<\/ul>\n<p><strong>N\u00f8glefunktioner:<\/strong><\/p>\n<ul>\n<li><strong>Materiale:<\/strong>\u00a0PVC (eller gennemsigtig PVC)<\/li>\n<li><strong>Chip:<\/strong>\u00a0Ntag215<\/li>\n<li><strong>Frekvens:<\/strong>\u00a013,56 MHz<\/li>\n<li><strong>Vandt\u00e6t:<\/strong>\u00a0Ja<\/li>\n<li><strong>Ans\u00f8gninger:<\/strong>\u00a0Aktiv sporing, lagerstyring, adgangskontrol og mere.<\/li>\n<\/ul>\n<table border=\"1\" cellspacing=\"0\" cellpadding=\"0\">\n<tbody>\n<tr>\n<td colspan=\"2\">\n<p align=\"left\">Specifikationer<\/p>\n<\/td>\n<\/tr>\n<tr>\n<td>\n<p align=\"left\">Etiket\/chip type<\/p>\n<\/td>\n<td>\n<p align=\"left\">NXP Ntag215<\/p>\n<\/td>\n<\/tr>\n<tr>\n<td>\n<p align=\"left\">Driftsfrekvens<\/p>\n<\/td>\n<td>\n<p align=\"left\">13,56 MHz<\/p>\n<\/td>\n<\/tr>\n<tr>\n<td>\n<p align=\"left\">Testet l\u00e6seomr\u00e5de<\/p>\n<\/td>\n<td>\n<p align=\"left\">0 \u2013 100 mm afh\u00e6ngig af den effekt, som l\u00e6seren leverer<\/p>\n<\/td>\n<\/tr>\n<tr>\n<td>\n<p align=\"left\">Multi-detektion<\/p>\n<\/td>\n<td>\n<p align=\"left\">Ja<\/p>\n<\/td>\n<\/tr>\n<tr>\n<td>\n<p align=\"left\">St\u00f8rrelse<\/p>\n<\/td>\n<td>Dia 25 mm<\/td>\n<\/tr>\n<tr>\n<td>\n<p align=\"left\">Materiale<\/p>\n<\/td>\n<td>\n<p align=\"left\">PVC \/ PET \/ Antenne osv<\/p>\n<\/td>\n<\/tr>\n<tr>\n<td>\n<p align=\"left\">Protokol:<\/p>\n<\/td>\n<td>\n<p align=\"left\">ISO14443A<\/p>\n<\/td>\n<\/tr>\n<tr>\n<td>\n<p align=\"left\">Milj\u00f8specifikation<\/p>\n<\/td>\n<td>\n<p align=\"left\">Holdbarhed 5 \u00e5r<\/p>\n<p align=\"left\">Anbefalet: -25C til +50C<\/p>\n<p align=\"left\">Opbevaringstilstand: 20% til 90%RH<\/p>\n<p align=\"left\">Driftstemperatur: -40C til +65C<\/p>\n<\/td>\n<\/tr>\n<tr>\n<td>\n<p align=\"left\">L\u00e6se\/skrive tider:<\/p>\n<\/td>\n<td>\n<p align=\"left\">100.000 gange<\/p>\n<\/td>\n<\/tr>\n<tr>\n<td>\n<p align=\"left\">Anvendelse:<\/p>\n<\/td>\n<td>\n<p align=\"left\" data-spm-anchor-id=\"a2700.wholesale.0.i54.a0d8206fLph15n\">Offentlig transport, Adgangsstyring, E-billetter, Logistik- og forsyningsstyring, Produktionsfremstilling og montage, Forrudem\u00e6rke, Dokumentsporing, Vaskestyring, Biblioteksstyring, Dyreidentitet og s\u00e5 videre<\/p>\n<\/td>\n<\/tr>\n<\/tbody>\n<\/table>\n<p>&nbsp;<\/p>\n<p><strong>Fordele:<\/strong><\/p>\n<ul>\n<li><strong>Forbedret sikkerhed:<\/strong>\u00a0RFID-teknologi hj\u00e6lper med at beskytte mod tyveri og uautoriseret adgang.<\/li>\n<li><strong>Forbedret effektivitet:<\/strong>\u00a0Sporing i realtid giver mulighed for effektiv aktivstyring og lagerstyring.<\/li>\n<li><strong>Omkostningseffektivitet:<\/strong>\u00a0Den holdbare konstruktion og vandt\u00e6tte design minimerer udskiftningsomkostningerne.<\/li>\n<li><strong>Alsidige applikationer:<\/strong>\u00a0Velegnet til en bred vifte af industrier og brugssager.<\/li>\n<\/ul>","protected":false},"excerpt":{"rendered":"<p>Det vandt\u00e6tte PVC Ntag215 m\u00f8nt NFC tag tilbyder en p\u00e5lidelig og alsidig l\u00f8sning til behov for sporing af aktiver. Dens kompakte st\u00f8rrelse, vandt\u00e6tte design og indlejrede NFC-chip g\u00f8r det til et v\u00e6rdifuldt v\u00e6rkt\u00f8j for organisationer, der s\u00f8ger at optimere deres asset management-processer.<\/p>","protected":false},"featured_media":333,"template":"","meta":{"_kad_post_transparent":"default","_kad_post_title":"","_kad_post_layout":"default","_kad_post_sidebar_id":"","_kad_post_content_style":"default","_kad_post_vertical_padding":"default","_kad_post_feature":"","_kad_post_feature_position":"","_kad_post_header":false,"_kad_post_footer":false,"_kad_post_classname":""},"product_brand":[],"product_cat":[54],"product_tag":[145,144],"class_list":{"0":"post-332","1":"product","2":"type-product","3":"status-publish","4":"has-post-thumbnail","6":"product_cat-hot-selling-rfid-tags","7":"product_tag-anti-metal-nfc-tag","8":"product_tag-anti-metal-rfid-nfc-sticker","10":"first","11":"instock","12":"shipping-taxable","13":"product-type-simple","14":"entry","15":"content-bg","16":"loop-entry"},"_links":{"self":[{"href":"https:\/\/rfid-laundry-tag.com\/da\/wp-json\/wp\/v2\/product\/332","targetHints":{"allow":["GET"]}}],"collection":[{"href":"https:\/\/rfid-laundry-tag.com\/da\/wp-json\/wp\/v2\/product"}],"about":[{"href":"https:\/\/rfid-laundry-tag.com\/da\/wp-json\/wp\/v2\/types\/product"}],"version-history":[{"count":0,"href":"https:\/\/rfid-laundry-tag.com\/da\/wp-json\/wp\/v2\/product\/332\/revisions"}],"wp:featuredmedia":[{"embeddable":true,"href":"https:\/\/rfid-laundry-tag.com\/da\/wp-json\/wp\/v2\/media\/333"}],"wp:attachment":[{"href":"https:\/\/rfid-laundry-tag.com\/da\/wp-json\/wp\/v2\/media?parent=332"}],"wp:term":[{"taxonomy":"product_brand","embeddable":true,"href":"https:\/\/rfid-laundry-tag.com\/da\/wp-json\/wp\/v2\/product_brand?post=332"},{"taxonomy":"product_cat","embeddable":true,"href":"https:\/\/rfid-laundry-tag.com\/da\/wp-json\/wp\/v2\/product_cat?post=332"},{"taxonomy":"product_tag","embeddable":true,"href":"https:\/\/rfid-laundry-tag.com\/da\/wp-json\/wp\/v2\/product_tag?post=332"}],"curies":[{"name":"wp","href":"https:\/\/api.w.org\/{rel}","templated":true}]}}