{"id":330,"date":"2024-06-28T07:38:56","date_gmt":"2024-06-28T07:38:56","guid":{"rendered":"https:\/\/rfid-laundry-tag.com\/?post_type=product&#038;p=330"},"modified":"2024-09-05T08:39:15","modified_gmt":"2024-09-05T08:39:15","slug":"anti-metal-rfid-nfc-sticker","status":"publish","type":"product","link":"https:\/\/rfid-laundry-tag.com\/da\/vare\/anti-metal-rfid-nfc-sticker\/","title":{"rendered":"Anti Metal RFID NFC klisterm\u00e6rke"},"content":{"rendered":"<p><strong>Anti Metal RFID NFC klisterm\u00e6rke<\/strong><\/p>\n<p>NTAG213, NTAG215 og NTAG216 er udviklet af NXP Semiconductors som standard NFC tag IC&#039;er til brug i massemarkedsapplikationer s\u00e5som detailhandel, spil og forbrugerelektronik, i kombination med NFC-enheder eller NFC-kompatible Proximity Coupling Devices. NTAG213, NTAG215 og NTAG216 (fra nu af generelt kaldet NTAG21x) er designet til fuldt ud at overholde NFC Forum Type 2 Tag og ISO\/IEC14443 Type A specifikationer.<\/p>\n<table class=\"hight-light-first-column all magic-11\">\n<tbody>\n<tr>\n<td colspan=\"1\" rowspan=\"1\">\n<div class=\"magic-12\" data-spm-anchor-id=\"a2700.details.0.i57.12287cd6Tl6d8d\">St\u00f8rrelse<\/div>\n<\/td>\n<td colspan=\"4\" rowspan=\"1\">\n<div class=\"magic-13\">Dia 25 mm<\/div>\n<\/td>\n<\/tr>\n<tr>\n<td colspan=\"1\" rowspan=\"1\">\n<div class=\"magic-12\">Farve<\/div>\n<\/td>\n<td colspan=\"4\" rowspan=\"1\">\n<div class=\"magic-16\">Sort, hvid, gul, r\u00f8d eller brugerdefineret<\/div>\n<\/td>\n<\/tr>\n<tr>\n<td colspan=\"1\" rowspan=\"1\">\n<div class=\"magic-12\">Chip<\/div>\n<\/td>\n<td colspan=\"4\" rowspan=\"1\">\n<div class=\"magic-13\">NTAG213,NTAG215,NTAG216<\/div>\n<\/td>\n<\/tr>\n<tr>\n<td colspan=\"1\" rowspan=\"1\">\n<div class=\"magic-12\">Frekvens<\/div>\n<\/td>\n<td colspan=\"4\" rowspan=\"1\">\n<div class=\"magic-13\">13,56 MHz<\/div>\n<\/td>\n<\/tr>\n<tr>\n<td colspan=\"1\" rowspan=\"1\">\n<div class=\"magic-12\">Protokol<\/div>\n<\/td>\n<td colspan=\"4\" rowspan=\"1\">\n<div class=\"magic-13\">ISO14443A, NFC Forum Type 2<\/div>\n<\/td>\n<\/tr>\n<tr>\n<td colspan=\"1\" rowspan=\"1\">\n<div class=\"magic-12\">Materiale<\/div>\n<\/td>\n<td colspan=\"4\" rowspan=\"1\">\n<div class=\"magic-13\">ABS<\/div>\n<\/td>\n<\/tr>\n<tr>\n<td colspan=\"1\" rowspan=\"1\">\n<div class=\"magic-12\">Driftstemperatur<\/div>\n<\/td>\n<td colspan=\"4\" rowspan=\"1\">\n<div class=\"magic-13\">-20 til 85 grader C<\/div>\n<\/td>\n<\/tr>\n<tr>\n<td colspan=\"1\" rowspan=\"1\">\n<div class=\"magic-12\">Anvendelse<\/div>\n<\/td>\n<td colspan=\"4\" rowspan=\"1\">\n<div class=\"magic-16\">Vasket\u00f8jsk\u00e6de, skrappe kemikalier, betalingsudstyr, udend\u00f8rs brug, kemikalier, industri, logistik, patruljevagt, medlemsskab, forsendelsescontainer, paller osv.<\/div>\n<\/td>\n<\/tr>\n<tr>\n<td colspan=\"1\" rowspan=\"1\">\n<div class=\"magic-12\">Vandt\u00e6t vurdering<\/div>\n<\/td>\n<td colspan=\"4\" rowspan=\"1\">\n<div class=\"magic-16\">IP67<\/div>\n<\/td>\n<\/tr>\n<tr>\n<td colspan=\"1\" rowspan=\"1\">\n<div class=\"magic-12\">L\u00e6seomr\u00e5de<\/div>\n<\/td>\n<td colspan=\"4\" rowspan=\"1\">\n<div class=\"magic-16\">5-10cm, afh\u00e6nger af l\u00e6seren<\/div>\n<\/td>\n<\/tr>\n<tr>\n<td colspan=\"1\" rowspan=\"1\">\n<div class=\"magic-12\">H\u00e5ndv\u00e6rk<\/div>\n<\/td>\n<td colspan=\"4\" rowspan=\"1\">\n<div class=\"magic-16\">Lasergraveret serienummer, stregkode og s\u00e5 videre<\/div>\n<\/td>\n<\/tr>\n<tr>\n<td colspan=\"1\" rowspan=\"1\">\n<div class=\"magic-12\">Montering<\/div>\n<\/td>\n<td colspan=\"4\" rowspan=\"1\">\n<div class=\"magic-16\">Ved kl\u00e6bemiddel eller skrue, eller nitter<\/div>\n<\/td>\n<\/tr>\n<\/tbody>\n<\/table>\n<p>&nbsp;<\/p>\n<div class=\"auto-hide-last-sibling-br paragraph_9dc5f paragraph-element\">Anti-metal RFID NFC-klisterm\u00e6rker har en bred vifte af applikationer inden for forskellige omr\u00e5der p\u00e5 grund af deres fleksibilitet og evne til at fungere p\u00e5 metaloverflader. S\u00e5dan bruges de i forskellige sektorer:<\/div>\n<ul class=\"auto-hide-last-sibling-br\">\n<li>\n<div class=\"auto-hide-last-sibling-br paragraph_9dc5f paragraph-element\"><strong>Logistik ledelse<\/strong>: Disse klisterm\u00e6rker kan bruges til effektiv sporing og lokalisering i realtid af varer under transport. De forbedrer effektiviteten af forsyningsk\u00e6den og forenkler logistikstyringen ved at tilbyde kontinuerlig synlighed af forsendelser.<\/div>\n<\/li>\n<li>\n<div class=\"auto-hide-last-sibling-br paragraph_9dc5f paragraph-element\"><strong>Asset Management<\/strong>: De spiller en v\u00e6sentlig rolle i sporing og styring af virksomhedens aktiver, s\u00e5som maskiner, v\u00e6rkt\u00f8j og kontorudstyr. De muligg\u00f8r hurtig og pr\u00e6cis identifikation og verifikation af aktiver, hvilket reducerer risikoen for tab, tyveri eller fejlplacering.<\/div>\n<\/li>\n<li>\n<div class=\"auto-hide-last-sibling-br paragraph_9dc5f paragraph-element\"><strong>Supply Chain Management<\/strong>: NFC-klisterm\u00e6rker bruges til at spore produkter i alle faser af forsyningsk\u00e6den, hvilket sikrer gennemsigtighed og effektivt forhindrer forfalskede varer i at komme ind p\u00e5 markedet.<\/div>\n<\/li>\n<li>\n<div class=\"auto-hide-last-sibling-br paragraph_9dc5f paragraph-element\"><strong>K\u00f8ret\u00f8jsstyring<\/strong>: Brugt til styring af fl\u00e5dek\u00f8ret\u00f8jer tilbyder klisterm\u00e6rkerne en nem m\u00e5de at spore og overv\u00e5ge k\u00f8ret\u00f8jets bev\u00e6gelser, hvilket sikrer effektiv ruteoptimering.<\/div>\n<\/li>\n<li>\n<div class=\"auto-hide-last-sibling-br paragraph_9dc5f paragraph-element\"><strong>Lagerstyring<\/strong>: De str\u00f8mliner driften ved at muligg\u00f8re realtidssporing af lagerbeholdning, hvilket g\u00f8r processen med lagerstyring meget effektiv.<\/div>\n<\/li>\n<li>\n<div class=\"auto-hide-last-sibling-br paragraph_9dc5f paragraph-element\"><strong>Produktverifikation<\/strong>: NFC-klisterm\u00e6rker kan bruges til at autentificere produkter, hvilket giver en nem m\u00e5de at afg\u00f8re, om et produkt er \u00e6gte eller forfalsket.<\/div>\n<\/li>\n<li>\n<div class=\"auto-hide-last-sibling-br paragraph_9dc5f paragraph-element\"><strong>Aktiv sporing<\/strong>: De forenkler sporingsprocessen af aktiver i realtid, hvilket is\u00e6r er nyttigt for genstande af h\u00f8j v\u00e6rdi eller vigtigt udstyr, der ofte flyttes rundt.<\/div>\n<\/li>\n<li>\n<div class=\"auto-hide-last-sibling-br paragraph_9dc5f paragraph-element\"><strong>Lagerstyring<\/strong>: Klisterm\u00e6rkerne hj\u00e6lper med at styre lagerbeholdningen i varehuse eller detailbutikker ved at reducere manuelle kontroller og sikre n\u00f8jagtig opt\u00e6lling.<\/div>\n<\/li>\n<li>\n<div class=\"auto-hide-last-sibling-br paragraph_9dc5f paragraph-element\"><strong>Betaling<\/strong>: NFC-klisterm\u00e6rker bruges i kontantl\u00f8se transaktioner, hvilket muligg\u00f8r hurtige og sikre betalinger med blot et tryk, s\u00e5som i betalingssystemer med armb\u00e5nd.<\/div>\n<\/li>\n<li>\n<div class=\"auto-hide-last-sibling-br paragraph_9dc5f paragraph-element\"><strong>Sociale medier<\/strong>: NFC-klisterm\u00e6rker kan programmeres til at starte sociale mediekonti eller hashtags, hvilket giver en problemfri, one-touch sociale medieoplevelse.<\/div>\n<\/li>\n<li>\n<div class=\"auto-hide-last-sibling-br paragraph_9dc5f paragraph-element\"><strong>Armb\u00e5nd<\/strong>: Bruges i begivenheder, hvor let adgang og sikre betalinger er n\u00f8dvendige, s\u00e5som musikfestivaler, messer og sportsbegivenheder.<\/div>\n<\/li>\n<\/ul>\n<div class=\"auto-hide-last-sibling-br paragraph_9dc5f paragraph-element\">Ovenn\u00e6vnte er blot et \u00f8jebliksbillede af alsidigheden af Anti-Metal RFID NFC Stickers. Mulighederne er uendelige, med hver applikation designet til at give ekstra effektivitet, sikkerhed og bekvemmelighed.<\/div>","protected":false},"excerpt":{"rendered":"<p>Anti-metal RFID NFC-klisterm\u00e6rker, med NTAG21x-chips, er holdbare, vandt\u00e6tte og perfekte til logistik, aktivforvaltning, betalinger og mere.<\/p>","protected":false},"featured_media":331,"template":"","meta":{"_kad_post_transparent":"default","_kad_post_title":"","_kad_post_layout":"default","_kad_post_sidebar_id":"","_kad_post_content_style":"default","_kad_post_vertical_padding":"default","_kad_post_feature":"","_kad_post_feature_position":"","_kad_post_header":false,"_kad_post_footer":false,"_kad_post_classname":""},"product_brand":[],"product_cat":[54],"product_tag":[145,144],"class_list":{"0":"post-330","1":"product","2":"type-product","3":"status-publish","4":"has-post-thumbnail","6":"product_cat-hot-selling-rfid-tags","7":"product_tag-anti-metal-nfc-tag","8":"product_tag-anti-metal-rfid-nfc-sticker","10":"first","11":"instock","12":"shipping-taxable","13":"product-type-simple","14":"entry","15":"content-bg","16":"loop-entry"},"_links":{"self":[{"href":"https:\/\/rfid-laundry-tag.com\/da\/wp-json\/wp\/v2\/product\/330","targetHints":{"allow":["GET"]}}],"collection":[{"href":"https:\/\/rfid-laundry-tag.com\/da\/wp-json\/wp\/v2\/product"}],"about":[{"href":"https:\/\/rfid-laundry-tag.com\/da\/wp-json\/wp\/v2\/types\/product"}],"version-history":[{"count":1,"href":"https:\/\/rfid-laundry-tag.com\/da\/wp-json\/wp\/v2\/product\/330\/revisions"}],"predecessor-version":[{"id":1854,"href":"https:\/\/rfid-laundry-tag.com\/da\/wp-json\/wp\/v2\/product\/330\/revisions\/1854"}],"wp:featuredmedia":[{"embeddable":true,"href":"https:\/\/rfid-laundry-tag.com\/da\/wp-json\/wp\/v2\/media\/331"}],"wp:attachment":[{"href":"https:\/\/rfid-laundry-tag.com\/da\/wp-json\/wp\/v2\/media?parent=330"}],"wp:term":[{"taxonomy":"product_brand","embeddable":true,"href":"https:\/\/rfid-laundry-tag.com\/da\/wp-json\/wp\/v2\/product_brand?post=330"},{"taxonomy":"product_cat","embeddable":true,"href":"https:\/\/rfid-laundry-tag.com\/da\/wp-json\/wp\/v2\/product_cat?post=330"},{"taxonomy":"product_tag","embeddable":true,"href":"https:\/\/rfid-laundry-tag.com\/da\/wp-json\/wp\/v2\/product_tag?post=330"}],"curies":[{"name":"wp","href":"https:\/\/api.w.org\/{rel}","templated":true}]}}