{"id":329,"date":"2024-06-28T07:30:57","date_gmt":"2024-06-28T07:30:57","guid":{"rendered":"https:\/\/rfid-laundry-tag.com\/?post_type=product&#038;p=329"},"modified":"2024-06-28T07:37:14","modified_gmt":"2024-06-28T07:37:14","slug":"mifare-ultralight-ev1-inlay-sticker","status":"publish","type":"product","link":"https:\/\/rfid-laundry-tag.com\/da\/vare\/mifare-ultralight-ev1-inlay-sticker\/","title":{"rendered":"Mifare Ultralight ev1 Inlay-klisterm\u00e6rke"},"content":{"rendered":"<div>\n<div class=\"auto-hide-last-sibling-br paragraph_9dc5f paragraph-element\"><strong>MIFARE Ultralight EV1 Inlay Stickers<\/strong> er ret popul\u00e6re og meget brugte p\u00e5 grund af den praktiske funktion, de bringer og deres kompatibilitet med en bred vifte af enheder. Her er et par muligheder:<\/div>\n<p><br class=\"container_21264 wrapper_661ac undefined\" \/><\/p>\n<ol class=\"auto-hide-last-sibling-br\">\n<li>\n<div class=\"auto-hide-last-sibling-br paragraph_9dc5f paragraph-element\"><strong>NFC papirklisterm\u00e6rker MIFARE Ultralight\u00ae EV1 35x35mm<\/strong>: Som selvkl\u00e6bende papir-NFC-tags kommer disse med en indbygget NXP MIFARE Ultralight\u00ae NFC-chip, som er kompatibel med Android- og BlackBerry-smartphones og -tablets. Deres kapacitet er 41 bytes. Disse klisterm\u00e6rker fungerer i henhold til standarderne for ISO\/IEC 14443 Type-A og ser desv\u00e6rre ud til at v\u00e6re udsolgt i \u00f8jeblikket.<\/div>\n<\/li>\n<li><strong>RFID-m\u00e6rke 56x18mm NXP Mifare\u00aeUltralight EV1 50pf | ISO14443A<\/strong>: Denne h\u00f8jkvalitets RFID-etiket har NXP Mifare\u00ae Ultralight EV1-chippen, som kommer med en 50pF kapacitans, der sikrer et optimalt l\u00e6seomr\u00e5de og ydeevne. Fuldt i overensstemmelse med ISO14443A, den er perfekt til brug i applikationer fra offentlig transport og loyalitetsprogrammer til arrangementsbilletter og smart city-l\u00f8sninger.<\/li>\n<\/ol>\n<\/div>\n<div class=\"text-title\"><strong><span class=\"magic-26\" style=\"font-family: Arial;\" data-spm-anchor-id=\"a2700.details.0.i47.6f4d7d7dnursE7\">T\u00f8rt indl\u00e6g<\/span><\/strong><\/div>\n<div class=\"text-content\">\n<p><span class=\"magic-6\" style=\"font-family: Arial;\">Simpelthen sagt er RFID t\u00f8rt indl\u00e6g en kombination af RFID-chip og antenne. Det kan bruges til at lave NFC-m\u00e6rkat, RFID-etiket, RFID-billet og forskellige RFID-tags. <\/span><\/p>\n<div data-spm-anchor-id=\"a2700.details.0.i46.6f4d7d7dnursE7\">\n<p><span class=\"magic-6\" style=\"font-family: Arial;\"> Antenne af t\u00f8rt indl\u00e6g er aluminium\u00e6tsning, som er tyndere sammenlignet med kobberspiral. Antennes form kan tilpasses og redesignes efter behov.<\/span><\/p>\n<p>&nbsp;<\/p>\n<\/div>\n<\/div>\n<div>\n<div class=\"text-title\"><strong><span class=\"magic-26\" style=\"font-family: Arial;\">V\u00e5dt indl\u00e6g<\/span><\/strong><\/div>\n<div class=\"text-content\">\n<p><span class=\"magic-6\" style=\"font-family: Arial;\" data-spm-anchor-id=\"a2700.details.0.i49.6f4d7d7dnursE7\">RFID t\u00f8rt indl\u00e6g tilsat et kl\u00e6bemiddel kaldes v\u00e5dt indl\u00e6g. Det kan bruges som en RFID-etiket eller NFC-klisterm\u00e6rke direkte, hvis du ikke har brug for udskrivning p\u00e5 overfladen. At blive klistret p\u00e5 genstandene kan spare omkostninger og opn\u00e5 samme form\u00e5l. Det er ogs\u00e5 almindeligt anvendt til fremstilling af RFID-tags. Antenne af v\u00e5dt indl\u00e6g er aluminium\u00e6tsning, som er tyndere sammenlignet med kobberspiral. Antennes form kan tilpasses og redesignes efter behov.<\/span><\/p>\n<div><strong>Mifare Ultralight ev1 Inlay-klisterm\u00e6rke<\/strong><\/div>\n<div><\/div>\n<div data-spm-anchor-id=\"a2700.details.0.i48.6f4d7d7dnursE7\">\n<table class=\"hight-light-first-column all magic-14\">\n<tbody>\n<tr>\n<td colspan=\"1\" rowspan=\"1\">\n<div class=\"magic-15\"><b>Materiale<\/b><\/div>\n<\/td>\n<td colspan=\"1\" rowspan=\"1\">\n<div class=\"magic-16\" data-spm-anchor-id=\"a2700.details.0.i34.21f6414cWQ4Zrf\">Papir \/ Termisk papir \/ Stof \/ PVC \/ PET<\/div>\n<\/td>\n<\/tr>\n<tr>\n<td colspan=\"1\" rowspan=\"1\">\n<div class=\"magic-15\"><b>St\u00f8rrelse<\/b><\/div>\n<\/td>\n<td colspan=\"1\" rowspan=\"1\">\n<div class=\"magic-16\">18*56mm, 25*25mm, 30*30mm, 40*40mm, Dia18mm, Dia20mm, Dia22mm, Dia25mm eller tilpasset st\u00f8rrelse.<\/div>\n<\/td>\n<\/tr>\n<tr>\n<td colspan=\"1\" rowspan=\"1\">\n<div class=\"magic-15\"><b>Trykning<\/b><\/div>\n<\/td>\n<td colspan=\"1\" rowspan=\"1\">\n<div class=\"magic-16\">Intet behov for udskrivning<\/div>\n<\/td>\n<\/tr>\n<tr>\n<td colspan=\"1\" rowspan=\"1\">\n<div class=\"magic-15\"><b>Tilg\u00e6ngelig Chip<\/b><\/div>\n<\/td>\n<td colspan=\"1\" rowspan=\"1\">\n<div class=\"magic-16\">\n<p><strong>Mifare Ultralight ev1 <\/strong><\/p>\n<\/div>\n<\/td>\n<\/tr>\n<tr>\n<td colspan=\"1\" rowspan=\"1\">\n<div class=\"magic-21\"><b>Protokol:<\/b><\/div>\n<\/td>\n<td colspan=\"4\" rowspan=\"1\">\n<div class=\"magic-22\">ISO\/IEC 14443 Type A<\/div>\n<\/td>\n<\/tr>\n<tr>\n<td colspan=\"1\" rowspan=\"1\">\n<div class=\"magic-26\"><b>H\u00e5ndv\u00e6rk:<\/b><\/div>\n<\/td>\n<td colspan=\"4\" rowspan=\"1\">\n<div class=\"magic-22\" data-spm-anchor-id=\"a2700.details.0.i33.21f6414cWQ4Zrf\">Udskrivning, stregkode, QR-kode mv.<\/div>\n<\/td>\n<\/tr>\n<\/tbody>\n<\/table>\n<\/div>\n<\/div>\n<\/div>","protected":false},"excerpt":{"rendered":"<p>Mifare Ultralight ev1 Inlay-klisterm\u00e6rke eller Transponder, en type uf\u00e6rdig komponent, kan omdannes til forskellige genstande s\u00e5som billetter, badges, etiketter eller kort. Samtidig kan disse HF NFC RFID-indl\u00e6g produceres i en r\u00e6kke st\u00f8rrelser, tilpasset til dine specifikke behov.<\/p>","protected":false},"featured_media":328,"template":"","meta":{"_kad_post_transparent":"default","_kad_post_title":"","_kad_post_layout":"default","_kad_post_sidebar_id":"","_kad_post_content_style":"default","_kad_post_vertical_padding":"default","_kad_post_feature":"","_kad_post_feature_position":"","_kad_post_header":false,"_kad_post_footer":false,"_kad_post_classname":""},"product_brand":[],"product_cat":[54],"product_tag":[112,142,143],"class_list":{"0":"post-329","1":"product","2":"type-product","3":"status-publish","4":"has-post-thumbnail","6":"product_cat-hot-selling-rfid-tags","7":"product_tag-13-56mhz-rfid-inlay","8":"product_tag-mifare-ultralight-ev1-inlay-sticker","9":"product_tag-ultralight-ev1-nfc-inlay-sticker","11":"first","12":"instock","13":"shipping-taxable","14":"product-type-simple","15":"entry","16":"content-bg","17":"loop-entry"},"_links":{"self":[{"href":"https:\/\/rfid-laundry-tag.com\/da\/wp-json\/wp\/v2\/product\/329","targetHints":{"allow":["GET"]}}],"collection":[{"href":"https:\/\/rfid-laundry-tag.com\/da\/wp-json\/wp\/v2\/product"}],"about":[{"href":"https:\/\/rfid-laundry-tag.com\/da\/wp-json\/wp\/v2\/types\/product"}],"version-history":[{"count":0,"href":"https:\/\/rfid-laundry-tag.com\/da\/wp-json\/wp\/v2\/product\/329\/revisions"}],"wp:featuredmedia":[{"embeddable":true,"href":"https:\/\/rfid-laundry-tag.com\/da\/wp-json\/wp\/v2\/media\/328"}],"wp:attachment":[{"href":"https:\/\/rfid-laundry-tag.com\/da\/wp-json\/wp\/v2\/media?parent=329"}],"wp:term":[{"taxonomy":"product_brand","embeddable":true,"href":"https:\/\/rfid-laundry-tag.com\/da\/wp-json\/wp\/v2\/product_brand?post=329"},{"taxonomy":"product_cat","embeddable":true,"href":"https:\/\/rfid-laundry-tag.com\/da\/wp-json\/wp\/v2\/product_cat?post=329"},{"taxonomy":"product_tag","embeddable":true,"href":"https:\/\/rfid-laundry-tag.com\/da\/wp-json\/wp\/v2\/product_tag?post=329"}],"curies":[{"name":"wp","href":"https:\/\/api.w.org\/{rel}","templated":true}]}}