{"id":327,"date":"2024-06-28T07:06:49","date_gmt":"2024-06-28T07:06:49","guid":{"rendered":"https:\/\/rfid-laundry-tag.com\/?post_type=product&#038;p=327"},"modified":"2024-07-16T16:21:25","modified_gmt":"2024-07-16T16:21:25","slug":"rfid-1k-f08-inlay-sticker","status":"publish","type":"product","link":"https:\/\/rfid-laundry-tag.com\/da\/vare\/rfid-1k-f08-inlay-sticker\/","title":{"rendered":"RFID 1K F08 Indl\u00e6gsm\u00e6rkat"},"content":{"rendered":"<div><strong>RFID NFC indl\u00e6g<\/strong> findes i to typer, v\u00e5d og t\u00f8r. Et v\u00e5dt RFID NFC-indl\u00e6g kommer med en kl\u00e6brig bagside, mens en t\u00f8r ikke g\u00f8r. De giver en tag-mulighed, der fungerer ved 13,56 MHz, specielt designet til originaludstyrsproducenter (OEM&#039;er). B\u00e5de ISO 15693 og 14443 NFC hukommelseschips er tilg\u00e6ngelige til disse indl\u00e6g.<\/div>\n<div><\/div>\n<div class=\"text-title\"><strong><span class=\"magic-26\" style=\"font-family: Arial;\" data-spm-anchor-id=\"a2700.details.0.i47.6f4d7d7dnursE7\">T\u00f8rt indl\u00e6g<\/span><\/strong><\/div>\n<div class=\"text-content\">\n<p><span class=\"magic-6\" style=\"font-family: Arial;\">Simpelthen sagt er RFID t\u00f8rt indl\u00e6g en kombination af RFID-chip og antenne. Det kan bruges til at lave NFC-m\u00e6rkat, RFID-etiket, RFID-billet og forskellige RFID-tags. <\/span><\/p>\n<div data-spm-anchor-id=\"a2700.details.0.i46.6f4d7d7dnursE7\">\n<p><span class=\"magic-6\" style=\"font-family: Arial;\"> Antenne af t\u00f8rt indl\u00e6g er aluminium\u00e6tsning, som er tyndere sammenlignet med kobberspiral. Antennes form kan tilpasses og redesignes efter behov.<\/span><\/p>\n<p>&nbsp;<\/p>\n<\/div>\n<\/div>\n<div>\n<div class=\"text-title\"><strong><span class=\"magic-26\" style=\"font-family: Arial;\">V\u00e5dt indl\u00e6g<\/span><\/strong><\/div>\n<div class=\"text-content\">\n<p><span class=\"magic-6\" style=\"font-family: Arial;\" data-spm-anchor-id=\"a2700.details.0.i49.6f4d7d7dnursE7\">RFID t\u00f8rt indl\u00e6g tilsat et kl\u00e6bemiddel kaldes v\u00e5dt indl\u00e6g. Det kan bruges som en RFID-etiket eller NFC-klisterm\u00e6rke direkte, hvis du ikke har brug for udskrivning p\u00e5 overfladen. At blive klistret p\u00e5 genstandene kan spare omkostninger og opn\u00e5 samme form\u00e5l. Det er ogs\u00e5 almindeligt anvendt til fremstilling af RFID-tags. Antenne af v\u00e5dt indl\u00e6g er aluminium\u00e6tsning, som er tyndere sammenlignet med kobberspiral. Antennes form kan tilpasses og redesignes efter behov.<\/span><\/p>\n<div><\/div>\n<div data-spm-anchor-id=\"a2700.details.0.i48.6f4d7d7dnursE7\">\n<table class=\"hight-light-first-column all magic-14\">\n<tbody>\n<tr>\n<td colspan=\"1\" rowspan=\"1\">\n<div class=\"magic-15\"><b>Materiale<\/b><\/div>\n<\/td>\n<td colspan=\"1\" rowspan=\"1\">\n<div class=\"magic-16\" data-spm-anchor-id=\"a2700.details.0.i34.21f6414cWQ4Zrf\">Papir \/ Termisk papir \/ Stof \/ PVC \/ PET<\/div>\n<\/td>\n<\/tr>\n<tr>\n<td colspan=\"1\" rowspan=\"1\">\n<div class=\"magic-15\"><b>St\u00f8rrelse<\/b><\/div>\n<\/td>\n<td colspan=\"1\" rowspan=\"1\">\n<div class=\"magic-16\">Dia18mm, Dia20mm, Dia22mm, Dia25mm,18*56mm,25*25mm, 30*30mm, 40*40mm eller tilpasset st\u00f8rrelse.<\/div>\n<\/td>\n<\/tr>\n<tr>\n<td colspan=\"1\" rowspan=\"1\">\n<div class=\"magic-15\"><b>Trykning<\/b><\/div>\n<\/td>\n<td colspan=\"1\" rowspan=\"1\">\n<div class=\"magic-16\">Intet behov for udskrivning<\/div>\n<\/td>\n<\/tr>\n<tr>\n<td colspan=\"1\" rowspan=\"1\">\n<div class=\"magic-15\"><b>Tilg\u00e6ngelig Chip<\/b><\/div>\n<\/td>\n<td colspan=\"1\" rowspan=\"1\">\n<div class=\"magic-16\">\n<p>RFID 1K F08<\/p>\n<\/div>\n<\/td>\n<\/tr>\n<tr>\n<td colspan=\"1\" rowspan=\"1\">\n<div class=\"magic-21\"><b>Protokol:<\/b><\/div>\n<\/td>\n<td colspan=\"4\" rowspan=\"1\">\n<div class=\"magic-22\">ISO\/IEC 14443 Type A<\/div>\n<\/td>\n<\/tr>\n<tr>\n<td colspan=\"1\" rowspan=\"1\">\n<div class=\"magic-26\"><b>H\u00e5ndv\u00e6rk:<\/b><\/div>\n<\/td>\n<td colspan=\"4\" rowspan=\"1\">\n<div class=\"magic-22\" data-spm-anchor-id=\"a2700.details.0.i33.21f6414cWQ4Zrf\">Udskrivning, stregkode, QR-kode mv.<\/div>\n<\/td>\n<\/tr>\n<\/tbody>\n<\/table>\n<\/div>\n<\/div>\n<\/div>","protected":false},"excerpt":{"rendered":"<p>RFID 1K F08 Indl\u00e6gsm\u00e6rkat eller Transponder, en type uf\u00e6rdig komponent, kan omdannes til forskellige genstande s\u00e5som billetter, badges, etiketter eller kort. Samtidig kan disse HF NFC RFID-indl\u00e6g produceres i en r\u00e6kke st\u00f8rrelser, tilpasset til dine specifikke behov.<\/p>","protected":false},"featured_media":328,"template":"","meta":{"_kad_post_transparent":"default","_kad_post_title":"","_kad_post_layout":"default","_kad_post_sidebar_id":"","_kad_post_content_style":"default","_kad_post_vertical_padding":"default","_kad_post_feature":"","_kad_post_feature_position":"","_kad_post_header":false,"_kad_post_footer":false,"_kad_post_classname":""},"product_brand":[],"product_cat":[54,189],"product_tag":[112,141],"class_list":{"0":"post-327","1":"product","2":"type-product","3":"status-publish","4":"has-post-thumbnail","6":"product_cat-hot-selling-rfid-tags","7":"product_cat-rfid-inlay","8":"product_tag-13-56mhz-rfid-inlay","9":"product_tag-rfid-1k-f08-inlay-sticker","11":"first","12":"instock","13":"shipping-taxable","14":"product-type-simple","15":"entry","16":"content-bg","17":"loop-entry"},"_links":{"self":[{"href":"https:\/\/rfid-laundry-tag.com\/da\/wp-json\/wp\/v2\/product\/327","targetHints":{"allow":["GET"]}}],"collection":[{"href":"https:\/\/rfid-laundry-tag.com\/da\/wp-json\/wp\/v2\/product"}],"about":[{"href":"https:\/\/rfid-laundry-tag.com\/da\/wp-json\/wp\/v2\/types\/product"}],"version-history":[{"count":1,"href":"https:\/\/rfid-laundry-tag.com\/da\/wp-json\/wp\/v2\/product\/327\/revisions"}],"predecessor-version":[{"id":718,"href":"https:\/\/rfid-laundry-tag.com\/da\/wp-json\/wp\/v2\/product\/327\/revisions\/718"}],"wp:featuredmedia":[{"embeddable":true,"href":"https:\/\/rfid-laundry-tag.com\/da\/wp-json\/wp\/v2\/media\/328"}],"wp:attachment":[{"href":"https:\/\/rfid-laundry-tag.com\/da\/wp-json\/wp\/v2\/media?parent=327"}],"wp:term":[{"taxonomy":"product_brand","embeddable":true,"href":"https:\/\/rfid-laundry-tag.com\/da\/wp-json\/wp\/v2\/product_brand?post=327"},{"taxonomy":"product_cat","embeddable":true,"href":"https:\/\/rfid-laundry-tag.com\/da\/wp-json\/wp\/v2\/product_cat?post=327"},{"taxonomy":"product_tag","embeddable":true,"href":"https:\/\/rfid-laundry-tag.com\/da\/wp-json\/wp\/v2\/product_tag?post=327"}],"curies":[{"name":"wp","href":"https:\/\/api.w.org\/{rel}","templated":true}]}}