{"id":3242,"date":"2026-01-13T13:41:34","date_gmt":"2026-01-13T13:41:34","guid":{"rendered":"https:\/\/rfid-laundry-tag.com\/?post_type=product&#038;p=3242"},"modified":"2026-03-12T10:03:35","modified_gmt":"2026-03-12T10:03:35","slug":"mifare-s50-rfid-inlay","status":"publish","type":"product","link":"https:\/\/rfid-laundry-tag.com\/da\/vare\/mifare-s50-rfid-inlay\/","title":{"rendered":"MIFARE S50 RFID-indl\u00e6g"},"content":{"rendered":"<h2>MIFARE S50 RFID-indl\u00e6g<\/h2>\n<p><span class=\"ng-star-inserted\">De <a href=\"https:\/\/rfid-laundry-tag.com\/da\/rfid-inlay\/\">MIFARE S50\u00a0<\/a><\/span><strong class=\"ng-star-inserted\"><span class=\"ng-star-inserted\">RFID indl\u00e6g<\/span><\/strong><span class=\"ng-star-inserted\">\u00a0er en banebrydende l\u00f8sning designet til at str\u00f8mline din drift, forbedre sikkerheden og forbedre brugeroplevelsen p\u00e5 tv\u00e6rs af en lang r\u00e6kke applikationer. Denne kraftfulde, men diskrete teknologi giver dig mulighed for ubesv\u00e6ret at administrere adgang, behandle betalinger, spore aktiver og engagere kunder p\u00e5 innovative m\u00e5der. Dette produkt er v\u00e6rd at k\u00f8be, fordi det tilbyder uovertruffen p\u00e5lidelighed, kompatibilitet og nem integration, hvilket g\u00f8r det til det ideelle valg for virksomheder, der \u00f8nsker at udnytte kraften i RFID. Uanset om du \u00f8nsker at implementere sikker adgangskontrol, skabe et problemfrit kontantl\u00f8st betalingssystem eller revolutionere din lagerstyring, er <a href=\"https:\/\/rfid-laundry-tag.com\/da\/rfid-inlay\/\">MIFARE S50\u00a0<\/a><\/span><strong class=\"ng-star-inserted\"><span class=\"ng-star-inserted\">RFID indl\u00e6g<\/span><\/strong><span class=\"ng-star-inserted\">\u00a0giver den ydeevne og alsidighed, du har brug for til at f\u00e5 succes. Kort sagt er dette produkt et must-have.<\/span><\/p>\n<table class=\"has-title all magic-13\">\n<tbody>\n<tr>\n<td colspan=\"1\" rowspan=\"1\">\n<div class=\"magic-14\" data-spm-anchor-id=\"a2700.details.0.i37.2ec61361oDo4aX\">Produktnavn<\/div>\n<\/td>\n<td colspan=\"1\" rowspan=\"1\">\n<div class=\"magic-15\">MIFARE S50 RFID-indl\u00e6g<\/div>\n<\/td>\n<\/tr>\n<tr>\n<td colspan=\"1\" rowspan=\"1\">\n<div class=\"magic-14\">Chip<\/div>\n<\/td>\n<td colspan=\"1\" rowspan=\"1\">\n<div class=\"magic-15\">MIFARE Classic\u00ae 1K<\/div>\n<\/td>\n<\/tr>\n<tr>\n<td colspan=\"1\" rowspan=\"1\">\n<div class=\"magic-14\">Frekvens<\/div>\n<\/td>\n<td colspan=\"1\" rowspan=\"1\">\n<div class=\"magic-15\">13,56 MHz<\/div>\n<\/td>\n<\/tr>\n<tr>\n<td colspan=\"1\" rowspan=\"1\">\n<div class=\"magic-14\">L\u00e6seafstand<\/div>\n<\/td>\n<td colspan=\"1\" rowspan=\"1\">\n<div class=\"magic-15\">1-5 cm<\/div>\n<\/td>\n<\/tr>\n<tr>\n<td colspan=\"1\" rowspan=\"1\">\n<div class=\"magic-14\">Materiale<\/div>\n<\/td>\n<td colspan=\"1\" rowspan=\"1\">\n<div class=\"magic-15\">Coated Papir<\/div>\n<\/td>\n<\/tr>\n<tr>\n<td colspan=\"1\" rowspan=\"1\">\n<div class=\"magic-14\">Underlag<\/div>\n<\/td>\n<td colspan=\"1\" rowspan=\"1\">\n<div class=\"magic-15\">K\u00c6LEDYR<\/div>\n<\/td>\n<\/tr>\n<tr>\n<td colspan=\"1\" rowspan=\"1\">\n<div class=\"magic-14\">Dia 50 mm St\u00f8rrelse<\/div>\n<\/td>\n<td colspan=\"1\" rowspan=\"1\">\n<div class=\"magic-15\">Dia 25 mm eller tilpasning<\/div>\n<\/td>\n<\/tr>\n<tr>\n<td colspan=\"1\" rowspan=\"1\">\n<div class=\"magic-14\">Arbejdstilstand<\/div>\n<\/td>\n<td colspan=\"1\" rowspan=\"1\">\n<div class=\"magic-15\">Passiv<\/div>\n<\/td>\n<\/tr>\n<tr>\n<td colspan=\"1\" rowspan=\"1\">\n<div class=\"magic-14\">Skriv cyklusser<\/div>\n<\/td>\n<td colspan=\"1\" rowspan=\"1\">\n<div class=\"magic-15\">100000<\/div>\n<\/td>\n<\/tr>\n<tr>\n<td colspan=\"1\" rowspan=\"1\">\n<div class=\"magic-14\">Driftstemperatur\/fugtighed<\/div>\n<\/td>\n<td colspan=\"1\" rowspan=\"1\">\n<div class=\"magic-15\">-40~70\u2103\/20%~90% RH<\/div>\n<\/td>\n<\/tr>\n<tr>\n<td colspan=\"1\" rowspan=\"1\">\n<div class=\"magic-14\">Opbevaringstemperatur\/fugtighed<\/div>\n<\/td>\n<td colspan=\"1\" rowspan=\"1\">\n<div class=\"magic-15\">-20~50\u2103 \/ 20%~90% RH(Uden kondens).<\/div>\n<\/td>\n<\/tr>\n<tr>\n<td colspan=\"1\" rowspan=\"1\">\n<div class=\"magic-14\">Pr\u00f8ve tilg\u00e6ngelighed<\/div>\n<\/td>\n<td colspan=\"1\" rowspan=\"1\">\n<div class=\"magic-15\">Gratis pr\u00f8ver er tilg\u00e6ngelige efter anmodning<\/div>\n<\/td>\n<\/tr>\n<tr>\n<td colspan=\"1\" rowspan=\"1\">\n<div class=\"magic-14\">Emballage<\/div>\n<\/td>\n<td colspan=\"1\" rowspan=\"1\">\n<div class=\"magic-15\">1000-5000 stk\/rulle, 4 ruller\/karton<\/div>\n<\/td>\n<\/tr>\n<tr>\n<td colspan=\"1\" rowspan=\"1\">\n<div class=\"magic-14\">\n<p>Anvendelse<\/p>\n<div><\/div>\n<\/div>\n<\/td>\n<td colspan=\"1\" rowspan=\"1\">\n<div class=\"magic-15\" data-spm-anchor-id=\"a2700.details.0.i47.2ec61361oDo4aX\">Sikker adgangskontrol\/Kontantfri betaling Medlemskab og loyalitetsprogrammer Eventadgang og Branding\/Sociale medier\/Detail<br \/>\nMilj\u00f8\/Spil og leget\u00f8j Placering\/Elektronik\/Messer\/Begivenheder\/Opkaldsanmodning\/Visitkort<\/div>\n<\/td>\n<\/tr>\n<\/tbody>\n<\/table>\n<p>&nbsp;<\/p>\n<p>MIFARE S50<a href=\"https:\/\/rfid-laundry-tag.com\/da\/rfid-inlay\/\"> RFID indl\u00e6g\u00a0<\/a>er en alsidig l\u00f8sning designet til at im\u00f8dekomme de voksende krav fra moderne applikationer. Dette NFC-aktiverede indl\u00e6g, der opererer ved 13,56MHz frekvens, bevarer alle de v\u00e6sentlige funktioner i MIFARE Classic-teknologien, mens det giver brugervenlig funktionalitet. Med sin kompakte st\u00f8rrelse p\u00e5 25 mm i diameter og 0,5 mm tykkelse er den tilg\u00e6ngelig i et praktisk blankt m\u00f8ntm\u00e6rkeformat, hvilket g\u00f8r det nemt at fastg\u00f8re og bruge p\u00e5 tv\u00e6rs af forskellige applikationer. Uanset om du leder efter RFID-l\u00f8sninger til betalingssystemer, adgangskontrol eller identifikation, tilbyder MIFARE Classic 1K Inlay uovertruffen p\u00e5lidelighed og ydeevne.<\/p>\n<h3>Hvorfor v\u00e6lge MIFARE S50 RFID-indl\u00e6g?<\/h3>\n<ul>\n<li><strong>Nem integration<\/strong>: Ideel til en r\u00e6kke applikationer, fra betalingssystemer til arrangementsbilletter, dette indl\u00e6g integreres problemfrit i eksisterende platforme.<\/li>\n<li><strong>Omkostningseffektiv l\u00f8sning<\/strong>: Med lave priser, h\u00f8j kvalitet og holdbart design, pr\u00e6senterer den en \u00f8konomisk mulighed uden at g\u00e5 p\u00e5 kompromis med ydeevnen.<\/li>\n<li><strong>Brugervenlig<\/strong>: Det tomme m\u00e6rkatformat giver mulighed for nem m\u00e6rkning og brugerdefinerede applikationer, hvilket forbedrer brugeroplevelsen.<\/li>\n<\/ul>\n<h3>NFC-teknologi forklaret<\/h3>\n<p>NFC (Near Field Communication)-teknologi danner rygraden i <strong>MIFARE Classic 1K indl\u00e6g<\/strong>. Ved at udnytte denne teknologi muligg\u00f8r indl\u00e6gget kontaktl\u00f8s dataudveksling mellem enheder. Denne funktion er ikke kun begr\u00e6nset til interaktioner med kort og l\u00e6sere, men letter ogs\u00e5 mobilbetalinger og sikker adgangskontrol.<\/p>\n<h3>Vigtigste fordele ved MIFARE Classic 1K<\/h3>\n<ul>\n<li><strong>Forbedret sikkerhed<\/strong>: Med en unik 4-byte UID hj\u00e6lper MIFARE Classic 1K Inlay med at forhindre dataduplikering og tilf\u00f8jer et ekstra lag af sikkerhed til dine applikationer.<\/li>\n<li><strong>Alsidighed<\/strong>: Velegnet til forskellige kontaktl\u00f8se applikationer, fra detailhandel til transport, hvilket \u00f8ger brugerengagementet.<\/li>\n<li><strong>Kompatibilitet<\/strong>: Fuldt kompatibel med ACR122U-l\u00e6seren\/skriveren sammen med andre MIFARE Classic-enheder, hvilket g\u00f8r den til et universelt v\u00e6rkt\u00f8j i dit NFC-arsenal.<\/li>\n<\/ul>\n<h3>Brugsvejledning<\/h3>\n<p>For at bruge MIFARE S50 RFID-indl\u00e6gget skal du blot fastg\u00f8re det til den \u00f8nskede overflade ved hj\u00e6lp af den medf\u00f8lgende kl\u00e6bebagside. S\u00f8rg for, at overfladen er ren og t\u00f8r for optimal vedh\u00e6ftning. N\u00e5r indl\u00e6gget er fastgjort, kan det l\u00e6ses og skrives til ved hj\u00e6lp af en NFC-aktiveret enhed eller en kompatibel l\u00e6ser, f.eks. ACR122U.<\/p>\n<h3>Milj\u00f8p\u00e5virkning<\/h3>\n<p>MIFARE S50 RFID-indl\u00e6gget er fremstillet med hensyntagen til milj\u00f8et. Brugen af holdbare og genanvendelige materialer sikrer, at du, samtidig med at du bidrager til dine personlige eller forretningsm\u00e6ssige behov, ogs\u00e5 engagerer dig i milj\u00f8venlige praksisser.<\/p>\n<h2 class=\"ng-star-inserted\"><strong class=\"ng-star-inserted\"><span class=\"ng-star-inserted\">RFID-tag og indl\u00e6g: Ubegr\u00e6nsede anvendelsesmuligheder<\/span><\/strong><\/h2>\n<p class=\"ng-star-inserted\"><span class=\"ng-star-inserted\">MIFARE S50 RFID-indl\u00e6g<\/span><span class=\"ng-star-inserted\">\u00a0er en alsidig l\u00f8sning, der kan bruges i en bred vifte af applikationer, herunder:<\/span><\/p>\n<ul class=\"ng-star-inserted\">\n<li class=\"ng-star-inserted\">\n<p class=\"ng-star-inserted\"><strong class=\"ng-star-inserted\"><span class=\"ng-star-inserted\">Sikker adgangskontrol:<\/span><\/strong><span class=\"ng-star-inserted\">\u00a0Giv adgang til autoriseret personale og forhindr uautoriseret adgang. Perfekt til kontorer, arrangementer og omr\u00e5der med begr\u00e6nset adgang.<\/span><\/p>\n<\/li>\n<li class=\"ng-star-inserted\">\n<p class=\"ng-star-inserted\"><strong class=\"ng-star-inserted\"><span class=\"ng-star-inserted\">Kontantl\u00f8s betaling:<\/span><\/strong><span class=\"ng-star-inserted\">\u00a0Muligg\u00f8r problemfri og sikker betaling i lukkede milj\u00f8er som forlystelsesparker, resorts og virksomhedscampusser.<\/span><\/p>\n<\/li>\n<li class=\"ng-star-inserted\">\n<p class=\"ng-star-inserted\"><strong class=\"ng-star-inserted\"><span class=\"ng-star-inserted\">Medlemskabs- og loyalitetsprogrammer:<\/span><\/strong><span class=\"ng-star-inserted\">\u00a0Spor medlemsaktivitet, bel\u00f8n loyale kunder, og personligg\u00f8r oplevelser.<\/span><\/p>\n<\/li>\n<li class=\"ng-star-inserted\">\n<p class=\"ng-star-inserted\"><strong class=\"ng-star-inserted\"><span class=\"ng-star-inserted\">Adgang til begivenheder og branding:<\/span><\/strong><span class=\"ng-star-inserted\">\u00a0Str\u00f8mlin indtastning, indsaml v\u00e6rdifulde data og \u00f8g deltagernes engagement.<\/span><\/p>\n<\/li>\n<li class=\"ng-star-inserted\">\n<p class=\"ng-star-inserted\"><strong class=\"ng-star-inserted\"><span class=\"ng-star-inserted\">Sociale medier:<\/span><\/strong><span class=\"ng-star-inserted\">\u00a0Skab interaktive oplevelser ved at integrere indl\u00e6g i reklamematerialer, s\u00e5 brugerne kan f\u00e5 kontakt med dit brand online.<\/span><\/p>\n<\/li>\n<li class=\"ng-star-inserted\">\n<p class=\"ng-star-inserted\"><strong class=\"ng-star-inserted\"><span class=\"ng-star-inserted\">Detailhandelsmilj\u00f8:<\/span><\/strong><span class=\"ng-star-inserted\">\u00a0Administrer lagerbeholdning, forebyg tyveri og f\u00e5 v\u00e6rdifuld indsigt i kundernes adf\u00e6rd.<\/span><\/p>\n<\/li>\n<li class=\"ng-star-inserted\">\n<p class=\"ng-star-inserted\"><strong class=\"ng-star-inserted\"><span class=\"ng-star-inserted\">Spil og leget\u00f8j:<\/span><\/strong><span class=\"ng-star-inserted\">\u00a0Tilf\u00f8j en ny dimension af interaktivitet og engagement til leget\u00f8j og spil.<\/span><\/p>\n<\/li>\n<li class=\"ng-star-inserted\">\n<p class=\"ng-star-inserted\"><strong class=\"ng-star-inserted\"><span class=\"ng-star-inserted\">Beliggenhed:<\/span><\/strong><span class=\"ng-star-inserted\">\u00a0Spor aktiver, overv\u00e5g bev\u00e6gelser og forbedr logistikeffektiviteten.<\/span><\/p>\n<\/li>\n<li class=\"ng-star-inserted\">\n<p class=\"ng-star-inserted\"><strong class=\"ng-star-inserted\"><span class=\"ng-star-inserted\">Elektronik:<\/span><\/strong><span class=\"ng-star-inserted\">\u00a0Integrer indl\u00e6g i elektroniske enheder til autentificering, sporing og bek\u00e6mpelse af forfalskning.<\/span><\/p>\n<\/li>\n<li class=\"ng-star-inserted\">\n<p class=\"ng-star-inserted\"><strong class=\"ng-star-inserted\"><span class=\"ng-star-inserted\">Messer\/arrangementer:<\/span><\/strong><span class=\"ng-star-inserted\">\u00a0Fremme leadgenerering, spor deltagernes interesser og tilbyd interaktive oplevelser.<\/span><\/p>\n<\/li>\n<li class=\"ng-star-inserted\">\n<p class=\"ng-star-inserted\"><strong class=\"ng-star-inserted\"><span class=\"ng-star-inserted\">Opkaldsanmodning:<\/span><\/strong><span class=\"ng-star-inserted\">\u00a0Giv brugerne mulighed for at anmode om information eller hj\u00e6lp med et enkelt tryk.<\/span><\/p>\n<\/li>\n<li class=\"ng-star-inserted\">\n<p class=\"ng-star-inserted\"><strong class=\"ng-star-inserted\"><span class=\"ng-star-inserted\">Visitkort:<\/span><\/strong><span class=\"ng-star-inserted\">\u00a0Forvandl traditionelle visitkort til interaktive v\u00e6rkt\u00f8jer til netv\u00e6rk og informationsdeling.<\/span><\/p>\n<\/li>\n<\/ul>\n<h2>Ofte stillede sp\u00f8rgsm\u00e5l<\/h2>\n<ul>\n<li><strong>Hvad er r\u00e6kkevidden for MIFARE S50 RFID-indl\u00e6gget?<\/strong><br \/>\nDen effektive r\u00e6kkevidde er typisk omkring 10 cm ved brug af typiske NFC-l\u00e6serenheder.<\/li>\n<li><strong>Kan jeg tilpasse MIFARE S50 RFID-indl\u00e6gget?<\/strong><br \/>\nJa, indl\u00e6ggene kan printes eller kodes med brugerdefinerede data, hvilket g\u00f8r dem velegnede til forskellige applikationer.<\/li>\n<li><strong>Er MIFARE S50 RFID-indl\u00e6gget vandt\u00e6t?<\/strong><br \/>\nSelvom indl\u00e6ggene er designet til at modst\u00e5 moderate milj\u00f8forhold, anbefales det at undg\u00e5 langvarig uds\u00e6ttelse for vand for at opretholde optimal funktionalitet.<\/li>\n<\/ul>","protected":false},"excerpt":{"rendered":"<p>MIFARE S50 RFID Inlay, en alsidig NFC-l\u00f8sning med 1K-hukommelse til sikre, kontaktl\u00f8se applikationer i forskellige milj\u00f8er.<\/p>","protected":false},"featured_media":3243,"template":"","meta":{"_kad_post_transparent":"default","_kad_post_title":"","_kad_post_layout":"default","_kad_post_sidebar_id":"","_kad_post_content_style":"default","_kad_post_vertical_padding":"default","_kad_post_feature":"","_kad_post_feature_position":"","_kad_post_header":false,"_kad_post_footer":false,"_kad_post_classname":""},"product_brand":[],"product_cat":[189],"product_tag":[398,111,194,393,108,399],"class_list":{"0":"post-3242","1":"product","2":"type-product","3":"status-publish","4":"has-post-thumbnail","6":"product_cat-rfid-inlay","7":"product_tag-mifare-s50-rfid-inlay","8":"product_tag-nfc-inlay","9":"product_tag-nfc-rfid-inlay","10":"product_tag-nfc-wet-inlay-sticker-tag-clear","11":"product_tag-rfid-inlay","12":"product_tag-rfid-inlay-factory","14":"first","15":"instock","16":"shipping-taxable","17":"product-type-simple","18":"entry","19":"content-bg","20":"loop-entry"},"_links":{"self":[{"href":"https:\/\/rfid-laundry-tag.com\/da\/wp-json\/wp\/v2\/product\/3242","targetHints":{"allow":["GET"]}}],"collection":[{"href":"https:\/\/rfid-laundry-tag.com\/da\/wp-json\/wp\/v2\/product"}],"about":[{"href":"https:\/\/rfid-laundry-tag.com\/da\/wp-json\/wp\/v2\/types\/product"}],"version-history":[{"count":1,"href":"https:\/\/rfid-laundry-tag.com\/da\/wp-json\/wp\/v2\/product\/3242\/revisions"}],"predecessor-version":[{"id":3247,"href":"https:\/\/rfid-laundry-tag.com\/da\/wp-json\/wp\/v2\/product\/3242\/revisions\/3247"}],"wp:featuredmedia":[{"embeddable":true,"href":"https:\/\/rfid-laundry-tag.com\/da\/wp-json\/wp\/v2\/media\/3243"}],"wp:attachment":[{"href":"https:\/\/rfid-laundry-tag.com\/da\/wp-json\/wp\/v2\/media?parent=3242"}],"wp:term":[{"taxonomy":"product_brand","embeddable":true,"href":"https:\/\/rfid-laundry-tag.com\/da\/wp-json\/wp\/v2\/product_brand?post=3242"},{"taxonomy":"product_cat","embeddable":true,"href":"https:\/\/rfid-laundry-tag.com\/da\/wp-json\/wp\/v2\/product_cat?post=3242"},{"taxonomy":"product_tag","embeddable":true,"href":"https:\/\/rfid-laundry-tag.com\/da\/wp-json\/wp\/v2\/product_tag?post=3242"}],"curies":[{"name":"wp","href":"https:\/\/api.w.org\/{rel}","templated":true}]}}