{"id":324,"date":"2024-06-28T06:46:40","date_gmt":"2024-06-28T06:46:40","guid":{"rendered":"https:\/\/rfid-laundry-tag.com\/?post_type=product&#038;p=324"},"modified":"2024-08-14T16:46:59","modified_gmt":"2024-08-14T16:46:59","slug":"nxp-ntag213-nfc-inlay-144byte","status":"publish","type":"product","link":"https:\/\/rfid-laundry-tag.com\/da\/vare\/nxp-ntag213-nfc-inlay-144byte\/","title":{"rendered":"NXP Ntag213 NFC Inlay 144Byte"},"content":{"rendered":"<div>\n<div>NXP Ntag213 NFC Inlay 144Byte<\/div>\n<div><\/div>\n<div>RFID NFC-indl\u00e6g spiller en v\u00e6sentlig rolle i den optimerede drift af radiofrekvensbaserede systemer.<\/div>\n<div>I forbindelse med NXP Ntag213 NFC Inlay med en kapacitet p\u00e5 144byte, kan dette v\u00e6re s\u00e6rligt sandt.<\/div>\n<div>Disse indl\u00e6g kommer i to former, v\u00e5de og t\u00f8rre, der hver tjener et unikt form\u00e5l.<\/div>\n<div><\/div>\n<div><\/div>\n<div class=\"auto-hide-last-sibling-br paragraph_9dc5f paragraph-element\">NTAG213-chippen tilbyder en r\u00e6kke fordele, s\u00e5som:<\/div>\n<p>&nbsp;<\/p>\n<ul class=\"auto-hide-last-sibling-br\">\n<li>Kontaktl\u00f8s energi- og dataoverf\u00f8rsel<\/li>\n<li>Mulighed for hurtig l\u00e6sning<\/li>\n<li>Forbedret RF-ydeevne<\/li>\n<li>Sikkerhedsfunktioner, herunder adgangskodebeskyttelse og antikollisionsfunktioner<\/li>\n<li>Fuld overensstemmelse med specifikationerne for NFC Forum Tag Type 2<\/li>\n<\/ul>\n<\/div>\n<div>\n<table class=\"all magic-9\">\n<tbody>\n<tr>\n<td colspan=\"1\" rowspan=\"1\">\n<div class=\"magic-10\">Materiale<\/div>\n<\/td>\n<td colspan=\"1\" rowspan=\"1\">\n<div class=\"magic-11\" data-spm-anchor-id=\"a2700.details.0.i85.504d267eS1Hb6u\">PET, PVC, belagt papir osv.<\/div>\n<\/td>\n<\/tr>\n<tr>\n<td colspan=\"1\" rowspan=\"1\">\n<div class=\"magic-10\">Chip<\/div>\n<\/td>\n<td colspan=\"1\" rowspan=\"1\">\n<div class=\"magic-11\">Ntag213\/Ntag215\/Ntag216 osv<\/div>\n<\/td>\n<\/tr>\n<tr>\n<td colspan=\"1\" rowspan=\"1\">\n<div class=\"magic-10\">Frekvens<\/div>\n<\/td>\n<td colspan=\"1\" rowspan=\"1\">\n<div class=\"magic-11\">13,56 MHz<\/div>\n<\/td>\n<\/tr>\n<tr>\n<td colspan=\"1\" rowspan=\"1\">\n<div class=\"magic-10\">Protokol<\/div>\n<\/td>\n<td colspan=\"1\" rowspan=\"1\">\n<div class=\"magic-11\">ISO 14443A<\/div>\n<\/td>\n<\/tr>\n<tr>\n<td colspan=\"1\" rowspan=\"1\">\n<div class=\"magic-10\">St\u00f8rrelse<\/div>\n<\/td>\n<td colspan=\"1\" rowspan=\"1\">\n<div class=\"magic-11\">Diameter 25, 30, 35 mm eller tilpasset st\u00f8rrelse<\/div>\n<\/td>\n<\/tr>\n<tr>\n<td colspan=\"1\" rowspan=\"1\">\n<div class=\"magic-10\">Feature<\/div>\n<\/td>\n<td colspan=\"1\" rowspan=\"1\">\n<div class=\"magic-11\">Vandt\u00e6t, kraftig, print tilpasset<\/div>\n<\/td>\n<\/tr>\n<tr>\n<td colspan=\"1\" rowspan=\"1\">\n<div class=\"magic-10\">Pr\u00f8ve<\/div>\n<\/td>\n<td colspan=\"1\" rowspan=\"1\">\n<div class=\"magic-11\">gratis tilg\u00e6ngelig<\/div>\n<\/td>\n<\/tr>\n<tr>\n<td colspan=\"1\" rowspan=\"1\">\n<div class=\"magic-10\">L\u00e6s afstand<\/div>\n<\/td>\n<td colspan=\"1\" rowspan=\"1\">\n<div class=\"magic-11\" data-spm-anchor-id=\"a2700.details.0.i84.504d267eS1Hb6u\">0-10 cm<\/div>\n<\/td>\n<\/tr>\n<\/tbody>\n<\/table>\n<\/div>\n<div><\/div>\n<div><\/div>\n<div><strong>RFID NFC indl\u00e6g<\/strong> findes i to typer, v\u00e5d og t\u00f8r. Et v\u00e5dt RFID NFC-indl\u00e6g kommer med en kl\u00e6brig bagside, mens en t\u00f8r ikke g\u00f8r. De giver en tag-mulighed, der fungerer ved 13,56 MHz, specielt designet til originaludstyrsproducenter (OEM&#039;er). B\u00e5de ISO 15693 og 14443 NFC hukommelseschips er tilg\u00e6ngelige til disse indl\u00e6g.<\/div>\n<div><\/div>\n<div class=\"text-title\"><strong><span class=\"magic-26\" style=\"font-family: Arial;\" data-spm-anchor-id=\"a2700.details.0.i47.6f4d7d7dnursE7\">T\u00f8rt indl\u00e6g<\/span><\/strong><\/div>\n<div class=\"text-content\">\n<p><span class=\"magic-6\" style=\"font-family: Arial;\">Simpelthen sagt er RFID t\u00f8rt indl\u00e6g en kombination af RFID-chip og antenne. Det kan bruges til at lave NFC-m\u00e6rkat, RFID-etiket, RFID-billet og forskellige RFID-tags. <\/span><\/p>\n<div data-spm-anchor-id=\"a2700.details.0.i46.6f4d7d7dnursE7\">\n<p><span class=\"magic-6\" style=\"font-family: Arial;\"> Antenne af t\u00f8rt indl\u00e6g er aluminium\u00e6tsning, som er tyndere sammenlignet med kobberspiral. Antennes form kan tilpasses og redesignes efter behov.<\/span><\/p>\n<p>&nbsp;<\/p>\n<\/div>\n<\/div>\n<div>\n<div class=\"text-title\"><strong><span class=\"magic-26\" style=\"font-family: Arial;\">V\u00e5dt indl\u00e6g<\/span><\/strong><\/div>\n<div class=\"text-content\">\n<p><span class=\"magic-6\" style=\"font-family: Arial;\" data-spm-anchor-id=\"a2700.details.0.i49.6f4d7d7dnursE7\">RFID t\u00f8rt indl\u00e6g tilsat et kl\u00e6bemiddel kaldes v\u00e5dt indl\u00e6g. Det kan bruges som en RFID-etiket eller NFC-klisterm\u00e6rke direkte, hvis du ikke har brug for udskrivning p\u00e5 overfladen. At blive klistret p\u00e5 genstandene kan spare omkostninger og opn\u00e5 samme form\u00e5l. Det er ogs\u00e5 almindeligt anvendt til fremstilling af RFID-tags. Antenne af v\u00e5dt indl\u00e6g er aluminium\u00e6tsning, som er tyndere sammenlignet med kobberspiral. Antennes form kan tilpasses og redesignes efter behov.<\/span><\/p>\n<div><span class=\"magic-6\" style=\"font-family: Arial;\">\u00a0<\/span><\/div>\n<div data-spm-anchor-id=\"a2700.details.0.i48.6f4d7d7dnursE7\"><\/div>\n<\/div>\n<\/div>","protected":false},"excerpt":{"rendered":"<p>NXP Ntag213 NFC Inlay 144Byte er en specifik type IC-kompatibel med NFC Forum Type 2 Tag, med 144 bytes brugerhukommelse. Den er designet med alsidighed i tankerne, velegnet til forskellige applikationer i industrier som detailhandel, spil og forbrugerelektronik, blandt andre.<\/p>","protected":false},"featured_media":326,"template":"","meta":{"_kad_post_transparent":"default","_kad_post_title":"","_kad_post_layout":"default","_kad_post_sidebar_id":"","_kad_post_content_style":"default","_kad_post_vertical_padding":"default","_kad_post_feature":"","_kad_post_feature_position":"","_kad_post_header":false,"_kad_post_footer":false,"_kad_post_classname":""},"product_brand":[],"product_cat":[54,189],"product_tag":[111,140,110],"class_list":{"0":"post-324","1":"product","2":"type-product","3":"status-publish","4":"has-post-thumbnail","6":"product_cat-hot-selling-rfid-tags","7":"product_cat-rfid-inlay","8":"product_tag-nfc-inlay","9":"product_tag-nxp-ntag213-nfc-inlay-144byte","10":"product_tag-rfid-nfc-inlay","12":"first","13":"instock","14":"shipping-taxable","15":"product-type-simple","16":"entry","17":"content-bg","18":"loop-entry"},"_links":{"self":[{"href":"https:\/\/rfid-laundry-tag.com\/da\/wp-json\/wp\/v2\/product\/324","targetHints":{"allow":["GET"]}}],"collection":[{"href":"https:\/\/rfid-laundry-tag.com\/da\/wp-json\/wp\/v2\/product"}],"about":[{"href":"https:\/\/rfid-laundry-tag.com\/da\/wp-json\/wp\/v2\/types\/product"}],"version-history":[{"count":3,"href":"https:\/\/rfid-laundry-tag.com\/da\/wp-json\/wp\/v2\/product\/324\/revisions"}],"predecessor-version":[{"id":1336,"href":"https:\/\/rfid-laundry-tag.com\/da\/wp-json\/wp\/v2\/product\/324\/revisions\/1336"}],"wp:featuredmedia":[{"embeddable":true,"href":"https:\/\/rfid-laundry-tag.com\/da\/wp-json\/wp\/v2\/media\/326"}],"wp:attachment":[{"href":"https:\/\/rfid-laundry-tag.com\/da\/wp-json\/wp\/v2\/media?parent=324"}],"wp:term":[{"taxonomy":"product_brand","embeddable":true,"href":"https:\/\/rfid-laundry-tag.com\/da\/wp-json\/wp\/v2\/product_brand?post=324"},{"taxonomy":"product_cat","embeddable":true,"href":"https:\/\/rfid-laundry-tag.com\/da\/wp-json\/wp\/v2\/product_cat?post=324"},{"taxonomy":"product_tag","embeddable":true,"href":"https:\/\/rfid-laundry-tag.com\/da\/wp-json\/wp\/v2\/product_tag?post=324"}],"curies":[{"name":"wp","href":"https:\/\/api.w.org\/{rel}","templated":true}]}}