{"id":321,"date":"2024-06-28T06:45:35","date_gmt":"2024-06-28T06:45:35","guid":{"rendered":"https:\/\/rfid-laundry-tag.com\/?post_type=product&#038;p=321"},"modified":"2024-06-28T06:45:35","modified_gmt":"2024-06-28T06:45:35","slug":"i-code-slix-rfid-library-book-sticker-5050mm","status":"publish","type":"product","link":"https:\/\/rfid-laundry-tag.com\/da\/vare\/i-code-slix-rfid-library-book-sticker-5050mm\/","title":{"rendered":"I CODE SLIX RFID Library Book Sticker 50*50mm"},"content":{"rendered":"<table style=\"font-family: var(--global-body-font-family);\" width=\"772\">\n<tbody>\n<tr>\n<td width=\"153\"><strong>Produktnavn<\/strong><\/td>\n<td width=\"619\"><strong>\u00a0JEG CODE SLIX RFID Library Book Sticker\u00a0<\/strong><\/td>\n<\/tr>\n<tr>\n<td width=\"153\">Materiale<\/td>\n<td width=\"619\">PET+Al+Papir\/PVC\/PET<\/td>\n<\/tr>\n<tr>\n<td width=\"153\">Farve<\/td>\n<td width=\"619\">cmyk, firfarvet tryk<\/td>\n<\/tr>\n<tr>\n<td width=\"153\">Label Dimension<\/td>\n<td width=\"619\">45*45mm, 50*50mm osv<\/td>\n<\/tr>\n<tr>\n<td width=\"153\">Chip<\/td>\n<td width=\"619\">\u00a0JEG KODER SLIX ,ICODE\u00ae SLIX-S osv<\/td>\n<\/tr>\n<tr>\n<td width=\"153\">Protokol<\/td>\n<td width=\"619\">ISO15693<\/td>\n<\/tr>\n<tr>\n<td width=\"153\">Frekvens<\/td>\n<td width=\"619\">13,56 MHz<\/td>\n<\/tr>\n<tr>\n<td width=\"153\">L\u00e6seafstand<\/td>\n<td width=\"619\">HF :1-30 cm afh\u00e6nger af l\u00e6ser og milj\u00f8<\/td>\n<\/tr>\n<tr>\n<td width=\"153\">Udskrivning<\/td>\n<td width=\"619\">CMYK, brugerdefineret udskrivning, blank<\/td>\n<\/tr>\n<tr>\n<td width=\"153\">Pakke<\/td>\n<td width=\"619\">2000 stk\/rulle, 16000 stk\/ctn, brugerdefineret<\/td>\n<\/tr>\n<tr>\n<td width=\"153\">Gratis pr\u00f8ve<\/td>\n<td width=\"619\">Ja<\/td>\n<\/tr>\n<\/tbody>\n<\/table>\n<p>&nbsp;<\/p>\n<p>Systemet, der prim\u00e6rt er designet til at \u00f8ge effektiviteten af bog- og filh\u00e5ndteringsprocedurer, hj\u00e6lper med lagerkontrol, sporing af lokationer, muligg\u00f8r selvbetjeningssystemer til bogretur og forebyggelse af tyveri, for at n\u00e6vne nogle f\u00e5 funktioner. Dens brug optimerer biblioteksdriften betydeligt, hvilket g\u00f8r det til et smart valg for moderne biblioteker.<\/p>\n<div class=\"auto-hide-last-sibling-br paragraph_9dc5f paragraph-element\">I CODE SLIX RFID Library Book Sticker er en effektiv l\u00f8sning til smart styring af biblioteksressourcer. Her er dens funktioner og svar p\u00e5 nogle ofte stillede sp\u00f8rgsm\u00e5l:<\/div>\n<p>&nbsp;<\/p>\n<div class=\"auto-hide-last-sibling-br paragraph_9dc5f paragraph-element\"><strong>Funktioner af I CODE SLIX RFID Library Book Sticker:<\/strong><\/div>\n<ol class=\"auto-hide-last-sibling-br\">\n<li>Denne ISO15693 RFID-tag er specielt designet til biblioteksstyringssystemer.<\/li>\n<li>Den fungerer ved 13,56MHz i h\u00f8jfrekvensomr\u00e5det (HF).<\/li>\n<li>Disse klisterm\u00e6rker kommer i forskellige st\u00f8rrelser, is\u00e6r 85*<em>50 mm og 50*<\/em>50 mm.<\/li>\n<li>De har vandt\u00e6tte egenskaber og er ogs\u00e5 selvkl\u00e6bende.<\/li>\n<li>De kan tilbyde en l\u00e6seafstand fra 1-15 cm med brugerhukommelse p\u00e5 896 bit.<\/li>\n<li>De er ideel til applikationer, der er begr\u00e6nset af begr\u00e6nset plads, oftest i dokumentstyringssystemer.<\/li>\n<\/ol>\n<p>&nbsp;<\/p>\n<div class=\"auto-hide-last-sibling-br paragraph_9dc5f paragraph-element\"><strong>Ofte stillede sp\u00f8rgsm\u00e5l (FAQs):<\/strong><\/div>\n<ul class=\"auto-hide-last-sibling-br\">\n<li>\n<div class=\"auto-hide-last-sibling-br paragraph_9dc5f paragraph-element\"><strong>Q1:<\/strong>\u00a0Hvordan kan jeg afgive en ordre?<\/div>\n<ul class=\"auto-hide-last-sibling-br\">\n<li>A: Du kan kommunikere dine krav til kundeservice, f\u00e6rdigg\u00f8re produktspecifikationerne, foretage din betaling og derefter s\u00f8rge for produktlevering.<\/li>\n<\/ul>\n<\/li>\n<li>\n<div class=\"auto-hide-last-sibling-br paragraph_9dc5f paragraph-element\"><strong>Q2:<\/strong>\u00a0Hvad er den forventede produktion\/leveringstid?<\/div>\n<ul class=\"auto-hide-last-sibling-br\">\n<li>A: Den forventede tidsramme for produktion og levering er normalt inden for 20 dage. Dette kan dog \u00e6ndre sig baseret p\u00e5 specifikke ordrekonfigurationer.<\/li>\n<\/ul>\n<\/li>\n<li>\n<div class=\"auto-hide-last-sibling-br paragraph_9dc5f paragraph-element\"><strong>Q3:<\/strong>\u00a0Gennemg\u00e5r alle varerne test inden forsendelse?<\/div>\n<ul class=\"auto-hide-last-sibling-br\">\n<li>A: Faktisk gennemg\u00e5r alle varer omfattende test, f\u00f8r de sendes, inklusive kontrol af grundl\u00e6ggende udstyr.<\/li>\n<\/ul>\n<\/li>\n<li>\n<div class=\"auto-hide-last-sibling-br paragraph_9dc5f paragraph-element\"><strong>Q4:<\/strong>\u00a0Er det muligt at modtage pr\u00f8veforsendelse?<\/div>\n<ul class=\"auto-hide-last-sibling-br\">\n<li>A: Ja, vi leverer de faktiske produkter som pr\u00f8ver til vores kunder.<\/li>\n<\/ul>\n<\/li>\n<\/ul>","protected":false},"excerpt":{"rendered":"<p>I CODE SLIX RFID Library Book Sticker, med sine dimensioner p\u00e5 50*50 mm, spiller en afg\u00f8rende rolle i h\u00e5ndteringen af bibliotekets b\u00f8ger og filer. Ved at arbejde sammen med en RFID-antenne og -l\u00e6ser bidrager det til smart styring af biblioteksressourcer.<\/p>","protected":false},"featured_media":323,"template":"","meta":{"_kad_post_transparent":"default","_kad_post_title":"","_kad_post_layout":"default","_kad_post_sidebar_id":"","_kad_post_content_style":"default","_kad_post_vertical_padding":"default","_kad_post_feature":"","_kad_post_feature_position":"","_kad_post_header":false,"_kad_post_footer":false,"_kad_post_classname":""},"product_brand":[],"product_cat":[54],"product_tag":[138,139],"class_list":{"0":"post-321","1":"product","2":"type-product","3":"status-publish","4":"has-post-thumbnail","6":"product_cat-hot-selling-rfid-tags","7":"product_tag-i-code-slix-rfid-library-book-sticker","8":"product_tag-i-code-slix-rfid-sticker","10":"first","11":"instock","12":"shipping-taxable","13":"product-type-simple","14":"entry","15":"content-bg","16":"loop-entry"},"_links":{"self":[{"href":"https:\/\/rfid-laundry-tag.com\/da\/wp-json\/wp\/v2\/product\/321","targetHints":{"allow":["GET"]}}],"collection":[{"href":"https:\/\/rfid-laundry-tag.com\/da\/wp-json\/wp\/v2\/product"}],"about":[{"href":"https:\/\/rfid-laundry-tag.com\/da\/wp-json\/wp\/v2\/types\/product"}],"version-history":[{"count":0,"href":"https:\/\/rfid-laundry-tag.com\/da\/wp-json\/wp\/v2\/product\/321\/revisions"}],"wp:featuredmedia":[{"embeddable":true,"href":"https:\/\/rfid-laundry-tag.com\/da\/wp-json\/wp\/v2\/media\/323"}],"wp:attachment":[{"href":"https:\/\/rfid-laundry-tag.com\/da\/wp-json\/wp\/v2\/media?parent=321"}],"wp:term":[{"taxonomy":"product_brand","embeddable":true,"href":"https:\/\/rfid-laundry-tag.com\/da\/wp-json\/wp\/v2\/product_brand?post=321"},{"taxonomy":"product_cat","embeddable":true,"href":"https:\/\/rfid-laundry-tag.com\/da\/wp-json\/wp\/v2\/product_cat?post=321"},{"taxonomy":"product_tag","embeddable":true,"href":"https:\/\/rfid-laundry-tag.com\/da\/wp-json\/wp\/v2\/product_tag?post=321"}],"curies":[{"name":"wp","href":"https:\/\/api.w.org\/{rel}","templated":true}]}}