{"id":319,"date":"2024-06-28T06:17:02","date_gmt":"2024-06-28T06:17:02","guid":{"rendered":"https:\/\/rfid-laundry-tag.com\/?post_type=product&#038;p=319"},"modified":"2024-09-23T10:21:27","modified_gmt":"2024-09-23T10:21:27","slug":"iso15693-i-code-slix-rfid-inlay","status":"publish","type":"product","link":"https:\/\/rfid-laundry-tag.com\/da\/vare\/iso15693-i-code-slix-rfid-inlay\/","title":{"rendered":"ISO15693 ICODE SLIX RFID indl\u00e6g"},"content":{"rendered":"<table class=\"hight-light-first-column all magic-1\">\n<tbody>\n<tr>\n<td colspan=\"1\" rowspan=\"1\">\n<div class=\"magic-2\">\n<div class=\"magic-3\" data-spm-anchor-id=\"a2700.pc-decorate.0.i24.7f543333WPG8F0\"><span class=\"magic-4\" data-spm-anchor-id=\"a2700.pc-decorate.0.i23.7f543333WPG8F0\"><span class=\"magic-5\" style=\"color: #000000; font-family: Roboto;\"><b class=\"magic-4\" data-spm-anchor-id=\"a2700.pc-decorate.0.i114.7f543333WPG8F0\">Punkt<\/b><\/span><\/span><\/div>\n<\/div>\n<\/td>\n<td colspan=\"4\" rowspan=\"1\">\n<div class=\"magic-6\"><strong>ISO15693 ICODE SLIX RFID indl\u00e6g<\/strong><\/div>\n<\/td>\n<\/tr>\n<tr>\n<td colspan=\"1\" rowspan=\"1\">\n<div class=\"magic-2\">\n<div class=\"magic-3\" data-spm-anchor-id=\"a2700.pc-decorate.0.i22.7f543333WPG8F0\"><span class=\"magic-4\" data-spm-anchor-id=\"a2700.pc-decorate.0.i10.7f543333WPG8F0\"><b class=\"magic-4\"><span class=\"magic-5\" style=\"color: #000000; font-family: Roboto;\">Materiale<\/span><\/b><\/span><\/div>\n<\/div>\n<\/td>\n<td colspan=\"4\" rowspan=\"1\">\n<div class=\"magic-9\"><span class=\"magic-5\" style=\"color: #000000;\">Papir \/ PP film \/PET \/Inlay<\/span><\/div>\n<\/td>\n<\/tr>\n<tr>\n<td colspan=\"1\" rowspan=\"1\">\n<div class=\"magic-2\">\n<div class=\"magic-3\" data-spm-anchor-id=\"a2700.pc-decorate.0.i34.7f543333WPG8F0\"><b class=\"magic-13\" data-spm-anchor-id=\"a2700.pc-decorate.0.i111.7f543333WPG8F0\"><span class=\"magic-5\" style=\"color: #000000; font-family: Roboto;\">Frekvens<\/span><\/b><\/div>\n<\/div>\n<\/td>\n<td colspan=\"4\" rowspan=\"1\">\n<div class=\"magic-6\"><span class=\"magic-5\" style=\"color: #000000; font-family: Roboto;\" data-spm-anchor-id=\"a2700.details.0.i25.244e512bmtbZH7\">13,56 MHz<\/span><\/div>\n<\/td>\n<\/tr>\n<tr>\n<td colspan=\"1\" rowspan=\"1\">\n<div class=\"magic-2\">\n<div class=\"magic-3\" data-spm-anchor-id=\"a2700.pc-decorate.0.i33.7f543333WPG8F0\"><b class=\"magic-4\"><span class=\"magic-5\" style=\"color: #000000; font-family: Roboto;\">St\u00f8rrelse<\/span><\/b><\/div>\n<\/div>\n<\/td>\n<td colspan=\"4\" rowspan=\"1\">\n<div class=\"magic-9\"><span class=\"magic-5\" style=\"color: #000000;\">50*50\/45*45\/30*15\/40*25\/ Dia 25\/30 eller tilpasset st\u00f8rrelse<\/span><\/div>\n<\/td>\n<\/tr>\n<tr>\n<td colspan=\"1\" rowspan=\"1\">\n<div class=\"magic-2\">\n<div class=\"magic-3\"><b class=\"magic-14\">Ans\u00f8gninger<\/b><\/div>\n<\/div>\n<\/td>\n<td colspan=\"4\" rowspan=\"1\">\n<div class=\"magic-6\" data-spm-anchor-id=\"a2700.details.0.i24.244e512bmtbZH7\"><span class=\"magic-5\" style=\"color: #000000; font-family: Roboto;\">Udbredt i formueforvaltning, t\u00f8jstyring, inventar, bibliotek, smykker, logistik osv.<\/span><\/div>\n<\/td>\n<\/tr>\n<\/tbody>\n<\/table>\n<p>&nbsp;<\/p>\n<p>ICODE SLIX IC er en dedikeret chip til intelligente etiketapplikationer s\u00e5som biblioteker, produktgodkendelse i forskellige industrier s\u00e5som medicinal, medicinsk udstyr og alkohol, samt produktionsstyring i forskellige omr\u00e5der af industrien. Denne IC er tredje generation af en produktfamilie af smart label IC&#039;er baseret p\u00e5 ISO-standarderne ISO\/IEC 15693 og ISO\/IEC 18000-3, hvilket forl\u00e6nger en succesfuld historie om NXP<sup>\u00ae<\/sup>\u00a0inden for n\u00e6rhedsidentifikationssystemer.<\/p>\n<h3>Kontaktl\u00f8s energi- og dataoverf\u00f8rsel<\/h3>\n<p>N\u00e5r den er tilsluttet til en meget enkel og let at producere antennetype (som et resultat af 13,56 MHz-b\u00e6refrekvensen) lavet af et par viklinger, der er printet, opviklet, \u00e6tset eller udstanset, kan ICODE SLIX IC betjenes uden sigtelinje op til en afstand p\u00e5 1,5 m (portbredde). Intet batteri er n\u00f8dvendigt. N\u00e5r den smarte label er placeret i feltet af en interrogator-antenne, g\u00f8r RF-kommunikationsgr\u00e6nsefladen med h\u00f8j hastighed det muligt at transmittere data op til 53 kbit\/s.<\/p>\n<h3>Anti-kollision<\/h3>\n<p>En intelligent anti-kollisionsfunktion g\u00f8r det muligt for flere tags at operere i marken samtidigt. Anti-kollisionsalgoritmen udv\u00e6lger hvert tag individuelt og sikrer, at udf\u00f8relsen af en transaktion med et valgt tag udf\u00f8res korrekt uden datakorruption som f\u00f8lge af andre tags i feltet.<\/p>\n<h3>Funktioner af ISO15693 ICODE SLIX RFID Inlay Chip<\/h3>\n<div id=\"featuresXsp\" class=\"features-list\">\n<div class=\"features-xsp\">\n<div class=\"collapse-mobile ste-list\">\n<h3>ICODE SLIX RF-interface (ISO\/IEC 15693)<\/h3>\n<ul class=\"boxes\">\n<li>Kontaktl\u00f8s transmission af data og forsyningsenergi (intet batteri n\u00f8dvendigt)<\/li>\n<li>Driftsafstand: op til 1,5 m (afh\u00e6ngig af antennegeometri)<\/li>\n<li>Driftsfrekvens: 13,56 MHz (ISM, verdensomsp\u00e6ndende licens frit tilg\u00e6ngelig)<\/li>\n<li>Hurtig dataoverf\u00f8rsel: op til 53 kbit\/s<\/li>\n<li>H\u00f8j dataintegritet: 16-bit CRC, framing<\/li>\n<li>\u00c6gte anti-kollision<\/li>\n<li>Adgangskodebeskyttet elektronisk artikeloverv\u00e5gning (EAS)<\/li>\n<li>Adgangskodebeskyttet Application Family Identifier (AFI)<\/li>\n<li>Data Storage Format IDentifier (DSFID)<\/li>\n<li>Yderligere hurtig antikollisionsafl\u00e6sning<\/li>\n<li>Skriveafstand lig med l\u00e6seafstand<\/li>\n<\/ul>\n<\/div>\n<div class=\"collapse-mobile ste-list\">\n<h3>EEPROM<\/h3>\n<ul class=\"boxes\">\n<li>1024 bit, organiseret i 32 blokke med hver 4 bytes<\/li>\n<li>50 \u00e5rs dataopbevaring<\/li>\n<li>Skriv udholdenhed p\u00e5 100.000 cyklusser<\/li>\n<\/ul>\n<\/div>\n<div class=\"collapse-mobile ste-list\">\n<h3>Sikkerhed<\/h3>\n<ul class=\"boxes\">\n<li>Unik identifikator for hver enhed<\/li>\n<li>L\u00e5semekanisme for hver brugerhukommelsesblok (skrivebeskyttelse)<\/li>\n<li>L\u00e5semekanisme til DSFID, AFI, EAS<\/li>\n<li>Adgangskode (32-bit) beskyttet EAS og AFI funktionalitet<\/li>\n<\/ul>\n<\/div>\n<\/div>\n<\/div>\n<div class=\"auto-hide-last-sibling-br paragraph_9dc5f paragraph-element\"><strong>ISO15693 ICODE SLIX RFID indl\u00e6g:<\/strong>\u00a0Et RFID-indl\u00e6g best\u00e5r af en antenne og en mikrochip, hvor chippen gemmer data og antennen er ansvarlig for at overf\u00f8re disse data til RFID-l\u00e6seren.<\/div>\n<p>&nbsp;<\/p>\n<div class=\"auto-hide-last-sibling-br paragraph_9dc5f paragraph-element\"><strong>V\u00e5de indl\u00e6g:<\/strong>\u00a0Det er RFID-indl\u00e6g, der placeres oven p\u00e5 et kl\u00e6bende lag og et klart PET-lag (polyethylenterephthalat). PET-laget bruges til beskyttelse mod fysiske skader. Med den selvkl\u00e6bende side vendt v\u00e6k fra etiketten eller materialet, kan disse nemt bruges til at konstruere RFID-etiketter, og derfor deres brede anvendelse i etiketskabelse til forskellige sektorer.<\/div>\n<div><\/div>\n<div>\n<div class=\"auto-hide-last-sibling-br paragraph_9dc5f paragraph-element\">\u00a0ISO15693 ICODE SLIX NFC Tag, lavet af forskellige materialer som papir, PP-film, PET eller indl\u00e6g, og i forskellige st\u00f8rrelser, bruges bredt. Du finder dem ofte i brancher som:<\/div>\n<p>&nbsp;<\/p>\n<ul class=\"auto-hide-last-sibling-br\">\n<li><strong>Asset Management:<\/strong>\u00a0Tags bruges til at spore fysiske aktiver i en r\u00e6kke forskellige indstillinger, s\u00e5som overv\u00e5gningsudstyr i sundhedsv\u00e6senet eller IT.<\/li>\n<li><strong>H\u00e5ndtering af t\u00f8j:<\/strong>\u00a0I modedetailhandelen letter disse tags lagersporing, tyverisikringsforanstaltninger og forbedrer kundeoplevelsen i butikken.<\/li>\n<li><strong>Lagerstyring:<\/strong>\u00a0I varehuse og detailhandlen bruges RFID-tags til effektivt at styre lagerbeholdningen, reducere manuelt arbejde og minimere fejl.<\/li>\n<li><strong>Biblioteksledelse:<\/strong>\u00a0De bruges til at automatisere l\u00e5ne- og returprocesser, forbedre lagerstyring og tilbyde sikkerhed mod tyveri.<\/li>\n<li><strong>H\u00e5ndtering af smykker:<\/strong>\u00a0Disse tags er lette og n\u00f8jagtige og tilbyder sikker og effektiv lagerkontrol i smykkeindustrien.<\/li>\n<li><strong>Logistik:<\/strong> RFID-tags bruges til at spore varer i transit, forbedre forsendelsesn\u00f8jagtigheden og forbedre synlighed i forsyningsk\u00e6den.<\/li>\n<\/ul>\n<div class=\"auto-hide-last-sibling-br paragraph_9dc5f paragraph-element\">St\u00f8rrelsen og formen af tagget kan tilpasses i henhold til den specifikke applikation, hvilket \u00f8ger deres fleksibilitet og tilpasningsevne i forskellige brugssager.<\/div>\n<\/div>\n<div><\/div>\n<div>\n<h2 class=\"AnswerParser_AnswerParserH2__SIHnF\">Kom godt i gang med NXP ICODE SLIX RFID i dag<\/h2>\n<p><span class=\"AnswerParser_TextContainer__z_Iiv\" data-testid=\"youchat-text\">Klar til at revolutionere din asset management og autentificeringsprocesser? Tag det f\u00f8rste skridt mod en mere effektiv fremtid:<\/span><\/p>\n<ol class=\"AnswerParser_AnswerParserOrderedList__kl_2Y\">\n<li class=\"AnswerParser_ListItem__XqLOV\" translate=\"yes\"><strong>Anmod om en gratis pr\u00f8ve<\/strong>: Oplev kvaliteten og ydeevnen p\u00e5 egen h\u00e5nd<\/li>\n<li class=\"AnswerParser_ListItem__XqLOV\" translate=\"yes\"><strong>R\u00e5df\u00f8r dig med vores eksperter<\/strong>: F\u00e5 personlig r\u00e5dgivning om implementering af RFID i din virksomhed<\/li>\n<li class=\"AnswerParser_ListItem__XqLOV\" translate=\"yes\"><strong>Tilpasset tilbud<\/strong>: Modtag en skr\u00e6ddersyet prisplan baseret p\u00e5 dine specifikke behov og volumenkrav<\/li>\n<\/ol>\n<p><span class=\"AnswerParser_TextContainer__z_Iiv\" data-testid=\"youchat-text\">Lad ikke for\u00e6ldede sporingsmetoder holde din virksomhed tilbage. Omfavn kraften i NXP ICODE SLIX RFID-teknologi og v\u00e6r p\u00e5 forkant med konkurrenterne. Udfyld vores foresp\u00f8rgselsformular i dag for at begynde din rejse mod smartere og mere effektive operationer.<\/span><\/div>","protected":false},"excerpt":{"rendered":"<p>Revolution\u00e9r aktivforvaltningen med NXP ICODE SLIX 13,56MHz RFID-indl\u00e6g, hvilket forbedrer lagereffektiviteten og produktgodkendelsen p\u00e5 tv\u00e6rs af brancher.<\/p>","protected":false},"featured_media":320,"template":"","meta":{"_kad_post_transparent":"default","_kad_post_title":"","_kad_post_layout":"default","_kad_post_sidebar_id":"","_kad_post_content_style":"default","_kad_post_vertical_padding":"default","_kad_post_feature":"","_kad_post_feature_position":"","_kad_post_header":false,"_kad_post_footer":false,"_kad_post_classname":""},"product_brand":[],"product_cat":[54,189],"product_tag":[306,111,108],"class_list":{"0":"post-319","1":"product","2":"type-product","3":"status-publish","4":"has-post-thumbnail","6":"product_cat-hot-selling-rfid-tags","7":"product_cat-rfid-inlay","8":"product_tag-icode-slix-rfid-inlay","9":"product_tag-nfc-inlay","10":"product_tag-rfid-inlay","12":"first","13":"instock","14":"shipping-taxable","15":"product-type-simple","16":"entry","17":"content-bg","18":"loop-entry"},"_links":{"self":[{"href":"https:\/\/rfid-laundry-tag.com\/da\/wp-json\/wp\/v2\/product\/319","targetHints":{"allow":["GET"]}}],"collection":[{"href":"https:\/\/rfid-laundry-tag.com\/da\/wp-json\/wp\/v2\/product"}],"about":[{"href":"https:\/\/rfid-laundry-tag.com\/da\/wp-json\/wp\/v2\/types\/product"}],"version-history":[{"count":3,"href":"https:\/\/rfid-laundry-tag.com\/da\/wp-json\/wp\/v2\/product\/319\/revisions"}],"predecessor-version":[{"id":2656,"href":"https:\/\/rfid-laundry-tag.com\/da\/wp-json\/wp\/v2\/product\/319\/revisions\/2656"}],"wp:featuredmedia":[{"embeddable":true,"href":"https:\/\/rfid-laundry-tag.com\/da\/wp-json\/wp\/v2\/media\/320"}],"wp:attachment":[{"href":"https:\/\/rfid-laundry-tag.com\/da\/wp-json\/wp\/v2\/media?parent=319"}],"wp:term":[{"taxonomy":"product_brand","embeddable":true,"href":"https:\/\/rfid-laundry-tag.com\/da\/wp-json\/wp\/v2\/product_brand?post=319"},{"taxonomy":"product_cat","embeddable":true,"href":"https:\/\/rfid-laundry-tag.com\/da\/wp-json\/wp\/v2\/product_cat?post=319"},{"taxonomy":"product_tag","embeddable":true,"href":"https:\/\/rfid-laundry-tag.com\/da\/wp-json\/wp\/v2\/product_tag?post=319"}],"curies":[{"name":"wp","href":"https:\/\/api.w.org\/{rel}","templated":true}]}}