{"id":3186,"date":"2026-01-09T13:37:43","date_gmt":"2026-01-09T13:37:43","guid":{"rendered":"https:\/\/rfid-laundry-tag.com\/?post_type=product&#038;p=3186"},"modified":"2026-01-09T13:37:44","modified_gmt":"2026-01-09T13:37:44","slug":"fabric-woven-rfid-wash-care-tag","status":"publish","type":"product","link":"https:\/\/rfid-laundry-tag.com\/da\/vare\/fabric-woven-rfid-wash-care-tag\/","title":{"rendered":"RFID-vaskem\u00e6rke i v\u00e6vet stof"},"content":{"rendered":"<div>\n<div>\n<table>\n<tbody>\n<tr>\n<td colspan=\"1\" rowspan=\"1\">\n<div data-spm-anchor-id=\"a2700.details.0.i95.236a58c1ycsfva\">Produktionsnavn:<\/div>\n<\/td>\n<td colspan=\"1\" rowspan=\"1\">\n<div><strong>RFID-vaskem\u00e6rke i v\u00e6vet stof<\/strong><\/div>\n<\/td>\n<\/tr>\n<tr>\n<td colspan=\"1\" rowspan=\"1\">\n<div>Materiale:<\/div>\n<\/td>\n<td colspan=\"1\" rowspan=\"1\">\n<div>Polyester\/V\u00e6vet\/Komposition\/Satin\/Bomuld\/Ikke-v\u00e6vet\/PET osv.<\/div>\n<\/td>\n<\/tr>\n<tr>\n<td colspan=\"1\" rowspan=\"1\">\n<div>St\u00f8rrelse:<\/div>\n<\/td>\n<td colspan=\"1\" rowspan=\"1\">\n<div>80 * 38 mm \/ 60 * 30 mm \/ 61 * 26 mm \/ 60 * 22 mm \/ osv. eller tilpasset<\/div>\n<\/td>\n<\/tr>\n<tr>\n<td colspan=\"1\" rowspan=\"1\">\n<div>Type:<\/div>\n<\/td>\n<td colspan=\"1\" rowspan=\"1\">\n<div>Passiv, RFID<\/div>\n<\/td>\n<\/tr>\n<tr>\n<td colspan=\"1\" rowspan=\"1\">\n<div>RF-protokol:<\/div>\n<\/td>\n<td colspan=\"1\" rowspan=\"1\">\n<div>ISO 18000-6C; EPC Klasse 1 Gen 2<\/div>\n<\/td>\n<\/tr>\n<tr>\n<td colspan=\"1\" rowspan=\"1\">\n<div>Frekvens:<\/div>\n<\/td>\n<td colspan=\"1\" rowspan=\"1\">\n<div>860~960MHz<\/div>\n<\/td>\n<\/tr>\n<tr>\n<td colspan=\"1\" rowspan=\"1\">\n<div>Chip<\/div>\n<\/td>\n<td colspan=\"1\" rowspan=\"1\">\n<div>U8,U9,Alien Higgs, Monza 4D, Monza 4QT, Monza R6, Monza R6-P, Impinj M730, Impinj M750 osv.<\/div>\n<\/td>\n<\/tr>\n<tr>\n<td colspan=\"1\" rowspan=\"1\">\n<div>L\u00e6s afstand:<\/div>\n<\/td>\n<td colspan=\"1\" rowspan=\"1\">\n<div>UHF: 1~10m (afh\u00e6nger af l\u00e6seren og antennen)<\/div>\n<\/td>\n<\/tr>\n<tr>\n<td colspan=\"1\" rowspan=\"1\">\n<div>Fast m\u00e5de:<\/div>\n<\/td>\n<td colspan=\"1\" rowspan=\"1\">\n<div>Sy \/ strygning<\/div>\n<\/td>\n<\/tr>\n<tr>\n<td colspan=\"1\" rowspan=\"1\">\n<div>Trykning:<\/div>\n<\/td>\n<td colspan=\"1\" rowspan=\"1\">\n<div>Udskrivning, kodning, serienummer, design osv.<\/div>\n<\/td>\n<\/tr>\n<tr>\n<td colspan=\"1\" rowspan=\"1\">\n<div>IC liv:<\/div>\n<\/td>\n<td colspan=\"1\" rowspan=\"1\">\n<div data-spm-anchor-id=\"a2700.details.0.i94.236a58c1ycsfva\">100.000 programmeringscyklusser<br \/>\n10 \u00e5rs dataopbevaring<\/div>\n<\/td>\n<\/tr>\n<tr>\n<td colspan=\"1\" rowspan=\"1\">\n<div>Eksempel tilg\u00e6ngelighed:<\/div>\n<\/td>\n<td colspan=\"1\" rowspan=\"1\">\n<div>Gratis pr\u00f8ver er tilg\u00e6ngelige efter anmodning<\/div>\n<\/td>\n<\/tr>\n<tr>\n<td colspan=\"1\" rowspan=\"1\">\n<div>Ans\u00f8gninger:<\/div>\n<\/td>\n<td colspan=\"1\" rowspan=\"1\">\n<div>\u00b7 Lagerstyring<br \/>\n\u00b7 Supply Chain<br \/>\n\u00b7 Detailhandel<\/div>\n<\/td>\n<\/tr>\n<tr>\n<td colspan=\"1\" rowspan=\"1\">\n<div>Bruge<\/div>\n<\/td>\n<td colspan=\"1\" rowspan=\"1\">\n<div>T\u00f8j, t\u00f8j, tasker, sko osv.<\/div>\n<\/td>\n<\/tr>\n<\/tbody>\n<\/table>\n<\/div>\n<\/div>\n<div>\n<div>\n<div>\n<div>\n<div>\n<div><\/div>\n<\/div>\n<div>\n<div>\n<h2>Nylonstofmaterialet er bl\u00f8dt og slidst\u00e6rkt<\/h2>\n<div><a href=\"https:\/\/rfid-laundry-tag.com\/da\/\">RFID-vaskem\u00e6rke i v\u00e6vet stof<\/a>\u00a0Nylonstof har god sejhed, glat stof og fremragende trykeffekter, det kan vaskes uden let slid.<\/div>\n<div>Det bruges i \u00f8jeblikket i vid udstr\u00e6kning i t\u00f8j, sko, tasker, boligtekstiler og h\u00e5ndtering af hotellinned.<\/div>\n<\/div>\n<\/div>\n<\/div>\n<div><\/div>\n<div>RFID-vaskem\u00e6rke i stof med indbygget UHF-chip og langdistancel\u00e6sning<br \/>\nUdstyret med en UHF-chip, kan den omskrives<br \/>\nOp til 100.000 gange kan data bevares i 10 \u00e5r, og det tilbyder stabil og p\u00e5lidelig ydeevne.<\/div>\n<\/div>\n<div><\/div>\n<div>Stofv\u00e6vet RFID-vaskem\u00e6rke var underst\u00f8ttet tilpasning Gratis designlayout<br \/>\nKan tilpasses med kodning, logo, 1D\/2D stregkoder efter anmodning,<\/div>\n<div>og f\u00e5s ogs\u00e5 i brugerdefinerede st\u00f8rrelser, chipmodeller, farver osv.<\/div>\n<div>\n<div><\/div>\n<div>\n<div>\n<div>\n<div>\n<div>\n<h2>Nem installation og brug<\/h2>\n<p>Vores RFID-vaskem\u00e6rker i v\u00e6vet stof er designet til problemfri integration i dit t\u00f8j:<\/p>\n<ol>\n<li translate=\"yes\">Isyningsmulighed: Traditionel fastg\u00f8relsesmetode for holdbarhed.<\/li>\n<li translate=\"yes\">Strygep\u00e5f\u00f8ring: Hurtig og nem installation ved hj\u00e6lp af varmeoverf\u00f8ringsteknologi.<\/li>\n<\/ol>\n<p>Begge metoder sikrer, at RFID-m\u00e6rket forbliver sikkert fastgjort gennem hele bekl\u00e6dningsgenstandens livscyklus.<\/p>\n<h3>Her er et par eksempler p\u00e5, hvordan f\u00f8rende t\u00f8jm\u00e6rker med succes har implementeret RFID-vaskem\u00e6rker til v\u00e6vede tekstiler:<\/h3>\n<ol>\n<li>\n<div>Prada: Dette ber\u00f8mte italienske luksusm\u00e6rke indf\u00f8rte RFID-vaskem\u00e6rker i 2001, hvilket muliggjorde detaljeret registrering af oplysninger s\u00e5som stil, st\u00f8rrelse, farve og pris. Interessant nok vises tilsvarende outfits p\u00e5 modellerne i butikken, n\u00e5r forbrugere if\u00f8rt Prada-t\u00f8j g\u00e5r gennem deres butikker, hvilket efterligner en high fashion-catwalk i Milano. Denne innovative brug af RFID-teknologi \u00f8ger Prada-forbrugernes tilfredshed efter k\u00f8bet.<\/div>\n<\/li>\n<li>\n<div>H&amp;M: Dette internationale m\u00e6rke begyndte at bruge RFID-teknologi i 2014. I planlagte 1.800 butikker muligg\u00f8r RFID-teknologi automatisk sporing af produktkategorier, m\u00e6ngder og forbrug.<\/div>\n<\/li>\n<li>\n<div>ZARA: I f\u00f8rste halvdel af 2016 oplyste ZARAS moderselskab, Inditex, at anvendelsen af RFID-teknologi forbedrede lager- og forsyningsstyringen for omkring 70% af dets brands. Denne implementering resulterede i en salgsstigning p\u00e5 11,1% og en profitfor\u00f8gelse p\u00e5 7,5%, svarende til 1,26 milliarder euro.<\/div>\n<\/li>\n<li>\n<div>Uniqlo: I 2017 annoncerede Uniqlo sin plan om at implementere RFID UHF-tags i 3.000 butikker globalt og blev dermed den f\u00f8rste japanske detailhandler til at bruge elektroniske tags p\u00e5 verdensplan.<\/div>\n<\/li>\n<\/ol>\n<div>Dette er blot nogle f\u00e5 indblik i, hvordan f\u00f8rende t\u00f8jm\u00e6rker udnytter RFID-tags. Fra 2019 havde stort set alle verdensm\u00e6rker anvendt RFID-tags p\u00e5 deres bekl\u00e6dningsgenstande, hvilket resulterede i over 20 milliarder taggede stykker t\u00f8j \u2013 et tal, der forts\u00e6tter med at vokse markant. Andre bem\u00e6rkelsesv\u00e6rdige m\u00e6rker, der har taget denne teknologi i brug, omfatter NIKE og Walmart.<\/div>\n<\/div>\n<\/div>\n<\/div>\n<\/div>\n<\/div>\n<\/div>\n<\/div>\n<\/div>","protected":false},"excerpt":{"rendered":"<div class=\"elementor-element elementor-element-4f79c63 e-flex e-con-boxed e-con e-parent e-lazyloaded\" data-id=\"4f79c63\" data-element_type=\"container\" data-settings=\"{&quot;_ha_eqh_enable&quot;:false}\">\n<div class=\"e-con-inner\">\n<div class=\"elementor-element elementor-element-be3873c elementor-widget elementor-widget-woocommerce-product-short-description\" data-id=\"be3873c\" data-element_type=\"widget\" data-widget_type=\"woocommerce-product-short-description.default\">\n<div class=\"elementor-widget-container\">\n<div class=\"woocommerce-product-details__short-description\">\n<p>Holdbar <strong>RFID-vaskem\u00e6rke i nylonv\u00e6vet<\/strong> Med UHF-chip, kan omskrives 100.000 gange, holdbart, brugerdefinerbart design, ideel til tekstiler og bekl\u00e6dning.<\/p>\n<\/div>\n<\/div>\n<\/div>\n<\/div>\n<\/div>\n<div class=\"elementor-element elementor-element-3ad806e e-flex e-con-boxed e-con e-parent e-lazyloaded\" data-id=\"3ad806e\" data-element_type=\"container\" data-settings=\"{&quot;_ha_eqh_enable&quot;:false}\">\n<div class=\"e-con-inner\">\n<div class=\"elementor-element elementor-element-362020f elementor-widget elementor-widget-woocommerce-product-data-tabs\" data-id=\"362020f\" data-element_type=\"widget\" data-widget_type=\"woocommerce-product-data-tabs.default\">\n<div class=\"elementor-widget-container\">\n<div class=\"woocommerce-tabs wc-tabs-wrapper\"><\/div>\n<\/div>\n<\/div>\n<\/div>\n<\/div>","protected":false},"featured_media":3187,"template":"","meta":{"_kad_post_transparent":"default","_kad_post_title":"","_kad_post_layout":"default","_kad_post_sidebar_id":"","_kad_post_content_style":"default","_kad_post_vertical_padding":"default","_kad_post_feature":"","_kad_post_feature_position":"","_kad_post_header":false,"_kad_post_footer":false,"_kad_post_classname":""},"product_brand":[],"product_cat":[81],"product_tag":[386,285,387],"class_list":{"0":"post-3186","1":"product","2":"type-product","3":"status-publish","4":"has-post-thumbnail","6":"product_cat-rfid-wash-care-clothing-label","7":"product_tag-fabric-woven-rfid-wash-care-tag","8":"product_tag-rfid-tag","9":"product_tag-rfid-wash-care-tag","11":"first","12":"instock","13":"shipping-taxable","14":"product-type-simple","15":"entry","16":"content-bg","17":"loop-entry"},"_links":{"self":[{"href":"https:\/\/rfid-laundry-tag.com\/da\/wp-json\/wp\/v2\/product\/3186","targetHints":{"allow":["GET"]}}],"collection":[{"href":"https:\/\/rfid-laundry-tag.com\/da\/wp-json\/wp\/v2\/product"}],"about":[{"href":"https:\/\/rfid-laundry-tag.com\/da\/wp-json\/wp\/v2\/types\/product"}],"version-history":[{"count":1,"href":"https:\/\/rfid-laundry-tag.com\/da\/wp-json\/wp\/v2\/product\/3186\/revisions"}],"predecessor-version":[{"id":3190,"href":"https:\/\/rfid-laundry-tag.com\/da\/wp-json\/wp\/v2\/product\/3186\/revisions\/3190"}],"wp:featuredmedia":[{"embeddable":true,"href":"https:\/\/rfid-laundry-tag.com\/da\/wp-json\/wp\/v2\/media\/3187"}],"wp:attachment":[{"href":"https:\/\/rfid-laundry-tag.com\/da\/wp-json\/wp\/v2\/media?parent=3186"}],"wp:term":[{"taxonomy":"product_brand","embeddable":true,"href":"https:\/\/rfid-laundry-tag.com\/da\/wp-json\/wp\/v2\/product_brand?post=3186"},{"taxonomy":"product_cat","embeddable":true,"href":"https:\/\/rfid-laundry-tag.com\/da\/wp-json\/wp\/v2\/product_cat?post=3186"},{"taxonomy":"product_tag","embeddable":true,"href":"https:\/\/rfid-laundry-tag.com\/da\/wp-json\/wp\/v2\/product_tag?post=3186"}],"curies":[{"name":"wp","href":"https:\/\/api.w.org\/{rel}","templated":true}]}}