{"id":3180,"date":"2026-01-09T13:29:20","date_gmt":"2026-01-09T13:29:20","guid":{"rendered":"https:\/\/rfid-laundry-tag.com\/?post_type=product&#038;p=3180"},"modified":"2026-01-09T13:29:20","modified_gmt":"2026-01-09T13:29:20","slug":"rfid-garment-tag-for-apparel-and-fashion","status":"publish","type":"product","link":"https:\/\/rfid-laundry-tag.com\/da\/vare\/rfid-garment-tag-for-apparel-and-fashion\/","title":{"rendered":"RFID-bekl\u00e6dningsm\u00e6rke til bekl\u00e6dning og mode"},"content":{"rendered":"<h2 class=\"ng-star-inserted\"><strong class=\"ng-star-inserted\"><span class=\"ng-star-inserted\">RFID-bekl\u00e6dningsm\u00e6rke til bekl\u00e6dning og mode<\/span><\/strong><\/h2>\n<h2 class=\"ng-star-inserted\"><strong class=\"ng-star-inserted\"><span class=\"ng-star-inserted\">Fremkomsten af RFID inden for bekl\u00e6dning og mode<\/span><\/strong><\/h2>\n<p class=\"ng-star-inserted\"><span class=\"ng-star-inserted\">De\u00a0<\/span><strong class=\"ng-star-inserted\"><span class=\"ng-star-inserted\">bekl\u00e6dning<\/span><\/strong><span class=\"ng-star-inserted\">\u00a0og modebranchen tager hurtigt til sig\u00a0<\/span><strong class=\"ng-star-inserted\"><span class=\"ng-star-inserted\">RFID<\/span><\/strong><span class=\"ng-star-inserted\">\u00a0(<\/span><strong class=\"ng-star-inserted\"><span class=\"ng-star-inserted\">radiofrekvens<\/span><\/strong><span class=\"ng-star-inserted\">\u00a0identifikation)\u00a0<\/span><strong class=\"ng-star-inserted\"><span class=\"ng-star-inserted\">teknologi<\/span><\/strong><span class=\"ng-star-inserted\">\u00a0at optimere driften og forbedre kundeoplevelsen.\u00a0<\/span><strong class=\"ng-star-inserted\"><span class=\"ng-star-inserted\">RFID<\/span><\/strong><span class=\"ng-star-inserted\">\u00a0<\/span><strong class=\"ng-star-inserted\"><span class=\"ng-star-inserted\">bekl\u00e6dningsgenstand<\/span><\/strong><span class=\"ng-star-inserted\">\u00a0<\/span><strong class=\"ng-star-inserted\"><span class=\"ng-star-inserted\">tags<\/span><\/strong><span class=\"ng-star-inserted\">\u00a0tilbyder en effektiv m\u00e5de at spore varer gennem hele deres livscyklus, fra produktion til salg og videre.\u00a0<\/span><strong class=\"ng-star-inserted\"><span class=\"ng-star-inserted\">RFID<\/span><\/strong><span class=\"ng-star-inserted\">\u00a0muligg\u00f8r en\u00a0<\/span><strong class=\"ng-star-inserted\"><span class=\"ng-star-inserted\">ny<\/span><\/strong><span class=\"ng-star-inserted\">\u00a0en \u00e6ra med effektivitet, synlighed og datadrevet beslutningstagning.<\/span><\/p>\n<p class=\"ng-star-inserted\"><span class=\"ng-star-inserted\">I mods\u00e6tning til traditionelle\u00a0<\/span><strong class=\"ng-star-inserted\"><span class=\"ng-star-inserted\">stregkode<\/span><\/strong><span class=\"ng-star-inserted\">s,\u00a0<\/span><strong class=\"ng-star-inserted\"><span class=\"ng-star-inserted\">RFID<\/span><\/strong><span class=\"ng-star-inserted\">\u00a0<\/span><strong class=\"ng-star-inserted\"><span class=\"ng-star-inserted\">tag<\/span><\/strong><span class=\"ng-star-inserted\">kr\u00e6ver ikke scanning i synsfeltet. Dette muligg\u00f8r hurtigere og mere effektiv dataindsamling, selv i udfordrende milj\u00f8er som overfyldte varehuse eller travle detailbutikker. Muligheden for at l\u00e6se flere\u00a0<\/span><strong class=\"ng-star-inserted\"><span class=\"ng-star-inserted\">tags<\/span><\/strong><span class=\"ng-star-inserted\">\u00a0samtidig er en v\u00e6sentlig fordel ved\u00a0<\/span><strong class=\"ng-star-inserted\"><span class=\"ng-star-inserted\">RFID<\/span><\/strong><span class=\"ng-star-inserted\">, hvilket markant accelererer processer s\u00e5som lageropt\u00e6llinger og\u00a0<\/span><strong class=\"ng-star-inserted\"><span class=\"ng-star-inserted\">kassen<\/span><\/strong><span class=\"ng-star-inserted\">. Den kan identificere objekter i bev\u00e6gelse med h\u00f8j hastighed og flere elektroniske enheder.\u00a0<\/span><strong class=\"ng-star-inserted\"><span class=\"ng-star-inserted\">tags<\/span><\/strong><span class=\"ng-star-inserted\">\u00a0p\u00e5 samme tid\u00a0<\/span><strong class=\"ng-star-inserted\"><span class=\"ng-star-inserted\">tid<\/span><\/strong><span class=\"ng-star-inserted\">\u00a0gennem\u00a0<\/span><strong class=\"ng-star-inserted\"><span class=\"ng-star-inserted\">RFID<\/span><\/strong><span class=\"ng-star-inserted\">\u00a0<\/span><strong class=\"ng-star-inserted\"><span class=\"ng-star-inserted\">teknologi<\/span><\/strong><span class=\"ng-star-inserted\">.<\/span><\/p>\n<h2 class=\"ng-star-inserted\"><strong class=\"ng-star-inserted\"><span class=\"ng-star-inserted\">RFID-h\u00e6ngem\u00e6rker: Revolutionerer detailhandlen<\/span><\/strong><\/h2>\n<p class=\"ng-star-inserted\"><strong class=\"ng-star-inserted\"><span class=\"ng-star-inserted\">RFID h\u00e6ngem\u00e6rker<\/span><\/strong><span class=\"ng-star-inserted\">\u00a0transformerer detailhandelslandskabet ved at give uovertruffen indsigt i lagerbeholdning og forbedre sikkerheden.\u00a0<\/span><strong class=\"ng-star-inserted\"><span class=\"ng-star-inserted\">tags<\/span><\/strong><span class=\"ng-star-inserted\">, typisk fastgjort til t\u00f8j, hatte, tasker og sko, indeholder en mikrochip, der lagrer produktinformation og en unik identifikator. Ved at indlejre\u00a0<\/span><strong class=\"ng-star-inserted\"><span class=\"ng-star-inserted\">RFID<\/span><\/strong><span class=\"ng-star-inserted\">\u00a0<\/span><strong class=\"ng-star-inserted\"><span class=\"ng-star-inserted\">teknologi<\/span><\/strong><span class=\"ng-star-inserted\">\u00a0i\u00a0<\/span><strong class=\"ng-star-inserted\"><span class=\"ng-star-inserted\">h\u00e6nge<\/span><\/strong><span class=\"ng-star-inserted\">\u00a0<\/span><strong class=\"ng-star-inserted\"><span class=\"ng-star-inserted\">tag<\/span><\/strong><span class=\"ng-star-inserted\">s, kan dette problem l\u00f8ses effektivt.<\/span><\/p>\n<p class=\"ng-star-inserted\"><strong class=\"ng-star-inserted\"><span class=\"ng-star-inserted\">RFID h\u00e6ngem\u00e6rker<\/span><\/strong><span class=\"ng-star-inserted\">\u00a0tilbyde adskillige fordele, herunder:<\/span><\/p>\n<ul class=\"ng-star-inserted\">\n<li class=\"ng-star-inserted\">\n<p class=\"ng-star-inserted\"><strong class=\"ng-star-inserted\"><span class=\"ng-star-inserted\">Forbedret lagerpr\u00e6cision:<\/span><\/strong><span class=\"ng-star-inserted\">\u00a0<\/span><strong class=\"ng-star-inserted\"><span class=\"ng-star-inserted\">Realtid<\/span><\/strong><span class=\"ng-star-inserted\">\u00a0sporing af lagerniveauer, reduktion af udest\u00e5ende lagre og overlagre.<\/span><\/p>\n<\/li>\n<li class=\"ng-star-inserted\">\n<p class=\"ng-star-inserted\"><strong class=\"ng-star-inserted\"><span class=\"ng-star-inserted\">Forebyggelse af tab:<\/span><\/strong><span class=\"ng-star-inserted\">\u00a0<\/span><strong class=\"ng-star-inserted\"><span class=\"ng-star-inserted\">RFID<\/span><\/strong><span class=\"ng-star-inserted\">\u00a0<\/span><strong class=\"ng-star-inserted\"><span class=\"ng-star-inserted\">tag<\/span><\/strong><span class=\"ng-star-inserted\">kan bruges som en del af et elektronisk artikeloverv\u00e5gningssystem (EAS) for at afskr\u00e6kke tyveri. De kan ogs\u00e5 hj\u00e6lpe med at forhindre forfalskning.\u00a0<\/span><strong class=\"ng-star-inserted\"><span class=\"ng-star-inserted\">bekl\u00e6dningsgenstand<\/span><\/strong><span class=\"ng-star-inserted\">s.<\/span><\/p>\n<\/li>\n<li class=\"ng-star-inserted\">\n<p class=\"ng-star-inserted\"><strong class=\"ng-star-inserted\"><span class=\"ng-star-inserted\">M\u00e6rkegodkendelse:<\/span><\/strong><span class=\"ng-star-inserted\">\u00a0<\/span><strong class=\"ng-star-inserted\"><span class=\"ng-star-inserted\">RFID<\/span><\/strong><span class=\"ng-star-inserted\">\u00a0hj\u00e6lper med at verificere produkternes \u00e6gthed og beskytte dit brand og dine kunder.<\/span><\/p>\n<\/li>\n<li class=\"ng-star-inserted\">\n<p class=\"ng-star-inserted\"><strong class=\"ng-star-inserted\"><span class=\"ng-star-inserted\">Forbedret kundeoplevelse:<\/span><\/strong><span class=\"ng-star-inserted\">\u00a0Hurtigere\u00a0<\/span><strong class=\"ng-star-inserted\"><span class=\"ng-star-inserted\">kassen<\/span><\/strong><span class=\"ng-star-inserted\">\u00a0processer og personlige anbefalinger gennem smarte hylder og pr\u00f8verum.<\/span><\/p>\n<\/li>\n<\/ul>\n<p class=\"ng-star-inserted\">\n<h2 class=\"ng-star-inserted\"><strong class=\"ng-star-inserted\"><span class=\"ng-star-inserted\">Teknisk\u00a0<\/span><\/strong><\/h2>\n<div class=\"table-container ng-star-inserted\">\n<table>\n<tbody>\n<tr class=\"table-header ng-star-inserted\">\n<td class=\"ng-star-inserted\"><span class=\"ng-star-inserted\">Feature<\/span><\/td>\n<td class=\"ng-star-inserted\"><span class=\"ng-star-inserted\">Specifikation<\/span><\/td>\n<\/tr>\n<tr class=\"ng-star-inserted\">\n<td class=\"ng-star-inserted\"><strong class=\"ng-star-inserted\"><span class=\"ng-star-inserted\">Frekvens<\/span><\/strong><\/td>\n<td class=\"ng-star-inserted\"><strong class=\"ng-star-inserted\"><span class=\"ng-star-inserted\">UHF RFID<\/span><\/strong><span class=\"ng-star-inserted\">\u00a0(860-960 MHz),\u00a0<\/span><strong class=\"ng-star-inserted\"><span class=\"ng-star-inserted\">RAIN RFID<\/span><\/strong><\/td>\n<\/tr>\n<tr class=\"ng-star-inserted\">\n<td class=\"ng-star-inserted\"><strong class=\"ng-star-inserted\"><span class=\"ng-star-inserted\">Protokol<\/span><\/strong><\/td>\n<td class=\"ng-star-inserted\"><strong class=\"ng-star-inserted\"><span class=\"ng-star-inserted\">ISO 18000-6C<\/span><\/strong><span class=\"ng-star-inserted\">\u00a0(<\/span><strong class=\"ng-star-inserted\"><span class=\"ng-star-inserted\">EPC Klasse 1 Gen2<\/span><\/strong><span class=\"ng-star-inserted\">)<\/span><\/td>\n<\/tr>\n<tr class=\"ng-star-inserted\">\n<td class=\"ng-star-inserted\"><strong class=\"ng-star-inserted\"><span class=\"ng-star-inserted\">Chip type<\/span><\/strong><\/td>\n<td class=\"ng-star-inserted\"><span class=\"ng-star-inserted\">Impinj Monza, NXP UCODE, Alien Higgs<\/span><\/td>\n<\/tr>\n<tr class=\"ng-star-inserted\">\n<td class=\"ng-star-inserted\"><strong class=\"ng-star-inserted\"><span class=\"ng-star-inserted\">Hukommelse<\/span><\/strong><\/td>\n<td class=\"ng-star-inserted\"><strong class=\"ng-star-inserted\"><span class=\"ng-star-inserted\">EPC<\/span><\/strong><span class=\"ng-star-inserted\">\u00a096-bit,\u00a0<\/span><strong class=\"ng-star-inserted\"><span class=\"ng-star-inserted\">datalagring<\/span><\/strong><span class=\"ng-star-inserted\">\u00a0Brugerhukommelse 512-bit (varierer afh\u00e6ngigt af chip)<\/span><\/td>\n<\/tr>\n<tr class=\"ng-star-inserted\">\n<td class=\"ng-star-inserted\"><strong class=\"ng-star-inserted\"><span class=\"ng-star-inserted\">L\u00e6seomr\u00e5de<\/span><\/strong><\/td>\n<td class=\"ng-star-inserted\"><span class=\"ng-star-inserted\">Op til 10 meter (varierer afh\u00e6ngigt af l\u00e6ser og milj\u00f8)<\/span><\/td>\n<\/tr>\n<tr class=\"ng-star-inserted\">\n<td class=\"ng-star-inserted\"><strong class=\"ng-star-inserted\"><span class=\"ng-star-inserted\">Dataopbevaring<\/span><\/strong><\/td>\n<td class=\"ng-star-inserted\"><span class=\"ng-star-inserted\">10 \u00e5r<\/span><\/td>\n<\/tr>\n<tr class=\"ng-star-inserted\">\n<td class=\"ng-star-inserted\"><strong class=\"ng-star-inserted\"><span class=\"ng-star-inserted\">Skriv udholdenhed<\/span><\/strong><\/td>\n<td class=\"ng-star-inserted\"><span class=\"ng-star-inserted\">100.000 cyklusser<\/span><\/td>\n<\/tr>\n<tr class=\"ng-star-inserted\">\n<td class=\"ng-star-inserted\"><strong class=\"ng-star-inserted\"><span class=\"ng-star-inserted\">Driftstemp<\/span><\/strong><\/td>\n<td class=\"ng-star-inserted\"><span class=\"ng-star-inserted\">-40\u00b0C til +85\u00b0C (varierer afh\u00e6ngigt af\u00a0<\/span><strong class=\"ng-star-inserted\"><span class=\"ng-star-inserted\">tag<\/span><\/strong><span class=\"ng-star-inserted\">\u00a0type)<\/span><\/td>\n<\/tr>\n<tr class=\"ng-star-inserted\">\n<td class=\"ng-star-inserted\"><strong class=\"ng-star-inserted\"><span class=\"ng-star-inserted\">Materiale<\/span><\/strong><\/td>\n<td class=\"ng-star-inserted\"><span class=\"ng-star-inserted\">Papir, satin, nylon osv.<\/span><\/td>\n<\/tr>\n<tr class=\"ng-star-inserted\">\n<td class=\"ng-star-inserted\"><strong class=\"ng-star-inserted\"><span class=\"ng-star-inserted\">Vedh\u00e6ftet fil<\/span><\/strong><\/td>\n<td class=\"ng-star-inserted\"><strong class=\"ng-star-inserted\"><span class=\"ng-star-inserted\">Kl\u00e6bemiddel<\/span><\/strong><span class=\"ng-star-inserted\">, Varmeforsegling, Sy-i-s\u00e6t,\u00a0<\/span><strong class=\"ng-star-inserted\"><span class=\"ng-star-inserted\">H\u00e6ngem\u00e6rke<\/span><\/strong><\/td>\n<\/tr>\n<tr class=\"ng-star-inserted\">\n<td class=\"ng-star-inserted\"><strong class=\"ng-star-inserted\"><span class=\"ng-star-inserted\">Tilpasning<\/span><\/strong><\/td>\n<td class=\"ng-star-inserted\"><span class=\"ng-star-inserted\">Udskrivning, kodning,\u00a0<\/span><strong class=\"ng-star-inserted\"><span class=\"ng-star-inserted\">Stregkode<\/span><\/strong><span class=\"ng-star-inserted\">, Logo<\/span><\/td>\n<\/tr>\n<tr class=\"ng-star-inserted\">\n<td class=\"ng-star-inserted\"><strong class=\"ng-star-inserted\"><span class=\"ng-star-inserted\">Formfaktor<\/span><\/strong><\/td>\n<td class=\"ng-star-inserted\"><strong class=\"ng-star-inserted\"><span class=\"ng-star-inserted\">H\u00e6ngem\u00e6rke<\/span><\/strong><span class=\"ng-star-inserted\">,\u00a0<\/span><strong class=\"ng-star-inserted\"><span class=\"ng-star-inserted\">Klisterm\u00e6rke<\/span><\/strong><span class=\"ng-star-inserted\">,\u00a0<\/span><strong class=\"ng-star-inserted\"><span class=\"ng-star-inserted\">V\u00e6vet etiket<\/span><\/strong><span class=\"ng-star-inserted\">,\u00a0<\/span><strong class=\"ng-star-inserted\"><span class=\"ng-star-inserted\">Indl\u00e6g<\/span><\/strong><\/td>\n<\/tr>\n<tr class=\"ng-star-inserted\">\n<td class=\"ng-star-inserted\"><strong class=\"ng-star-inserted\"><span class=\"ng-star-inserted\">Milj\u00f8m\u00e6ssig<\/span><\/strong><\/td>\n<td class=\"ng-star-inserted\"><span class=\"ng-star-inserted\">100% milj\u00f8venlig papirbaseret antenne\u00a0<\/span><strong class=\"ng-star-inserted\"><span class=\"ng-star-inserted\">valgmulighed<\/span><\/strong><span class=\"ng-star-inserted\">\u00a0tilg\u00e6ngelig<\/span><\/td>\n<\/tr>\n<\/tbody>\n<\/table>\n<p>&nbsp;<\/p>\n<\/div>\n<p class=\"ng-star-inserted\"><strong class=\"ng-star-inserted\"><span class=\"ng-star-inserted\">RFID-bekl\u00e6dningsm\u00e6rke<\/span><\/strong><span class=\"ng-star-inserted\">\u00a0er den mest fremragende applikation, hvor\u00a0<\/span><strong class=\"ng-star-inserted\"><span class=\"ng-star-inserted\">RFID<\/span><\/strong><span class=\"ng-star-inserted\">\u00a0<\/span><strong class=\"ng-star-inserted\"><span class=\"ng-star-inserted\">teknologi<\/span><\/strong><span class=\"ng-star-inserted\">\u00a0p\u00e5virker t\u00f8jindustrien. Gennem\u00a0<\/span><strong class=\"ng-star-inserted\"><span class=\"ng-star-inserted\">radiofrekvens<\/span><\/strong><span class=\"ng-star-inserted\">\u00a0signaler, de\u00a0<\/span><strong class=\"ng-star-inserted\"><span class=\"ng-star-inserted\">RFID<\/span><\/strong><span class=\"ng-star-inserted\">\u00a0<\/span><strong class=\"ng-star-inserted\"><span class=\"ng-star-inserted\">bekl\u00e6dningsgenstand<\/span><\/strong><span class=\"ng-star-inserted\">\u00a0<\/span><strong class=\"ng-star-inserted\"><span class=\"ng-star-inserted\">tag<\/span><\/strong><span class=\"ng-star-inserted\">\u00a0kan automatisk identificere m\u00e5lobjekter og f\u00e5 relevante data og identificere arbejde uden manuel indgriben. Det kan fungere i alle slags d\u00e5rlige milj\u00f8er. Disse\u00a0<\/span><strong class=\"ng-star-inserted\"><span class=\"ng-star-inserted\">tags er designet<\/span><\/strong><span class=\"ng-star-inserted\">\u00a0at im\u00f8dekomme forskellige behov.<\/span><\/p>\n<h2 class=\"ng-star-inserted\"><strong class=\"ng-star-inserted\"><span class=\"ng-star-inserted\">Tilpasning og integration<\/span><\/strong><\/h2>\n<p class=\"ng-star-inserted\"><strong class=\"ng-star-inserted\"><span class=\"ng-star-inserted\">RFID<\/span><\/strong><span class=\"ng-star-inserted\">\u00a0<\/span><strong class=\"ng-star-inserted\"><span class=\"ng-star-inserted\">bekl\u00e6dningsgenstand<\/span><\/strong><span class=\"ng-star-inserted\">\u00a0<\/span><strong class=\"ng-star-inserted\"><span class=\"ng-star-inserted\">tags<\/span><\/strong><span class=\"ng-star-inserted\">\u00a0kan skr\u00e6ddersys til at im\u00f8dekomme de specifikke behov i dit brand og din drift.\u00a0<\/span><strong class=\"ng-star-inserted\"><span class=\"ng-star-inserted\">H\u00e6ngem\u00e6rke<\/span><\/strong><span class=\"ng-star-inserted\">kan tilpasses med dit logo, m\u00e6rkefarver og produktinformation. Vaskeanvisningsetiketter med\u00a0<\/span><strong class=\"ng-star-inserted\"><span class=\"ng-star-inserted\">RFID<\/span><\/strong><span class=\"ng-star-inserted\">\u00a0<\/span><strong class=\"ng-star-inserted\"><span class=\"ng-star-inserted\">indl\u00e6g<\/span><\/strong><span class=\"ng-star-inserted\">kan designes til problemfri integration med dine eksisterende\u00a0<\/span><strong class=\"ng-star-inserted\"><span class=\"ng-star-inserted\">bekl\u00e6dningsgenstand<\/span><\/strong><span class=\"ng-star-inserted\">\u00a0fremstillingsprocesser.<\/span><\/p>\n<h2 class=\"ng-star-inserted\"><strong class=\"ng-star-inserted\"><span class=\"ng-star-inserted\">Kontakt os for at implementere din RFID-strategi<\/span><\/strong><\/h2>\n<p class=\"ng-star-inserted\"><span class=\"ng-star-inserted\">Klar til at udnytte kraften i\u00a0<\/span><strong class=\"ng-star-inserted\"><span class=\"ng-star-inserted\">RFID<\/span><\/strong><span class=\"ng-star-inserted\">\u00a0<\/span><strong class=\"ng-star-inserted\"><span class=\"ng-star-inserted\">teknologi<\/span><\/strong><span class=\"ng-star-inserted\">\u00a0at forvandle din\u00a0<\/span><strong class=\"ng-star-inserted\"><span class=\"ng-star-inserted\">bekl\u00e6dning<\/span><\/strong><span class=\"ng-star-inserted\">\u00a0forretning?\u00a0<\/span><strong class=\"ng-star-inserted\"><span class=\"ng-star-inserted\">Kontakt os<\/span><\/strong><span class=\"ng-star-inserted\">\u00a0i dag for at dr\u00f8fte dine specifikke behov og l\u00e6re mere om vores omfattende\u00a0<\/span><strong class=\"ng-star-inserted\"><span class=\"ng-star-inserted\">RFID<\/span><\/strong><span class=\"ng-star-inserted\">\u00a0l\u00f8sninger, herunder\u00a0<\/span><strong class=\"ng-star-inserted\"><span class=\"ng-star-inserted\">RFID<\/span><\/strong><span class=\"ng-star-inserted\">\u00a0<\/span><strong class=\"ng-star-inserted\"><span class=\"ng-star-inserted\">bekl\u00e6dningsgenstand<\/span><\/strong><span class=\"ng-star-inserted\">\u00a0<\/span><strong class=\"ng-star-inserted\"><span class=\"ng-star-inserted\">tags<\/span><\/strong><span class=\"ng-star-inserted\">,\u00a0<\/span><strong class=\"ng-star-inserted\"><span class=\"ng-star-inserted\">RFID<\/span><\/strong><span class=\"ng-star-inserted\">\u00a0l\u00e6sere og software.<\/span><\/p>","protected":false},"excerpt":{"rendered":"<p><span class=\"ng-star-inserted\">Vi tilbyder\u00a0<\/span><strong class=\"ng-star-inserted\"><span class=\"ng-star-inserted\">gratis pr\u00f8ver<\/span><\/strong><span class=\"ng-star-inserted\"> af\u00a0 <\/span><strong class=\"ng-star-inserted\"><span class=\"ng-star-inserted\">RFID-bekl\u00e6dningsgenstand<\/span><\/strong><span class=\"ng-star-inserted\">\u00a0<\/span><strong class=\"ng-star-inserted\"><span class=\"ng-star-inserted\">tags<\/span><\/strong><span class=\"ng-star-inserted\">\u00a0s\u00e5 du kan evaluere deres ydeevne i dit eget milj\u00f8. Vores produktionsfabrik er udstyret med\u00a0<\/span><strong class=\"ng-star-inserted\"><span class=\"ng-star-inserted\">seneste<\/span><\/strong><span class=\"ng-star-inserted\">\u00a0<\/span><strong class=\"ng-star-inserted\"><span class=\"ng-star-inserted\">teknologi<\/span><\/strong><span class=\"ng-star-inserted\">\u00a0at sikre\u00a0<\/span><strong class=\"ng-star-inserted\"><span class=\"ng-star-inserted\">h\u00f8j kvalitet<\/span><\/strong><span class=\"ng-star-inserted\">\u00a0<\/span><strong class=\"ng-star-inserted\"><span class=\"ng-star-inserted\">tag<\/span><\/strong><span class=\"ng-star-inserted\">s til konkurrencedygtige priser.<\/span><\/p>","protected":false},"featured_media":3181,"template":"","meta":{"_kad_post_transparent":"default","_kad_post_title":"","_kad_post_layout":"default","_kad_post_sidebar_id":"","_kad_post_content_style":"default","_kad_post_vertical_padding":"default","_kad_post_feature":"","_kad_post_feature_position":"","_kad_post_header":false,"_kad_post_footer":false,"_kad_post_classname":""},"product_brand":[],"product_cat":[53],"product_tag":[385,383,384],"class_list":{"0":"post-3180","1":"product","2":"type-product","3":"status-publish","4":"has-post-thumbnail","6":"product_cat-rfid-clothes-tag","7":"product_tag-rfid-garment-paper-tag","8":"product_tag-rfid-garment-tag","9":"product_tag-rfid-hang-tag","11":"first","12":"instock","13":"shipping-taxable","14":"product-type-simple","15":"entry","16":"content-bg","17":"loop-entry"},"_links":{"self":[{"href":"https:\/\/rfid-laundry-tag.com\/da\/wp-json\/wp\/v2\/product\/3180","targetHints":{"allow":["GET"]}}],"collection":[{"href":"https:\/\/rfid-laundry-tag.com\/da\/wp-json\/wp\/v2\/product"}],"about":[{"href":"https:\/\/rfid-laundry-tag.com\/da\/wp-json\/wp\/v2\/types\/product"}],"version-history":[{"count":1,"href":"https:\/\/rfid-laundry-tag.com\/da\/wp-json\/wp\/v2\/product\/3180\/revisions"}],"predecessor-version":[{"id":3185,"href":"https:\/\/rfid-laundry-tag.com\/da\/wp-json\/wp\/v2\/product\/3180\/revisions\/3185"}],"wp:featuredmedia":[{"embeddable":true,"href":"https:\/\/rfid-laundry-tag.com\/da\/wp-json\/wp\/v2\/media\/3181"}],"wp:attachment":[{"href":"https:\/\/rfid-laundry-tag.com\/da\/wp-json\/wp\/v2\/media?parent=3180"}],"wp:term":[{"taxonomy":"product_brand","embeddable":true,"href":"https:\/\/rfid-laundry-tag.com\/da\/wp-json\/wp\/v2\/product_brand?post=3180"},{"taxonomy":"product_cat","embeddable":true,"href":"https:\/\/rfid-laundry-tag.com\/da\/wp-json\/wp\/v2\/product_cat?post=3180"},{"taxonomy":"product_tag","embeddable":true,"href":"https:\/\/rfid-laundry-tag.com\/da\/wp-json\/wp\/v2\/product_tag?post=3180"}],"curies":[{"name":"wp","href":"https:\/\/api.w.org\/{rel}","templated":true}]}}