{"id":3174,"date":"2026-01-09T13:11:22","date_gmt":"2026-01-09T13:11:22","guid":{"rendered":"https:\/\/rfid-laundry-tag.com\/?post_type=product&#038;p=3174"},"modified":"2026-01-09T13:11:23","modified_gmt":"2026-01-09T13:11:23","slug":"rfid-mifare-desfire-ev3-2k-4k-8k-inlay","status":"publish","type":"product","link":"https:\/\/rfid-laundry-tag.com\/da\/vare\/rfid-mifare-desfire-ev3-2k-4k-8k-inlay\/","title":{"rendered":"RFID Mifare Desfire EV3 2K 4K 8K indl\u00e6g"},"content":{"rendered":"<h2>RFID Mifare Desfire EV3 2K 4K 8K indl\u00e6g<\/h2>\n<p>De\u00a0<strong>MIFARE\u00ae DESFire\u00ae EV3<\/strong>\u00a0Serien fra NXP Semiconductors repr\u00e6senterer en banebrydende l\u00f8sning inden for sikker, kontaktl\u00f8s RFID-teknologi, ideel til forskellige applikationer, der kr\u00e6ver h\u00f8j sikkerhed og fleksibilitet. Her er en kortfattet oversigt over dens funktioner, hukommelsesmuligheder, sikkerhedsforbedringer, applikationer og tilpasningsmuligheder:<\/p>\n<h3>Hukommelsesindstillinger<\/h3>\n<p>MIFARE\u00ae DESFire\u00ae EV3 f\u00e5s i tre hukommelseskonfigurationer:<\/p>\n<ul>\n<li><strong>2K<\/strong>Bedst til simple applikationer som adgangskontrol eller engangsbilletter.<\/li>\n<li><strong>4K<\/strong>Velegnet til mellemstore applikationer, s\u00e5som loyalitetsprogrammer og sm\u00e5 offentlige transportsystemer.<\/li>\n<li><strong>8K<\/strong>Designet til komplekse milj\u00f8er med mange applikationer, s\u00e5som smarte byer og store virksomheder.<\/li>\n<\/ul>\n<p>Hver konfiguration underst\u00f8tter flere applikationer med mulighed for at gemme op til\u00a0<strong>32 filer pr. applikation<\/strong>, hvilket giver virksomheder mulighed for at skr\u00e6ddersy l\u00f8sninger til deres behov.<\/p>\n<h3>Forbedrede sikkerhedsfunktioner<\/h3>\n<p>Sikkerhed er et vigtigt fokuspunkt for EV3, med:<\/p>\n<ul>\n<li><strong>AES-kryptering<\/strong>Beskytter data under overf\u00f8rsel.<\/li>\n<li><strong>EAL5+ certificering<\/strong>Sikrer h\u00f8j sikkerhed for f\u00f8lsomme data.<\/li>\n<li><strong>Sikker unik NFC-godkendelse<\/strong>Hvert kort har en unik identifikator for at forhindre duplikering.<\/li>\n<li><strong>Flerlagssikkerhed<\/strong>Underst\u00f8tter forskellige krypteringsprotokoller, herunder AES og DES\/Triple-DES.<\/li>\n<\/ul>\n<p>Disse funktioner g\u00f8r EV3 velegnet til h\u00f8jsikkerhedsapplikationer som adgangskontrol, kontantl\u00f8se betalinger og smarte l\u00e5se.<\/p>\n<h3>Ans\u00f8gninger<\/h3>\n<p>Alsidigheden af <a href=\"https:\/\/rfid-laundry-tag.com\/da\/rfid-inlay\/\">RFID Mifare Desfire EV3 2K 4K 8K indl\u00e6g<\/a>\u00a0tillader brug i forskellige sektorer:<\/p>\n<ul>\n<li><strong>Adgangskontrol<\/strong>Sikker adgangsstyring til bygninger og omr\u00e5der med begr\u00e6nset adgang.<\/li>\n<li><strong>Offentlig transport<\/strong>Fremmer effektiv billetsalg og billetopkr\u00e6vning.<\/li>\n<li><strong>Loyalitetsprogrammer<\/strong>Opbevarer kundedata og bel\u00f8nninger sikkert.<\/li>\n<li><strong>Smarte byer<\/strong>Underst\u00f8tter infrastruktur med robust ydeevne og kompatibilitet med NFC- og RFID-teknologier.<\/li>\n<\/ul>\n<h3>Tilpasning og support<\/h3>\n<p>NXP tilbyder omfattende tilpasningsmuligheder for at im\u00f8dekomme specifikke forretningsbehov:<\/p>\n<ul>\n<li><strong>Brugerdefineret udskrivning<\/strong>Personligg\u00f8r kort med logoer og branding.<\/li>\n<li><strong>Brugerdefineret hukommelsesallokering<\/strong>Skr\u00e6ddersy hukommelseskonfigurationer til specifikke applikationer.<\/li>\n<li><strong>Tilpassede sikkerhedsindstillinger<\/strong>Juster krypterings- og godkendelsesmetoder.<\/li>\n<\/ul>\n<p>Virksomheder kan modtage pr\u00f8ver med en leveringstid p\u00e5 kun\u00a0<strong>1-2 dage<\/strong>, hvilket muligg\u00f8r hurtig evaluering og implementering.<\/p>\n<h2><strong><b>Tekniske specifikationer<\/b><\/strong><\/h2>\n<div class=\"collapse-mobile ste-list\">\n<h3>RF-interface: ISO\/IEC 14443 Type A<\/h3>\n<ul class=\"boxes\">\n<li>Kontaktl\u00f8s gr\u00e6nseflade i overensstemmelse med ISO\/IEC 14443-2\/3 A<\/li>\n<li>Lav Hmin muligg\u00f8r betjeningsafstand op til 100 mm (afh\u00e6ngig af effekt leveret af PCD&#039;en og antennegeometrien)<\/li>\n<li>Hurtig dataoverf\u00f8rsel: 106 kbit\/s, 212 kbit\/s, 424 kbit\/s, 848 kbit\/s<\/li>\n<li>7 bytes entydig identifikator (mulighed for Random ID)<\/li>\n<li>Bruger ISO\/IEC 14443-4 transmissionsprotokol<\/li>\n<li>Konfigurerbar FSCI til at underst\u00f8tte en rammest\u00f8rrelse p\u00e5 op til 256 bytes<\/li>\n<\/ul>\n<\/div>\n<div class=\"collapse-mobile ste-list\">\n<h3>Ikke-flygtig hukommelse<\/h3>\n<ul class=\"boxes\">\n<li>2kB, 4kB, 8kB og 16kB<\/li>\n<li>Opbevaring af data i 25 \u00e5r<\/li>\n<li>Typisk skriveudholdenhed 1 000 000 cyklusser<\/li>\n<li>Hurtige programmeringscyklusser<\/li>\n<\/ul>\n<\/div>\n<div class=\"collapse-mobile ste-list\">\n<h3>NV-hukommelsesorganisering og underst\u00f8ttelse af flere applikationer<\/h3>\n<ul class=\"boxes\">\n<li>Fleksibelt filsystem: brugeren kan frit definere applikationsstrukturer p\u00e5 PICC<\/li>\n<li>S\u00e5 mange applikationer som hukommelsesst\u00f8rrelsen underst\u00f8tter<\/li>\n<li>Op til 32 filer i hver applikation (6 filtyper tilg\u00e6ngelige: Standarddatafil, backupdatafil, v\u00e6rdifil, line\u00e6r postfil, cyklisk postfil og transaktions-MAC-fil)<\/li>\n<li>Filst\u00f8rrelsen bestemmes under oprettelsen (ikke for Transaction MAC-fil)<\/li>\n<li>MlsmartApp (Delegeret applikationsadministration)<\/li>\n<li>Genbrug af hukommelse i DAM-applikationer (Format Application)<\/li>\n<li>Fabriksindl\u00e6ste NXP&#039;s DAM-n\u00f8gler til AppXplorer-servicesupport<\/li>\n<li>Adgang til filer fra to vilk\u00e5rlige programmer under en enkelt transaktion<\/li>\n<\/ul>\n<\/div>\n<div class=\"collapse-mobile ste-list\">\n<h3>Sikkerhed og privatliv<\/h3>\n<ul class=\"boxes\">\n<li>Common Criteria-certificering: EAL5+ (hardware og software)<\/li>\n<li>Unikt 7 bytes serienummer for hver enhed<\/li>\n<li>Valgfrit &quot;TILF\u00c6LDIGT&quot; ID for forbedret sikkerhed og privatliv<\/li>\n<li>Gensidig tre-pass godkendelse<\/li>\n<li>Gensidig godkendelse i henhold til ISO\/IEC 7816-4<\/li>\n<li>Fleksibel n\u00f8gleh\u00e5ndtering: 1 kort\u00a0<span class=\"Footnote\" data-id=\"Inclusive Language\">leder<\/span>\u00a0n\u00f8gle og op til 14 n\u00f8gler pr. applikation<\/li>\n<li>Flere n\u00f8gletildelinger for hver filadgangsrettigheder (op til 8)<\/li>\n<li>Flere n\u00f8gles\u00e6t pr. anvendelse med hurtig n\u00f8gleudrulningsmekanisme (op til 16 s\u00e6t)<\/li>\n<li>Hardware DES ved hj\u00e6lp af 56\/112\/168 bit n\u00f8gler med n\u00f8gleversion<\/li>\n<li>Hardware AES ved hj\u00e6lp af 128-bit n\u00f8gler med n\u00f8gleversion<\/li>\n<li>Data\u00e6gthed via 8 byte CMAC<\/li>\n<li>MF3ICD40 kompatibel tilstand: 4 byte MAC, CRC 16<\/li>\n<li>Datakryptering p\u00e5 RF-kanal<\/li>\n<li>Godkendelse p\u00e5 applikationsniveau<\/li>\n<li>Sensorer for hardwareundtagelser<\/li>\n<li>Selvsikrende filsystem<\/li>\n<li>Transaktions-MAC signeret med hemmelig n\u00f8gle pr. applikation<\/li>\n<li>Virtuel kortarkitektur til forbedret kort-\/applikationsvalg p\u00e5 multi-VC-enheder med beskyttelse af personlige oplysninger<\/li>\n<li>N\u00e6rhedskontrol for beskyttelse mod rel\u00e6angreb<\/li>\n<li>Originalitetskontrol for at bevise \u00e6gte NXP-produkt<\/li>\n<\/ul>\n<\/div>","protected":false},"excerpt":{"rendered":"<p><strong>RFID Mifare Desfire EV3 2K 4K 8K indl\u00e6g<\/strong> er en avanceret RFID-l\u00f8sning, der tilbyder h\u00f8j sikkerhed, hurtig dataoverf\u00f8rsel, fleksible hukommelsesmuligheder og problemfri integration til flere applikationer.<\/p>","protected":false},"featured_media":3175,"template":"","meta":{"_kad_post_transparent":"default","_kad_post_title":"","_kad_post_layout":"default","_kad_post_sidebar_id":"","_kad_post_content_style":"default","_kad_post_vertical_padding":"default","_kad_post_feature":"","_kad_post_feature_position":"","_kad_post_header":false,"_kad_post_footer":false,"_kad_post_classname":""},"product_brand":[],"product_cat":[189],"product_tag":[111,108,382],"class_list":{"0":"post-3174","1":"product","2":"type-product","3":"status-publish","4":"has-post-thumbnail","6":"product_cat-rfid-inlay","7":"product_tag-nfc-inlay","8":"product_tag-rfid-inlay","9":"product_tag-rfid-mifare-desfire-ev3-2k-4k-8k-inlay","11":"first","12":"instock","13":"shipping-taxable","14":"product-type-simple","15":"entry","16":"content-bg","17":"loop-entry"},"_links":{"self":[{"href":"https:\/\/rfid-laundry-tag.com\/da\/wp-json\/wp\/v2\/product\/3174","targetHints":{"allow":["GET"]}}],"collection":[{"href":"https:\/\/rfid-laundry-tag.com\/da\/wp-json\/wp\/v2\/product"}],"about":[{"href":"https:\/\/rfid-laundry-tag.com\/da\/wp-json\/wp\/v2\/types\/product"}],"version-history":[{"count":1,"href":"https:\/\/rfid-laundry-tag.com\/da\/wp-json\/wp\/v2\/product\/3174\/revisions"}],"predecessor-version":[{"id":3179,"href":"https:\/\/rfid-laundry-tag.com\/da\/wp-json\/wp\/v2\/product\/3174\/revisions\/3179"}],"wp:featuredmedia":[{"embeddable":true,"href":"https:\/\/rfid-laundry-tag.com\/da\/wp-json\/wp\/v2\/media\/3175"}],"wp:attachment":[{"href":"https:\/\/rfid-laundry-tag.com\/da\/wp-json\/wp\/v2\/media?parent=3174"}],"wp:term":[{"taxonomy":"product_brand","embeddable":true,"href":"https:\/\/rfid-laundry-tag.com\/da\/wp-json\/wp\/v2\/product_brand?post=3174"},{"taxonomy":"product_cat","embeddable":true,"href":"https:\/\/rfid-laundry-tag.com\/da\/wp-json\/wp\/v2\/product_cat?post=3174"},{"taxonomy":"product_tag","embeddable":true,"href":"https:\/\/rfid-laundry-tag.com\/da\/wp-json\/wp\/v2\/product_tag?post=3174"}],"curies":[{"name":"wp","href":"https:\/\/api.w.org\/{rel}","templated":true}]}}