{"id":317,"date":"2024-06-28T04:00:12","date_gmt":"2024-06-28T04:00:12","guid":{"rendered":"https:\/\/rfid-laundry-tag.com\/?post_type=product&#038;p=317"},"modified":"2024-06-28T04:00:12","modified_gmt":"2024-06-28T04:00:12","slug":"iso15693-i-code-slix-nfc-tag","status":"publish","type":"product","link":"https:\/\/rfid-laundry-tag.com\/da\/vare\/iso15693-i-code-slix-nfc-tag\/","title":{"rendered":"ISO15693 I CODE SLIX NFC Tag"},"content":{"rendered":"<table class=\"hight-light-first-column all magic-1\">\n<tbody>\n<tr>\n<td colspan=\"1\" rowspan=\"1\">\n<div class=\"magic-2\">\n<div class=\"magic-3\" data-spm-anchor-id=\"a2700.pc-decorate.0.i24.7f543333WPG8F0\"><span class=\"magic-4\" data-spm-anchor-id=\"a2700.pc-decorate.0.i23.7f543333WPG8F0\"><span class=\"magic-5\" style=\"color: #000000; font-family: Roboto;\"><b class=\"magic-4\" data-spm-anchor-id=\"a2700.pc-decorate.0.i114.7f543333WPG8F0\">Punkt<\/b><\/span><\/span><\/div>\n<\/div>\n<\/td>\n<td colspan=\"4\" rowspan=\"1\">\n<div class=\"magic-6\">\u00a0ISO15693 I CODE SLIX NFC Tag<\/div>\n<\/td>\n<\/tr>\n<tr>\n<td colspan=\"1\" rowspan=\"1\">\n<div class=\"magic-2\">\n<div class=\"magic-3\" data-spm-anchor-id=\"a2700.pc-decorate.0.i22.7f543333WPG8F0\"><span class=\"magic-4\" data-spm-anchor-id=\"a2700.pc-decorate.0.i10.7f543333WPG8F0\"><b class=\"magic-4\"><span class=\"magic-5\" style=\"color: #000000; font-family: Roboto;\">Materiale<\/span><\/b><\/span><\/div>\n<\/div>\n<\/td>\n<td colspan=\"4\" rowspan=\"1\">\n<div class=\"magic-9\"><span class=\"magic-5\" style=\"color: #000000;\">Papir \/ PP film \/PET \/Inlay<\/span><\/div>\n<\/td>\n<\/tr>\n<tr>\n<td colspan=\"1\" rowspan=\"1\">\n<div class=\"magic-2\">\n<div class=\"magic-3\" data-spm-anchor-id=\"a2700.pc-decorate.0.i34.7f543333WPG8F0\"><b class=\"magic-13\" data-spm-anchor-id=\"a2700.pc-decorate.0.i111.7f543333WPG8F0\"><span class=\"magic-5\" style=\"color: #000000; font-family: Roboto;\">Frekvens<\/span><\/b><\/div>\n<\/div>\n<\/td>\n<td colspan=\"4\" rowspan=\"1\">\n<div class=\"magic-6\"><span class=\"magic-5\" style=\"color: #000000; font-family: Roboto;\" data-spm-anchor-id=\"a2700.details.0.i25.244e512bmtbZH7\">13,56 MHz<\/span><\/div>\n<\/td>\n<\/tr>\n<tr>\n<td colspan=\"1\" rowspan=\"1\">\n<div class=\"magic-2\">\n<div class=\"magic-3\" data-spm-anchor-id=\"a2700.pc-decorate.0.i33.7f543333WPG8F0\"><b class=\"magic-4\"><span class=\"magic-5\" style=\"color: #000000; font-family: Roboto;\">St\u00f8rrelse<\/span><\/b><\/div>\n<\/div>\n<\/td>\n<td colspan=\"4\" rowspan=\"1\">\n<div class=\"magic-9\"><span class=\"magic-5\" style=\"color: #000000;\">50*50\/45*45\/30*15\/40*25\/ Dia 25\/30 eller tilpasset st\u00f8rrelse<\/span><\/div>\n<\/td>\n<\/tr>\n<tr>\n<td colspan=\"1\" rowspan=\"1\">\n<div class=\"magic-2\">\n<div class=\"magic-3\"><b class=\"magic-14\">Ans\u00f8gninger<\/b><\/div>\n<\/div>\n<\/td>\n<td colspan=\"4\" rowspan=\"1\">\n<div class=\"magic-6\" data-spm-anchor-id=\"a2700.details.0.i24.244e512bmtbZH7\"><span class=\"magic-5\" style=\"color: #000000; font-family: Roboto;\">Udbredt i formueforvaltning, t\u00f8jstyring, inventar, bibliotek, smykker, logistik osv.<\/span><\/div>\n<\/td>\n<\/tr>\n<\/tbody>\n<\/table>\n<p>&nbsp;<\/p>\n<div class=\"auto-hide-last-sibling-br paragraph_9dc5f paragraph-element\"><strong>RFID indl\u00e6g:<\/strong>\u00a0Et RFID-indl\u00e6g best\u00e5r af en antenne og en mikrochip, hvor chippen gemmer data og antennen er ansvarlig for at overf\u00f8re disse data til RFID-l\u00e6seren.<\/div>\n<p>&nbsp;<\/p>\n<div class=\"auto-hide-last-sibling-br paragraph_9dc5f paragraph-element\"><strong>V\u00e5de indl\u00e6g:<\/strong>\u00a0Det er RFID-indl\u00e6g, der placeres oven p\u00e5 et kl\u00e6bende lag og et klart PET-lag (polyethylenterephthalat). PET-laget bruges til beskyttelse mod fysiske skader. Med den selvkl\u00e6bende side vendt v\u00e6k fra etiketten eller materialet, kan disse nemt bruges til at konstruere RFID-etiketter, og derfor deres brede anvendelse i etiketskabelse til forskellige sektorer.<\/div>\n<div><\/div>\n<div>\n<div class=\"auto-hide-last-sibling-br paragraph_9dc5f paragraph-element\">\u00a0ISO15693 I CODE SLIX NFC Tag, lavet af forskellige materialer som papir, PP-film, PET eller indl\u00e6g, og i forskellige st\u00f8rrelser, bruges bredt. Du finder dem ofte i brancher som:<\/div>\n<p><br class=\"container_21264 wrapper_661ac undefined\" \/><\/p>\n<ul class=\"auto-hide-last-sibling-br\">\n<li><strong>Asset Management:<\/strong>\u00a0Tags bruges til at spore fysiske aktiver i en r\u00e6kke forskellige indstillinger, s\u00e5som overv\u00e5gningsudstyr i sundhedsv\u00e6senet eller IT.<\/li>\n<li><strong>H\u00e5ndtering af t\u00f8j:<\/strong>\u00a0I modedetailhandelen letter disse tags lagersporing, tyverisikringsforanstaltninger og forbedrer kundeoplevelsen i butikken.<\/li>\n<li><strong>Lagerstyring:<\/strong>\u00a0I varehuse og detailhandlen bruges RFID-tags til effektivt at styre lagerbeholdningen, reducere manuelt arbejde og minimere fejl.<\/li>\n<li><strong>Biblioteksledelse:<\/strong>\u00a0De bruges til at automatisere l\u00e5ne- og returprocesser, forbedre lagerstyring og tilbyde sikkerhed mod tyveri.<\/li>\n<li><strong>H\u00e5ndtering af smykker:<\/strong>\u00a0Disse tags er lette og n\u00f8jagtige og tilbyder sikker og effektiv lagerkontrol i smykkeindustrien.<\/li>\n<li><strong>Logistik:<\/strong> RFID-tags bruges til at spore varer i transit, forbedre forsendelsesn\u00f8jagtigheden og forbedre synlighed i forsyningsk\u00e6den.<\/li>\n<\/ul>\n<div class=\"auto-hide-last-sibling-br paragraph_9dc5f paragraph-element\">St\u00f8rrelsen og formen af tagget kan tilpasses i henhold til den specifikke applikation, hvilket \u00f8ger deres fleksibilitet og tilpasningsevne i forskellige brugssager.<\/div>\n<\/div>","protected":false},"excerpt":{"rendered":"<p><strong>ISO15693 I CODE SLIX NFC Tag:<\/strong>\u00a0Disse tags er h\u00f8jfrekvente (13,56MHz) RFID-tags, der overholder ISO15693-standarden. I CODE SLIX chippen er kendt for sin bem\u00e6rkelsesv\u00e6rdige l\u00e6se\/skrive r\u00e6kkevidde, ideel til asset management applikationer.<\/p>","protected":false},"featured_media":318,"template":"","meta":{"_kad_post_transparent":"default","_kad_post_title":"","_kad_post_layout":"default","_kad_post_sidebar_id":"","_kad_post_content_style":"default","_kad_post_vertical_padding":"default","_kad_post_feature":"","_kad_post_feature_position":"","_kad_post_header":false,"_kad_post_footer":false,"_kad_post_classname":""},"product_brand":[],"product_cat":[54],"product_tag":[133,132],"class_list":{"0":"post-317","1":"product","2":"type-product","3":"status-publish","4":"has-post-thumbnail","6":"product_cat-hot-selling-rfid-tags","7":"product_tag-i-code-slix-nfc-tag","8":"product_tag-iso15693-i-code-slix-nfc-tag","10":"first","11":"instock","12":"shipping-taxable","13":"product-type-simple","14":"entry","15":"content-bg","16":"loop-entry"},"_links":{"self":[{"href":"https:\/\/rfid-laundry-tag.com\/da\/wp-json\/wp\/v2\/product\/317","targetHints":{"allow":["GET"]}}],"collection":[{"href":"https:\/\/rfid-laundry-tag.com\/da\/wp-json\/wp\/v2\/product"}],"about":[{"href":"https:\/\/rfid-laundry-tag.com\/da\/wp-json\/wp\/v2\/types\/product"}],"version-history":[{"count":0,"href":"https:\/\/rfid-laundry-tag.com\/da\/wp-json\/wp\/v2\/product\/317\/revisions"}],"wp:featuredmedia":[{"embeddable":true,"href":"https:\/\/rfid-laundry-tag.com\/da\/wp-json\/wp\/v2\/media\/318"}],"wp:attachment":[{"href":"https:\/\/rfid-laundry-tag.com\/da\/wp-json\/wp\/v2\/media?parent=317"}],"wp:term":[{"taxonomy":"product_brand","embeddable":true,"href":"https:\/\/rfid-laundry-tag.com\/da\/wp-json\/wp\/v2\/product_brand?post=317"},{"taxonomy":"product_cat","embeddable":true,"href":"https:\/\/rfid-laundry-tag.com\/da\/wp-json\/wp\/v2\/product_cat?post=317"},{"taxonomy":"product_tag","embeddable":true,"href":"https:\/\/rfid-laundry-tag.com\/da\/wp-json\/wp\/v2\/product_tag?post=317"}],"curies":[{"name":"wp","href":"https:\/\/api.w.org\/{rel}","templated":true}]}}