{"id":315,"date":"2024-06-28T01:50:42","date_gmt":"2024-06-28T01:50:42","guid":{"rendered":"https:\/\/rfid-laundry-tag.com\/?post_type=product&#038;p=315"},"modified":"2024-08-19T15:48:20","modified_gmt":"2024-08-19T15:48:20","slug":"tamper-proof-nfc-sticker-ntag424-dna-tt","status":"publish","type":"product","link":"https:\/\/rfid-laundry-tag.com\/da\/vare\/tamper-proof-nfc-sticker-ntag424-dna-tt\/","title":{"rendered":"Indgrebssikkert NFC-klisterm\u00e6rke NTAG424 DNA TT"},"content":{"rendered":"<h2>Indgrebssikkert NFC-klisterm\u00e6rke NTAG424 DNA TT<\/h2>\n<table class=\"all magic-15\">\n<tbody>\n<tr>\n<td colspan=\"1\" rowspan=\"1\">\n<div class=\"magic-16\" data-spm-anchor-id=\"a2700.details.0.i75.2d9c3353FQLlpS\">Materiale<\/div>\n<\/td>\n<td colspan=\"4\" rowspan=\"1\">\n<div class=\"magic-17\">Skr\u00f8beligt papir+Sk\u00f8rt antenne<\/div>\n<\/td>\n<\/tr>\n<tr>\n<td colspan=\"1\" rowspan=\"1\">\n<div class=\"magic-16\">St\u00f8rrelse<\/div>\n<\/td>\n<td colspan=\"4\" rowspan=\"1\">\n<div class=\"magic-17\">24*60mm, 20*70mm, 27*77mm, 35*66mm, 35mm*80mm osv.<\/div>\n<\/td>\n<\/tr>\n<tr>\n<td colspan=\"1\" rowspan=\"1\">\n<div class=\"magic-16\">Trykning<\/div>\n<\/td>\n<td colspan=\"4\" rowspan=\"1\">\n<div class=\"magic-17\">Fuld farve tryk<\/div>\n<\/td>\n<\/tr>\n<tr>\n<td colspan=\"1\" rowspan=\"1\">\n<div class=\"magic-16\">Frekvens<\/div>\n<\/td>\n<td colspan=\"4\" rowspan=\"1\">\n<div class=\"magic-17\" data-spm-anchor-id=\"a2700.details.0.i74.2d9c3353FQLlpS\">13,56 MHz<\/div>\n<\/td>\n<\/tr>\n<tr>\n<td colspan=\"1\" rowspan=\"1\">\n<div class=\"magic-16\">Protokol<\/div>\n<\/td>\n<td colspan=\"4\" rowspan=\"1\">\n<div class=\"magic-17\">ISO14443A<\/div>\n<\/td>\n<\/tr>\n<tr>\n<td colspan=\"1\" rowspan=\"2\">\n<div class=\"magic-16\">Chip<\/div>\n<\/td>\n<td colspan=\"4\" rowspan=\"1\">\n<div class=\"magic-17\">\n<p>NTAG213 TT<\/p>\n<p>* 184 bytes organiseret i 46 sider med 4 bytes pr. side<br \/>\n* 144 bytes frit tilg\u00e6ngeligt l\u00e6se-\/skriveomr\u00e5de (36 sider)<\/p>\n<\/div>\n<\/td>\n<\/tr>\n<tr>\n<td colspan=\"4\" rowspan=\"1\">\n<div class=\"magic-17\">\n<p>NTAG424 DNA TT sabotage (416 byte)<\/p>\n<p>416 bytes hukommelse organiseret i et ISO\/IEC 7816-4 filsystem:<br \/>\n* Beholder med kapacitet p\u00e5 32 bytes<br \/>\n* 256 bytes NDEF-fil<br \/>\n* 128 bytes beskyttet datafil<\/p>\n<\/div>\n<\/td>\n<\/tr>\n<tr>\n<td colspan=\"1\" rowspan=\"1\">\n<div class=\"magic-16\">L\u00e6s afstand<\/div>\n<\/td>\n<td colspan=\"4\" rowspan=\"1\">\n<div class=\"magic-17\" data-spm-anchor-id=\"a2700.details.0.i76.2d9c3353FQLlpS\">1-10CM (Relateret til l\u00e6serens ydeevne og arbejdsmilj\u00f8)<\/div>\n<\/td>\n<\/tr>\n<tr>\n<td colspan=\"1\" rowspan=\"1\">\n<div class=\"magic-16\">Feature<\/div>\n<\/td>\n<td colspan=\"4\" rowspan=\"1\">\n<div class=\"magic-17\">Anti-forfalskning, manipulationssikker, engangsbrug<\/div>\n<\/td>\n<\/tr>\n<tr>\n<td colspan=\"1\" rowspan=\"1\">\n<div class=\"magic-16\">Tilpasset support<\/div>\n<\/td>\n<td colspan=\"4\" rowspan=\"1\">\n<div class=\"magic-17\">Materiale, st\u00f8rrelse, chip, print, kodning, serienummer, form, pakke osv.<\/div>\n<\/td>\n<\/tr>\n<tr>\n<td colspan=\"1\" rowspan=\"1\">\n<div class=\"magic-16\">Certifikat<\/div>\n<\/td>\n<td colspan=\"4\" rowspan=\"1\">\n<div class=\"magic-17\">CE RoHS ISO<\/div>\n<\/td>\n<\/tr>\n<\/tbody>\n<\/table>\n<h3>S\u00e5dan fungerer TAG (NTAG213 TagTamper \/ 424 DNA TagTamper).<\/h3>\n<p><strong>Generelt princip:<\/strong><\/p>\n<p>TAG-systemet bruger\u00a0<strong>RFID-teknologi<\/strong>\u00a0med en specialiseret\u00a0<strong>Tag Tamper<\/strong>\u00a0funktionalitet til at registrere uautoriseret \u00e5bning af pakken. Den best\u00e5r af to prim\u00e6re komponenter:<\/p>\n<ol>\n<li><strong>RFID-tag:<\/strong>\n<ul>\n<li><strong>Hovedantennesl\u00f8jfe:<\/strong>\u00a0Sender radiob\u00f8lger mellem RFID-l\u00e6seren og IC-chippen.<\/li>\n<li><strong>Detektionsl\u00f8kke\/tr\u00e5d:<\/strong>\u00a0En separat ledning designet til at kn\u00e6kke ved manipulation. Denne pause registreres permanent af IC-chippen.<\/li>\n<\/ul>\n<\/li>\n<li><strong>RFID-l\u00e6ser:<\/strong>\n<ul>\n<li><strong>L\u00e6ser data fra RFID-tagget<\/strong>, herunder status for detektionsledningen.<\/li>\n<li><strong>Sender data til en server<\/strong>, hvor det kan analyseres og bruges til forskellige applikationer.<\/li>\n<\/ul>\n<\/li>\n<\/ol>\n<p><strong>Tagsabotagefunktionalitet:<\/strong><\/p>\n<ul>\n<li>Detektionsledningen er forbundet til IC-chippen.<\/li>\n<li>N\u00e5r ledningen er brudt, chippen\u00a0<strong>gemmer en permanent registrering af manipulationsh\u00e6ndelsen<\/strong>.<\/li>\n<li>Disse oplysninger kan v\u00e6re\u00a0<strong>spejlet i ASCII-kode i brugerhukommelsen<\/strong>\u00a0og\u00a0<strong>rapporteret til skyen<\/strong>\u00a0til yderligere analyse.<\/li>\n<\/ul>\n<p><strong>424 DNA TagTamper med AES-128 Kryptografi:<\/strong><\/p>\n<ul>\n<li><strong>Unik NFC-godkendelsesmeddelelse (SUN):<\/strong>\u00a0Hver gang 424 DNA TagTamperen aflyttes med en NFC-mobil eller -l\u00e6ser, genererer den en unik SUN.<\/li>\n<li><strong>Sikker godkendelse:<\/strong>\n<ul>\n<li>SUN sendes til en v\u00e6rtsserver sammen med en unik URL.<\/li>\n<li>V\u00e6rten udf\u00f8rer godkendelse ved hj\u00e6lp af AES-128-kryptering.<\/li>\n<li><strong>Verifikation<\/strong>\u00a0returneres til l\u00e6seren\/mobilenheden.<\/li>\n<\/ul>\n<\/li>\n<\/ul>\n<p><strong>Ans\u00f8gninger:<\/strong><\/p>\n<ul>\n<li><strong>Avanceret anti-forfalskning (produktgodkendelse):<\/strong>\n<ul>\n<li>Verificerer \u00e6gtheden af fysiske varer.<\/li>\n<li>Identificerer salg uden for autoriserede markeder.<\/li>\n<\/ul>\n<\/li>\n<li><strong>Opdagelse af sabotage og bevis (smart emballage):<\/strong>\n<ul>\n<li>Registrerer uautoriseret produkt\u00e5bning.<\/li>\n<li>Sikrer produktets integritet.<\/li>\n<\/ul>\n<\/li>\n<li><strong>Sikrede eksklusive brugeroplevelser baseret p\u00e5 produktstatus:<\/strong>\n<ul>\n<li>Muligg\u00f8r avancerede brugerinteraktioner (f\u00f8r- og eftersalg).<\/li>\n<li>Bel\u00f8nner kunder med personligt tilpasset indhold, tilbud og privilegier.<\/li>\n<\/ul>\n<\/li>\n<li><strong>Sikrede f\u00f8lsomme dataapplikationer:<\/strong>\n<ul>\n<li>Beskytter f\u00f8lsomme produkt- og brugerdata.<\/li>\n<li>Udl\u00f8ser en handling ved en bekr\u00e6ftet forekomst (f.eks. betaling).<\/li>\n<\/ul>\n<\/li>\n<li><strong>Sikker godkendelse og konfiguration af lukkede sl\u00f8jfe-enheder:<\/strong>\n<ul>\n<li>Autentificerer forbrugsstoffer og dele.<\/li>\n<li>Aktiverer et integritetstjek.<\/li>\n<li>Overf\u00f8rer automatisk enhedsindstillinger.<\/li>\n<\/ul>\n<\/li>\n<\/ul>\n<p><strong>Vigtigste fordele:<\/strong><\/p>\n<ul>\n<li><strong>H\u00f8j sikkerhed:<\/strong>\u00a0Funktionen til detektering af sabotage og AES-128-kryptering sikrer dataintegritet og forhindrer uautoriseret adgang.<\/li>\n<li><strong>Alsidige applikationer:<\/strong>\u00a0Systemet kan bruges til forskellige form\u00e5l, lige fra produktgodkendelse til datasikkerhed.<\/li>\n<li><strong>Sporing i realtid:<\/strong>\u00a0Informationen sendes til skyen i realtid, hvilket giver mulighed for \u00f8jeblikkelig handling og sporing.<\/li>\n<\/ul>","protected":false},"excerpt":{"rendered":"<p>NTAG 424 DNA er h\u00f8j sikkerhed, kraftfuld manipulationssikker NFC Sticker NTAG424 DNA TT leveret af NXP halvledere. Tagget er ideelt til at beskytte aktiver og information, da det har avancerede funktionaliteter, s\u00e5som AES-kryptering og SUN-beskedgodkendelse, og beskytter lagring af f\u00f8lsomme data.<\/p>","protected":false},"featured_media":316,"template":"","meta":{"_kad_post_transparent":"default","_kad_post_title":"","_kad_post_layout":"default","_kad_post_sidebar_id":"","_kad_post_content_style":"default","_kad_post_vertical_padding":"default","_kad_post_feature":"","_kad_post_feature_position":"","_kad_post_header":false,"_kad_post_footer":false,"_kad_post_classname":""},"product_brand":[],"product_cat":[54],"product_tag":[135,134],"class_list":{"0":"post-315","1":"product","2":"type-product","3":"status-publish","4":"has-post-thumbnail","6":"product_cat-hot-selling-rfid-tags","7":"product_tag-tamper-proof-nfc-sticker","8":"product_tag-tamper-proof-nfc-sticker-ntag424-dna-tt","10":"first","11":"instock","12":"shipping-taxable","13":"product-type-simple","14":"entry","15":"content-bg","16":"loop-entry"},"_links":{"self":[{"href":"https:\/\/rfid-laundry-tag.com\/da\/wp-json\/wp\/v2\/product\/315","targetHints":{"allow":["GET"]}}],"collection":[{"href":"https:\/\/rfid-laundry-tag.com\/da\/wp-json\/wp\/v2\/product"}],"about":[{"href":"https:\/\/rfid-laundry-tag.com\/da\/wp-json\/wp\/v2\/types\/product"}],"version-history":[{"count":1,"href":"https:\/\/rfid-laundry-tag.com\/da\/wp-json\/wp\/v2\/product\/315\/revisions"}],"predecessor-version":[{"id":1566,"href":"https:\/\/rfid-laundry-tag.com\/da\/wp-json\/wp\/v2\/product\/315\/revisions\/1566"}],"wp:featuredmedia":[{"embeddable":true,"href":"https:\/\/rfid-laundry-tag.com\/da\/wp-json\/wp\/v2\/media\/316"}],"wp:attachment":[{"href":"https:\/\/rfid-laundry-tag.com\/da\/wp-json\/wp\/v2\/media?parent=315"}],"wp:term":[{"taxonomy":"product_brand","embeddable":true,"href":"https:\/\/rfid-laundry-tag.com\/da\/wp-json\/wp\/v2\/product_brand?post=315"},{"taxonomy":"product_cat","embeddable":true,"href":"https:\/\/rfid-laundry-tag.com\/da\/wp-json\/wp\/v2\/product_cat?post=315"},{"taxonomy":"product_tag","embeddable":true,"href":"https:\/\/rfid-laundry-tag.com\/da\/wp-json\/wp\/v2\/product_tag?post=315"}],"curies":[{"name":"wp","href":"https:\/\/api.w.org\/{rel}","templated":true}]}}