{"id":313,"date":"2024-06-28T01:43:55","date_gmt":"2024-06-28T01:43:55","guid":{"rendered":"https:\/\/rfid-laundry-tag.com\/?post_type=product&#038;p=313"},"modified":"2024-08-19T15:55:01","modified_gmt":"2024-08-19T15:55:01","slug":"tamper-proof-ntag424-dna-tt-nfc-label","status":"publish","type":"product","link":"https:\/\/rfid-laundry-tag.com\/da\/vare\/tamper-proof-ntag424-dna-tt-nfc-label\/","title":{"rendered":"Tamper Proof Ntag424 DNA TT NFC-m\u00e6rke"},"content":{"rendered":"<table class=\"hight-light-first-column all magic-8\">\n<tbody>\n<tr>\n<td colspan=\"1\" rowspan=\"1\">\n<div class=\"magic-11\"><span class=\"magic-7\" data-spm-anchor-id=\"a2700.details.0.i73.5472537dnd6ZwT\">Varens navn<\/span><\/div>\n<\/td>\n<td colspan=\"1\" rowspan=\"1\">\n<div class=\"magic-12\"><span class=\"magic-7\">Anti-falsk NFC tag<\/span><\/div>\n<\/td>\n<\/tr>\n<tr>\n<td colspan=\"1\" rowspan=\"1\">\n<div class=\"magic-11\"><span class=\"magic-7\">S\u00f8geord<\/span><\/div>\n<\/td>\n<td colspan=\"1\" rowspan=\"1\">\n<div class=\"magic-12\"><span class=\"magic-7\">Tamper Proof Ntag424 DNA TT NFC-m\u00e6rke<\/span><\/div>\n<\/td>\n<\/tr>\n<tr>\n<td colspan=\"1\" rowspan=\"1\">\n<div class=\"magic-11\"><span class=\"magic-7\">Materiale<\/span><\/div>\n<\/td>\n<td colspan=\"1\" rowspan=\"1\">\n<div class=\"magic-12\"><span class=\"magic-7\">AL+PET+Papir<\/span><\/div>\n<\/td>\n<\/tr>\n<tr>\n<td colspan=\"1\" rowspan=\"1\">\n<div class=\"magic-11\"><span class=\"magic-7\">St\u00f8rrelse<\/span><\/div>\n<\/td>\n<td colspan=\"1\" rowspan=\"1\">\n<div class=\"magic-12\"><span class=\"magic-7\">24*49*0,2 mm<\/span><\/div>\n<\/td>\n<\/tr>\n<tr>\n<td colspan=\"1\" rowspan=\"1\">\n<div class=\"magic-11\"><span class=\"magic-7\">Chip<\/span><\/div>\n<\/td>\n<td colspan=\"1\" rowspan=\"1\">\n<div class=\"magic-12\"><span class=\"magic-7\">NTag 424 DNA TT<\/span><\/div>\n<\/td>\n<\/tr>\n<tr>\n<td colspan=\"1\" rowspan=\"1\">\n<div class=\"magic-11\"><span class=\"magic-7\">Hukommelse<\/span><\/div>\n<\/td>\n<td colspan=\"1\" rowspan=\"1\">\n<div class=\"magic-12\" data-spm-anchor-id=\"a2700.details.0.i72.5472537dnd6ZwT\"><span class=\"magic-7\">416 bytes<\/span><\/div>\n<\/td>\n<\/tr>\n<tr>\n<td colspan=\"1\" rowspan=\"1\">\n<div class=\"magic-11\"><span class=\"magic-7\">Frekvens<\/span><\/div>\n<\/td>\n<td colspan=\"1\" rowspan=\"1\">\n<div class=\"magic-12\"><span class=\"magic-7\">13,56 MHz<\/span><\/div>\n<\/td>\n<\/tr>\n<tr>\n<td colspan=\"1\" rowspan=\"1\">\n<div class=\"magic-11\"><span class=\"magic-7\">Protokol<\/span><\/div>\n<\/td>\n<td colspan=\"1\" rowspan=\"1\">\n<div class=\"magic-12\"><span class=\"magic-7\">ISO 14443A<\/span><\/div>\n<\/td>\n<\/tr>\n<tr>\n<td colspan=\"1\" rowspan=\"1\">\n<div class=\"magic-11\"><span class=\"magic-7\">Anvendelse<\/span><\/div>\n<\/td>\n<td colspan=\"1\" rowspan=\"1\">\n<div class=\"magic-12\"><span class=\"magic-7\">Alkoholsikkerhed, Avanceret kosmetik, Smykker, Asset Management osv.<\/span><\/div>\n<\/td>\n<\/tr>\n<tr>\n<td colspan=\"1\" rowspan=\"1\">\n<div class=\"magic-11\"><span class=\"magic-7\">Feature<\/span><\/div>\n<\/td>\n<td colspan=\"1\" rowspan=\"1\">\n<div class=\"magic-12\"><span class=\"magic-7\">ANTI-FAKE<\/span><\/div>\n<\/td>\n<\/tr>\n<\/tbody>\n<\/table>\n<p>&nbsp;<\/p>\n<p>NTAG 424 DNA er h\u00f8jsikkerhed, kraftfuld NFC-tag leveret af NXP-halvledere. Tagget er ideelt til at beskytte aktiver og information, da det har avancerede funktionaliteter, s\u00e5som AES-kryptering og SUN-beskedgodkendelse, og beskytter lagring af f\u00f8lsomme data.<\/p>\n<div class=\"auto-hide-last-sibling-br paragraph_9dc5f paragraph-element\">NTAG 424 DNA TT (NT4H2421Tx) repr\u00e6senterer et utroligt fremskridt inden for NFC- og IoT-applikationer. Det er holdning til \u00f8get sikkerhed, og produktintegritetsbeskyttelse er et vidnesbyrd om dets avancerede design.<\/div>\n<p>&nbsp;<\/p>\n<div class=\"auto-hide-last-sibling-br paragraph_9dc5f paragraph-element\"><strong>Funktioner af NTAG 424 DNA TT (NT4H2421Tx):<\/strong><\/div>\n<div><\/div>\n<ol class=\"auto-hide-last-sibling-br\">\n<li>\n<div class=\"auto-hide-last-sibling-br paragraph_9dc5f paragraph-element\"><strong>H\u00f8j sikkerhed:<\/strong>\u00a0Med state-of-the-art sikkerhedsforanstaltninger p\u00e5 plads tilbyder denne chip avanceret beskyttelse mod uautoriseret adgang og manipulation.<\/div>\n<\/li>\n<li>\n<div class=\"auto-hide-last-sibling-br paragraph_9dc5f paragraph-element\"><strong>Statusregistrering:<\/strong>\u00a0Chippen bruger skarpe statusdetektionsalgoritmer til hurtigt at identificere eventuelle uregelm\u00e6ssigheder. Denne funktion er is\u00e6r nyttig til at detektere fors\u00f8g p\u00e5 manipulation af produkterne.<\/div>\n<\/li>\n<li>\n<div class=\"auto-hide-last-sibling-br paragraph_9dc5f paragraph-element\"><strong>Beskyttelse af personlige oplysninger:<\/strong>\u00a0I en \u00e6ra, hvor privatlivets fred er h\u00f8jt v\u00e6rdsat, giver NTAG 424 DNA TT (NT4H2421Tx) ogs\u00e5 p\u00e5lidelige beskyttelsesmekanismer mod potentielle databrud.<\/div>\n<\/li>\n<li>\n<div class=\"auto-hide-last-sibling-br paragraph_9dc5f paragraph-element\"><strong>Indgrebssikkert design:<\/strong>\u00a0Produktet er genialt designet med manipulationssikre funktioner s\u00e5som brugen af skr\u00f8belige materialer ved fremstillingen af antennen, strimlet papir og anti-afskalningsforanstaltninger for at sikre, at m\u00e6rket ikke kan overf\u00f8res.<\/div>\n<\/li>\n<li>\n<div class=\"auto-hide-last-sibling-br paragraph_9dc5f paragraph-element\"><strong>Effektiv detektion:<\/strong>\u00a0Komplette og kompromisl\u00f8se etiketter kan hurtigt identificeres af en NFC-aktiveret kortl\u00e6ser eller mobiltelefon. Hvis der bliver manipuleret med, \u00e6ndrer etiketten sin registreringsstatus eller bliver ul\u00e6selig, hvilket indikerer et problem med produktets integritet.<\/div>\n<\/li>\n<\/ol>\n<div class=\"auto-hide-last-sibling-br paragraph_9dc5f paragraph-element\"><strong>Ofte stillede sp\u00f8rgsm\u00e5l om NTAG 424 DNA TT (NT4H2421Tx):<\/strong><\/div>\n<div><\/div>\n<div class=\"auto-hide-last-sibling-br paragraph_9dc5f paragraph-element\">Q:\u00a0<strong>Hvilke applikationer vil have st\u00f8rst gavn af NTAG 424 DNA TT (NT4H2421Tx)?<\/strong><br class=\"container_21264 wrapper_661ac undefined\" \/>A: NTAG 424 DNA TT (NT4H2421Tx) bruges mest i industrier, der kr\u00e6ver h\u00f8j sikkerhed, s\u00e5som luksusvarer, l\u00e6gemidler, vigtige dokumenter og andre genstande, der kr\u00e6ver strenge foranstaltninger mod forfalskning.<\/div>\n<div><\/div>\n<div class=\"auto-hide-last-sibling-br paragraph_9dc5f paragraph-element\">Q:\u00a0<strong>Hvor p\u00e5lidelig er funktionen til registrering af sabotage?<\/strong><br class=\"container_21264 wrapper_661ac undefined\" \/>A: M\u00e6rket bruger omhyggeligt designede skr\u00f8belige materialer, der g\u00f8r det meget f\u00f8lsomt over for eventuelle manipulationsfors\u00f8g. N\u00e5r den bliver manipuleret, \u00e6ndrer den sin registreringsstatus eller bliver ul\u00e6selig, hvilket effektivt markerer alle uautoriserede manipulationsfors\u00f8g.<\/div>\n<div class=\"auto-hide-last-sibling-br paragraph_9dc5f paragraph-element\">Disse avancerede funktioner i NTAG 424 DNA TT (NT4H2421Tx) tjener til at styrke sikkerheden, beskyttelsen og \u00e6gtheden af ethvert produkt, det er forbundet med.<\/div>","protected":false},"excerpt":{"rendered":"<p>NTAG 424 DNA TT s\u00e6tter en ny standard inden for sikre NFC- og IoT-applikationer og introducerer en ny NTAG DNA-chipgeneration med avancerede funktioner til sikkerhed, statusdetektion og beskyttelse af privatlivets fred.<\/p>","protected":false},"featured_media":314,"template":"","meta":{"_kad_post_transparent":"default","_kad_post_title":"","_kad_post_layout":"default","_kad_post_sidebar_id":"","_kad_post_content_style":"default","_kad_post_vertical_padding":"default","_kad_post_feature":"","_kad_post_feature_position":"","_kad_post_header":false,"_kad_post_footer":false,"_kad_post_classname":""},"product_brand":[],"product_cat":[54],"product_tag":[130,131],"class_list":{"0":"post-313","1":"product","2":"type-product","3":"status-publish","4":"has-post-thumbnail","6":"product_cat-hot-selling-rfid-tags","7":"product_tag-tamper-proof-ntag424-dna-tt-nfc-sticker","8":"product_tag-tamper-proof-ntag424-tt-nfc-sticker","10":"first","11":"instock","12":"shipping-taxable","13":"product-type-simple","14":"entry","15":"content-bg","16":"loop-entry"},"_links":{"self":[{"href":"https:\/\/rfid-laundry-tag.com\/da\/wp-json\/wp\/v2\/product\/313","targetHints":{"allow":["GET"]}}],"collection":[{"href":"https:\/\/rfid-laundry-tag.com\/da\/wp-json\/wp\/v2\/product"}],"about":[{"href":"https:\/\/rfid-laundry-tag.com\/da\/wp-json\/wp\/v2\/types\/product"}],"version-history":[{"count":3,"href":"https:\/\/rfid-laundry-tag.com\/da\/wp-json\/wp\/v2\/product\/313\/revisions"}],"predecessor-version":[{"id":1569,"href":"https:\/\/rfid-laundry-tag.com\/da\/wp-json\/wp\/v2\/product\/313\/revisions\/1569"}],"wp:featuredmedia":[{"embeddable":true,"href":"https:\/\/rfid-laundry-tag.com\/da\/wp-json\/wp\/v2\/media\/314"}],"wp:attachment":[{"href":"https:\/\/rfid-laundry-tag.com\/da\/wp-json\/wp\/v2\/media?parent=313"}],"wp:term":[{"taxonomy":"product_brand","embeddable":true,"href":"https:\/\/rfid-laundry-tag.com\/da\/wp-json\/wp\/v2\/product_brand?post=313"},{"taxonomy":"product_cat","embeddable":true,"href":"https:\/\/rfid-laundry-tag.com\/da\/wp-json\/wp\/v2\/product_cat?post=313"},{"taxonomy":"product_tag","embeddable":true,"href":"https:\/\/rfid-laundry-tag.com\/da\/wp-json\/wp\/v2\/product_tag?post=313"}],"curies":[{"name":"wp","href":"https:\/\/api.w.org\/{rel}","templated":true}]}}