{"id":312,"date":"2024-06-26T17:16:17","date_gmt":"2024-06-26T17:16:17","guid":{"rendered":"https:\/\/rfid-laundry-tag.com\/?post_type=product&#038;p=312"},"modified":"2024-06-26T17:19:23","modified_gmt":"2024-06-26T17:19:23","slug":"ntag213-nfc-inlay-dia25mm","status":"publish","type":"product","link":"https:\/\/rfid-laundry-tag.com\/da\/vare\/ntag213-nfc-inlay-dia25mm\/","title":{"rendered":"Ntag213 NFC Indl\u00e6g Dia25mm"},"content":{"rendered":"<div class=\"text-title\"><strong><span class=\"magic-26\" style=\"font-family: Arial;\" data-spm-anchor-id=\"a2700.details.0.i47.6f4d7d7dnursE7\">NFC t\u00f8r indl\u00e6g<\/span><\/strong><\/div>\n<div class=\"text-content\">\n<p><span class=\"magic-6\" style=\"font-family: Arial;\">Simpelthen sagt er RFID t\u00f8rt indl\u00e6g en kombination af RFID-chip og antenne. Det kan bruges til at lave NFC-m\u00e6rkat, RFID-etiket, RFID-billet og forskellige RFID-tags. <\/span><\/p>\n<div data-spm-anchor-id=\"a2700.details.0.i46.6f4d7d7dnursE7\">\n<p><span class=\"magic-6\" style=\"font-family: Arial;\"> Antenne af t\u00f8rt indl\u00e6g er aluminium\u00e6tsning, som er tyndere sammenlignet med kobberspiral. Antennes form kan tilpasses og redesignes efter behov.<\/span><\/p>\n<div><\/div>\n<\/div>\n<\/div>\n<div>\n<div class=\"text-title\"><strong><span class=\"magic-26\" style=\"font-family: Arial;\">NFC v\u00e5d indl\u00e6g<\/span><\/strong><\/div>\n<div class=\"text-content\">\n<p><span class=\"magic-6\" style=\"font-family: Arial;\" data-spm-anchor-id=\"a2700.details.0.i49.6f4d7d7dnursE7\">RFID t\u00f8rt indl\u00e6g tilsat et kl\u00e6bemiddel kaldes v\u00e5dt indl\u00e6g. Det kan bruges som en RFID-etiket eller NFC-klisterm\u00e6rke direkte, hvis du ikke har brug for udskrivning p\u00e5 overfladen. At blive klistret p\u00e5 genstandene kan spare omkostninger og opn\u00e5 samme form\u00e5l. Det er ogs\u00e5 almindeligt anvendt til fremstilling af RFID-tags. Antenne af v\u00e5dt indl\u00e6g er aluminium\u00e6tsning, som er tyndere sammenlignet med kobberspiral. Antennes form kan tilpasses og redesignes efter behov.<\/span><\/p>\n<div>\n<h2>Ntag213 NFC Indl\u00e6g Dia25mm<\/h2>\n<p>Denne specifikation beskriver et Ntag213 NFC-indl\u00e6g med en diameter p\u00e5 25 mm. Det er et t\u00f8rt indl\u00e6g, hvilket betyder, at det ikke har en kl\u00e6bende bagside og kr\u00e6ver yderligere trin til fastg\u00f8relse til en genstand.<\/p>\n<p><strong>N\u00f8glefunktioner:<\/strong><\/p>\n<ul>\n<li><strong>Chip:<\/strong>\u00a0Ntag213<\/li>\n<li><strong>Diameter:<\/strong>\u00a025 mm<\/li>\n<li><strong>Type:<\/strong>\u00a0T\u00f8rt indl\u00e6g<\/li>\n<li><strong>Protokol:<\/strong>\u00a0ISO\/IEC 14443 Type A<\/li>\n<li><strong>Frekvens:<\/strong>\u00a013,56 MHz<\/li>\n<li><strong>Hukommelse:<\/strong>\u00a0144 bytes<\/li>\n<\/ul>\n<p><strong>Fordele:<\/strong><\/p>\n<ul>\n<li><strong>Omkostningseffektiv:<\/strong>\u00a0Ntag213 er en meget brugt og overkommelig NFC-chip.<\/li>\n<li><strong>Alsidig:<\/strong>\u00a0Velegnet til en lang r\u00e6kke applikationer p\u00e5 grund af dens hukommelsesst\u00f8rrelse og funktionalitet.<\/li>\n<li><strong>Holdbar:<\/strong>\u00a0T\u00f8rre indl\u00e6g giver bedre holdbarhed sammenlignet med v\u00e5de indl\u00e6g.<\/li>\n<li><strong>Kan tilpasses:<\/strong>\u00a0Antennen kan tilpasses til specifikke applikationer.<\/li>\n<\/ul>\n<p><strong>Ans\u00f8gninger:<\/strong><\/p>\n<ul>\n<li><strong>Adgangskontrol:<\/strong>\u00a0N\u00f8glekort, RFID-badges og andre sikre adgangssystemer.<\/li>\n<li><strong>Aktiv sporing:<\/strong>\u00a0Sporing af inventar, udstyr og andre v\u00e6rdifulde aktiver.<\/li>\n<li><strong>Marketing og reklame:<\/strong>\u00a0Interaktive plakater, salgsfremmende materialer og loyalitetsprogrammer.<\/li>\n<li><strong>Betalingssystemer:<\/strong>\u00a0Kontaktl\u00f8se betalingskort og mobilpunge.<\/li>\n<li><strong>Datalagring:<\/strong>\u00a0Lagring af sm\u00e5 m\u00e6ngder data, s\u00e5som produktinformation eller serienumre.<\/li>\n<\/ul>\n<\/div>\n<div data-spm-anchor-id=\"a2700.details.0.i48.6f4d7d7dnursE7\"><\/div>\n<\/div>\n<\/div>","protected":false},"excerpt":{"rendered":"<p><strong>RFID NFC indl\u00e6g<\/strong> findes i to typer, v\u00e5d og t\u00f8r. Et v\u00e5dt RFID NFC-indl\u00e6g kommer med en kl\u00e6brig bagside, mens en t\u00f8r ikke g\u00f8r. De giver en tag-mulighed, der fungerer ved 13,56 MHz, specielt designet til originaludstyrsproducenter (OEM&#039;er). B\u00e5de ISO 15693 og 14443 NFC hukommelseschips er tilg\u00e6ngelige til disse indl\u00e6g.<\/p>","protected":false},"featured_media":287,"template":"","meta":{"_kad_post_transparent":"default","_kad_post_title":"","_kad_post_layout":"default","_kad_post_sidebar_id":"","_kad_post_content_style":"default","_kad_post_vertical_padding":"default","_kad_post_feature":"","_kad_post_feature_position":"","_kad_post_header":false,"_kad_post_footer":false,"_kad_post_classname":""},"product_brand":[],"product_cat":[54],"product_tag":[111,129],"class_list":{"0":"post-312","1":"product","2":"type-product","3":"status-publish","4":"has-post-thumbnail","6":"product_cat-hot-selling-rfid-tags","7":"product_tag-nfc-inlay","8":"product_tag-ntag213-nfc-inlay-dia25mm","10":"first","11":"instock","12":"shipping-taxable","13":"product-type-simple","14":"entry","15":"content-bg","16":"loop-entry"},"_links":{"self":[{"href":"https:\/\/rfid-laundry-tag.com\/da\/wp-json\/wp\/v2\/product\/312","targetHints":{"allow":["GET"]}}],"collection":[{"href":"https:\/\/rfid-laundry-tag.com\/da\/wp-json\/wp\/v2\/product"}],"about":[{"href":"https:\/\/rfid-laundry-tag.com\/da\/wp-json\/wp\/v2\/types\/product"}],"version-history":[{"count":0,"href":"https:\/\/rfid-laundry-tag.com\/da\/wp-json\/wp\/v2\/product\/312\/revisions"}],"wp:featuredmedia":[{"embeddable":true,"href":"https:\/\/rfid-laundry-tag.com\/da\/wp-json\/wp\/v2\/media\/287"}],"wp:attachment":[{"href":"https:\/\/rfid-laundry-tag.com\/da\/wp-json\/wp\/v2\/media?parent=312"}],"wp:term":[{"taxonomy":"product_brand","embeddable":true,"href":"https:\/\/rfid-laundry-tag.com\/da\/wp-json\/wp\/v2\/product_brand?post=312"},{"taxonomy":"product_cat","embeddable":true,"href":"https:\/\/rfid-laundry-tag.com\/da\/wp-json\/wp\/v2\/product_cat?post=312"},{"taxonomy":"product_tag","embeddable":true,"href":"https:\/\/rfid-laundry-tag.com\/da\/wp-json\/wp\/v2\/product_tag?post=312"}],"curies":[{"name":"wp","href":"https:\/\/api.w.org\/{rel}","templated":true}]}}