{"id":3117,"date":"2025-12-18T12:06:28","date_gmt":"2025-12-18T12:06:28","guid":{"rendered":"https:\/\/rfid-laundry-tag.com\/?post_type=product&#038;p=3117"},"modified":"2026-01-04T12:40:55","modified_gmt":"2026-01-04T12:40:55","slug":"textile-iron-durable-heat-sealed-rfid-laundry-tag","status":"publish","type":"product","link":"https:\/\/rfid-laundry-tag.com\/da\/vare\/textile-iron-durable-heat-sealed-rfid-laundry-tag\/","title":{"rendered":"Tekstiljern Holdbar Varmeforseglet RFID Vasket\u00f8jsm\u00e6rke"},"content":{"rendered":"<div>\n<div>\n<h2>Tekstiljern Holdbar Varmeforseglet RFID Vasket\u00f8jsm\u00e6rke<\/h2>\n<p>&nbsp;<\/p>\n<p><strong><a href=\"https:\/\/rfid-laundry-tag.com\/da\/textile-rfid-laundry-tag\/\">Varmeforseglet RFID-vasket\u00f8jsm\u00e6rke<\/a>\u00a0\u2013 Holdbar, h\u00f8jtemperaturbestandig tekstilsporingsl\u00f8sning<\/strong><\/p>\n<p>Vores RFID-vasket\u00f8jsm\u00e6rke til varmepresse tilbyder en robust og p\u00e5lidelig l\u00f8sning til tekstilidentifikation og -sporing p\u00e5 tv\u00e6rs af sundhedssektoren, industrivaskeri og uniformh\u00e5ndtering i Europa, USA og Canada. Ogs\u00e5 kendt som en varmeoverf\u00f8ringsm\u00e6rke.\u00a0<a href=\"https:\/\/rfid-laundry-tag.com\/da\/textile-rfid-laundry-tag\/\">RFID vaskem\u00e6rke<\/a>, eller varmeforseglet RFID-vaskem\u00e6rke, leverer den enest\u00e5ende ydeevne under barske vaskeforhold.<\/p>\n<h2>Fordele:<\/h2>\n<p align=\"left\" data-spm-anchor-id=\"a2700.details-description.0.i1.404eTMiRTMiR6E\">1). Vandt\u00e6t og varmebestandig<br \/>\n2). 200 vaskecyklusser eller 300 gange<br \/>\n3). 8~12 meter l\u00e6seafstand<br \/>\n4). Leveringstiden er 3 dage<\/p>\n<\/div>\n<h3>N\u00f8glefunktioner<\/h3>\n<ul>\n<li>Vandt\u00e6t og kemikalieresistent: Designet til at modst\u00e5 reng\u00f8ringsmidler, skyllemidler, blegemiddel (ilt\/klor) og alkalibehandlinger.<\/li>\n<li>Varmeaktiveret RFID-tag: Integreres problemfrit med varmeforseglingsmaskiner for hurtig og fast fastg\u00f8relse.<\/li>\n<li>RFID-vasket\u00f8jsetiket til strygning: Nem at p\u00e5f\u00f8re via standard varmepresse eller syteknikker, ideel til indlejring i tekstilkanter eller vaskeanvisninger.<\/li>\n<li>B\u00e6rbar RFID-tag til varmepressning: Sikrer langvarig vedh\u00e6ftning og reducerer tab af tags gennem hele levetiden.<\/li>\n<li>RFID-vaskem\u00e6rke til h\u00f8je temperaturer: Bygget til at modst\u00e5 den intense varme og mekaniske belastning fra industrielle vaskeprocesser.<\/li>\n<\/ul>\n<div>\n<table width=\"637\">\n<tbody>\n<tr>\n<td width=\"328\">Varenavn:<\/td>\n<td width=\"309\">Tekstiljern Holdbar Varmeforseglet RFID Vasket\u00f8jsm\u00e6rke<\/td>\n<\/tr>\n<tr>\n<td width=\"328\">RFID standard:<\/td>\n<td width=\"309\">ISO\/IEC 18000-6 TypeC (EPC Gen2)<\/td>\n<\/tr>\n<tr>\n<td width=\"328\">St\u00f8rrelse og v\u00e6gt:<\/td>\n<td width=\"309\">\u00a035 mm x 15 mm; 58 mm x 15 mm; 70 mm x 10 mm, 70 x 15 mm, 75 x 12 mm, 75 x 15 mm eller specialfremstillet<\/td>\n<\/tr>\n<tr>\n<td width=\"328\">Chip type:<\/td>\n<td width=\"309\">Monza 4QT, NXP U CODE 9, Alien H9 osv.<\/td>\n<\/tr>\n<tr>\n<td width=\"328\">EPC-hukommelse:<\/td>\n<td width=\"309\">128 bit<\/td>\n<\/tr>\n<tr>\n<td width=\"328\">Brugerhukommelse:<\/td>\n<td width=\"309\">512 bit<\/td>\n<\/tr>\n<tr>\n<td width=\"328\">L\u00e6seomr\u00e5de (2W ERP FCC):<\/td>\n<td width=\"309\">8M~10M<\/td>\n<\/tr>\n<tr>\n<td width=\"328\">L\u00e6seomr\u00e5de (2W ERP ETSI):<\/td>\n<td width=\"309\">8M~10M<\/td>\n<\/tr>\n<tr>\n<td width=\"328\">Tagging:<\/td>\n<td width=\"309\">Varmpr\u00e6gningskl\u00e6bemiddel, varmeforsegling, hul osv.<\/td>\n<\/tr>\n<tr>\n<td width=\"328\">Estimeret levetid:<\/td>\n<td width=\"309\">200 vaskecyklusser eller 300 gange<\/td>\n<\/tr>\n<tr>\n<td width=\"328\">Vaskemetode:<\/td>\n<td width=\"309\">T\u00f8jvask, Renseri<\/td>\n<\/tr>\n<tr>\n<td width=\"328\">Vandudvindingstryk:<\/td>\n<td width=\"309\">60 bar<\/td>\n<\/tr>\n<tr>\n<td width=\"328\">Vandt\u00e6thed:<\/td>\n<td width=\"309\">Vandafvisende<\/td>\n<\/tr>\n<tr>\n<td width=\"328\">Kemisk modstand:<\/td>\n<td width=\"309\">Reng\u00f8ringsmiddel, bl\u00f8dg\u00f8ringsmiddel, blegemiddel (ilt\/klor), alkali<\/td>\n<\/tr>\n<tr>\n<td width=\"328\">Fort\u00f8rring i t\u00f8rretumbler:<\/td>\n<td width=\"309\">125 \u00baC i 15-20 minutter<\/td>\n<\/tr>\n<tr>\n<td width=\"328\">Steriliseringstemperatur:<\/td>\n<td width=\"309\">135\u00b0C i 15-20 minutter<\/td>\n<\/tr>\n<tr>\n<td width=\"328\">Vasketemperatur:<\/td>\n<td width=\"309\">90\u00b0C, op til 15 min.<\/td>\n<\/tr>\n<tr>\n<td width=\"328\">Fugtighed\/temperaturdrift:<\/td>\n<td width=\"309\">-20 til 110\u00b0C, 8 til 95%RH<\/td>\n<\/tr>\n<tr>\n<td width=\"328\">Fugtighed\/temperatur-opbevaring:<\/td>\n<td width=\"309\">-40 til 110\u00b0C, 8 til 95%RH<\/td>\n<\/tr>\n<\/tbody>\n<\/table>\n<\/div>\n<\/div>\n<figure id=\"attachment_3280\" class=\"wp-caption alignnone\" aria-describedby=\"caption-attachment-3280\"><figcaption id=\"caption-attachment-3280\" class=\"wp-caption-text\">\n<figure id=\"attachment_3085\" aria-describedby=\"caption-attachment-3085\" style=\"width: 750px\" class=\"wp-caption alignnone\"><a href=\"https:\/\/rfid-laundry-tag.com\/da\/textile-rfid-laundry-tag\/\"><img fetchpriority=\"high\" decoding=\"async\" class=\"size-full wp-image-3085\" src=\"https:\/\/rfid-laundry-tag.com\/wp-content\/uploads\/2025\/12\/UHF-RFID-washable-laundry-tag-11.jpg\" alt=\"Washable RFID Tags for Laundry Uniform\" width=\"750\" height=\"750\" srcset=\"https:\/\/rfid-laundry-tag.com\/wp-content\/uploads\/2025\/12\/UHF-RFID-washable-laundry-tag-11.jpg 750w, https:\/\/rfid-laundry-tag.com\/wp-content\/uploads\/2025\/12\/UHF-RFID-washable-laundry-tag-11-300x300.jpg 300w, https:\/\/rfid-laundry-tag.com\/wp-content\/uploads\/2025\/12\/UHF-RFID-washable-laundry-tag-11-150x150.jpg 150w, https:\/\/rfid-laundry-tag.com\/wp-content\/uploads\/2025\/12\/UHF-RFID-washable-laundry-tag-11-12x12.jpg 12w, https:\/\/rfid-laundry-tag.com\/wp-content\/uploads\/2025\/12\/UHF-RFID-washable-laundry-tag-11-600x600.jpg 600w, https:\/\/rfid-laundry-tag.com\/wp-content\/uploads\/2025\/12\/UHF-RFID-washable-laundry-tag-11-100x100.jpg 100w\" sizes=\"(max-width: 750px) 100vw, 750px\" \/><\/a><figcaption id=\"caption-attachment-3085\" class=\"wp-caption-text\">Vaskbare RFID-tags til vaskeriuniform<\/figcaption><\/figure>\n<\/figcaption><\/figure>\n<p>Denne RFID-varmekl\u00e6bende vaskeetiket er fremstillet med v\u00e6vet polyester og f\u00f8rsteklasses varmeaktiverede kl\u00e6bemidler og kl\u00e6ber sikkert til bomuld, polyester og blandede tekstiler. Etiketten modst\u00e5r strenge vaskecyklusser, herunder sterilisering ved h\u00f8j temperatur, hvilket g\u00f8r den ideel til brug i RFID-vaskerih\u00e5ndteringssystemer, der er bredt anvendt p\u00e5 hospitaler og industrielle vaskerier.<\/p>\n<div class=\"entry-content-asset videofit\"><iframe title=\"Hvorfor bruge RFID i tekstilvaskeriet?\" src=\"https:\/\/www.youtube.com\/embed\/X_P3EuhS_hE?feature=oembed\" width=\"720\" height=\"405\" frameborder=\"0\" allowfullscreen=\"allowfullscreen\" data-mce-fragment=\"1\"><\/iframe><\/div>\n<div>\n<h3><strong><b>Anvendelser p\u00e5 globale markeder<\/b><\/strong><\/h3>\n<p>Vores\u00a0<strong>RFID-linnedm\u00e6rke til sundhedspleje<\/strong>\u00a0muligg\u00f8r pr\u00e6cis sporing af lagner, h\u00e5ndkl\u00e6der og uniformer, hvilket underst\u00f8tter infektionskontrol og lagerbeholdningsn\u00f8jagtighed p\u00e5 hospitaler i Nordamerika og Europa. Tekstil-RFID-tags til hospitaler forbedrer styringen af linneds livscyklus, reducerer tab og \u00f8ger driftseffektiviteten i compliance-drevne milj\u00f8er.<\/p>\n<p>I industrielle vaskerier,\u00a0<strong>RFID vaskbar tag til industrivaskeri<\/strong>\u00a0er afg\u00f8rende for at h\u00e5ndtere storstilet linnedforarbejdning og tilbyder problemfri integration i\u00a0<strong>RFID-vaskeristyringssystemer<\/strong>\u00a0designet til kr\u00e6vende vaskeforhold.\u00a0<strong>ensartet RFID-sporingschip<\/strong>\u00a0Indlejret i holdbare RFID-tags til uniformer hj\u00e6lper multinationale virksomheder og sundhedsfaciliteter med at opretholde ansvarlighed og optimere uniformcirkulationen.<\/p>\n<h3><strong><b>Installation og brug<\/b><\/strong><\/h3>\n<ul>\n<li><strong>Stingm\u00e6rkning:<\/strong>Sy ind i t\u00f8jets kanter v\u00e6k fra foldelinjerne for at forhindre skader<\/li>\n<li><strong>Varmeforsegling:<\/strong>P\u00e5f\u00f8r ved 200 \u00b0C (392 \u00b0F) i 12-14 sekunder med standard varmeforseglingsmaskiner<\/li>\n<li><strong>I posen:<\/strong>Sy indeni standard vaskeanvisninger for at bevare t\u00f8jets \u00e6stetik<\/li>\n<\/ul>\n<figure id=\"attachment_3407\" class=\"wp-caption alignnone\" aria-describedby=\"caption-attachment-3407\"><figcaption id=\"caption-attachment-3407\" class=\"wp-caption-text\">\n<figure id=\"attachment_2970\" aria-describedby=\"caption-attachment-2970\" style=\"width: 1000px\" class=\"wp-caption alignnone\"><a href=\"https:\/\/rfid-laundry-tag.com\/da\/textile-rfid-laundry-tag\/\"><img decoding=\"async\" class=\"size-full wp-image-2970\" src=\"https:\/\/rfid-laundry-tag.com\/wp-content\/uploads\/2025\/11\/UHF-RFID-washable-laundry-tag-08.jpg\" alt=\"Textile UHF RFID Tags Labels\" width=\"1000\" height=\"1000\" srcset=\"https:\/\/rfid-laundry-tag.com\/wp-content\/uploads\/2025\/11\/UHF-RFID-washable-laundry-tag-08.jpg 1000w, https:\/\/rfid-laundry-tag.com\/wp-content\/uploads\/2025\/11\/UHF-RFID-washable-laundry-tag-08-300x300.jpg 300w, https:\/\/rfid-laundry-tag.com\/wp-content\/uploads\/2025\/11\/UHF-RFID-washable-laundry-tag-08-150x150.jpg 150w, https:\/\/rfid-laundry-tag.com\/wp-content\/uploads\/2025\/11\/UHF-RFID-washable-laundry-tag-08-768x768.jpg 768w, https:\/\/rfid-laundry-tag.com\/wp-content\/uploads\/2025\/11\/UHF-RFID-washable-laundry-tag-08-12x12.jpg 12w, https:\/\/rfid-laundry-tag.com\/wp-content\/uploads\/2025\/11\/UHF-RFID-washable-laundry-tag-08-600x600.jpg 600w, https:\/\/rfid-laundry-tag.com\/wp-content\/uploads\/2025\/11\/UHF-RFID-washable-laundry-tag-08-100x100.jpg 100w\" sizes=\"(max-width: 1000px) 100vw, 1000px\" \/><\/a><figcaption id=\"caption-attachment-2970\" class=\"wp-caption-text\">Tekstil UHF RFID-m\u00e6rker<\/figcaption><\/figure>\n<\/figcaption><\/figure>\n<p>Integreret med avanceret varmeforseglingsteknologi giver disse tags ensartet tryk p\u00e5 pletten og automatisk feedback for at sikre fejlfri p\u00e5f\u00f8ring.<\/p>\n<p>&nbsp;<\/p>\n<\/div>","protected":false},"excerpt":{"rendered":"<p>Vi er TOP 5-producenten af UHF RFID-vaskem\u00e6rker<strong>.Tekstiljern Holdbar varmeforseglet RFID-vasket\u00f8jsm\u00e6rke <\/strong>sikrer holdbar tekstilsporing inden for sundhedspleje, vaskeri og uniformer i hele Europa, USA og Canada \u2013 modstandsdygtig over for barske vaskeprogrammer.<\/p>","protected":false},"featured_media":3118,"template":"","meta":{"_kad_post_transparent":"default","_kad_post_title":"","_kad_post_layout":"default","_kad_post_sidebar_id":"","_kad_post_content_style":"default","_kad_post_vertical_padding":"default","_kad_post_feature":"","_kad_post_feature_position":"","_kad_post_header":false,"_kad_post_footer":false,"_kad_post_classname":""},"product_brand":[],"product_cat":[16],"product_tag":[24,375,342,339,65,368,30,374,373],"class_list":{"0":"post-3117","1":"product","2":"type-product","3":"status-publish","4":"has-post-thumbnail","6":"product_cat-uhf-rfid-laundry-tags","7":"product_tag-laundry-rfid-tags","8":"product_tag-rfid-laundry-tag-7015mm","9":"product_tag-rfid-laundry-tags","10":"product_tag-rfid-washable-tags","11":"product_tag-textile-rfid-laundry-tags","12":"product_tag-textile-uhf-rfid-tags-labels","13":"product_tag-uhf-rfid-laundry-tag","14":"product_tag-washable-uhf-rfid-labels","15":"product_tag-washable-uhf-rfid-laundry-textile-labels","17":"first","18":"instock","19":"featured","20":"shipping-taxable","21":"product-type-simple","22":"entry","23":"content-bg","24":"loop-entry"},"_links":{"self":[{"href":"https:\/\/rfid-laundry-tag.com\/da\/wp-json\/wp\/v2\/product\/3117","targetHints":{"allow":["GET"]}}],"collection":[{"href":"https:\/\/rfid-laundry-tag.com\/da\/wp-json\/wp\/v2\/product"}],"about":[{"href":"https:\/\/rfid-laundry-tag.com\/da\/wp-json\/wp\/v2\/types\/product"}],"version-history":[{"count":3,"href":"https:\/\/rfid-laundry-tag.com\/da\/wp-json\/wp\/v2\/product\/3117\/revisions"}],"predecessor-version":[{"id":3168,"href":"https:\/\/rfid-laundry-tag.com\/da\/wp-json\/wp\/v2\/product\/3117\/revisions\/3168"}],"wp:featuredmedia":[{"embeddable":true,"href":"https:\/\/rfid-laundry-tag.com\/da\/wp-json\/wp\/v2\/media\/3118"}],"wp:attachment":[{"href":"https:\/\/rfid-laundry-tag.com\/da\/wp-json\/wp\/v2\/media?parent=3117"}],"wp:term":[{"taxonomy":"product_brand","embeddable":true,"href":"https:\/\/rfid-laundry-tag.com\/da\/wp-json\/wp\/v2\/product_brand?post=3117"},{"taxonomy":"product_cat","embeddable":true,"href":"https:\/\/rfid-laundry-tag.com\/da\/wp-json\/wp\/v2\/product_cat?post=3117"},{"taxonomy":"product_tag","embeddable":true,"href":"https:\/\/rfid-laundry-tag.com\/da\/wp-json\/wp\/v2\/product_tag?post=3117"}],"curies":[{"name":"wp","href":"https:\/\/api.w.org\/{rel}","templated":true}]}}