{"id":310,"date":"2024-06-26T17:12:34","date_gmt":"2024-06-26T17:12:34","guid":{"rendered":"https:\/\/rfid-laundry-tag.com\/?post_type=product&#038;p=310"},"modified":"2024-06-26T17:15:58","modified_gmt":"2024-06-26T17:15:58","slug":"anti-metal-uhf-rfid-tag","status":"publish","type":"product","link":"https:\/\/rfid-laundry-tag.com\/da\/vare\/anti-metal-uhf-rfid-tag\/","title":{"rendered":"Anti-metal UHF RFID Tag"},"content":{"rendered":"<h2>Anti-metal UHF RFID Tag<\/h2>\n<h2>Tilg\u00e6ngelige tilpasninger:<\/h2>\n<p><strong>Trykning:<\/strong><\/p>\n<ul>\n<li><strong>Farvemuligheder:<\/strong>\n<ul>\n<li>Monokrom udskrivning<\/li>\n<li>4-farvet offsettryk<\/li>\n<\/ul>\n<\/li>\n<li><strong>Input:<\/strong>\n<ul>\n<li>Grafisk layout leveret af kunden i vektorformat<\/li>\n<\/ul>\n<\/li>\n<li><strong>Tilfreds:<\/strong>\n<ul>\n<li>EPC kode udskrivning<\/li>\n<li>Progressiv seriekodeudskrivning:\n<ul>\n<li>Fra databasen<\/li>\n<li>Fra .xls-fil<\/li>\n<\/ul>\n<\/li>\n<li>Udskrivning af stregkoder<\/li>\n<li>QRCode udskrivning<\/li>\n<\/ul>\n<\/li>\n<li><strong>Yderligere tilpasningsmuligheder tilg\u00e6ngelige p\u00e5 eftersp\u00f8rgsel.<\/strong><\/li>\n<\/ul>\n<p><strong>Chiphukommelseskodning:<\/strong><\/p>\n<ul>\n<li><strong>RFID UHF-transponderkodning:<\/strong>\n<ul>\n<li>EPC-kodekodning<\/li>\n<li>UHF tag hukommelse skrive:\n<ul>\n<li>Fra database leveret af klienten<\/li>\n<\/ul>\n<\/li>\n<\/ul>\n<\/li>\n<li><strong>Hukommelsesl\u00e5sning:<\/strong>\n<ul>\n<li>Midlertidig eller permanent l\u00e5sning via adgangskode<\/li>\n<\/ul>\n<\/li>\n<li><strong>Dataforening:<\/strong>\n<ul>\n<li>EPC kode og TID kode tilknytning i database<\/li>\n<li>TID kode og progressiv\/stregkode forening<\/li>\n<\/ul>\n<\/li>\n<\/ul>\n<table class=\"has-title all magic-4\">\n<tbody>\n<tr>\n<td colspan=\"1\" rowspan=\"1\">\n<div class=\"magic-5\" data-spm-anchor-id=\"a2700.details.0.i72.6b4c1284vyugjJ\">Materiale<\/div>\n<\/td>\n<td colspan=\"1\" rowspan=\"1\">\n<div class=\"magic-6\">ABS<\/div>\n<\/td>\n<\/tr>\n<tr>\n<td colspan=\"1\" rowspan=\"1\">\n<div class=\"magic-5\">St\u00f8rrelse<\/div>\n<\/td>\n<td colspan=\"1\" rowspan=\"1\">\n<div class=\"magic-6\">78x31x10mm eller tilpasset<\/div>\n<\/td>\n<\/tr>\n<tr>\n<td colspan=\"1\" rowspan=\"1\">\n<div class=\"magic-5\">Frekvens<\/div>\n<\/td>\n<td colspan=\"1\" rowspan=\"1\">\n<div class=\"magic-6\">860-960 MHz<\/div>\n<\/td>\n<\/tr>\n<tr>\n<td colspan=\"1\" rowspan=\"1\">\n<div class=\"magic-5\">IC-type (chip)<\/div>\n<\/td>\n<td colspan=\"1\" rowspan=\"1\">\n<div class=\"magic-6\">Impinj Monza R6P<\/div>\n<\/td>\n<\/tr>\n<tr>\n<td colspan=\"1\" rowspan=\"1\">\n<div class=\"magic-5\">Protokol<\/div>\n<\/td>\n<td colspan=\"1\" rowspan=\"1\">\n<div class=\"magic-6\">EPC Global Class 1 Gen2 &amp; ISO18000-6C<\/div>\n<\/td>\n<\/tr>\n<tr>\n<td colspan=\"1\" rowspan=\"1\">\n<div class=\"magic-7\">Hukommelse<\/div>\n<\/td>\n<td colspan=\"1\" rowspan=\"1\">\n<div class=\"magic-6\">EPC 128 bit, bruger 32 bit<\/div>\n<\/td>\n<\/tr>\n<tr>\n<td colspan=\"1\" rowspan=\"1\">\n<div class=\"magic-5\">Tag Form Factor<\/div>\n<\/td>\n<td colspan=\"1\" rowspan=\"1\">\n<div class=\"magic-6\">H\u00e5rdt tag<\/div>\n<\/td>\n<\/tr>\n<tr>\n<td colspan=\"1\" rowspan=\"1\">\n<div class=\"magic-5\">Vedh\u00e6ftningsmetode<\/div>\n<\/td>\n<td colspan=\"1\" rowspan=\"1\">\n<div class=\"magic-6\" data-spm-anchor-id=\"a2700.details.0.i73.6b4c1284vyugjJ\">Skruefiksering, filmlim<\/div>\n<\/td>\n<\/tr>\n<tr>\n<td colspan=\"1\" rowspan=\"1\">\n<div class=\"magic-5\">Driftstemperatur<\/div>\n<\/td>\n<td colspan=\"1\" rowspan=\"1\">\n<div class=\"magic-6\">-35 \u00b0C \/ +90 \u00b0C<\/div>\n<\/td>\n<\/tr>\n<tr>\n<td colspan=\"1\" rowspan=\"1\">\n<div class=\"magic-5\">L\u00e6s afstand<\/div>\n<\/td>\n<td colspan=\"1\" rowspan=\"1\">\n<div class=\"magic-6\" data-spm-anchor-id=\"a2700.details.0.i67.6b4c1284vyugjJ\">Op til 10m<\/div>\n<\/td>\n<\/tr>\n<tr>\n<td colspan=\"1\" rowspan=\"1\">\n<div class=\"magic-8\">Anvendelige overfladematerialer<\/div>\n<\/td>\n<td colspan=\"1\" rowspan=\"1\">\n<div class=\"magic-6\">Metal og ikke-metalliske underlag<\/div>\n<\/td>\n<\/tr>\n<tr>\n<td colspan=\"1\" rowspan=\"1\">\n<div class=\"magic-7\">IP-vurdering<\/div>\n<\/td>\n<td colspan=\"1\" rowspan=\"1\">\n<div class=\"magic-6\">IP68<\/div>\n<\/td>\n<\/tr>\n<tr>\n<td colspan=\"1\" rowspan=\"1\">\n<div class=\"magic-7\">Anvendelse<\/div>\n<\/td>\n<td colspan=\"1\" rowspan=\"1\">\n<div class=\"magic-6\">Til aktiver, tung industri og udend\u00f8rs brug<\/div>\n<\/td>\n<\/tr>\n<\/tbody>\n<\/table>\n<p>&nbsp;<\/p>\n<p><strong>Konklusion:<\/strong><\/p>\n<p>ABS RFID Tag er en alsidig og tilpasselig l\u00f8sning til forskellige applikationer, der tilbyder en kombination af robust ydeevne og fleksible muligheder for at im\u00f8dekomme specifikke behov.<\/p>","protected":false},"excerpt":{"rendered":"<p>Anti-metal UHF RFID Tag er et kraftfuldt, langtr\u00e6kkende passivt UHF RFID tag designet til at udm\u00e6rke sig i kr\u00e6vende milj\u00f8er. Den kan l\u00e6ses p\u00e5lideligt til, fra og endda i n\u00e6rheden af metaloverflader, hvilket giver enest\u00e5ende fleksibilitet til aktivsporing. Dens kompakte st\u00f8rrelse og robuste, vandt\u00e6tte konstruktion sikrer langvarig ydeevne i udend\u00f8rs og industrielle applikationer.<\/p>","protected":false},"featured_media":311,"template":"","meta":{"_kad_post_transparent":"default","_kad_post_title":"","_kad_post_layout":"default","_kad_post_sidebar_id":"","_kad_post_content_style":"default","_kad_post_vertical_padding":"default","_kad_post_feature":"","_kad_post_feature_position":"","_kad_post_header":false,"_kad_post_footer":false,"_kad_post_classname":""},"product_brand":[],"product_cat":[54],"product_tag":[128,119],"class_list":{"0":"post-310","1":"product","2":"type-product","3":"status-publish","4":"has-post-thumbnail","6":"product_cat-hot-selling-rfid-tags","7":"product_tag-anti-metal-uhf-rfid-tag","8":"product_tag-on-metal-abs-uhf-rfid-tag","10":"first","11":"instock","12":"shipping-taxable","13":"product-type-simple","14":"entry","15":"content-bg","16":"loop-entry"},"_links":{"self":[{"href":"https:\/\/rfid-laundry-tag.com\/da\/wp-json\/wp\/v2\/product\/310","targetHints":{"allow":["GET"]}}],"collection":[{"href":"https:\/\/rfid-laundry-tag.com\/da\/wp-json\/wp\/v2\/product"}],"about":[{"href":"https:\/\/rfid-laundry-tag.com\/da\/wp-json\/wp\/v2\/types\/product"}],"version-history":[{"count":0,"href":"https:\/\/rfid-laundry-tag.com\/da\/wp-json\/wp\/v2\/product\/310\/revisions"}],"wp:featuredmedia":[{"embeddable":true,"href":"https:\/\/rfid-laundry-tag.com\/da\/wp-json\/wp\/v2\/media\/311"}],"wp:attachment":[{"href":"https:\/\/rfid-laundry-tag.com\/da\/wp-json\/wp\/v2\/media?parent=310"}],"wp:term":[{"taxonomy":"product_brand","embeddable":true,"href":"https:\/\/rfid-laundry-tag.com\/da\/wp-json\/wp\/v2\/product_brand?post=310"},{"taxonomy":"product_cat","embeddable":true,"href":"https:\/\/rfid-laundry-tag.com\/da\/wp-json\/wp\/v2\/product_cat?post=310"},{"taxonomy":"product_tag","embeddable":true,"href":"https:\/\/rfid-laundry-tag.com\/da\/wp-json\/wp\/v2\/product_tag?post=310"}],"curies":[{"name":"wp","href":"https:\/\/api.w.org\/{rel}","templated":true}]}}