{"id":3084,"date":"2025-12-18T10:22:25","date_gmt":"2025-12-18T10:22:25","guid":{"rendered":"https:\/\/rfid-laundry-tag.com\/?post_type=product&#038;p=3084"},"modified":"2025-12-18T10:22:26","modified_gmt":"2025-12-18T10:22:26","slug":"washable-rfid-tags-for-laundry-uniform","status":"publish","type":"product","link":"https:\/\/rfid-laundry-tag.com\/da\/vare\/washable-rfid-tags-for-laundry-uniform\/","title":{"rendered":"Vaskbare RFID-tags til vaskeriuniform"},"content":{"rendered":"<h2>Vaskbare RFID-tags til vaskeriuniform<\/h2>\n<div class=\"auto-hide-last-sibling-br paragraph_1252f paragraph-element\">\n<div class=\"auto-hide-last-sibling-br paragraph_1252f paragraph-element\">Bekl\u00e6dningen <a href=\"https:\/\/rfid-laundry-tag.com\/da\/uhf-rfid-laundry-tags\/\">Vaskbar RFID-tag<\/a> er et alsidigt alternativ til traditionelle RFID-vaskem\u00e6rker, specielt designet til at modst\u00e5 over 50 vaske i husholdningen med kun en minimal reduktion (10% til 15%) i RFID-ydeevne. Denne vandt\u00e6tte RFID-m\u00e6rke fungerer som den ideelle omkostningseffektive l\u00f8sning og er perfekt til udlejning og detailhandel med bekl\u00e6dningsgenstande, fodt\u00f8j og lagner.<\/div>\n<div><\/div>\n<div class=\"auto-hide-last-sibling-br paragraph_1252f paragraph-element\">Med en unik struktur og beskyttelsesmekanisme til RFID-chippen kan denne tag overleve mere end 50 husholdningsvaskecyklusser. Det kan v\u00e6re up\u00e5faldende gemt i en s\u00f8m eller glidet ind i et plejem\u00e6rke, hvilket g\u00f8r det praktisk talt ubem\u00e6rket.<\/div>\n<p>&nbsp;<\/p>\n<div class=\"auto-hide-last-sibling-br paragraph_1252f paragraph-element\">Det, der adskiller dette UHF RFID-m\u00e6rke fra andre vaskbare linnedm\u00e6rker, er dets slanke 0,55 mm gennemsigtige design, hvilket g\u00f8r det til det tyndeste p\u00e5 markedet. Alt i alt pr\u00e6senterer dette en innovativ UHF RFID-l\u00f8sning til bekl\u00e6dning, der tilbyder omkostningseffektivitet, holdbarhed og diskretion.<\/div>\n<div><\/div>\n<div data-spm-anchor-id=\"a2700.details.0.i57.23b419c7xXORP0\"><span data-spm-anchor-id=\"a2700.details.0.i75.23b419c7xXORP0\"><b>Funktion:<\/b><br \/>\n1) UHF-teknologi til at l\u00e6se hundredvis af tags samtidigt.<br \/>\n2) Mere end 8 fods l\u00e6seafstand.<br \/>\n3) Nyt mekanisk design for forbedret ydeevne for fladt senget\u00f8j.<br \/>\n4) Velegnet til h\u00f8jtrykssugere op til 60 bar.<br \/>\n5) Velegnet til autoklave sterilisering.<br \/>\n6) Lille, bl\u00f8dt, fleksibelt materiale ideelt til tekstiler, senget\u00f8j, bekl\u00e6dningsgenstande og tilbeh\u00f8r.<\/span><\/div>\n<div data-spm-anchor-id=\"a2700.details.0.i57.23b419c7xXORP0\">7) Varmejerns kl\u00e6bemiddeltype, indsyet type, med hul osv.<\/div>\n<\/div>\n<div data-spm-anchor-id=\"a2700.details.0.i57.23b419c7xXORP0\">\n<figure id=\"attachment_3030\" aria-describedby=\"caption-attachment-3030\" style=\"width: 790px\" class=\"wp-caption alignnone\"><a href=\"https:\/\/rfid-laundry-tag.com\/da\/uhf-rfid-laundry-tags\/\"><img fetchpriority=\"high\" decoding=\"async\" class=\"size-full wp-image-3030\" src=\"https:\/\/rfid-laundry-tag.com\/wp-content\/uploads\/2025\/12\/RFID-Laundry-Tag-Installation-Guide.png\" alt=\"RFID Laundry Tag Installation Guide\" width=\"790\" height=\"777\" srcset=\"https:\/\/rfid-laundry-tag.com\/wp-content\/uploads\/2025\/12\/RFID-Laundry-Tag-Installation-Guide.png 790w, https:\/\/rfid-laundry-tag.com\/wp-content\/uploads\/2025\/12\/RFID-Laundry-Tag-Installation-Guide-300x295.png 300w, https:\/\/rfid-laundry-tag.com\/wp-content\/uploads\/2025\/12\/RFID-Laundry-Tag-Installation-Guide-768x755.png 768w, https:\/\/rfid-laundry-tag.com\/wp-content\/uploads\/2025\/12\/RFID-Laundry-Tag-Installation-Guide-12x12.png 12w, https:\/\/rfid-laundry-tag.com\/wp-content\/uploads\/2025\/12\/RFID-Laundry-Tag-Installation-Guide-600x590.png 600w\" sizes=\"(max-width: 790px) 100vw, 790px\" \/><\/a><figcaption id=\"caption-attachment-3030\" class=\"wp-caption-text\">Installationsvejledning til RFID-vasket\u00f8jsm\u00e6rker<\/figcaption><\/figure>\n<\/div>\n<div data-spm-anchor-id=\"a2700.details.0.i57.23b419c7xXORP0\">\n<div class=\"text-content\" data-spm-anchor-id=\"a2700.details.0.i54.23b419c7xXORP0\">\n<h2>Fysisk:<\/h2>\n<div>Materiale: 100% polyester<br \/>\nSt\u00f8rrelse: 70 mm\u00d715 mm x1,5 mm<br \/>\nChip: UHF<br \/>\nLabel installationsmetode: syning, strygning<br \/>\nProtokol: ISO18ooo-6C EPC C1G2<br \/>\nStrygning: 15 sekunder, ved 210 \u2103<br \/>\nEksponering: 2,5 bar<br \/>\nT\u00f8rring: 15 minutter ved 180\u00b0C<br \/>\nVask: 15 minutter ved 90\u2103<br \/>\nVaskecyklusser: 200+cyklusser eller 3 \u00e5r<br \/>\nOpbevaringsforhold: -20-80 \u2103, 5-95% RF<\/div>\n<\/div>\n<\/div>\n<div>\n<figure id=\"attachment_2943\" aria-describedby=\"caption-attachment-2943\" style=\"width: 800px\" class=\"wp-caption alignnone\"><a href=\"https:\/\/rfid-laundry-tag.com\/da\/uhf-rfid-laundry-tags\/\"><img decoding=\"async\" class=\"size-full wp-image-2943\" src=\"https:\/\/rfid-laundry-tag.com\/wp-content\/uploads\/2025\/10\/1-1.jpg\" alt=\"Textile UHF RFID Tags Labels\" width=\"800\" height=\"800\" srcset=\"https:\/\/rfid-laundry-tag.com\/wp-content\/uploads\/2025\/10\/1-1.jpg 800w, https:\/\/rfid-laundry-tag.com\/wp-content\/uploads\/2025\/10\/1-1-300x300.jpg 300w, https:\/\/rfid-laundry-tag.com\/wp-content\/uploads\/2025\/10\/1-1-150x150.jpg 150w, https:\/\/rfid-laundry-tag.com\/wp-content\/uploads\/2025\/10\/1-1-768x768.jpg 768w, https:\/\/rfid-laundry-tag.com\/wp-content\/uploads\/2025\/10\/1-1-12x12.jpg 12w, https:\/\/rfid-laundry-tag.com\/wp-content\/uploads\/2025\/10\/1-1-600x600.jpg 600w, https:\/\/rfid-laundry-tag.com\/wp-content\/uploads\/2025\/10\/1-1-100x100.jpg 100w\" sizes=\"(max-width: 800px) 100vw, 800px\" \/><\/a><figcaption id=\"caption-attachment-2943\" class=\"wp-caption-text\">Tekstil UHF RFID-m\u00e6rker<\/figcaption><\/figure>\n<\/div>\n<div>\n<h2>Fordele ved vaskbare RFID-tags til vaskeriuniformer<\/h2>\n<p>At v\u00e6lge vaskbare RFID-vaskem\u00e6rker betyder at investere i en l\u00f8sning, der forenkler vaskerih\u00e5ndteringen. Disse specialm\u00e6rker er designet til at modst\u00e5 industrielle vaskeprocesser uden at g\u00e5 p\u00e5 kompromis med ydeevnen. Deres vigtigste fordele omfatter:<\/p>\n<ol>\n<li><strong>Forbedret sporing<\/strong>RFID-teknologi muligg\u00f8r sporing af hvert stykke vasket\u00f8j i realtid, hvilket sikrer pr\u00e6cis lagerstyring og reducerer tab.<\/li>\n<li><strong>Holdbarhed<\/strong>Disse holdbare RFID-tags er konstrueret til at modst\u00e5 h\u00f8je temperaturer og barske vaskeforhold og garanterer lang levetid, hvilket g\u00f8r dem til et omkostningseffektivt valg.<\/li>\n<li><strong>Forbedret effektivitet<\/strong>Automatisering af vaskeriarbejdsgange reducerer manuelle fejl og fremskynder ind- og udtjekningsprocesserne, hvilket forbedrer den samlede effektivitet i vaskerier.<\/li>\n<\/ol>\n<p>Med en omfattende forst\u00e5else af fordelene og mulighederne ved vaskbare RFID-tags kan du tr\u00e6ffe en informeret beslutning om dine vaskerih\u00e5ndteringsbehov.<\/p>\n<h3>Hvad er vaskbare RFID-tags?<\/h3>\n<p>Vaskbare RFID-tags er en specialiseret type\u00a0<strong>RFID tag<\/strong>\u00a0designet specielt til vaskeribrug. Disse m\u00e6rker bruger\u00a0<strong>h\u00f8jtydende RFID-teknologi<\/strong>\u00a0for at muligg\u00f8re pr\u00e6cis sporing og styring af tekstilvarer gennem hele deres livscyklus. Vaskbare RFID-tags er fremstillet af holdbare materialer og kan modst\u00e5 p\u00e5virkningerne fra industriel vask, herunder eksponering for h\u00f8je temperaturer og gentagne vaskecyklusser.<\/p>\n<h3>Fordele ved at bruge RFID-tags i vaskeristyring<\/h3>\n<p>Integrering\u00a0<strong>RFID-teknologi<\/strong>\u00a0i vaskeriprocesser tilbyder betydelige fordele. Disse m\u00e6rker forbedrer ikke kun n\u00f8jagtigheden i sporing af vasket\u00f8j, men giver ogs\u00e5 faciliteterne mulighed for at automatisere lagerstyring, hvilket reducerer l\u00f8nomkostninger og minimerer menneskelige fejl. Desuden,\u00a0<strong>RFID-kode til vaskeri<\/strong>\u00a0Systemerne muligg\u00f8r problemfri integration med eksisterende administrationssoftware og leverer analyser, der bidrager til at forbedre den operationelle effektivitet.<\/p>\n<h3>S\u00e5dan bruger du vaskbare RFID-tags<\/h3>\n<p>Det er ligetil at bruge vaskbare RFID-tags. Hver tag kan syes fast\u00a0<strong>bekl\u00e6dningsgenstande<\/strong>\u00a0eller linned, hvilket giver tydelige identifikatorer, der nemt kan scannes af\u00a0<strong>RFID l\u00e6sere<\/strong>. For optimal ydeevne er det afg\u00f8rende at sikre, at m\u00e6rkater er korrekt placeret p\u00e5 varerne og er kompatible med\u00a0<strong>RFID-vaskerisystem<\/strong>\u00a0i brug. Regelm\u00e6ssige revisioner af RFID-m\u00e6rkede varer hj\u00e6lper med at opretholde n\u00f8jagtige lageroptegnelser.<\/p>\n<h3>Kundeanmeldelser<\/h3>\n<p>Kundefeedback fremh\u00e6ver den transformative effekt af vores vaskbare RFID-tags. Mange brugere rapporterer betydelige forbedringer i lagerstyring og en reduktion af mistede varer. Et repr\u00e6sentativt citat fra en tilfreds kunde lyder: &quot;Implementering\u00a0<strong>RFID tags<\/strong>\u00a0i vores vaskeridrift har str\u00f8mlinet vores processer markant og \u00f8get vores samlede produktivitet.\u201d<\/p>\n<\/div>\n<h3 class=\"wp-block-heading\">Installation<\/h3>\n<p><strong>Stitch Tagging<\/strong>: Skal sys ind i kanten af et tekstil. Sy vaskem\u00e6rket v\u00e6k fra foldelinjerne.<br \/>\n<strong>Varmeforsegling<\/strong>: Skal varmeforsegles direkte p\u00e5 tekstilet ved +200\u00b0C (392\u00b0F), i 12~14s.<br \/>\n<strong>I pose<\/strong>: Skal sys som en standard plejelabel. Sy vaskem\u00e6rket v\u00e6k fra foldelinjerne.<\/p>\n<figure id=\"attachment_3036\" aria-describedby=\"caption-attachment-3036\" style=\"width: 1024px\" class=\"wp-caption alignnone\"><a href=\"https:\/\/rfid-laundry-tag.com\/da\/uhf-rfid-laundry-tags\/\"><img decoding=\"async\" class=\"size-large wp-image-3036\" src=\"https:\/\/rfid-laundry-tag.com\/wp-content\/uploads\/2025\/12\/RFID-Laundry-Tag-Installation-Guide-03--1024x590.png\" alt=\"How to Sew RFID Laundry Tags into Linens and Garments\" width=\"1024\" height=\"590\" srcset=\"https:\/\/rfid-laundry-tag.com\/wp-content\/uploads\/2025\/12\/RFID-Laundry-Tag-Installation-Guide-03--1024x590.png 1024w, https:\/\/rfid-laundry-tag.com\/wp-content\/uploads\/2025\/12\/RFID-Laundry-Tag-Installation-Guide-03--300x173.png 300w, https:\/\/rfid-laundry-tag.com\/wp-content\/uploads\/2025\/12\/RFID-Laundry-Tag-Installation-Guide-03--768x442.png 768w, https:\/\/rfid-laundry-tag.com\/wp-content\/uploads\/2025\/12\/RFID-Laundry-Tag-Installation-Guide-03--18x10.png 18w, https:\/\/rfid-laundry-tag.com\/wp-content\/uploads\/2025\/12\/RFID-Laundry-Tag-Installation-Guide-03--600x345.png 600w, https:\/\/rfid-laundry-tag.com\/wp-content\/uploads\/2025\/12\/RFID-Laundry-Tag-Installation-Guide-03-.png 1148w\" sizes=\"(max-width: 1024px) 100vw, 1024px\" \/><\/a><figcaption id=\"caption-attachment-3036\" class=\"wp-caption-text\">S\u00e5dan syr du RFID-vaskem\u00e6rker i senget\u00f8j og bekl\u00e6dningsgenstande<\/figcaption><\/figure>\n<div class=\"auto-hide-last-sibling-br paragraph_1252f paragraph-element\"><strong>Vaskbare RFID-tags<\/strong>\u00a0er en integreret del af en r\u00e6kke industrier, hvilket giver effektiv aktivsporing, lagerstyring og forbedrer den samlede operationelle produktivitet. Her er nogle af dets applikationer p\u00e5 tv\u00e6rs af forskellige sektorer:<\/div>\n<ol class=\"auto-hide-last-sibling-br\">\n<li>\n<div class=\"auto-hide-last-sibling-br paragraph_1252f paragraph-element\"><strong>Sundhedspleje<\/strong>: Hospitaler og andre medicinske faciliteter bruger RFID-linnedm\u00e6rker til at administrere enorme beholdninger af senget\u00f8j, h\u00e5ndkl\u00e6der, scrubs, uniformer og kirurgisk senget\u00f8j. Dette hj\u00e6lper med at reducere tab, styre vaskecyklusser og sikre, at rent, friskt senget\u00f8j altid er tilg\u00e6ngeligt efter behov.<\/div>\n<\/li>\n<li>\n<div class=\"auto-hide-last-sibling-br paragraph_1252f paragraph-element\"><strong>Hoteller<\/strong>: H\u00e5ndtering af senget\u00f8j er en k\u00e6mpe opgave i hotelbranchen, hvor tusindvis af genstande, fra senget\u00f8j til h\u00e5ndkl\u00e6der til gardiner og morgenk\u00e5ber, er i oml\u00f8b. RFID-linnedtags forenkler sporing, sikrer rettidig reng\u00f8ring og udskiftning og hj\u00e6lper med at opdage og forhindre tyveri.<\/div>\n<\/li>\n<li>\n<div class=\"auto-hide-last-sibling-br paragraph_1252f paragraph-element\"><strong>Restauranter<\/strong>I f\u00f8devarebranchen kan RFID-tags overv\u00e5ge brugen og reng\u00f8ringen af uniformer, duge, servietter og kokkeforkl\u00e6der. Dette kan forbedre renlighedsstandarder og bidrage til at opretholde et poleret og professionelt udseende.<\/div>\n<\/li>\n<li>\n<div class=\"auto-hide-last-sibling-br paragraph_1252f paragraph-element\"><strong>Modebekl\u00e6dningsindustrien<\/strong>: RFID-tags spiller en stor rolle i sporing af varer i hele forsyningsk\u00e6den, fra produktion til detailhandel. De kan give v\u00e6rdifulde oplysninger som oprindelse, rejsehistorie og endda detaljer om stoffet og plejeinstruktioner.<\/div>\n<\/li>\n<li>\n<div class=\"auto-hide-last-sibling-br paragraph_1252f paragraph-element\"><strong>Arbejdst\u00f8j\/brandh\u00e6mmende t\u00f8j<\/strong>: Virksomheder kan bruge RFID-tags til at spore og administrere specialt\u00f8j. Dette kan omfatte at sikre, at brandh\u00e6mmende eller andet beskyttende t\u00f8j efterses regelm\u00e6ssigt, reng\u00f8res ordentligt og udskiftes efter behov.<\/div>\n<\/li>\n<li>\n<div class=\"auto-hide-last-sibling-br paragraph_1252f paragraph-element\"><strong>Fodt\u00f8j og masker<\/strong>: Is\u00e6r vigtigt i industrier som sundhedspleje og byggeri, hvor sikkerhed er kritisk, sporing af brug, reng\u00f8ring og vedligeholdelse af genstande som masker og sikkerhedssko kan forenkles med brugen af RFID-tags.<\/div>\n<\/li>\n<li>\n<div class=\"auto-hide-last-sibling-br paragraph_1252f paragraph-element\"><strong>M\u00e5tter og mopper<\/strong>: For virksomheder, der leverer reng\u00f8ringstjenester eller administrerer store faciliteter, kan RFID-tags p\u00e5 m\u00e5tter og mopper hj\u00e6lpe med at spore brug og vedligeholdelse og sikre rene og effektive v\u00e6rkt\u00f8jer til enhver tid.<\/div>\n<\/li>\n<\/ol>\n<h3>Ofte stillede sp\u00f8rgsm\u00e5l om vaskbare RFID-tags<\/h3>\n<p><strong>Q: Er RFID-tags vandt\u00e6tte?<\/strong><br \/>\nA: Ja, vores RFID-vaskem\u00e6rker er designet til at v\u00e6re vandt\u00e6tte, hvilket sikrer holdbarhed i v\u00e5de milj\u00f8er.<\/p>\n<p><strong>Q: Hvor mange vaske kan disse m\u00e6rker t\u00e5le?<\/strong><br \/>\nA: Vores vaskbare RFID-tags kan typisk modst\u00e5 op til\u00a0<strong>200 vaskecyklusser<\/strong>\u00a0samtidig med at deres sporingsfunktionalitet opretholdes.<\/p>\n<p><strong>Q: Kan jeg tilpasse tagsene til mine specifikke behov?<\/strong><br \/>\nA: Absolut! Vi tilbyder\u00a0<strong>skr\u00e6ddersyede RFID-l\u00f8sninger<\/strong>\u00a0skr\u00e6ddersyet til dine specifikke behov for vaskerih\u00e5ndtering.<\/p>","protected":false},"excerpt":{"rendered":"<p><strong>Vaskbare RFID-tags<\/strong>, ofte omtalt som RFID-h\u00f8rm\u00e6rker, er fremstillet med et sk\u00e5nsomt, men robust yderlag af gummi. Disse bekl\u00e6dningsm\u00e6rker er konstrueret til at v\u00e6re fleksible og robuste, og de kan modst\u00e5 op til 200 vaske og tryk p\u00e5 op til 60 bar. Vores UHF RFID-vaskem\u00e6rker udm\u00e6rker sig ved masseafl\u00e6sning og detekteres effektivt fra flere meters afstand. De f\u00e5s i varierende m\u00e5l fra 3,8 til 7,6 cm i l\u00e6ngden og 2,5 til 2,5 cm i bredden. Disse vaskbare RFID-m\u00e6rker finder udbredt anvendelse inden for det medicinske omr\u00e5de, ofte fastgjort til arbejdst\u00f8j b\u00e5ret af l\u00e6ger og sygeplejersker, samt andre professionelle uniformer, kostumer og udlejningsartikler som m\u00e5tter.<\/p>","protected":false},"featured_media":3085,"template":"","meta":{"_kad_post_transparent":"default","_kad_post_title":"","_kad_post_layout":"default","_kad_post_sidebar_id":"","_kad_post_content_style":"default","_kad_post_vertical_padding":"default","_kad_post_feature":"","_kad_post_feature_position":"","_kad_post_header":false,"_kad_post_footer":false,"_kad_post_classname":""},"product_brand":[],"product_cat":[16],"product_tag":[24,375,342,339,65,368,30,374,373],"class_list":{"0":"post-3084","1":"product","2":"type-product","3":"status-publish","4":"has-post-thumbnail","6":"product_cat-uhf-rfid-laundry-tags","7":"product_tag-laundry-rfid-tags","8":"product_tag-rfid-laundry-tag-7015mm","9":"product_tag-rfid-laundry-tags","10":"product_tag-rfid-washable-tags","11":"product_tag-textile-rfid-laundry-tags","12":"product_tag-textile-uhf-rfid-tags-labels","13":"product_tag-uhf-rfid-laundry-tag","14":"product_tag-washable-uhf-rfid-labels","15":"product_tag-washable-uhf-rfid-laundry-textile-labels","17":"first","18":"instock","19":"featured","20":"shipping-taxable","21":"product-type-simple","22":"entry","23":"content-bg","24":"loop-entry"},"_links":{"self":[{"href":"https:\/\/rfid-laundry-tag.com\/da\/wp-json\/wp\/v2\/product\/3084","targetHints":{"allow":["GET"]}}],"collection":[{"href":"https:\/\/rfid-laundry-tag.com\/da\/wp-json\/wp\/v2\/product"}],"about":[{"href":"https:\/\/rfid-laundry-tag.com\/da\/wp-json\/wp\/v2\/types\/product"}],"version-history":[{"count":1,"href":"https:\/\/rfid-laundry-tag.com\/da\/wp-json\/wp\/v2\/product\/3084\/revisions"}],"predecessor-version":[{"id":3087,"href":"https:\/\/rfid-laundry-tag.com\/da\/wp-json\/wp\/v2\/product\/3084\/revisions\/3087"}],"wp:featuredmedia":[{"embeddable":true,"href":"https:\/\/rfid-laundry-tag.com\/da\/wp-json\/wp\/v2\/media\/3085"}],"wp:attachment":[{"href":"https:\/\/rfid-laundry-tag.com\/da\/wp-json\/wp\/v2\/media?parent=3084"}],"wp:term":[{"taxonomy":"product_brand","embeddable":true,"href":"https:\/\/rfid-laundry-tag.com\/da\/wp-json\/wp\/v2\/product_brand?post=3084"},{"taxonomy":"product_cat","embeddable":true,"href":"https:\/\/rfid-laundry-tag.com\/da\/wp-json\/wp\/v2\/product_cat?post=3084"},{"taxonomy":"product_tag","embeddable":true,"href":"https:\/\/rfid-laundry-tag.com\/da\/wp-json\/wp\/v2\/product_tag?post=3084"}],"curies":[{"name":"wp","href":"https:\/\/api.w.org\/{rel}","templated":true}]}}